{"id":700,"date":"2021-08-17T10:57:40","date_gmt":"2021-08-17T08:57:40","guid":{"rendered":"https:\/\/antcube.shop\/?page_id=700"},"modified":"2026-02-09T11:09:28","modified_gmt":"2026-02-09T10:09:28","slug":"muurahaishoito","status":"publish","type":"page","link":"https:\/\/antcube.shop\/fi\/muurahaishoito\/","title":{"rendered":"Tietoja muurahaisen pit\u00e4misest\u00e4"},"content":{"rendered":"<div id=\"page-header-776680925\" class=\"page-header-wrapper\">\n  <div class=\"page-title dark featured-title\">\n\n        <div class=\"page-title-bg\">\n      <div class=\"title-bg fill bg-fill\"\n        data-parallax-container=\".page-title\"\n        data-parallax-background\n data-parallax=\"-\">\n      <\/div>\n      <div class=\"title-overlay fill\"><\/div>\n    <\/div>\n    \n    <div class=\"page-title-inner container align-center flex-row medium-flex-wrap\" >\n              <div class=\"title-wrapper flex-col text-left medium-text-center\">\n          <h1 class=\"entry-title mb-0\">\n            Tietoja muurahaisen pit\u00e4misest\u00e4          <\/h1>\n        <\/div>\n                    <div class=\"title-content flex-col flex-right text-right medium-text-center\">\n        <div class=\"title-share pt-half pb-half\"><div class=\"social-icons share-icons share-row relative icon-style-outline\" ><a href=\"whatsapp:\/\/send?text=About%20ant%20keeping - https:\/\/antcube.shop\/fi\/muurahaishoito\/\" data-action=\"share\/whatsapp\/share\" class=\"icon button circle is-outline tooltip whatsapp show-for-medium\" title=\"Jaa WhatsAppissa\" aria-label=\"Jaa WhatsAppissa\"><i class=\"icon-whatsapp\" aria-hidden=\"true\"><\/i><\/a><a href=\"https:\/\/www.facebook.com\/sharer.php?u=https:\/\/antcube.shop\/fi\/muurahaishoito\/\" data-label=\"Facebook\" onclick=\"window.open(this.href,this.title,'width=500,height=500,top=300px,left=300px'); return false;\" target=\"_blank\" class=\"icon button circle is-outline tooltip facebook\" title=\"Jaa Facebookissa\" aria-label=\"Jaa Facebookissa\" rel=\"noopener nofollow\"><i class=\"icon-facebook\" aria-hidden=\"true\"><\/i><\/a><a href=\"https:\/\/twitter.com\/share?url=https:\/\/antcube.shop\/fi\/muurahaishoito\/\" onclick=\"window.open(this.href,this.title,'width=500,height=500,top=300px,left=300px'); return false;\" target=\"_blank\" class=\"icon button circle is-outline tooltip twitter\" title=\"Jaa Twitteriss\u00e4\" aria-label=\"Jaa Twitteriss\u00e4\" rel=\"noopener nofollow\"><i class=\"icon-twitter\" aria-hidden=\"true\"><\/i><\/a><a href=\"mailto:?subject=About%20ant%20keeping&body=Check%20this%20out%3A%20https%3A%2F%2Fantcube.shop%2Ffi%2Fmuurahaishoito%2F\" class=\"icon button circle is-outline tooltip email\" title=\"L\u00e4het\u00e4 s\u00e4hk\u00f6postia yst\u00e4v\u00e4lle\" aria-label=\"L\u00e4het\u00e4 s\u00e4hk\u00f6postia yst\u00e4v\u00e4lle\" rel=\"nofollow\"><i class=\"icon-envelop\" aria-hidden=\"true\"><\/i><\/a><a href=\"https:\/\/pinterest.com\/pin\/create\/button?url=https:\/\/antcube.shop\/fi\/muurahaishoito\/&media&description=About%20ant%20keeping\" onclick=\"window.open(this.href,this.title,'width=500,height=500,top=300px,left=300px'); return false;\" target=\"_blank\" class=\"icon button circle is-outline tooltip pinterest\" title=\"Kiinnit\u00e4 Pinterestiin\" aria-label=\"Kiinnit\u00e4 Pinterestiin\" rel=\"noopener nofollow\"><i class=\"icon-pinterest\" aria-hidden=\"true\"><\/i><\/a><\/div><\/div>      <\/div>\n    <\/div>\n\n     \n<style>\n#page-header-776680925 .page-title-inner {\n  min-height: 500px;\n}\n#page-header-776680925 {\n  margin-bottom: 0px;\n}\n#page-header-776680925 .title-bg {\n  background-image: url(https:\/\/antcube.shop\/wp-content\/uploads\/2021\/08\/ant-5094995_1920.jpg);\n  background-position: 65% 56%;\n}\n#page-header-776680925 .title-overlay {\n  background-color: rgba(255, 255, 255, 0);\n}\n@media (min-width:550px) {\n  #page-header-776680925 .page-title-inner {\n    min-height: 500px;\n  }\n}\n<\/style>\n  <\/div>\n    <\/div>\n  \n\n\t<div id=\"gap-944263640\" class=\"gap-element clearfix\" style=\"display:block; height:auto;\">\n\t\t\n<style>\n#gap-944263640 {\n  padding-top: 15px;\n}\n<\/style>\n\t<\/div>\n\t\n\n<div class=\"row\"  id=\"row-361751130\">\n\n\n\t<div id=\"col-1276229297\" class=\"col medium-6 small-12 large-6\"  >\n\t\t\t\t<div class=\"col-inner\"  >\n\t\t\t\n\t\t\t\n\n<h3>Mit\u00e4 on muurahaisen pito?<\/h3>\n<p>Muurahaishoito on muurahaisten ja muurahaispesien hoitoa ja tarkkailua. Muurahaisten pit\u00e4misest\u00e4 on tullut viime vuosina hyvin suosittu harrastus. Vaikka ensimm\u00e4inen tunnettu formikario (terraario muurahaisille) esiteltiin jo Pariisin maailmann\u00e4yttelyss\u00e4 noin vuonna 1900, vasta \"Milton-sed\u00e4n muurahaisfarmi\" (Uncle Milton's Ant Farm) toi ensimm\u00e4iset formikarionit vapaasti ostettavaksi noin vuonna 1956.<\/p>\n<p>Jo muutaman vuoden ajan on ollut tarjolla monia erilaisia formikaarioiden toimittajia, joista useimmat on valmistettu muovista. Tavallisesti formikario koostuu tarhasta, joka toimii el\u00e4inten pes\u00e4paikkana, ja areenasta, jota k\u00e4ytet\u00e4\u00e4n el\u00e4inten ruokintaan ja ulkoilualueena.<\/p>\n\n\t\t<\/div>\n\t\t\t\t\t<\/div>\n\n\t\n\n\t<div id=\"col-1535072969\" class=\"col medium-6 small-12 large-6\"  >\n\t\t\t\t<div class=\"col-inner\"  >\n\t\t\t\n\t\t\t\n\n\t<div class=\"img has-hover x md-x lg-x y md-y lg-y\" id=\"image_35114415\">\n\t\t<a class=\"image-lightbox lightbox-gallery\" title=\"\" href=\"https:\/\/i0.wp.com\/antcube.shop\/wp-content\/uploads\/2021\/07\/Meranoplus-Bicolor-scaled.jpg?fit=900%2C600&#038;ssl=1\">\t\t\t\t\t\t<div class=\"img-inner image-zoom-long dark\" >\n\t\t\t<img data-recalc-dims=\"1\" loading=\"lazy\" decoding=\"async\" width=\"1020\" height=\"680\" src=\"https:\/\/i0.wp.com\/antcube.shop\/wp-content\/uploads\/2021\/07\/Meranoplus-Bicolor-scaled.jpg?resize=1020%2C680&#038;ssl=1\" class=\"attachment-original size-original\" alt=\"Meranoplus bicolor -muurahaislaji saniaisen lehdell\u00e4 makro ANTSTORE ANTCUBE -muurahaiskuutio\" srcset=\"https:\/\/i0.wp.com\/antcube.shop\/wp-content\/uploads\/2021\/07\/Meranoplus-Bicolor-scaled.jpg?w=2560&amp;ssl=1 2560w, https:\/\/i0.wp.com\/antcube.shop\/wp-content\/uploads\/2021\/07\/Meranoplus-Bicolor-scaled.jpg?resize=510%2C340&amp;ssl=1 510w, https:\/\/i0.wp.com\/antcube.shop\/wp-content\/uploads\/2021\/07\/Meranoplus-Bicolor-scaled.jpg?resize=600%2C400&amp;ssl=1 600w, https:\/\/i0.wp.com\/antcube.shop\/wp-content\/uploads\/2021\/07\/Meranoplus-Bicolor-scaled.jpg?resize=1200%2C800&amp;ssl=1 1200w, https:\/\/i0.wp.com\/antcube.shop\/wp-content\/uploads\/2021\/07\/Meranoplus-Bicolor-scaled.jpg?resize=768%2C512&amp;ssl=1 768w, https:\/\/i0.wp.com\/antcube.shop\/wp-content\/uploads\/2021\/07\/Meranoplus-Bicolor-scaled.jpg?resize=1536%2C1024&amp;ssl=1 1536w, https:\/\/i0.wp.com\/antcube.shop\/wp-content\/uploads\/2021\/07\/Meranoplus-Bicolor-scaled.jpg?resize=2048%2C1365&amp;ssl=1 2048w\" sizes=\"auto, (max-width: 1020px) 100vw, 1020px\" \/>\t\t\t\t\t\t\n\t\t\t\t\t<\/div>\n\t\t\t\t\t\t<\/a>\t\t\n<style>\n#image_35114415 {\n  width: 100%;\n}\n<\/style>\n\t<\/div>\n\t\n\n\t<div id=\"text-790036455\" class=\"text\">\n\t\t\n\n<p>Meranoplus bicolor<\/p>\n\t\t\n<style>\n#text-790036455 {\n  text-align: center;\n}\n<\/style>\n\t<\/div>\n\t\n\n\t\t<\/div>\n\t\t\t\t\t<\/div>\n\n\t\n\n<\/div>\n<div class=\"row\"  id=\"row-29958725\">\n\n\n\t<div id=\"col-1725727704\" class=\"col medium-6 small-12 large-6\"  >\n\t\t\t\t<div class=\"col-inner\"  >\n\t\t\t\n\t\t\t\n\n<h3>Mik\u00e4 on muurahaisen pit\u00e4misen taustalla oleva fasisointi?<\/h3>\n<p>Muurahaiset ovat uskomattoman kiehtovia. On ainutlaatuinen kokemus seurata, kuinka yksitt\u00e4inen kuningatar kasvattaa ensimm\u00e4iset ty\u00f6l\u00e4isens\u00e4 vuosien ajan ja sitten seurata, kuinka pes\u00e4ke kasvaa vuosien mittaan tuhansiksi j\u00e4seniksi t\u00e4ydellisen yhteisty\u00f6n ja resurssien k\u00e4yt\u00f6n avulla. Muurahaiset ovat \u00e4\u00e4rimm\u00e4isen sosiaalisia el\u00e4imi\u00e4, ja jotkut lajit muodostavat erilaisia kasteja, kuten ty\u00f6l\u00e4isi\u00e4, sotilaita, maanviljelij\u00f6it\u00e4 tai jopa sairaanhoitajia. Ja arvatkaa mit\u00e4, ne ovat kaikki naaraita.<\/p>\n<p>Muurahaiset ovat uskomattoman t\u00e4rkeit\u00e4 ymp\u00e4rist\u00f6llemme. Niit\u00e4 on maailman jokaisessa elinkelpoisessa ekosysteemiss\u00e4, ja lis\u00e4ksi ne ovat erikoistuneempia ja monipuolisempia kuin mik\u00e4\u00e4n muu laji. Muurahaiset muistuttavat meit\u00e4 my\u00f6s elintavoiltaan. Ty\u00f6njako, yhdess\u00e4 el\u00e4minen suurissa kolonioissa ahtaassa tilassa ja ravintoketjun eri tasojen k\u00e4ytt\u00f6 kaikissa ekosysteemeiss\u00e4 tekev\u00e4t niist\u00e4 niin menestyksekk\u00e4it\u00e4, aivan kuten me ihmisetkin. Ainoa ero on, ett\u00e4 me emme ole l\u00e4hesk\u00e4\u00e4n yht\u00e4 tehokkaita, ja muurahaisia on ollut olemassa yli 130 miljoonaa vuotta, kun taas ihmisi\u00e4 on ollut olemassa vasta noin 300 000 vuotta.<\/p>\n<p>\u00a0<\/p>\n<p>Jos haluat auttaa sinua p\u00e4\u00e4tt\u00e4m\u00e4\u00e4n, mit\u00e4 muurahaislajeja haluat pit\u00e4\u00e4, voit k\u00e4ytt\u00e4\u00e4 meid\u00e4n <a href=\"https:\/\/antcube.shop\/ant-finder\/\">&#8220;<strong>Ant Finder<\/strong>&#8220;<\/a><\/p>\n\n\t\t<\/div>\n\t\t\t\t\t<\/div>\n\n\t\n\n\t<div id=\"col-1787329955\" class=\"col medium-6 small-12 large-6\"  >\n\t\t\t\t<div class=\"col-inner\"  >\n\t\t\t\n\t\t\t\n\n\t<div class=\"img has-hover x md-x lg-x y md-y lg-y\" id=\"image_2033600686\">\n\t\t<a class=\"image-lightbox lightbox-gallery\" title=\"\" href=\"https:\/\/i0.wp.com\/antcube.shop\/wp-content\/uploads\/2021\/07\/Camponotus-micans-Startbild.jpg?fit=800%2C600&#038;ssl=1\">\t\t\t\t\t\t<div class=\"img-inner image-zoom-long dark\" >\n\t\t\t<img data-recalc-dims=\"1\" loading=\"lazy\" decoding=\"async\" width=\"1020\" height=\"765\" src=\"https:\/\/i0.wp.com\/antcube.shop\/wp-content\/uploads\/2021\/07\/Camponotus-micans-Startbild.jpg?resize=1020%2C765&#038;ssl=1\" class=\"attachment-original size-original\" alt=\"Camponotus micans -muurahaiskuningatar, pes\u00e4 ja ty\u00f6l\u00e4isi\u00e4 makro valkoisella taustalla.\" srcset=\"https:\/\/i0.wp.com\/antcube.shop\/wp-content\/uploads\/2021\/07\/Camponotus-micans-Startbild.jpg?w=2048&amp;ssl=1 2048w, https:\/\/i0.wp.com\/antcube.shop\/wp-content\/uploads\/2021\/07\/Camponotus-micans-Startbild.jpg?resize=510%2C383&amp;ssl=1 510w, https:\/\/i0.wp.com\/antcube.shop\/wp-content\/uploads\/2021\/07\/Camponotus-micans-Startbild.jpg?resize=533%2C400&amp;ssl=1 533w, https:\/\/i0.wp.com\/antcube.shop\/wp-content\/uploads\/2021\/07\/Camponotus-micans-Startbild.jpg?resize=1067%2C800&amp;ssl=1 1067w, https:\/\/i0.wp.com\/antcube.shop\/wp-content\/uploads\/2021\/07\/Camponotus-micans-Startbild.jpg?resize=768%2C576&amp;ssl=1 768w, https:\/\/i0.wp.com\/antcube.shop\/wp-content\/uploads\/2021\/07\/Camponotus-micans-Startbild.jpg?resize=1536%2C1152&amp;ssl=1 1536w\" sizes=\"auto, (max-width: 1020px) 100vw, 1020px\" \/>\t\t\t\t\t\t\n\t\t\t\t\t<\/div>\n\t\t\t\t\t\t<\/a>\t\t\n<style>\n#image_2033600686 {\n  width: 100%;\n}\n<\/style>\n\t<\/div>\n\t\n\n\t<div id=\"text-1577592012\" class=\"text\">\n\t\t\n\n<p>Camponotus micans<\/p>\n\t\t\n<style>\n#text-1577592012 {\n  text-align: center;\n}\n<\/style>\n\t<\/div>\n\t\n\n\t\t<\/div>\n\t\t\t\t\t<\/div>\n\n\t\n\n<\/div>\n<div class=\"row\"  id=\"row-1900710097\">\n\n\n\t<div id=\"col-1225181708\" class=\"col medium-6 small-12 large-6\"  >\n\t\t\t\t<div class=\"col-inner\"  >\n\t\t\t\n\t\t\t\n\n<h3>Millaisen Formicariumin tarvitsen?<\/h3>\n<p>Koska muurahaisia esiintyy l\u00e4hes kaikissa erilaisissa ekosysteemeiss\u00e4, my\u00f6s niiden s\u00e4ilytystarpeet ovat erilaiset. Muurahaisia on kaupungeissa, metsiss\u00e4, aavikoilla, vuorilla, trooppisilla alueilla ja jopa mangroveilla ja subarktisilla alueilla.<\/p>\n<p>Aivan kuten asutut elinymp\u00e4rist\u00f6t ovat erilaisia, my\u00f6s pes\u00e4tyypit ovat erilaisia. Yleisin pes\u00e4muoto on maapes\u00e4. Muut lajit asuvat esimerkiksi kuolleessa puussa, puiden onkaloissa ja kivien v\u00e4liss\u00e4, kumpupesiss\u00e4 tai niin sanotuissa muurahaiskasveissa. Muita harvinaisempia pes\u00e4tyyppej\u00e4 ovat mets\u00e4muurahaisten bivouac-pes\u00e4t, kutomuurahaisten silkkipes\u00e4t tai Lasisus fuliginosus -lajin kartonkipes\u00e4t.<\/p>\n<p>Jotta muurahaisia voidaan pit\u00e4\u00e4 menestyksekk\u00e4\u00e4sti, on osoittautunut, ett\u00e4 on j\u00e4ljitelt\u00e4v\u00e4 luonnollisia olosuhteita mahdollisimman tarkasti. Siksi olemme jo pitk\u00e4\u00e4n kokeilleet erilaisia materiaaleja sek\u00e4 pes\u00e4- ja areena-alueiden yhdistelmi\u00e4 ja kehitt\u00e4neet aloitussarjan kaikille kaupallisesti saatavilla oleville muurahaislajeille.<\/p>\n<p>\u00a0<\/p>\n<p>L\u00f6yt\u00e4\u00e4ksesi Starter Setin, joka sopii parhaiten muurahaislajille, jota haluat pit\u00e4\u00e4, k\u00e4yt\u00e4 esimerkiksi \"<strong><a href=\"https:\/\/antcube.shop\/formicarium-finder\/\">Starter Set Finder<\/a><\/strong>&#8221;\u00a0<\/p>\n\n\t\t<\/div>\n\t\t\t\t\t<\/div>\n\n\t\n\n\t<div id=\"col-405654295\" class=\"col medium-6 small-12 large-6\"  >\n\t\t\t\t<div class=\"col-inner\"  >\n\t\t\t\n\t\t\t\n\n\t<div class=\"img has-hover x md-x lg-x y md-y lg-y\" id=\"image_1733589377\">\n\t\t\t\t\t\t<div data-animate=\"fadeInUp\">\t\t<div class=\"img-inner image-zoom-long dark\" >\n\t\t\t<img data-recalc-dims=\"1\" loading=\"lazy\" decoding=\"async\" width=\"1020\" height=\"1020\" src=\"https:\/\/i0.wp.com\/antcube.shop\/wp-content\/uploads\/2021\/07\/Starter-Set-Combi.jpg?resize=1020%2C1020&#038;ssl=1\" class=\"attachment-original size-original\" alt=\"ANTCUBE Starter Set Combi on edullinen aloitus muurahaiskasvatukseen. T\u00e4m\u00e4 setti sis\u00e4lt\u00e4\u00e4 areenan, jossa on integroitu pes\u00e4alue muurahaispes\u00e4\u00e4 varten.\" srcset=\"https:\/\/i0.wp.com\/antcube.shop\/wp-content\/uploads\/2021\/07\/Starter-Set-Combi.jpg?w=2000&amp;ssl=1 2000w, https:\/\/i0.wp.com\/antcube.shop\/wp-content\/uploads\/2021\/07\/Starter-Set-Combi.jpg?resize=247%2C247&amp;ssl=1 247w, https:\/\/i0.wp.com\/antcube.shop\/wp-content\/uploads\/2021\/07\/Starter-Set-Combi.jpg?resize=100%2C100&amp;ssl=1 100w, https:\/\/i0.wp.com\/antcube.shop\/wp-content\/uploads\/2021\/07\/Starter-Set-Combi.jpg?resize=510%2C510&amp;ssl=1 510w, https:\/\/i0.wp.com\/antcube.shop\/wp-content\/uploads\/2021\/07\/Starter-Set-Combi.jpg?resize=400%2C400&amp;ssl=1 400w, https:\/\/i0.wp.com\/antcube.shop\/wp-content\/uploads\/2021\/07\/Starter-Set-Combi.jpg?resize=800%2C800&amp;ssl=1 800w, https:\/\/i0.wp.com\/antcube.shop\/wp-content\/uploads\/2021\/07\/Starter-Set-Combi.jpg?resize=280%2C280&amp;ssl=1 280w, https:\/\/i0.wp.com\/antcube.shop\/wp-content\/uploads\/2021\/07\/Starter-Set-Combi.jpg?resize=768%2C768&amp;ssl=1 768w, https:\/\/i0.wp.com\/antcube.shop\/wp-content\/uploads\/2021\/07\/Starter-Set-Combi.jpg?resize=1536%2C1536&amp;ssl=1 1536w\" sizes=\"auto, (max-width: 1020px) 100vw, 1020px\" \/>\t\t\t\t\t\t\n\t\t\t\t\t<\/div>\n\t\t<\/div>\t\t\t\t\t\t\n<style>\n#image_1733589377 {\n  width: 100%;\n}\n<\/style>\n\t<\/div>\n\t\n\n\n\t\t<\/div>\n\t\t\t\t\t<\/div>\n\n\t\n\n<\/div>","protected":false},"excerpt":{"rendered":"","protected":false},"author":1,"featured_media":0,"parent":0,"menu_order":0,"comment_status":"closed","ping_status":"closed","template":"","meta":{"_acf_changed":false,"content-type":"","_monsterinsights_skip_tracking":false,"_monsterinsights_sitenote_active":false,"_monsterinsights_sitenote_note":"","_monsterinsights_sitenote_category":0,"footnotes":""},"class_list":["post-700","page","type-page","status-publish","hentry"],"acf":[],"aioseo_notices":[],"jetpack_sharing_enabled":true,"_links":{"self":[{"href":"https:\/\/antcube.shop\/fi\/wp-json\/wp\/v2\/pages\/700","targetHints":{"allow":["GET"]}}],"collection":[{"href":"https:\/\/antcube.shop\/fi\/wp-json\/wp\/v2\/pages"}],"about":[{"href":"https:\/\/antcube.shop\/fi\/wp-json\/wp\/v2\/types\/page"}],"author":[{"embeddable":true,"href":"https:\/\/antcube.shop\/fi\/wp-json\/wp\/v2\/users\/1"}],"replies":[{"embeddable":true,"href":"https:\/\/antcube.shop\/fi\/wp-json\/wp\/v2\/comments?post=700"}],"version-history":[{"count":10,"href":"https:\/\/antcube.shop\/fi\/wp-json\/wp\/v2\/pages\/700\/revisions"}],"predecessor-version":[{"id":7096,"href":"https:\/\/antcube.shop\/fi\/wp-json\/wp\/v2\/pages\/700\/revisions\/7096"}],"wp:attachment":[{"href":"https:\/\/antcube.shop\/fi\/wp-json\/wp\/v2\/media?parent=700"}],"curies":[{"name":"wp","href":"https:\/\/api.w.org\/{rel}","templated":true}]}}