{"id":645,"date":"2021-07-30T13:36:43","date_gmt":"2021-07-30T11:36:43","guid":{"rendered":"https:\/\/antcube.shop\/?page_id=645"},"modified":"2024-11-29T15:29:21","modified_gmt":"2024-11-29T14:29:21","slug":"reach-regulation","status":"publish","type":"page","link":"https:\/\/antcube.shop\/fi\/reach-regulation\/","title":{"rendered":"REACH-asetus"},"content":{"rendered":"<div id=\"gap-83253367\" class=\"gap-element clearfix\" style=\"display:block; height:auto;\">\n\t\t\n<style>\n#gap-83253367 {\n  padding-top: 198px;\n}\n@media (min-width:850px) {\n  #gap-83253367 {\n    padding-top: 190px;\n  }\n}\n<\/style>\n\t<\/div>\n\t\n\n<div class=\"row\"  id=\"row-2086457031\">\n\n\n\t<div id=\"col-1001939996\" class=\"col small-12 large-12\"  >\n\t\t\t\t<div class=\"col-inner\"  >\n\t\t\t\n\t\t\t\n\n<h3><b>Tuotteidemme REACH-vaatimustenmukaisuus<\/b><\/h3>\n<ol>\n<li><b> tuotteidemme asema REACH-asetuksen mukaisesti <\/b><b><br \/><\/b><span style=\"font-weight: 400;\">ANTSTORE-tuotteet m\u00e4\u00e4ritell\u00e4\u00e4n seuraavasti <\/span><b>artikkelit <\/b><span style=\"font-weight: 400;\">REACH-asetuksen mukaisesti.<\/span><\/li>\n<\/ol>\n<ul>\n<li style=\"font-weight: 400;\" aria-level=\"1\"><span style=\"font-weight: 400;\">Niiden toiminta m\u00e4\u00e4r\u00e4ytyy ensisijaisesti <\/span><b>niiden muoto, muoto ja pinta<\/b><span style=\"font-weight: 400;\">, ei niiden kemiallisen koostumuksen perusteella.<\/span><\/li>\n<li style=\"font-weight: 400;\" aria-level=\"1\"><b>Rekister\u00f6ityminen ei ole pakollista <\/b><span style=\"font-weight: 400;\">n\u00e4m\u00e4 tuotteet REACH-asetuksen mukaisesti.<\/span><\/li>\n<\/ul>\n<ol start=\"2\">\n<li><b> SVHC-aineet (erityist\u00e4 huolta aiheuttavat aineet)<\/b><\/li>\n<\/ol>\n<ul>\n<li style=\"font-weight: 400;\" aria-level=\"1\"><span style=\"font-weight: 400;\">Tuotteemme <\/span><b>eiv\u00e4t sis\u00e4ll\u00e4 mit\u00e4\u00e4n aineita <\/b><span style=\"font-weight: 400;\">joiden pitoisuus on yli 0,1 painoprosenttia ja jotka on m\u00e4\u00e4ritelty seuraavasti <\/span><b>SVHC <\/b><span style=\"font-weight: 400;\">(erityist\u00e4 huolta aiheuttavat aineet) REACH-asetuksen 57 artiklan mukaisesti ja jotka on lueteltu asetuksen liitteess\u00e4 XIV (ns. ehdokasluettelo).<\/span><\/li>\n<\/ul>\n<p><b>3 Rooli jatkok\u00e4ytt\u00e4j\u00e4n\u00e4 <\/b><b><br \/><\/b><span style=\"font-weight: 400;\">REACH-asetuksen mukaan yhti\u00f6mme katsotaan olevan <\/span><b>jatkok\u00e4ytt\u00e4j\u00e4<\/b><span style=\"font-weight: 400;\">.<\/span><\/p>\n<ul>\n<li style=\"font-weight: 400;\" aria-level=\"1\"><span style=\"font-weight: 400;\">Kaikki valmistusprosessissa k\u00e4ytett\u00e4v\u00e4t aineet ja valmisteet (esim. liimat, maalit, voiteluaineet):<\/span>\n<ul>\n<li style=\"font-weight: 400;\" aria-level=\"2\"><span style=\"font-weight: 400;\">Olemmeko saaneet tavarantoimittajiltamme vahvistukset ja ilmoitukset aiotusta k\u00e4yt\u00f6st\u00e4 ja (nykyisest\u00e4) k\u00e4yt\u00f6st\u00e4? <\/span><b>ennakkorekister\u00f6inti<\/b><span style=\"font-weight: 400;\">?<\/span><\/li>\n<li style=\"font-weight: 400;\" aria-level=\"2\"><span style=\"font-weight: 400;\">Olemme tiiviiss\u00e4 yhteydess\u00e4 tavarantoimittajiimme varmistaaksemme REACH-asetuksen noudattamisen.<\/span><\/li>\n<\/ul>\n<\/li>\n<li style=\"font-weight: 400;\" aria-level=\"1\"><span style=\"font-weight: 400;\">Emme k\u00e4yt\u00e4 aineita tai valmisteita, joiden osalta yrityksemme tarvitsisi oman (esi)rekister\u00f6innin.<\/span><\/li>\n<\/ul>\n<p><span style=\"font-weight: 400;\">Jos sinulla on lis\u00e4kysymyksi\u00e4 tuotteidemme REACH-vaatimustenmukaisuudesta, ota meihin yhteytt\u00e4.<\/span><\/p>\n<p>\u00a0<\/p>\n<p>\u00a0<\/p>\n<p><a href=\"https:\/\/www.antstore.net\/shop\/images\/documents\/ant%20escape%20protection%20lacquer%20EN.pdf\" target=\"_blank\" rel=\"noopener\"><span style=\"font-family: verdana,arial,helvetica,sans-serif;\"><img data-recalc-dims=\"1\" decoding=\"async\" src=\"https:\/\/i0.wp.com\/www.antstore.net\/shop\/images\/pdf_logo.gif?w=1020&#038;ssl=1\" alt=\"\" border=\"0\" \/>\u00a0K\u00e4ytt\u00f6turvallisuustiedote muurahaisten pakenemissuojalakkaa varten<\/span><\/a>\u00a0(englanti) , (PDF 0,2 MB)<br \/><span style=\"color: #666666; font-family: arial,helvetica,sans-serif; font-size: xx-small;\">(sis\u00e4lt\u00f6: turvallisuusohjeet)<\/span><\/p>\n<p><a href=\"https:\/\/www.antstore.net\/shop\/images\/documents\/ant_escape_protection_oil_en.pdf\" target=\"_blank\" rel=\"noopener\"><span style=\"font-family: verdana,arial,helvetica,sans-serif;\"><img data-recalc-dims=\"1\" decoding=\"async\" src=\"https:\/\/i0.wp.com\/www.antstore.net\/shop\/images\/pdf_logo.gif?w=1020&#038;ssl=1\" alt=\"\" border=\"0\" \/>\u00a0K\u00e4ytt\u00f6turvallisuustiedote muurahaisten pakenemissuoja\u00f6ljyst\u00e4<\/span><\/a>\u00a0(englanti) , (PDF 0,1 MB)<br \/><span style=\"color: #666666; font-family: arial,helvetica,sans-serif; font-size: xx-small;\">(sis\u00e4lt\u00f6: turvallisuusohjeet)<\/span>\u00a0<\/p>\n\n\t\t<\/div>\n\t\t\t\t\t<\/div>\n\n\t\n\n<\/div>","protected":false},"excerpt":{"rendered":"","protected":false},"author":1,"featured_media":0,"parent":0,"menu_order":0,"comment_status":"closed","ping_status":"closed","template":"","meta":{"_acf_changed":false,"content-type":"","_monsterinsights_skip_tracking":false,"_monsterinsights_sitenote_active":false,"_monsterinsights_sitenote_note":"","_monsterinsights_sitenote_category":0,"footnotes":""},"class_list":["post-645","page","type-page","status-publish","hentry"],"acf":[],"aioseo_notices":[],"jetpack_sharing_enabled":true,"_links":{"self":[{"href":"https:\/\/antcube.shop\/fi\/wp-json\/wp\/v2\/pages\/645","targetHints":{"allow":["GET"]}}],"collection":[{"href":"https:\/\/antcube.shop\/fi\/wp-json\/wp\/v2\/pages"}],"about":[{"href":"https:\/\/antcube.shop\/fi\/wp-json\/wp\/v2\/types\/page"}],"author":[{"embeddable":true,"href":"https:\/\/antcube.shop\/fi\/wp-json\/wp\/v2\/users\/1"}],"replies":[{"embeddable":true,"href":"https:\/\/antcube.shop\/fi\/wp-json\/wp\/v2\/comments?post=645"}],"version-history":[{"count":10,"href":"https:\/\/antcube.shop\/fi\/wp-json\/wp\/v2\/pages\/645\/revisions"}],"predecessor-version":[{"id":10640,"href":"https:\/\/antcube.shop\/fi\/wp-json\/wp\/v2\/pages\/645\/revisions\/10640"}],"wp:attachment":[{"href":"https:\/\/antcube.shop\/fi\/wp-json\/wp\/v2\/media?parent=645"}],"curies":[{"name":"wp","href":"https:\/\/api.w.org\/{rel}","templated":true}]}}