{"id":643,"date":"2021-07-30T13:36:12","date_gmt":"2021-07-30T11:36:12","guid":{"rendered":"https:\/\/antcube.shop\/?page_id=643"},"modified":"2024-11-29T15:31:27","modified_gmt":"2024-11-29T14:31:27","slug":"sahkolaitelaki","status":"publish","type":"page","link":"https:\/\/antcube.shop\/fi\/sahkolaitelaki\/","title":{"rendered":"Laki s\u00e4hk\u00f6laitteista"},"content":{"rendered":"<div id=\"gap-862872417\" class=\"gap-element clearfix\" style=\"display:block; height:auto;\">\n\t\t\n<style>\n#gap-862872417 {\n  padding-top: 190px;\n}\n<\/style>\n\t<\/div>\n\t\n\n<div class=\"row\"  id=\"row-281427907\">\n\n\n\t<div id=\"col-62982354\" class=\"col small-12 large-12\"  >\n\t\t\t\t<div class=\"col-inner\"  >\n\t\t\t\n\t\t\t\n\n\t<div id=\"text-3156856812\" class=\"text\">\n\t\t\n\n<h3><b>Saksan s\u00e4hk\u00f6- ja elektroniikkalaitelain (ElektroG) mukaiset tiedot.<\/b><\/h3>\n<p><span style=\"font-weight: 400;\">WEEE-rekister\u00f6intinumeromme: <\/span><b>DE 54590387<\/b><\/p>\n<p><b>1 Johdanto <\/b><b><br \/><\/b><span style=\"font-weight: 400;\">ElektroG s\u00e4\u00e4telee <\/span><b>markkinoille saattaminen<\/b><span style=\"font-weight: 400;\">, <\/span><b>take-back <\/b><span style=\"font-weight: 400;\">ja <\/span><b>ymp\u00e4rist\u00f6\u00e4 s\u00e4\u00e4st\u00e4v\u00e4 h\u00e4vitt\u00e4minen <\/b><span style=\"font-weight: 400;\">s\u00e4hk\u00f6- ja elektroniikkalaitteet. Tavoitteena on edist\u00e4\u00e4 ymp\u00e4rist\u00f6nsuojelua ja varmistaa arvokkaiden raaka-aineiden kierr\u00e4tys.<\/span><\/p>\n<ol start=\"2\">\n<li><b> kuluttajia koskevat oikeudelliset velvoitteet<\/b><\/li>\n<\/ol>\n<ul>\n<li style=\"font-weight: 400;\" aria-level=\"1\"><b>J\u00e4tej\u00e4tteeseen h\u00e4vitt\u00e4misen kielt\u00e4minen<\/b><span style=\"font-weight: 400;\">: Vanhoja s\u00e4hk\u00f6laitteita ei saa h\u00e4vitt\u00e4\u00e4 j\u00e4tteisiin.<\/span><\/li>\n<li style=\"font-weight: 400;\" aria-level=\"1\"><b>Palautusvelvollisuus<\/b><span style=\"font-weight: 400;\">: Kuluttajilla on lakis\u00e4\u00e4teinen velvollisuus h\u00e4vitt\u00e4\u00e4 k\u00e4ytetyt s\u00e4hk\u00f6- ja elektroniikkalaiteromu kunnallisissa ker\u00e4yskeskuksissa (\u00d6RE - julkiset j\u00e4tehuoltoviranomaiset) tai asianmukaisissa palautusj\u00e4rjestelmiss\u00e4.<\/span><\/li>\n<li style=\"font-weight: 400;\" aria-level=\"1\"><b>Ep\u00e4puhtaudet ja kierr\u00e4tys<\/b><span style=\"font-weight: 400;\">:<\/span>\n<ul>\n<li style=\"font-weight: 400;\" aria-level=\"2\"><span style=\"font-weight: 400;\">Vanhat s\u00e4hk\u00f6laitteet voivat sis\u00e4lt\u00e4\u00e4 haitallisia aineita, jotka voivat vahingoittaa ymp\u00e4rist\u00f6\u00e4 ja terveytt\u00e4, jos niit\u00e4 ei s\u00e4ilytet\u00e4 tai h\u00e4vitet\u00e4 asianmukaisesti.<\/span><\/li>\n<li style=\"font-weight: 400;\" aria-level=\"2\"><span style=\"font-weight: 400;\">Samalla ne sis\u00e4lt\u00e4v\u00e4t arvokkaita raaka-aineita, kuten rautaa, muovia, hopeaa tai lasia, jotka voidaan kierr\u00e4tt\u00e4\u00e4.<\/span><\/li>\n<\/ul>\n<\/li>\n<\/ul>\n<p><b>3 Mitk\u00e4 laitteet vaikuttavat? <\/b><b><br \/><\/b><span style=\"font-weight: 400;\">ElektroG koskee useimpia s\u00e4hk\u00f6ll\u00e4 tai s\u00e4hk\u00f6magneettisilla kentill\u00e4 toimivia s\u00e4hk\u00f6- ja elektroniikkalaitteita. N\u00e4it\u00e4 ovat muun muassa<\/span><\/p>\n<ul>\n<li style=\"font-weight: 400;\" aria-level=\"1\"><span style=\"font-weight: 400;\">Ilmastotietokone<\/span><\/li>\n<li style=\"font-weight: 400;\" aria-level=\"1\"><span style=\"font-weight: 400;\">L\u00e4mmitysmatot ja -kaapelit<\/span><\/li>\n<li style=\"font-weight: 400;\" aria-level=\"1\"><span style=\"font-weight: 400;\">Digitaalinen l\u00e4mp\u00f6mittari ja kosteusmittari<\/span><\/li>\n<li style=\"font-weight: 400;\" aria-level=\"1\"><span style=\"font-weight: 400;\">Ilmankostuttimet (sumuttimet)<\/span><\/li>\n<li style=\"font-weight: 400;\" aria-level=\"1\"><span style=\"font-weight: 400;\">Tuuletin<\/span><\/li>\n<\/ul>\n<p><span style=\"font-weight: 400;\">T\u00e4ydellinen luettelo kyseisist\u00e4 luokista sis\u00e4ltyy voimassa olevaan direktiiviin.<\/span><\/p>\n<p><b>4 Vaikutuksen kohteena olevien laitteiden merkinn\u00e4t <\/b><b><br \/><\/b><span style=\"font-weight: 400;\">ElektroG:n piiriin kuuluvat tuotteet on merkitty ElektroG-symbolilla. <\/span><b>yliviivattu roskakori<\/b><span style=\"font-weight: 400;\">. T\u00e4m\u00e4 tarkoittaa, ett\u00e4 laitetta ei saa h\u00e4vitt\u00e4\u00e4 j\u00e4\u00e4nn\u00f6sj\u00e4tteen mukana, vaan se on h\u00e4vitett\u00e4v\u00e4 ker\u00e4yskeskusten tai palautusj\u00e4rjestelmien kautta.<\/span><\/p>\n<p><b>5 ANTSTOREn ElektroG:n mukaiset velvoitteet <\/b><b><br \/><\/b><span style=\"font-weight: 400;\">ANTSTORE on t\u00e4ytt\u00e4nyt kaikki ElektroG:n mukaiset velvoitteet varmistaakseen ymp\u00e4rist\u00f6\u00e4 s\u00e4\u00e4st\u00e4v\u00e4n h\u00e4vitt\u00e4misen:<\/span><\/p>\n<ul>\n<li style=\"font-weight: 400;\" aria-level=\"1\"><b>Rekister\u00f6inti EAR:ssa<\/b><span style=\"font-weight: 400;\">:<\/span>\n<ul>\n<li style=\"font-weight: 400;\" aria-level=\"2\"><span style=\"font-weight: 400;\">ANTSTORE on rekister\u00f6ity EAR-s\u00e4\u00e4ti\u00f6\u00f6n (s\u00e4hk\u00f6- ja elektroniikkalaiteromurekisteri).<\/span><\/li>\n<li style=\"font-weight: 400;\" aria-level=\"2\"><span style=\"font-weight: 400;\">WEEE-rekister\u00f6intinumeromme: <\/span><b>DE <\/b><span style=\"font-weight: 400;\">54590387.<\/span><\/li>\n<\/ul>\n<\/li>\n<li style=\"font-weight: 400;\" aria-level=\"1\"><b>Toimittajien tarkastaminen<\/b><span style=\"font-weight: 400;\">:<\/span>\n<ul>\n<li style=\"font-weight: 400;\" aria-level=\"2\"><span style=\"font-weight: 400;\">Kaikkien toimittajien rekister\u00f6intivelvoitteiden noudattaminen on tarkistettu ja tarkistetaan jatkuvasti.<\/span><\/li>\n<\/ul>\n<\/li>\n<li style=\"font-weight: 400;\" aria-level=\"1\"><b>Merkint\u00e4velvollisuus<\/b><span style=\"font-weight: 400;\">:<\/span>\n<ul>\n<li style=\"font-weight: 400;\" aria-level=\"2\"><span style=\"font-weight: 400;\">Kaikki EU:ssa valmistetut ja maahantuodut tuotteet on merkitty asianmukaisesti.<\/span><\/li>\n<\/ul>\n<\/li>\n<\/ul>\n<ol start=\"6\">\n<li><b> ANTSTORE-haaran paluuvaihtoehdot <\/b><b><br \/><\/b><span style=\"font-weight: 400;\">Kunnallisten ker\u00e4yspisteiden lis\u00e4ksi ANTSTORE tarjoaa asiakkailleen seuraavat palvelut <\/span><b>vapaaehtoinen paluu <\/b><span style=\"font-weight: 400;\">vanhoja laitteita:<\/span><\/li>\n<\/ol>\n<ul>\n<li style=\"font-weight: 400;\" aria-level=\"1\"><span style=\"font-weight: 400;\">Asiakkaat voivat palauttaa vanhat laitteensa <\/span><b>maksutta <\/b><span style=\"font-weight: 400;\">kun teet ostoksia myym\u00e4l\u00e4ss\u00e4mme.<\/span><\/li>\n<li style=\"font-weight: 400;\" aria-level=\"1\"><span style=\"font-weight: 400;\">N\u00e4in tuemme vanhojen s\u00e4hk\u00f6laitteiden k\u00e4tev\u00e4\u00e4 ja ymp\u00e4rist\u00f6yst\u00e4v\u00e4llist\u00e4 h\u00e4vitt\u00e4mist\u00e4.<\/span><\/li>\n<\/ul>\n<p><b>Yhteenveto kuluttajille<\/b><\/p>\n<ul>\n<li style=\"font-weight: 400;\" aria-level=\"1\"><span style=\"font-weight: 400;\">K\u00e4yt\u00e4 kunnallisia ker\u00e4yskeskuksia (\u00d6RE) tai kaupassa olevia palautusj\u00e4rjestelmi\u00e4mme.<\/span><\/li>\n<li style=\"font-weight: 400;\" aria-level=\"1\"><span style=\"font-weight: 400;\">\u00c4l\u00e4 koskaan h\u00e4vit\u00e4 vanhoja s\u00e4hk\u00f6laitteita j\u00e4tteisiin.<\/span><\/li>\n<li style=\"font-weight: 400;\" aria-level=\"1\"><span style=\"font-weight: 400;\">Auta suojelemaan ymp\u00e4rist\u00f6\u00e4 ja luonnonvaroja h\u00e4vitt\u00e4m\u00e4ll\u00e4 j\u00e4tteet asianmukaisesti.<\/span><\/li>\n<\/ul>\n<p><span style=\"font-weight: 400;\">Jos sinulla on lis\u00e4kysymyksi\u00e4 palautus- ja h\u00e4vitt\u00e4mispalvelustamme, ota meihin yhteytt\u00e4.<\/span><\/p>\n<p><b>Lis\u00e4tietoja:<\/b><\/p>\n<p><a href=\"https:\/\/www.stiftung-ear.de\/de\/home\"><span style=\"font-weight: 400;\">www.stiftung-ear.de<\/span><\/a><\/p>\n<p><a href=\"https:\/\/www.bmuv.de\/themen\/kreislaufwirtschaft\/abfallarten-und-abfallstroeme\/uebersicht-abfallarten-und-abfallstroeme\"><span style=\"font-weight: 400;\">www.bmu.de<\/span><\/a><\/p>\n\n\t\t\n<style>\n#text-3156856812 {\n  text-align: left;\n}\n<\/style>\n\t<\/div>\n\t\n\n\t\t<\/div>\n\t\t\t\t\t<\/div>\n\n\t\n\n<\/div>","protected":false},"excerpt":{"rendered":"","protected":false},"author":1,"featured_media":0,"parent":0,"menu_order":0,"comment_status":"closed","ping_status":"closed","template":"","meta":{"_acf_changed":false,"content-type":"","_monsterinsights_skip_tracking":false,"_monsterinsights_sitenote_active":false,"_monsterinsights_sitenote_note":"","_monsterinsights_sitenote_category":0,"footnotes":""},"class_list":["post-643","page","type-page","status-publish","hentry"],"acf":[],"aioseo_notices":[],"jetpack_sharing_enabled":true,"_links":{"self":[{"href":"https:\/\/antcube.shop\/fi\/wp-json\/wp\/v2\/pages\/643","targetHints":{"allow":["GET"]}}],"collection":[{"href":"https:\/\/antcube.shop\/fi\/wp-json\/wp\/v2\/pages"}],"about":[{"href":"https:\/\/antcube.shop\/fi\/wp-json\/wp\/v2\/types\/page"}],"author":[{"embeddable":true,"href":"https:\/\/antcube.shop\/fi\/wp-json\/wp\/v2\/users\/1"}],"replies":[{"embeddable":true,"href":"https:\/\/antcube.shop\/fi\/wp-json\/wp\/v2\/comments?post=643"}],"version-history":[{"count":6,"href":"https:\/\/antcube.shop\/fi\/wp-json\/wp\/v2\/pages\/643\/revisions"}],"predecessor-version":[{"id":10641,"href":"https:\/\/antcube.shop\/fi\/wp-json\/wp\/v2\/pages\/643\/revisions\/10641"}],"wp:attachment":[{"href":"https:\/\/antcube.shop\/fi\/wp-json\/wp\/v2\/media?parent=643"}],"curies":[{"name":"wp","href":"https:\/\/api.w.org\/{rel}","templated":true}]}}