{"id":641,"date":"2021-07-30T13:35:42","date_gmt":"2021-07-30T11:35:42","guid":{"rendered":"https:\/\/antcube.shop\/?page_id=641"},"modified":"2024-11-29T15:44:57","modified_gmt":"2024-11-29T14:44:57","slug":"laki-akuista","status":"publish","type":"page","link":"https:\/\/antcube.shop\/fi\/laki-akuista\/","title":{"rendered":"Paristolaki"},"content":{"rendered":"<div id=\"gap-1930592310\" class=\"gap-element clearfix\" style=\"display:block; height:auto;\">\n\t\t\n<style>\n#gap-1930592310 {\n  padding-top: 190px;\n}\n<\/style>\n\t<\/div>\n\t\n\n<div class=\"row\"  id=\"row-1681975923\">\n\n\n\t<div id=\"col-367931258\" class=\"col small-12 large-12\"  >\n\t\t\t\t<div class=\"col-inner\"  >\n\t\t\t\n\t\t\t\n\n<h3><b>Huomautuksia paristolakiin (BattG)<\/b><\/h3>\n<ol>\n<li><b> laitteiden paristot ja akut <\/b><b><br \/><\/b><span style=\"font-weight: 400;\">Monet tuotteistamme sis\u00e4lt\u00e4v\u00e4t paristoja tai ladattavia akkuja, joita k\u00e4ytet\u00e4\u00e4n esimerkiksi kaukos\u00e4\u00e4timien k\u00e4ytt\u00e4miseen tai laitteisiin kiinte\u00e4sti asennettuina komponentteina. N\u00e4iden paristojen tai akkujen myynnin yhteydess\u00e4 haluamme kiinnitt\u00e4\u00e4 huomiosi seuraaviin seikkoihin:<\/span><\/li>\n<li><b> lakis\u00e4\u00e4teinen palautusvelvollisuus<\/b><\/li>\n<\/ol>\n<ul>\n<li style=\"font-weight: 400;\" aria-level=\"1\"><b>K\u00e4ytettyjen paristojen h\u00e4vitt\u00e4minen<\/b><span style=\"font-weight: 400;\"><br \/><\/span><span style=\"font-weight: 400;\"> Paristolain mukaan k\u00e4ytetyt paristot on h\u00e4vitett\u00e4v\u00e4 maksutta kunnallisessa ker\u00e4yskeskuksessa, erityisiss\u00e4 k\u00e4ytettyjen paristojen s\u00e4ili\u00f6iss\u00e4 tai paikallisessa j\u00e4lleenmyyj\u00e4liikkeess\u00e4.<\/span><\/li>\n<li style=\"font-weight: 400;\" aria-level=\"1\"><b>Kielto h\u00e4vitt\u00e4\u00e4 kotitalousj\u00e4tteeseen<\/b><span style=\"font-weight: 400;\"><br \/><\/span><span style=\"font-weight: 400;\">Paristojen ja akkujen h\u00e4vitt\u00e4minen kotitalousj\u00e4tteen mukana on nimenomaisesti kielletty.<\/span><\/li>\n<\/ul>\n<ol start=\"3\">\n<li><b> paluuvaihtoehdot ANTSTORE:ssa <\/b><b><br \/><\/b><span style=\"font-weight: 400;\">Jos et halua k\u00e4ytt\u00e4\u00e4 kunnallista ker\u00e4yspistett\u00e4 tai paikallista j\u00e4lleenmyyj\u00e4\u00e4si, tarjoamme sinulle seuraavat vaihtoehdot toimittamiemme akkujen palauttamiseksi:<\/span><\/li>\n<\/ol>\n<ul>\n<li style=\"font-weight: 400;\" aria-level=\"1\"><b>Ilmainen palautus paikan p\u00e4\u00e4ll\u00e4<\/b><span style=\"font-weight: 400;\"><br \/><\/span><span style=\"font-weight: 400;\">Voit palauttaa akut suoraan myym\u00e4l\u00e4\u00e4mme.<\/span><\/li>\n<li style=\"font-weight: 400;\" aria-level=\"1\"><b>Palautus postitse<\/b><span style=\"font-weight: 400;\"><br \/><\/span><span style=\"font-weight: 400;\">L\u00e4het\u00e4 paristot osoitteeseen:<\/span><span style=\"font-weight: 400;\"><br \/><\/span><b>ANTSTORE<\/b><b><br \/><\/b><b>Selerweg 41<\/b><b><br \/><\/b><b>D-12169 Berliini<\/b><\/li>\n<\/ul>\n<ol start=\"4\">\n<li><b> haitallisia aineita sis\u00e4lt\u00e4vien paristojen merkinn\u00e4t <\/b><b><br \/><\/b><span style=\"font-weight: 400;\">Haitallisia aineita sis\u00e4lt\u00e4v\u00e4t paristot on merkitty symbolilla, joka on <\/span><b>yliviivattu roskakori<\/b><span style=\"font-weight: 400;\">. T\u00e4m\u00e4n symbolin alla on sis\u00e4lt\u00e4miens\u00e4 haitallisten aineiden kemialliset lyhenteet:<\/span><\/li>\n<\/ol>\n<ul>\n<li style=\"font-weight: 400;\" aria-level=\"1\"><b>Pb <\/b><span style=\"font-weight: 400;\">= akku sis\u00e4lt\u00e4\u00e4 lyijy\u00e4<\/span><\/li>\n<li style=\"font-weight: 400;\" aria-level=\"1\"><b>Cd <\/b><span style=\"font-weight: 400;\">= akku sis\u00e4lt\u00e4\u00e4 kadmiumia<\/span><\/li>\n<li style=\"font-weight: 400;\" aria-level=\"1\"><b>Hg <\/b><span style=\"font-weight: 400;\">= paristo sis\u00e4lt\u00e4\u00e4 elohopeaa<\/span><\/li>\n<\/ul>\n<ol start=\"5\">\n<li><b> lis\u00e4tietoja<\/b><\/li>\n<\/ol>\n<ul>\n<li style=\"font-weight: 400;\" aria-level=\"1\"><span style=\"font-weight: 400;\">L\u00f6yd\u00e4t yksityiskohtaista tietoa:<\/span>\n<ul>\n<li style=\"font-weight: 400;\" aria-level=\"2\"><span style=\"font-weight: 400;\">Tavaratoimituksen mukana seuraavissa asiakirjoissa.<\/span><\/li>\n<li style=\"font-weight: 400;\" aria-level=\"2\"><span style=\"font-weight: 400;\">Kunkin laitevalmistajan k\u00e4ytt\u00f6ohjeissa.<\/span><\/li>\n<\/ul>\n<\/li>\n<li style=\"font-weight: 400;\" aria-level=\"1\"><span style=\"font-weight: 400;\">Lis\u00e4tietoja saat akkulakia koskevasta s\u00e4\u00e4d\u00f6ksest\u00e4:<\/span>\n<ul>\n<li style=\"font-weight: 400;\" aria-level=\"2\"><span style=\"font-weight: 400;\">Liittovaltion ymp\u00e4rist\u00f6-, luonnonsuojelu- ja ydinturvallisuusministeri\u00f6ss\u00e4. <\/span><a href=\"http:\/\/www.bmu.de\/abfallwirtschaft\"><span style=\"font-weight: 400;\">(<\/span><span style=\"font-weight: 400;\">www.bmu.de)<\/span><\/a><\/li>\n<li style=\"font-weight: 400;\" aria-level=\"2\"><span style=\"font-weight: 400;\">Liittovaltion ymp\u00e4rist\u00f6keskuksessa <\/span><a href=\"http:\/\/www.uba.de\"><span style=\"font-weight: 400;\">(<\/span><span style=\"font-weight: 400;\">www.uba.de)<\/span><\/a><\/li>\n<\/ul>\n<\/li>\n<\/ul>\n<p><b>Yhteenveto<\/b><\/p>\n<ul>\n<li style=\"font-weight: 400;\" aria-level=\"1\"><span style=\"font-weight: 400;\">Paristot eiv\u00e4t kuulu kotitalousj\u00e4tteeseen.<\/span><\/li>\n<li style=\"font-weight: 400;\" aria-level=\"1\"><span style=\"font-weight: 400;\">K\u00e4yt\u00e4 kunnallisia ker\u00e4yspisteit\u00e4, k\u00e4ytettyjen paristojen ker\u00e4ysastioita tai ANTSTORE:n palautusmahdollisuuksia.<\/span><\/li>\n<li style=\"font-weight: 400;\" aria-level=\"1\"><span style=\"font-weight: 400;\">Huomioi yliviivattu roskakorisymboli ja ep\u00e4puhtauksia osoittava merkint\u00e4.<\/span><\/li>\n<\/ul>\n<p><span style=\"font-weight: 400;\">Kiitos, ett\u00e4 osallistut aktiivisesti ymp\u00e4rist\u00f6nsuojeluun h\u00e4vitt\u00e4m\u00e4ll\u00e4 paristot oikein!<\/span><\/p>\n<h3><br \/><br \/><br \/><br \/><br \/><br \/><\/h3>\n\n\t\t<\/div>\n\t\t\t\t\t<\/div>\n\n\t\n\n<\/div>","protected":false},"excerpt":{"rendered":"","protected":false},"author":1,"featured_media":0,"parent":0,"menu_order":0,"comment_status":"closed","ping_status":"closed","template":"","meta":{"_acf_changed":false,"content-type":"","_monsterinsights_skip_tracking":false,"_monsterinsights_sitenote_active":false,"_monsterinsights_sitenote_note":"","_monsterinsights_sitenote_category":0,"footnotes":""},"class_list":["post-641","page","type-page","status-publish","hentry"],"acf":[],"aioseo_notices":[],"jetpack_sharing_enabled":true,"_links":{"self":[{"href":"https:\/\/antcube.shop\/fi\/wp-json\/wp\/v2\/pages\/641","targetHints":{"allow":["GET"]}}],"collection":[{"href":"https:\/\/antcube.shop\/fi\/wp-json\/wp\/v2\/pages"}],"about":[{"href":"https:\/\/antcube.shop\/fi\/wp-json\/wp\/v2\/types\/page"}],"author":[{"embeddable":true,"href":"https:\/\/antcube.shop\/fi\/wp-json\/wp\/v2\/users\/1"}],"replies":[{"embeddable":true,"href":"https:\/\/antcube.shop\/fi\/wp-json\/wp\/v2\/comments?post=641"}],"version-history":[{"count":3,"href":"https:\/\/antcube.shop\/fi\/wp-json\/wp\/v2\/pages\/641\/revisions"}],"predecessor-version":[{"id":10643,"href":"https:\/\/antcube.shop\/fi\/wp-json\/wp\/v2\/pages\/641\/revisions\/10643"}],"wp:attachment":[{"href":"https:\/\/antcube.shop\/fi\/wp-json\/wp\/v2\/media?parent=641"}],"curies":[{"name":"wp","href":"https:\/\/api.w.org\/{rel}","templated":true}]}}