{"id":628,"date":"2021-07-30T13:29:33","date_gmt":"2021-07-30T11:29:33","guid":{"rendered":"https:\/\/antcube.shop\/?page_id=628"},"modified":"2025-11-17T11:20:38","modified_gmt":"2025-11-17T10:20:38","slug":"jalleenmyyja","status":"publish","type":"page","link":"https:\/\/antcube.shop\/fi\/jalleenmyyja\/","title":{"rendered":"Ryhdy j\u00e4lleenmyyj\u00e4ksi"},"content":{"rendered":"<div id=\"gap-516401011\" class=\"gap-element clearfix\" style=\"display:block; height:auto;\">\n\t\t\n<style>\n#gap-516401011 {\n  padding-top: 181px;\n}\n@media (min-width:550px) {\n  #gap-516401011 {\n    padding-top: 185px;\n  }\n}\n@media (min-width:850px) {\n  #gap-516401011 {\n    padding-top: 137px;\n  }\n}\n<\/style>\n\t<\/div>\n\t\n\n\n  <div class=\"banner has-hover\" id=\"banner-1780198256\">\n          <div class=\"banner-inner fill\">\n        <div class=\"banner-bg fill\" >\n            <img loading=\"lazy\" decoding=\"async\" width=\"900\" height=\"600\" src=\"https:\/\/i0.wp.com\/antcube.shop\/wp-content\/uploads\/2021\/09\/pexels-thirdman-5684382-scaled.jpg?fit=900%2C600&amp;ssl=1\" class=\"bg attachment-large size-large\" alt=\"\" \/>                        <div class=\"overlay\"><\/div>            \n                    <\/div>\n\t\t\n        <div class=\"banner-layers container\">\n            <div class=\"fill banner-link\"><\/div>            \n\n   <div id=\"text-box-653485422\" class=\"text-box banner-layer x0 md-x50 lg-x50 y50 md-y85 lg-y35 res-text\">\n                                <div class=\"text-box-content text dark text-shadow-3\">\n              \n              <div class=\"text-inner text-center\">\n                  \n\n\t<div id=\"text-3571156759\" class=\"text\">\n\t\t\n\n<h1><strong>Etsimme j\u00e4lleenmyyji\u00e4!<\/strong><\/h1>\n<p>Etsimme j\u00e4lleenmyyji\u00e4 ja yhteisty\u00f6kumppaneita myym\u00e4\u00e4n ANTCUBE-tuotteitamme muurahaishoitajille ymp\u00e4ri maailmaa. Jos haluat liitty\u00e4 meihin ja osallistua maailmanlaajuisen muurahais- ja luonnonyst\u00e4vien yhteis\u00f6n luomiseen<\/p>\n\t\t\n<style>\n#text-3571156759 {\n  font-size: 0.75rem;\n  line-height: 1;\n  text-align: center;\n}\n@media (min-width:550px) {\n  #text-3571156759 {\n    font-size: 0.95rem;\n  }\n}\n@media (min-width:850px) {\n  #text-3571156759 {\n    font-size: 1.25rem;\n  }\n}\n<\/style>\n\t<\/div>\n\t\n\t<div id=\"text-322656381\" class=\"text\">\n\t\t\n\n<p>Ota meihin yhteytt\u00e4 osoitteessa\u00a0<\/p>\n\t\t\n<style>\n#text-322656381 {\n  font-size: 1.05rem;\n  line-height: 0.75;\n}\n@media (min-width:550px) {\n  #text-322656381 {\n    font-size: 2.25rem;\n  }\n}\n<\/style>\n\t<\/div>\n\t\n\t<div id=\"text-3123864917\" class=\"text\">\n\t\t\n\n<p>sales@antcube.de<\/p>\n\t\t\n<style>\n#text-3123864917 {\n  font-size: 0.75rem;\n  line-height: 0.75;\n}\n@media (min-width:550px) {\n  #text-3123864917 {\n    font-size: 2.25rem;\n  }\n}\n<\/style>\n\t<\/div>\n\t\n\n              <\/div>\n           <\/div>\n                            \n<style>\n#text-box-653485422 {\n  width: 100%;\n}\n#text-box-653485422 .text-box-content {\n  font-size: 100%;\n}\n@media (min-width:550px) {\n  #text-box-653485422 {\n    width: 87%;\n  }\n}\n<\/style>\n    <\/div>\n \n\n        <\/div>\n      <\/div>\n\n              <div class=\"height-fix is-invisible\"><img loading=\"lazy\" decoding=\"async\" width=\"900\" height=\"600\" src=\"https:\/\/i0.wp.com\/antcube.shop\/wp-content\/uploads\/2021\/09\/pexels-thirdman-5684382-scaled.jpg?fit=900%2C600&amp;ssl=1\" class=\"attachment-large size-large\" alt=\"\" srcset=\"https:\/\/i0.wp.com\/antcube.shop\/wp-content\/uploads\/2021\/09\/pexels-thirdman-5684382-scaled.jpg?w=2560&amp;ssl=1 2560w, https:\/\/i0.wp.com\/antcube.shop\/wp-content\/uploads\/2021\/09\/pexels-thirdman-5684382-scaled.jpg?resize=510%2C340&amp;ssl=1 510w, https:\/\/i0.wp.com\/antcube.shop\/wp-content\/uploads\/2021\/09\/pexels-thirdman-5684382-scaled.jpg?resize=600%2C400&amp;ssl=1 600w, https:\/\/i0.wp.com\/antcube.shop\/wp-content\/uploads\/2021\/09\/pexels-thirdman-5684382-scaled.jpg?resize=1200%2C800&amp;ssl=1 1200w, https:\/\/i0.wp.com\/antcube.shop\/wp-content\/uploads\/2021\/09\/pexels-thirdman-5684382-scaled.jpg?resize=768%2C512&amp;ssl=1 768w, https:\/\/i0.wp.com\/antcube.shop\/wp-content\/uploads\/2021\/09\/pexels-thirdman-5684382-scaled.jpg?resize=1536%2C1024&amp;ssl=1 1536w, https:\/\/i0.wp.com\/antcube.shop\/wp-content\/uploads\/2021\/09\/pexels-thirdman-5684382-scaled.jpg?resize=2048%2C1365&amp;ssl=1 2048w\" sizes=\"auto, (max-width: 900px) 100vw, 900px\" \/><\/div>\n            \n<style>\n#banner-1780198256 .overlay {\n  background-color: rgba(0, 0, 0, 0.174);\n}\n#banner-1780198256 .banner-bg img {\n  object-position: 50% 45%;\n}\n<\/style>\n  <\/div>\n\n\n\t<div id=\"gap-622480416\" class=\"gap-element clearfix\" style=\"display:block; height:auto;\">\n\t\t\n<style>\n#gap-622480416 {\n  padding-top: 30px;\n}\n<\/style>\n\t<\/div>\n\t\n\n<div class=\"row\"  id=\"row-1175189990\">\n\n\n\t<div id=\"col-1829377723\" class=\"col small-12 large-12\"  >\n\t\t\t\t<div class=\"col-inner\"  >\n\t\t\t\n\t\t\t\n\n<div class=\"wp-block-cover alignfull has-nv-site-bg-background-color has-background-dim\">\n<div class=\"wp-block-cover__inner-container\">\n<h2 class=\"has-text-align-center has-neve-text-color-color has-text-color\">Oletko kiinnostunut myym\u00e4\u00e4n tuotteitamme?<\/h2>\n<\/div>\n<\/div>\n<h2 class=\"has-text-align-center has-medium-font-size\">Kohteemme<\/h2>\n<p class=\"has-text-align-center\">Etsimme j\u00e4lleenmyyji\u00e4 ja yhteisty\u00f6kumppaneita myym\u00e4\u00e4n ANTCUBE-tuotteitamme muurahaishoitajille ymp\u00e4ri maailmaa. Haluamme rakentaa kansainv\u00e4lisen yhteis\u00f6n myym\u00e4l\u00e4nomistajista ja harrastajista, jotta muurahaiskasvatuksesta tulisi suositumpaa ja ammattimaisempaa. Jos omistat jo kaupan tai etsit uutta liiketoimintamahdollisuutta, ota rohkeasti yhteytt\u00e4.<\/p>\n<h2 class=\"has-text-align-center has-medium-font-size\">Muurahaisten pito on kasvava ala<\/h2>\n<p class=\"has-text-align-center\">Muurahaiskasvatuksesta on tullut hyvin suosittua viime vuosina. Olemme todistamassa intohimoisten muurahaisyst\u00e4vien kasvavaa yhteis\u00f6\u00e4 eri puolilta maailmaa. Lis\u00e4ksi saamme yh\u00e4 enemm\u00e4n pyynt\u00f6j\u00e4 yrityksilt\u00e4, el\u00e4intarhoilta, museoilta, yliopistoilta, tieteellisilt\u00e4 laitoksilta jne.<\/p>\n<h2 class=\"has-text-align-center has-medium-font-size\" style=\"font-size: 23.04px;\">\u00a0<\/h2>\n<p><img data-recalc-dims=\"1\" loading=\"lazy\" decoding=\"async\" class=\"size-medium wp-image-3944 aligncenter\" src=\"https:\/\/i0.wp.com\/antcube.shop\/wp-content\/uploads\/2021\/11\/Palette-Beispiel-mit-Export-600x400.jpg?resize=600%2C400&#038;ssl=1\" alt=\"\" width=\"600\" height=\"400\" srcset=\"https:\/\/i0.wp.com\/antcube.shop\/wp-content\/uploads\/2021\/11\/Palette-Beispiel-mit-Export-scaled.jpg?resize=600%2C400&amp;ssl=1 600w, https:\/\/i0.wp.com\/antcube.shop\/wp-content\/uploads\/2021\/11\/Palette-Beispiel-mit-Export-scaled.jpg?resize=1200%2C800&amp;ssl=1 1200w, https:\/\/i0.wp.com\/antcube.shop\/wp-content\/uploads\/2021\/11\/Palette-Beispiel-mit-Export-scaled.jpg?resize=768%2C512&amp;ssl=1 768w, https:\/\/i0.wp.com\/antcube.shop\/wp-content\/uploads\/2021\/11\/Palette-Beispiel-mit-Export-scaled.jpg?resize=1536%2C1024&amp;ssl=1 1536w, https:\/\/i0.wp.com\/antcube.shop\/wp-content\/uploads\/2021\/11\/Palette-Beispiel-mit-Export-scaled.jpg?resize=2048%2C1365&amp;ssl=1 2048w, https:\/\/i0.wp.com\/antcube.shop\/wp-content\/uploads\/2021\/11\/Palette-Beispiel-mit-Export-scaled.jpg?resize=18%2C12&amp;ssl=1 18w, https:\/\/i0.wp.com\/antcube.shop\/wp-content\/uploads\/2021\/11\/Palette-Beispiel-mit-Export-scaled.jpg?resize=510%2C340&amp;ssl=1 510w\" sizes=\"auto, (max-width: 600px) 100vw, 600px\" \/><\/p>\n<h2 class=\"has-text-align-center has-medium-font-size\">Miksi ANTCUBE?<\/h2>\n<p class=\"has-text-align-center\">Olemme yksi maailman suurimmista ja pisimp\u00e4\u00e4n toimineista muurahaiskaupoista. Yli 20 vuoden kokemus muurahaisten pit\u00e4misest\u00e4 ja formikarioiden rakentamisesta on tehnyt meist\u00e4 sen, mit\u00e4 olemme t\u00e4n\u00e4\u00e4n. Olemme vakuuttuneita siit\u00e4, ett\u00e4 laatu, kest\u00e4vyys ja kest\u00e4vyys ovat yh\u00e4 t\u00e4rke\u00e4mpi\u00e4. Siksi keskitymme formikarioidemme materiaalina lasiin. Toisin kuin akryyli ja muovi, lasi j\u00e4tt\u00e4\u00e4 paljon pienemm\u00e4n ekologisen jalanj\u00e4ljen. Lis\u00e4ksi ty\u00f6skentelemme t\u00e4ysin kierr\u00e4tett\u00e4vien pakkausten parissa.<\/p>\n<p class=\"has-text-align-center\">Lasin etuna on my\u00f6s se, ett\u00e4 se ei heikkene miss\u00e4\u00e4n muurahaiskasvatukseen soveltuvassa l\u00e4mp\u00f6tilassa tai kosteudessa. Lasilevyt eiv\u00e4t naarmuunnu niin nopeasti, ne eiv\u00e4t ep\u00e4muodostu eiv\u00e4tk\u00e4 v\u00e4rj\u00e4ydy. Puhdistus ja k\u00e4ytt\u00f6 ovat helppoja, ulkon\u00e4k\u00f6 on hyvin luonnollinen ja tyylik\u00e4s. Pakosuojamme on eritt\u00e4in tehokas jopa erityisen pienill\u00e4 muurahaislajeilla, ja mukauttamis- ja laajentamismahdollisuuksia on loputtomasti.<\/p>\n<h2 class=\"has-text-align-center has-medium-font-size\">Miksi muurahaisen pito?<\/h2>\n<p class=\"has-text-align-center\">Muurahaisia on hyvin helppo pit\u00e4\u00e4, lajista riippuen. Tarvitset vain v\u00e4h\u00e4n tilaa ja voit ruokkia niit\u00e4 melkein mill\u00e4 tahansa. Muurahaiset eiv\u00e4t aiheuta juuri lainkaan hajuja, ne ovat eritt\u00e4in puhtaita el\u00e4imi\u00e4, eiv\u00e4t pid\u00e4 melua eiv\u00e4tk\u00e4 aiheuta juuri lainkaan kustannuksia pes\u00e4kkeen ja formikarion hankinnan j\u00e4lkeen. Sit\u00e4 paitsi niiden ei tarvitse koskaan k\u00e4yd\u00e4 el\u00e4inl\u00e4\u00e4k\u00e4riss\u00e4.<\/p>\n<p class=\"has-text-align-center\">Muurahaiset ovat uskomattoman kiehtovia. On ainutlaatuinen kokemus seurata, kuinka yksitt\u00e4inen kuningatar kasvattaa ensimm\u00e4iset ty\u00f6l\u00e4isens\u00e4 vuosien ajan ja sitten seurata, kuinka pes\u00e4ke kasvaa vuosien mittaan tuhansiksi j\u00e4seniksi t\u00e4ydellisen yhteisty\u00f6n ja resurssien k\u00e4yt\u00f6n ansiosta. Muurahaiset ovat \u00e4\u00e4rimm\u00e4isen sosiaalisia el\u00e4imi\u00e4, ja jotkut lajit muodostavat erilaisia kasteja, kuten ty\u00f6l\u00e4isi\u00e4, sotilaita, maanviljelij\u00f6it\u00e4 tai jopa sairaanhoitajia, ja arvatkaa mit\u00e4, ne ovat kaikki naaraita. Muurahaiset ovat my\u00f6s uskomattoman t\u00e4rkeit\u00e4 ymp\u00e4rist\u00f6llemme. Niit\u00e4 esiintyy kaikissa maailman asuttavissa ekosysteemeiss\u00e4, ja lis\u00e4ksi ne ovat erikoistuneempia ja monipuolisempia kuin mik\u00e4\u00e4n muu laji. Muurahaiset muistuttavat meit\u00e4 my\u00f6s elintavoiltaan. Ty\u00f6njako, yhdess\u00e4 el\u00e4minen suurissa kolonioissa ahtaassa tilassa ja ravintoketjun eri tasojen k\u00e4ytt\u00f6 kaikissa ekosysteemeiss\u00e4 tekev\u00e4t niist\u00e4 niin menestyksekk\u00e4it\u00e4, aivan kuten me ihmisetkin. Ainoa ero on, ett\u00e4 me emme ole l\u00e4hesk\u00e4\u00e4n yht\u00e4 tehokkaita, ja muurahaisia on ollut olemassa yli 130 miljoonaa vuotta, kun taas ihmisi\u00e4 on ollut olemassa vasta noin 300 000 vuotta.<\/p>\n\n\t\t<\/div>\n\t\t\t\t\t<\/div>\n\n\t\n\n<\/div>\n<div class=\"row\"  id=\"row-2132389518\">\n\n\n\t<div id=\"col-364060193\" class=\"col medium-6 large-6\"  >\n\t\t\t\t<div class=\"col-inner\" style=\"background-color:#61ca9f;\" >\n\t\t\t\n\t\t\t\n\n<div class=\"container section-title-container\" ><h3 class=\"section-title section-title-normal\"><b aria-hidden=\"true\"><\/b><span class=\"section-title-main\" ><i class=\"icon-envelop\" aria-hidden=\"true\"><\/i>Ota yhteytt\u00e4<\/span><b aria-hidden=\"true\"><\/b><\/h3><\/div>\n\n\t<div id=\"text-1424278416\" class=\"text\">\n\t\t\n\n<\/p>\n<ul>\n<li><strong>S\u00e4hk\u00f6posti<\/strong>: sales@antcube.de<\/li>\n<li><strong>Puhelin<\/strong>: +49 30 439703870<\/li>\n<\/ul>\n<p><strong>Ty\u00f6aika <\/strong>(UTC\/GMT +1):<\/p>\n<ul>\n<li>Tiistaista perjantaihin klo 10:00 - 18:00 alkaen.<\/li>\n<\/ul>\n\n\t\t\n<style>\n#text-1424278416 {\n  font-size: 0.75rem;\n}\n@media (min-width:550px) {\n  #text-1424278416 {\n    font-size: 1.5rem;\n  }\n}\n<\/style>\n\t<\/div>\n\t\n\t<div id=\"gap-1820348189\" class=\"gap-element clearfix\" style=\"display:block; height:auto;\">\n\t\t\n<style>\n#gap-1820348189 {\n  padding-top: 60px;\n}\n<\/style>\n\t<\/div>\n\t\n\n\t<div class=\"img has-hover x md-x lg-x y md-y lg-y\" id=\"image_656508612\">\n\t\t\t\t\t\t\t\t<div class=\"img-inner dark\" >\n\t\t\t<img data-recalc-dims=\"1\" loading=\"lazy\" decoding=\"async\" width=\"900\" height=\"900\" src=\"https:\/\/i0.wp.com\/antcube.shop\/wp-content\/uploads\/2021\/09\/Firmeneingang.jpg?resize=900%2C900&#038;ssl=1\" class=\"attachment-original size-original\" alt=\"ANTSTORE sis\u00e4\u00e4nk\u00e4ynti\" srcset=\"https:\/\/i0.wp.com\/antcube.shop\/wp-content\/uploads\/2021\/09\/Firmeneingang.jpg?w=900&amp;ssl=1 900w, https:\/\/i0.wp.com\/antcube.shop\/wp-content\/uploads\/2021\/09\/Firmeneingang.jpg?resize=247%2C247&amp;ssl=1 247w, https:\/\/i0.wp.com\/antcube.shop\/wp-content\/uploads\/2021\/09\/Firmeneingang.jpg?resize=100%2C100&amp;ssl=1 100w, https:\/\/i0.wp.com\/antcube.shop\/wp-content\/uploads\/2021\/09\/Firmeneingang.jpg?resize=510%2C510&amp;ssl=1 510w, https:\/\/i0.wp.com\/antcube.shop\/wp-content\/uploads\/2021\/09\/Firmeneingang.jpg?resize=400%2C400&amp;ssl=1 400w, https:\/\/i0.wp.com\/antcube.shop\/wp-content\/uploads\/2021\/09\/Firmeneingang.jpg?resize=800%2C800&amp;ssl=1 800w, https:\/\/i0.wp.com\/antcube.shop\/wp-content\/uploads\/2021\/09\/Firmeneingang.jpg?resize=280%2C280&amp;ssl=1 280w, https:\/\/i0.wp.com\/antcube.shop\/wp-content\/uploads\/2021\/09\/Firmeneingang.jpg?resize=768%2C768&amp;ssl=1 768w\" sizes=\"auto, (max-width: 900px) 100vw, 900px\" \/>\t\t\t\t\t\t\n\t\t\t\t\t<\/div>\n\t\t\t\t\t\t\t\t\n<style>\n#image_656508612 {\n  width: 100%;\n}\n<\/style>\n\t<\/div>\n\t\n\n\n\t\t<\/div>\n\t\t\t\t\t<\/div>\n\n\t\n\n\t<div id=\"col-1175259726\" class=\"col medium-6 large-6\"  >\n\t\t\t\t<div class=\"col-inner\"  >\n\t\t\t\n\t\t\t\n\n<div class=\"container section-title-container\" ><h3 class=\"section-title section-title-normal\"><b aria-hidden=\"true\"><\/b><span class=\"section-title-main\" >K\u00e4y myym\u00e4l\u00e4ss\u00e4mme<\/span><b aria-hidden=\"true\"><\/b><\/h3><\/div>\n\n\t<div id=\"text-2842454386\" class=\"text\">\n\t\t\n\n<p><strong>Osoite:<\/strong><\/p>\n<ul>\n<li>Katu: Selerweg 41<\/li>\n<li>Postinumero: D - 12169<\/li>\n<li>Kaupunki: Berlin<\/li>\n<li>Maa: Saksa<\/li>\n<li>Piirikunta: Steglitz-Zehlendorf<\/li>\n<\/ul>\n<p><strong>Aukioloajat<\/strong> (UTC\/GMT +1)<\/p>\n<ul>\n<li>Tiistaista perjantaihin 13:00 - 18:00<\/li>\n<\/ul>\n<p><strong>COVID-19 HUOM:<\/strong> V\u00e4hitt\u00e4ismyym\u00e4l\u00e4mme on <strong>suljettu maaliskuusta 2020 l\u00e4htien<\/strong> tai eiv\u00e4t viel\u00e4 ole vierailijoiden k\u00e4ytett\u00e4viss\u00e4. Voit kuitenkin tilata ja maksaa tuotteemme verkossa ja sitten joko noutaa kaiken kotioveltamme tai me l\u00e4het\u00e4mme tuotteet pakettipalveluna kotiisi. Tukitiimimme on edelleen k\u00e4ytett\u00e4viss\u00e4si s\u00e4hk\u00f6postitse tai puhelimitse! Pid\u00e4mme sinut ajan tasalla.<\/p>\n<p><iframe loading=\"lazy\" style=\"border: 0;\" src=\"https:\/\/www.google.com\/maps\/embed?pb=!1m18!1m12!1m3!1d2431.3708399886823!2d13.335121715997175!3d52.454311048847416!2m3!1f0!2f0!3f0!3m2!1i1024!2i768!4f13.1!3m3!1m2!1s0x47a85a9242e5bc07%3A0xc44ee1d5a0728440!2sANTSTORE!5e0!3m2!1sde!2sde!4v1632470583913!5m2!1sde!2sde\" width=\"600\" height=\"450\" allowfullscreen=\"allowfullscreen\"><\/iframe><\/p>\n\t\t\n<style>\n#text-2842454386 {\n  font-size: 0.75rem;\n}\n<\/style>\n\t<\/div>\n\t\n\n\t\t<\/div>\n\t\t\t\t\t<\/div>\n\n\t\n\n<\/div>","protected":false},"excerpt":{"rendered":"","protected":false},"author":1,"featured_media":0,"parent":0,"menu_order":0,"comment_status":"closed","ping_status":"closed","template":"","meta":{"_acf_changed":false,"content-type":"","_monsterinsights_skip_tracking":false,"_monsterinsights_sitenote_active":false,"_monsterinsights_sitenote_note":"","_monsterinsights_sitenote_category":0,"footnotes":""},"class_list":["post-628","page","type-page","status-publish","hentry"],"acf":[],"aioseo_notices":[],"jetpack_sharing_enabled":true,"_links":{"self":[{"href":"https:\/\/antcube.shop\/fi\/wp-json\/wp\/v2\/pages\/628","targetHints":{"allow":["GET"]}}],"collection":[{"href":"https:\/\/antcube.shop\/fi\/wp-json\/wp\/v2\/pages"}],"about":[{"href":"https:\/\/antcube.shop\/fi\/wp-json\/wp\/v2\/types\/page"}],"author":[{"embeddable":true,"href":"https:\/\/antcube.shop\/fi\/wp-json\/wp\/v2\/users\/1"}],"replies":[{"embeddable":true,"href":"https:\/\/antcube.shop\/fi\/wp-json\/wp\/v2\/comments?post=628"}],"version-history":[{"count":10,"href":"https:\/\/antcube.shop\/fi\/wp-json\/wp\/v2\/pages\/628\/revisions"}],"predecessor-version":[{"id":12738,"href":"https:\/\/antcube.shop\/fi\/wp-json\/wp\/v2\/pages\/628\/revisions\/12738"}],"wp:attachment":[{"href":"https:\/\/antcube.shop\/fi\/wp-json\/wp\/v2\/media?parent=628"}],"curies":[{"name":"wp","href":"https:\/\/api.w.org\/{rel}","templated":true}]}}