{"id":616,"date":"2021-07-30T13:10:43","date_gmt":"2021-07-30T11:10:43","guid":{"rendered":"https:\/\/antcube.shop\/?page_id=616"},"modified":"2023-12-15T13:09:49","modified_gmt":"2023-12-15T12:09:49","slug":"lataa","status":"publish","type":"page","link":"https:\/\/antcube.shop\/fi\/lataa\/","title":{"rendered":"Lataa"},"content":{"rendered":"<div id=\"gap-839262975\" class=\"gap-element clearfix\" style=\"display:block; height:auto;\">\n\t\t\n<style>\n#gap-839262975 {\n  padding-top: 196px;\n}\n@media (min-width:850px) {\n  #gap-839262975 {\n    padding-top: 171px;\n  }\n}\n<\/style>\n\t<\/div>\n\t\n\n<div class=\"row\"  id=\"row-57109271\">\n\n\n\t<div id=\"col-2126893638\" class=\"col small-12 large-12\"  >\n\t\t\t\t<div class=\"col-inner\"  >\n\t\t\t\n\t\t\t\n\n<h1 style=\"text-align: center;\">Lataa<\/h1>\n<p style=\"text-align: center;\">T\u00e4\u00e4lt\u00e4 l\u00f6yd\u00e4t yleiskatsauksen ilmaiseksi ladattavasta sis\u00e4ll\u00f6st\u00e4mme.<\/p>\n<h3 class=\"accordion_title\">K\u00e4ytt\u00e4j\u00e4n k\u00e4sikirjat aloitussarjoillemme<\/h3><div class=\"accordion\">\n\n\t<div id=\"accordion-2445350890\" class=\"accordion-item\">\n\t\t<a id=\"accordion-2445350890-label\" class=\"accordion-title plain\" href=\"#accordion-item-german-user-manuals\" aria-expanded=\"false\" aria-controls=\"accordion-2445350890-content\">\n\t\t\t<button class=\"toggle\" aria-label=\"Toggle\"><i class=\"icon-angle-down\" aria-hidden=\"true\"><\/i><\/button>\n\t\t\t<span>Saksankieliset k\u00e4ytt\u00f6ohjeet<\/span>\n\t\t<\/a>\n\t\t<div id=\"accordion-2445350890-content\" class=\"accordion-inner\" aria-labelledby=\"accordion-2445350890-label\">\n\t\t\t\n\n<p><a href=\"https:\/\/antcube.shop\/wp-content\/uploads\/2021\/10\/Gebrauchsanweisung-Starter-Set-Combi-1.pdf\">Gebrauchsanweisung Starter Set Combi<\/a><\/p>\n<p><a href=\"https:\/\/antcube.shop\/wp-content\/uploads\/2021\/10\/Gebrauchsanweisung-Starter-Set-Digfix-1.pdf\">Gebrauchsanweisung Starter Set Digfix<\/a><\/p>\n<p><a href=\"https:\/\/antcube.shop\/wp-content\/uploads\/2021\/10\/Gebrauchsanweisung-Starter-Set-Gips.pdf\">Gebrauchsanweisung Starter Set Gips<\/a><\/p>\n<p><a href=\"https:\/\/antcube.shop\/wp-content\/uploads\/2021\/10\/Gebrauchsanweisung-Starter-Set-Habitat-1.pdf\">Gebrauchsanweisung Starter Set Habitat<\/a><\/p>\n<p><a href=\"https:\/\/antcube.shop\/wp-content\/uploads\/2021\/10\/Gebrauchsanweisung-Starter-Set-Kork.pdf\">Gebrauchsanweisung Starter Set Kork<\/a><\/p>\n<p><a href=\"https:\/\/antcube.shop\/wp-content\/uploads\/2021\/10\/Gebrauchsanweisung-Starter-Set-Ernteameisen.pdf\">Gebrauchsanweisung Aloitussarja Ernteameisen<\/a><\/p>\n\n\t\t<\/div>\n\t<\/div>\n\t\n\t<div id=\"accordion-3515626810\" class=\"accordion-item\">\n\t\t<a id=\"accordion-3515626810-label\" class=\"accordion-title plain\" href=\"#accordion-item-english-user-manuals\" aria-expanded=\"false\" aria-controls=\"accordion-3515626810-content\">\n\t\t\t<button class=\"toggle\" aria-label=\"Toggle\"><i class=\"icon-angle-down\" aria-hidden=\"true\"><\/i><\/button>\n\t\t\t<span>Englanninkieliset k\u00e4ytt\u00f6ohjeet<\/span>\n\t\t<\/a>\n\t\t<div id=\"accordion-3515626810-content\" class=\"accordion-inner\" aria-labelledby=\"accordion-3515626810-label\">\n\t\t\t\n\n<p><a href=\"https:\/\/antcube.shop\/wp-content\/uploads\/2021\/10\/User-manual-Starter-Set-Combi.docx1_.pdf\">K\u00e4ytt\u00f6ohje - Starter Set Combi<\/a><\/p>\n<p><a href=\"https:\/\/antcube.shop\/wp-content\/uploads\/2021\/10\/User-manual-Starter-Set-Digfix-.docx1_.pdf\">K\u00e4ytt\u00f6ohje - Starter Set Digfix<\/a><\/p>\n<p><a href=\"https:\/\/antcube.shop\/wp-content\/uploads\/2021\/10\/User-manual-Starter-Set-Plaster.docx1_.pdf\">K\u00e4ytt\u00f6ohje - Starter Set Kipsi\/Kipsirappaus<\/a><\/p>\n<p><a href=\"https:\/\/antcube.shop\/wp-content\/uploads\/2021\/10\/User-manual-Starter-Set-Habitat.docx1_.pdf\">K\u00e4ytt\u00f6ohje - Starter Set Habitat<\/a><\/p>\n<p><a href=\"https:\/\/antcube.shop\/wp-content\/uploads\/2021\/10\/User-manual-Starter-Set-Cork-.docx1_.pdf\">K\u00e4ytt\u00f6ohje - Starter Set Cork<\/a><\/p>\n<p><a href=\"https:\/\/antcube.shop\/wp-content\/uploads\/2021\/10\/User-manual-Starter-Set-for-Harvester-Ants.docx1_.pdf\">K\u00e4ytt\u00f6opas - Starter Set for Harvester Ants<\/a><\/p>\n\n\t\t<\/div>\n\t<\/div>\n\t\n\t<div id=\"accordion-712568821\" class=\"accordion-item\">\n\t\t<a id=\"accordion-712568821-label\" class=\"accordion-title plain\" href=\"#accordion-item-spanish-user-manuals\" aria-expanded=\"false\" aria-controls=\"accordion-712568821-content\">\n\t\t\t<button class=\"toggle\" aria-label=\"Toggle\"><i class=\"icon-angle-down\" aria-hidden=\"true\"><\/i><\/button>\n\t\t\t<span>Espanjankieliset k\u00e4ytt\u00f6ohjeet<\/span>\n\t\t<\/a>\n\t\t<div id=\"accordion-712568821-content\" class=\"accordion-inner\" aria-labelledby=\"accordion-712568821-label\">\n\t\t\t\n\n<p><a href=\"https:\/\/antcube.shop\/wp-content\/uploads\/2021\/10\/Manual-de-instrucciones-Set-de-inicio-Combi.docx1_.pdf\">K\u00e4ytt\u00f6ohjeet - Set de inicio Combi Combi<\/a><\/p>\n<p><a href=\"https:\/\/antcube.shop\/wp-content\/uploads\/2021\/10\/Manual-de-instrucciones-Set-de-inicio-Digfix.docx1_.pdf\">K\u00e4ytt\u00f6ohjeet - Digfix Set de inicio Digfix<\/a><\/p>\n<p><a href=\"https:\/\/antcube.shop\/wp-content\/uploads\/2021\/10\/Manual-de-instrucciones-Set-de-inicio-de-yeso-.docx1_.pdf\">K\u00e4ytt\u00f6ohjeet - Set de inicio de yeso<\/a><\/p>\n<p><a href=\"https:\/\/antcube.shop\/wp-content\/uploads\/2021\/10\/Manual-de-instrucciones-Set-de-inicio-Habitat.docx1_.pdf\">K\u00e4ytt\u00f6ohjeet - Set de inicio H\u00e1bitat<\/a><\/p>\n<p><a href=\"https:\/\/antcube.shop\/wp-content\/uploads\/2021\/10\/Manual-de-instrucciones-Set-de-inicio-de-corcho-.docx1_.pdf\">K\u00e4ytt\u00f6ohjeet - Set de inicio de corcho (korokesarja)<\/a><\/p>\n<p><a href=\"https:\/\/antcube.shop\/wp-content\/uploads\/2021\/10\/Manual-de-instrucciones-Set-de-inicio-para-las-hormigas-de-la-cosecha-_-messor.docx1_.pdf\">Manual de instrucciones - Set de inicio para las hormigas de la cosecha - messor<\/a><\/p>\n\n\t\t<\/div>\n\t<\/div>\n\t\n\t<div id=\"accordion-2961340812\" class=\"accordion-item\">\n\t\t<a id=\"accordion-2961340812-label\" class=\"accordion-title plain\" href=\"#accordion-item-french-user-manuals\" aria-expanded=\"false\" aria-controls=\"accordion-2961340812-content\">\n\t\t\t<button class=\"toggle\" aria-label=\"Toggle\"><i class=\"icon-angle-down\" aria-hidden=\"true\"><\/i><\/button>\n\t\t\t<span>Ranskalaiset k\u00e4ytt\u00f6ohjeet<\/span>\n\t\t<\/a>\n\t\t<div id=\"accordion-2961340812-content\" class=\"accordion-inner\" aria-labelledby=\"accordion-2961340812-label\">\n\t\t\t\n\n<p><a href=\"https:\/\/antcube.shop\/wp-content\/uploads\/2021\/10\/Manuel-dinstruction-Kit-de-demarrage-Combi.docx1_.pdf\">Manuel d'instruction - Kit de d\u00e9marrage Combi - k\u00e4ytt\u00f6ohjeet - Kit de d\u00e9marrage Combi<\/a><\/p>\n<p><a href=\"https:\/\/antcube.shop\/wp-content\/uploads\/2021\/10\/Manuel-dinstruction-Kit-de-demarrage-Digfix.docx1_.pdf\">K\u00e4ytt\u00f6ohjeet - Digfixin irrotussarja (Kit de d\u00e9marrage Digfix)<\/a><\/p>\n<p><a href=\"https:\/\/antcube.shop\/wp-content\/uploads\/2021\/10\/Manuel-dinstruction-Set-de-demarrage-platre.docx1_.pdf\">Manuel d'instruction - Set de d\u00e9marrage pl\u00e2tre - k\u00e4ytt\u00f6ohjeet<\/a><\/p>\n<p><a href=\"https:\/\/antcube.shop\/wp-content\/uploads\/2021\/10\/Manuel-dinstruction-Kit-de-demarrage-Habitat.docx1_.pdf\">Manuel d'instruction - Kit de d\u00e9marrage Habitat (Asuinymp\u00e4rist\u00f6)<\/a><\/p>\n<p><a href=\"https:\/\/antcube.shop\/wp-content\/uploads\/2021\/10\/Manuel-dinstruction-Kit-de-demarrage-en-liege.docx1_.pdf\">Manuel d'instruction - Kit de d\u00e9marrage en li\u00e8ge - k\u00e4ytt\u00f6ohjeet - Kit de d\u00e9marrage en li\u00e8ge<\/a><\/p>\n<p><a href=\"https:\/\/antcube.shop\/wp-content\/uploads\/2021\/10\/Manuel-dinstruction-Kit-de-demarrage-pour-les-fourmis-moissonneuses_-Messor.docx2_.pdf\">Manuel d'instruction - Kit de d\u00e9marrage pour les fourmis moissonneuses_ Messor<\/a><\/p>\n\n\t\t<\/div>\n\t<\/div>\n\t\n\n<\/div>\n\n\t\t<\/div>\n\t\t\t\t\t<\/div>\n\n\t\n\n<\/div>","protected":false},"excerpt":{"rendered":"","protected":false},"author":1,"featured_media":0,"parent":0,"menu_order":0,"comment_status":"closed","ping_status":"closed","template":"","meta":{"_acf_changed":false,"content-type":"","_monsterinsights_skip_tracking":false,"_monsterinsights_sitenote_active":false,"_monsterinsights_sitenote_note":"","_monsterinsights_sitenote_category":0,"footnotes":""},"class_list":["post-616","page","type-page","status-publish","hentry"],"acf":[],"aioseo_notices":[],"jetpack_sharing_enabled":true,"_links":{"self":[{"href":"https:\/\/antcube.shop\/fi\/wp-json\/wp\/v2\/pages\/616","targetHints":{"allow":["GET"]}}],"collection":[{"href":"https:\/\/antcube.shop\/fi\/wp-json\/wp\/v2\/pages"}],"about":[{"href":"https:\/\/antcube.shop\/fi\/wp-json\/wp\/v2\/types\/page"}],"author":[{"embeddable":true,"href":"https:\/\/antcube.shop\/fi\/wp-json\/wp\/v2\/users\/1"}],"replies":[{"embeddable":true,"href":"https:\/\/antcube.shop\/fi\/wp-json\/wp\/v2\/comments?post=616"}],"version-history":[{"count":10,"href":"https:\/\/antcube.shop\/fi\/wp-json\/wp\/v2\/pages\/616\/revisions"}],"predecessor-version":[{"id":6886,"href":"https:\/\/antcube.shop\/fi\/wp-json\/wp\/v2\/pages\/616\/revisions\/6886"}],"wp:attachment":[{"href":"https:\/\/antcube.shop\/fi\/wp-json\/wp\/v2\/media?parent=616"}],"curies":[{"name":"wp","href":"https:\/\/api.w.org\/{rel}","templated":true}]}}