{"id":500,"date":"2021-07-21T10:22:03","date_gmt":"2021-07-21T08:22:03","guid":{"rendered":"https:\/\/antcube.shop\/?page_id=500"},"modified":"2024-12-03T12:41:56","modified_gmt":"2024-12-03T11:41:56","slug":"ehdot-ja-edellytykset","status":"publish","type":"page","link":"https:\/\/antcube.shop\/fi\/ehdot-ja-edellytykset\/","title":{"rendered":"Ehdot ja edellytykset"},"content":{"rendered":"<div id=\"gap-1061460381\" class=\"gap-element clearfix\" style=\"display:block; height:auto;\">\n\t\t\n<style>\n#gap-1061460381 {\n  padding-top: 196px;\n}\n@media (min-width:850px) {\n  #gap-1061460381 {\n    padding-top: 190px;\n  }\n}\n<\/style>\n\t<\/div>\n\t\n\n<div class=\"row\"  id=\"row-494002708\">\n\n\n\t<div id=\"col-2091182854\" class=\"col small-12 large-12\"  >\n\t\t\t\t<div class=\"col-inner\"  >\n\t\t\t\n\t\t\t\n\n<h1><b>Yleiset ehdot <\/b><\/h1>\n<p><b>osoitteessa <\/b><a href=\"http:\/\/www.antcube.shop\"><b>www.antcube.shop<\/b><\/a><span style=\"font-weight: 400;\"> ANTSTORE, Martin Sebesta, Selerweg 41, 12169 Berliini, j\u00e4ljemp\u00e4n\u00e4 \"myyj\u00e4\".<\/span><\/p>\n<h2><b>\u00a7 1 Soveltamisala, yleiset tiedot, m\u00e4\u00e4ritelm\u00e4t<\/b><\/h2>\n<p><span style=\"font-weight: 400;\">(1) N\u00e4it\u00e4 yleisi\u00e4 sopimusehtoja (GTC) sovelletaan kaikkiin verkkosivuston verkkokaupan kautta teht\u00e4viin tavaroiden ja palvelujen tilauksiin. <\/span><b>antcube.shop<\/b><span style=\"font-weight: 400;\">ANTSTORE, Martin Sebesta, Selerweg 41, 12169 Berliini. S\u00e4hk\u00f6posti: <\/span><a href=\"mailto:verkauf@antstore.de\"><span style=\"font-weight: 400;\">verkauf@antstore.de<\/span><\/a><span style=\"font-weight: 400;\"> \/ law@ants.de\u00a0<\/span><\/p>\n<p><span style=\"font-weight: 400;\">(2) Myyj\u00e4 tarjoaa erityisesti muurahaishoitotuotteita ja tarvikkeita verkkokaupassaan. Myyj\u00e4n ja asiakkaan v\u00e4liseen liikesuhteeseen sovelletaan yleisi\u00e4 sopimusehtoja tilaushetkell\u00e4 voimassa olevassa muodossa.<\/span><\/p>\n<p><span style=\"font-weight: 400;\">(3) N\u00e4iss\u00e4 yleisiss\u00e4 sopimusehdoissa tarkoitettu kuluttaja on luonnollinen henkil\u00f6, joka tekee oikeustoimen tarkoituksiin, jotka eiv\u00e4t kuulu p\u00e4\u00e4asiallisesti h\u00e4nen elinkeino-, liike- tai ammattitoimintaansa. Yritt\u00e4ji\u00e4 ovat luonnolliset henkil\u00f6t, oikeushenkil\u00f6t tai henkil\u00f6yhti\u00f6t, jotka oikeustoimen tehdess\u00e4\u00e4n toimivat kaupallista tai itsen\u00e4ist\u00e4 ammattitoimintaa harjoittaessaan.<\/span><\/p>\n<p><span style=\"font-weight: 400;\">(4) Yksitt\u00e4iset sopimukset ovat ensisijaisia n\u00e4ihin yleisiin sopimusehtoihin n\u00e4hden. Asiakkaan poikkeavat ehdot tunnustetaan vain, jos myyj\u00e4 on nimenomaisesti hyv\u00e4ksynyt ne.<\/span><\/p>\n<h2><b>\u00a7 2 Sopimuksen tekeminen<\/b><\/h2>\n<p><span style=\"font-weight: 400;\">(1) Jollei tuotteen sivulla toisin mainita, toimitusalue k\u00e4sitt\u00e4\u00e4 Euroopan unionin.<\/span><\/p>\n<p><span style=\"font-weight: 400;\">(2) Tavaroiden esitt\u00e4minen myyj\u00e4n verkkosivustolla on sitova tarjous. Tilatut tavarat voivat teknisten esitystapojen vuoksi poiketa hieman Internetiss\u00e4 esitetyist\u00e4 tavaroista kohtuullisissa rajoissa, erityisesti v\u00e4reiss\u00e4 voi esiinty\u00e4 poikkeamia, sik\u00e4li kuin se on kohtuullista.<\/span><\/p>\n<p><span style=\"font-weight: 400;\">(3) Rastittamalla sinisen laatikon \"<\/span><span style=\"font-weight: 400;\">Tilauksellasi ilmoitat, ett\u00e4 olet lukenut ja ymm\u00e4rt\u00e4nyt tarjouksemme.<\/span><b>&#8221; <\/b><span style=\"font-weight: 400;\">ja sitten <\/span><span style=\"font-weight: 400;\">klikkaamalla \"Osta nyt\" -painiketta tai ohjautumalla PayPaliin \"Pay with PayPal\" -painikkeen kautta ja suorittamalla maksuprosessin siell\u00e4, asiakas tekee sitovan ostotarjouksen ostoskorissa olevien tavaroiden ostamisesta ja hyv\u00e4ksyy n\u00e4iden yleisten sopimusehtojen voimassaolon.<\/span><\/p>\n<p><span style=\"font-weight: 400;\">(4) Myyj\u00e4 vahvistaa tilauksen vastaanottamisen s\u00e4hk\u00f6postitse (tilausvahvistus). T\u00e4m\u00e4 tilausvahvistus ei kuitenkaan merkitse tarjouksen hyv\u00e4ksymist\u00e4. Sopimus syntyy vasta, kun tilausvahvistus tai l\u00e4hetysvahvistus l\u00e4hetet\u00e4\u00e4n.<\/span><\/p>\n<p><span style=\"font-weight: 400;\">(5) Myyj\u00e4 pid\u00e4tt\u00e4\u00e4 oikeuden hyv\u00e4ksy\u00e4 tai hyl\u00e4t\u00e4 tilaukset viiden ty\u00f6p\u00e4iv\u00e4n kuluessa. Jos tilausta ei hyv\u00e4ksyt\u00e4, asiakkaalle ilmoitetaan asiasta s\u00e4hk\u00f6postitse.<\/span><\/p>\n<p><span style=\"font-weight: 400;\">(6) Jos tavaran toimituksessa ilmenee ennalta arvaamattomia ongelmia tai jos tavaraa ei ole saatavilla, mist\u00e4 myyj\u00e4 ei ole vastuussa, sek\u00e4 myyj\u00e4 ett\u00e4 asiakas voivat peruuttaa sopimuksen. Asiakkaalle ilmoitetaan asiasta v\u00e4litt\u00f6m\u00e4sti ja suoritetut maksut palautetaan viipym\u00e4tt\u00e4.<\/span><\/p>\n<p><span style=\"font-weight: 400;\">(7) Jos asiakas tilaa tavarat s\u00e4hk\u00f6isesti, myyj\u00e4 tallentaa sopimustekstin ja l\u00e4hett\u00e4\u00e4 sen asiakkaalle yhdess\u00e4 lainvoimaisten yleisten sopimusehtojen kanssa s\u00e4hk\u00f6postitse sopimuksen tekemisen j\u00e4lkeen.<\/span><\/p>\n<h2><b>\u00a7 3 Asiakastili<\/b><\/h2>\n<p><span style=\"font-weight: 400;\">(1) Verkkosivustomme kautta ostaminen on yleens\u00e4 mahdollista vain rekister\u00f6itym\u00e4ll\u00e4. Saattaa kuitenkin olla tarpeen luoda asiakastili tiettyjen toimintojen k\u00e4ytt\u00e4miseksi.<\/span><\/p>\n<p><span style=\"font-weight: 400;\">(2) Asiakastiliin ei ole oikeutta. Rekister\u00f6ity\u00e4 voivat ainoastaan t\u00e4ysi-ik\u00e4iset luonnolliset henkil\u00f6t, jotka k\u00e4ytt\u00e4v\u00e4t tili\u00e4 yksityisiin tarkoituksiin, tai yritt\u00e4j\u00e4t ja oikeustoimikelpoiset oikeushenkil\u00f6t tai henkil\u00f6yhti\u00f6t, jotka toimivat kaupallista tai itsen\u00e4ist\u00e4 ammattitoimintaansa harjoittaessaan oikeustoimia tehdess\u00e4\u00e4n. K\u00e4ytt\u00f6oikeustietoja on k\u00e4sitelt\u00e4v\u00e4 luottamuksellisesti, eik\u00e4 niit\u00e4 saa luovuttaa kolmansille osapuolille.<\/span><\/p>\n<p><span style=\"font-weight: 400;\">(3) Moninkertaiset rekister\u00f6innit eiv\u00e4t ole sallittuja. Asiakkaat voivat poistaa tilins\u00e4 milloin tahansa tilinhallinnan kautta.<\/span><\/p>\n<h2><b>\u00a7 4 Omistuksenpid\u00e4tys<\/b><\/h2>\n<p><span style=\"font-weight: 400;\">(1) Kuluttajien osalta myyj\u00e4 pid\u00e4tt\u00e4\u00e4 tavaran omistusoikeuden siihen asti, kunnes kauppahinta on kokonaan maksettu. Yritt\u00e4jien osalta t\u00e4m\u00e4 p\u00e4tee siihen asti, kunnes kaikki kulloisestakin liikesuhteesta johtuvat saatavat on maksettu.<\/span><\/p>\n<p><span style=\"font-weight: 400;\">(2) Jos asiakas rikkoo sopimusta, erityisesti jos asiakas on laiminly\u00f6nyt maksun suorittamisen, jos asiakas on antanut v\u00e4\u00e4ri\u00e4 tietoja luottokelpoisuudestaan tai jos maksukyvytt\u00f6myysmenettelyn aloittamista koskeva hakemus on j\u00e4tetty, myyj\u00e4ll\u00e4 on oikeus - tarvittaessa m\u00e4\u00e4r\u00e4ajan asettamisen j\u00e4lkeen - peruuttaa sopimus ja vaatia tavaran palauttamista, edellytt\u00e4en, ett\u00e4 asiakas ei ole viel\u00e4 maksanut vastiketta tai ei ole maksanut sit\u00e4 kokonaan.<\/span><\/p>\n<p><span style=\"font-weight: 400;\">(3) Yritt\u00e4j\u00e4ll\u00e4 on oikeus myyd\u00e4 tavarat edelleen tavanomaisessa liiketoiminnassa. H\u00e4n luovuttaa t\u00e4ten myyj\u00e4lle kaikki laskun m\u00e4\u00e4r\u00e4n suuruiset saatavat, jotka h\u00e4nelle syntyv\u00e4t j\u00e4lleenmyynnin seurauksena kolmannelta osapuolelta. Myyj\u00e4 hyv\u00e4ksyy luovutuksen. Luovutuksen j\u00e4lkeen yritt\u00e4j\u00e4 on oikeutettu perim\u00e4\u00e4n saatavan. Myyj\u00e4 pid\u00e4tt\u00e4\u00e4 itsell\u00e4\u00e4n oikeuden peri\u00e4 saatavan heti, kun yritt\u00e4j\u00e4 ei t\u00e4yt\u00e4 asianmukaisesti maksuvelvoitteitaan ja on maksuh\u00e4iri\u00f6inen.<\/span><\/p>\n<p><span style=\"font-weight: 400;\">(4) Myyj\u00e4 sitoutuu Asiakkaan pyynn\u00f6st\u00e4 vapauttamaan vakuudet, joihin sill\u00e4 on oikeus, silt\u00e4 osin kuin vakuuksien realisoitava arvo ylitt\u00e4\u00e4 vakuutena olevan saatavan yli 10%. Vapautettavien vakuuksien valinta kuuluu Myyj\u00e4lle.<\/span><\/p>\n<h2><b>\u00a7 5 Hinnat ja maksuehdot<\/b><\/h2>\n<p><span style=\"font-weight: 400;\">(1) Ilmoitetut hinnat ovat bruttohintoja, ne ovat sitovia ja sis\u00e4lt\u00e4v\u00e4t lakis\u00e4\u00e4teisen arvonlis\u00e4veron, ja niihin ei sis\u00e4llytet\u00e4 mit\u00e4\u00e4n <a href=\"https:\/\/antcube.shop\/en\/shipping-costs-delivery-restrictions\/\">toimituskulut<\/a> arvonlis\u00e4vero mukaan luettuna. Sovelletaan tilaushetkell\u00e4 ilmoitettua m\u00e4\u00e4r\u00e4\u00e4. Arvonlis\u00e4veron ja toimituskulut sis\u00e4lt\u00e4v\u00e4 hinta n\u00e4ytet\u00e4\u00e4n my\u00f6s tilauslomakkeessa ennen kuin asiakas l\u00e4hett\u00e4\u00e4 tilauksen. Toimituskulut l\u00f6ytyv\u00e4t my\u00f6s osoitteesta <\/span><a href=\"https:\/\/antcube.shop\/en\/shipping-costs-delivery-restrictions\/\"><b>toimituskulujen yleiskatsaus.<\/b><\/a><\/p>\n<p><span style=\"font-weight: 400;\">(2) Asiakas sitoutuu maksamaan kokonaishinnan 14 p\u00e4iv\u00e4n kuluessa tilausvahvistuksen vastaanottamisesta s\u00e4hk\u00f6postitse tai laskun vastaanottamisesta. T\u00e4m\u00e4n m\u00e4\u00e4r\u00e4ajan p\u00e4\u00e4tytty\u00e4 asiakas on maksuviiv\u00e4stynyt. Maksun laiminly\u00f6nnin aikana kuluttajan on maksettava velalle viiv\u00e4styskorkoa, jonka m\u00e4\u00e4r\u00e4 on 5 prosenttiyksikk\u00f6\u00e4 yli peruskoron. Yritt\u00e4j\u00e4n on maksettava viiv\u00e4styskauden aikana velalle korkoa, jonka m\u00e4\u00e4r\u00e4 on 9 prosenttiyksikk\u00f6\u00e4 peruskorkoa korkeampi. Maksuvaatimuksen laiminly\u00f6nnist\u00e4 yritt\u00e4j\u00e4 on lis\u00e4ksi velvollinen maksamaan 40 euron suuruisen kertakorvauksen. T\u00e4m\u00e4 koskee my\u00f6s sit\u00e4, jos yritt\u00e4j\u00e4 on er\u00e4\u00e4ntynyt ennakkomaksun tai muun er\u00e4maksun suorittamisen kanssa. Myyj\u00e4 pid\u00e4tt\u00e4\u00e4 itsell\u00e4\u00e4n oikeuden vaatia yritt\u00e4j\u00e4lt\u00e4 korkeampaa viiv\u00e4styskorvausta. Lauseen 5 mukainen kertakorvaus kuitataan maksettavaksi kuuluvasta vahingonkorvausvaatimuksesta silt\u00e4 osin kuin vahinko perustuu oikeudenk\u00e4yntikuluihin.<\/span><\/p>\n<p><span style=\"font-weight: 400;\">(3) Asiakkaalla on kuittausoikeus vain, jos h\u00e4nen vastasaatavansa on laillisesti vahvistettu, tunnustettu tai myyj\u00e4 ei ole kiist\u00e4nyt niit\u00e4. T\u00e4m\u00e4 ei vaikuta asiakkaan oikeuteen kuitata sopimus- ja muita saatavia, jotka johtuvat t\u00e4m\u00e4n sopimussuhteen aloittamisesta tai toteuttamisesta. Asiakas voi k\u00e4ytt\u00e4\u00e4 pid\u00e4tysoikeutta vain, jos h\u00e4nen vastasaatavansa perustuu samaan sopimussuhteeseen.<\/span><\/p>\n<p><span style=\"font-weight: 400;\">(4) Myyj\u00e4 ottaa mahdollisuuksiensa mukaan huomioon sopimuksen tekemisen j\u00e4lkeiset tilauksen muutokset, laajennukset ja rajoitukset. Myyj\u00e4 perii n\u00e4ist\u00e4 10,00 \u20ac:n k\u00e4sittelymaksun (sis. alv), ellei kyseess\u00e4 ole peruutus- tai takuuvaatimustapaus. Manuaalisesti k\u00e4sitelt\u00e4vist\u00e4 tilauksista, joita ei k\u00e4sitell\u00e4 verkkokaupan kautta, veloitamme 20,00 \u20ac:n k\u00e4sittelymaksun. T\u00e4m\u00e4 ei koske tilauksia, jotka sis\u00e4lt\u00e4v\u00e4t tavaroita, joita ei voi tilata verkkokaupan kautta, esim. r\u00e4\u00e4t\u00e4l\u00f6ityj\u00e4 tuotteita.<\/span><\/p>\n<p><span style=\"font-weight: 400;\">(5) Tilatuista el\u00e4imist\u00e4, jotka l\u00e4hetet\u00e4\u00e4n asiakkaan pyynn\u00f6st\u00e4 my\u00f6hemmin kuin sopimuksessa on sovittu, veloitetaan 2,00 \u20ac sis. alv per p\u00e4iv\u00e4 &amp; gyne (hoitoponnistus) tilausp\u00e4iv\u00e4st\u00e4 l\u00e4hetysp\u00e4iv\u00e4\u00e4n. Maksimissaan 30 p\u00e4iv\u00e4\u00e4 on mahdollista.<\/span><\/p>\n<h2><b>\u00a7 6 <a href=\"https:\/\/antcube.shop\/en\/payment-methods-and-conditions\/\">Maksutavat<\/a><\/b><\/h2>\n<p><span style=\"font-weight: 400;\">(1) Ostohinta voidaan maksaa etuk\u00e4teen pankkisiirrolla, luottokortilla tai PayPalilla. PayPalilla maksettaessa sovelletaan heid\u00e4n k\u00e4ytt\u00f6ehtojaan. Lis\u00e4tietoja on tietosuojaselosteessamme. <a href=\"https:\/\/antcube.shop\/en\/privacy-policy\/\">tietosuojak\u00e4yt\u00e4nt\u00f6<\/a>.<\/span><\/p>\n<h2><b>\u00a7 7 Toimitus- ja toimitusehdot<\/b><\/h2>\n<p><span style=\"font-weight: 400;\">(1) Toimitamme tuotteita ainoastaan Euroopan unionin j\u00e4senvaltioihin lukuun ottamatta Euroopan merentakaisia alueita tai eksklavia-alueita ja alueita, joilla on verotuksellinen itsehallinto (joita Euroopan unioni kutsuu \"syrj\u00e4isimmiksi alueiksi\"). Arvioitu toimitusaika Saksaan ja muihin maihin on ilmoitettu osoitteessa <\/span><a href=\"https:\/\/antcube.shop\/en\/shipping-costs-delivery-restrictions\/\"><b>toimituskulujen yleiskatsaus.<\/b><\/a><\/p>\n<p><span style=\"font-weight: 400;\">(2) Toimitusaika alkaa yhden p\u00e4iv\u00e4n kuluttua siit\u00e4, kun maksu on hyv\u00e4ksytty, kun kyseess\u00e4 on ennakkomaksu\/pankkisiirto tai PayPal. Muiden maksutapojen osalta m\u00e4\u00e4r\u00e4aika alkaa yhden p\u00e4iv\u00e4n kuluttua tilauksen tekemisest\u00e4.<\/span><\/p>\n<p><span style=\"font-weight: 400;\">(3) Jos m\u00e4\u00e4r\u00e4ajan alkaminen tai p\u00e4\u00e4ttyminen osuu lauantaille, sunnuntaille tai yleiseen vapaap\u00e4iv\u00e4\u00e4n, m\u00e4\u00e4r\u00e4ajan alkaminen tai p\u00e4\u00e4ttyminen siirret\u00e4\u00e4n seuraavaan ty\u00f6p\u00e4iv\u00e4\u00e4n.<\/span><\/p>\n<p><span style=\"font-weight: 400;\">(4) Myyj\u00e4ll\u00e4 on oikeus tehd\u00e4 osatoimituksia, jos se on asiakkaalle kohtuullista. T\u00e4st\u00e4 ei aiheudu asiakkaalle lis\u00e4kustannuksia.<\/span><\/p>\n<p><span style=\"font-weight: 400;\">(5) Jos asiakas p\u00e4\u00e4tt\u00e4\u00e4 noutaa tilauksensa myym\u00e4l\u00e4st\u00e4, h\u00e4nelle ilmoitetaan s\u00e4hk\u00f6postitse, ett\u00e4 tilaus on noudettavissa.<\/span><\/p>\n<h2><b>\u00a7 8 Riskin siirto<\/b><\/h2>\n<p><span style=\"font-weight: 400;\">(1) Kuluttajien osalta vaaranvastuu tavaran vahingossa tapahtuvasta katoamisesta ja vahingoittumisesta siirtyy asiakkaalle luovutuksen yhteydess\u00e4.<\/span><\/p>\n<p><span style=\"font-weight: 400;\">(2) Yritt\u00e4jien osalta riski siirtyy asiakkaalle, kun kuljetus luovutetaan kuljetusyritykselle.<\/span><\/p>\n<p><span style=\"font-weight: 400;\">(3) Jos asiakas laiminly\u00f6 vastaanottamisen, t\u00e4m\u00e4 rinnastetaan luovutukseen.<\/span><\/p>\n<h2><b>\u00a7 9 Takuu<\/b><\/h2>\n<p><span style=\"font-weight: 400;\">(1) Takuu m\u00e4\u00e4r\u00e4ytyy lakis\u00e4\u00e4teisten s\u00e4\u00e4nn\u00f6sten mukaan. Kuluttajien takuuaika on 2 vuotta tavaran toimituksesta. T\u00e4st\u00e4 poiketen yritt\u00e4jien takuuaika on 1 vuosi tavaran toimituksesta. K\u00e4ytetyn tavaran takuuaika on my\u00f6s 1 vuosi tavaran toimituksesta. Yhden vuoden takuuaikaa ei sovelleta, jos myyj\u00e4\u00e4 voidaan syytt\u00e4\u00e4 t\u00f6rke\u00e4st\u00e4 huolimattomuudesta, eik\u00e4 my\u00f6sk\u00e4\u00e4n myyj\u00e4st\u00e4 johtuvissa ruumiin- ja terveysvahingoissa eik\u00e4 asiakkaan hengenmenetyksiss\u00e4, takuun yhteydess\u00e4 eik\u00e4 BGB:n 478 ja 479 \u00a7:n mukaisessa toimitusregressiss\u00e4. T\u00e4m\u00e4 ei vaikuta myyj\u00e4n tuotevastuulain mukaiseen vastuuseen.<\/span><\/p>\n<p><span style=\"font-weight: 400;\">(2) Sen est\u00e4m\u00e4tt\u00e4, mit\u00e4 edell\u00e4 olevassa kohdassa s\u00e4\u00e4det\u00e4\u00e4n. 1 kohdan vastaisesti s\u00e4\u00e4nn\u00f6llist\u00e4 vanhentumisaikaa sovelletaan, jos myyj\u00e4 on vilpillisesti salannut virheen.<\/span><\/p>\n<p><span style=\"font-weight: 400;\">(3) Tilatut tavarat voivat poiketa hieman Internetiss\u00e4 esitetyist\u00e4 tavaroista kohtuullisissa rajoissa. Viitataan n\u00e4iden yleisten sopimusehtojen 2 \u00a7:n 2 momenttiin.<\/span><\/p>\n<p><span style=\"font-weight: 400;\">(4) Kuluttajat voivat valita korjauksen tai vaihdon. Myyj\u00e4 voi kielt\u00e4yty\u00e4 valitsemastaan j\u00e4lkitoimituksesta, jos se on mahdollista vain kohtuuttomilla kustannuksilla.<\/span><\/p>\n<p><span style=\"font-weight: 400;\">(5) Yritt\u00e4jien on ilmoitettava ilmeisist\u00e4 puutteista kahden viikon kuluessa tavaran vastaanottamisesta. Muussa tapauksessa takuuvaatimuksen esitt\u00e4minen on poissuljettu. M\u00e4\u00e4r\u00e4ajan noudattamiseksi riitt\u00e4\u00e4 oikea-aikainen l\u00e4hett\u00e4minen tai ilmoittaminen. Kauppiaisiin sovelletaan HGB:n 377 \u00a7:\u00e4\u00e4.<\/span><\/p>\n<p><span style=\"font-weight: 400;\">(6) Takuu ei kata v\u00e4\u00e4r\u00e4nlaisesta k\u00e4sittelyst\u00e4 aiheutuneita vahinkoja. Valmistajan takuut eiv\u00e4t vaikuta niihin.<\/span><\/p>\n<h2><b>\u00a7 10 Vastuun rajoitukset<\/b><\/h2>\n<p><span style=\"font-weight: 400;\">(1) Liev\u00e4n huolimattomuuden tapauksessa myyj\u00e4 vastaa vain ennakoitavissa olevasta, sopimukselle tyypillisest\u00e4 vahingosta. T\u00e4m\u00e4 rajoitus koskee my\u00f6s Myyj\u00e4n apulaisia.<\/span><\/p>\n<p><span style=\"font-weight: 400;\">(2) Vastuunrajoituksia ei sovelleta, jos kyseess\u00e4 on vilpillinen tarkoitus, olennaisten sopimusvelvoitteiden rikkominen tai hengen, ruumiin tai terveyden vahingoittaminen.<\/span><\/p>\n<p><span style=\"font-weight: 400;\">(3) Asiakas on velvollinen ryhtym\u00e4\u00e4n asianmukaisiin toimenpiteisiin vahinkojen ehk\u00e4isemiseksi ja minimoimiseksi.<\/span><\/p>\n<p><span style=\"font-weight: 400;\">(4) Myyj\u00e4 on vastuussa vain omasta sis\u00e4ll\u00f6st\u00e4\u00e4n verkkokauppansa verkkosivustolla. Silt\u00e4 osin kuin linkkien kautta p\u00e4\u00e4see muille verkkosivustoille, myyj\u00e4 ei vastaa niiden sis\u00e4lt\u00e4m\u00e4st\u00e4 kolmannen osapuolen sis\u00e4ll\u00f6st\u00e4. H\u00e4n ei ota kolmannen osapuolen sis\u00e4lt\u00f6\u00e4 omakseen. Jos myyj\u00e4 saa tietoonsa ulkopuolisten verkkosivustojen lainvastaista sis\u00e4lt\u00f6\u00e4, h\u00e4n est\u00e4\u00e4 v\u00e4litt\u00f6m\u00e4sti p\u00e4\u00e4syn n\u00e4ille sivuille.<\/span><\/p>\n<h2><b>\u00a7 11 Tietosuoja<\/b><\/h2>\n<p><span style=\"font-weight: 400;\">Tilausprosessin aikana ker\u00e4ttyj\u00e4 tietoja k\u00e4sitell\u00e4\u00e4n sopimuksen t\u00e4ytt\u00e4miseksi. Lis\u00e4tietoja, erityisesti tietojen siirt\u00e4misest\u00e4 kolmansille osapuolille, on saatavissa osoitteessa <a href=\"https:\/\/antcube.shop\/en\/privacy-policy\/\">tietosuojak\u00e4yt\u00e4nt\u00f6<\/a> verkkosivuillamme.<\/span><\/p>\n<h2><b>\u00a7 12 Loppum\u00e4\u00e4r\u00e4ykset ja riitojenratkaisu<\/b><\/h2>\n<p><span style=\"font-weight: 400;\">(1) Sovelletaan Saksan liittotasavallan lakia. Kuluttajien osalta t\u00e4t\u00e4 sovelletaan vain silt\u00e4 osin kuin my\u00f6nnetty\u00e4 suojaa ei rajoiteta sen maan pakottavilla s\u00e4\u00e4nn\u00f6ksill\u00e4, jossa kuluttajan asuinpaikka on. YK:n yleissopimusta kansainv\u00e4list\u00e4 tavaran kauppaa koskevista sopimuksista ei sovelleta. \u00a7 16 \u00a7:n kohta. TDSG:n 16 \u00a7:n 16 momentin 14 lauseen 2 kohdan 6 alakohta ei vaikuta t\u00e4h\u00e4n.<\/span><\/p>\n<p><span style=\"font-weight: 400;\">(2) Euroopan komissio tarjoaa verkkov\u00e4litteisen riidanratkaisufoorumin (OS), joka on k\u00e4ytett\u00e4viss\u00e4 osoitteessa https:\/\/ec.europa.eu\/consumers\/odr. S\u00e4hk\u00f6postiosoitteemme on: law@ants.de\u00a0<\/span><\/p>\n<p><a href=\"https:\/\/antcube.shop\/en\/shipping-costs-delivery-restrictions\/\"><b>Toimituskustannukset\/ toimitusehdot<\/b><\/a><\/p>\n<p><a href=\"https:\/\/antcube.shop\/en\/privacy-policy\/\"><b>Tietosuojak\u00e4yt\u00e4nt\u00f6<\/b><\/a><\/p>\n<p><a href=\"https:\/\/antcube.shop\/en\/payment-methods-and-conditions\/\"><b>Maksuvaihtoehdot<\/b><\/a><\/p>\n<p><a href=\"https:\/\/antcube.shop\/en\/refund-policy\/\"><b>Peruuttamisoikeus<\/b><\/a><\/p>\n\n\t\t<\/div>\n\t\t\t\t\t<\/div>\n\n\t\n\n<\/div>","protected":false},"excerpt":{"rendered":"","protected":false},"author":1,"featured_media":0,"parent":0,"menu_order":0,"comment_status":"closed","ping_status":"closed","template":"","meta":{"_acf_changed":false,"content-type":"","_monsterinsights_skip_tracking":false,"_monsterinsights_sitenote_active":false,"_monsterinsights_sitenote_note":"","_monsterinsights_sitenote_category":0,"footnotes":""},"class_list":["post-500","page","type-page","status-publish","hentry"],"acf":[],"aioseo_notices":[],"jetpack_sharing_enabled":true,"_links":{"self":[{"href":"https:\/\/antcube.shop\/fi\/wp-json\/wp\/v2\/pages\/500","targetHints":{"allow":["GET"]}}],"collection":[{"href":"https:\/\/antcube.shop\/fi\/wp-json\/wp\/v2\/pages"}],"about":[{"href":"https:\/\/antcube.shop\/fi\/wp-json\/wp\/v2\/types\/page"}],"author":[{"embeddable":true,"href":"https:\/\/antcube.shop\/fi\/wp-json\/wp\/v2\/users\/1"}],"replies":[{"embeddable":true,"href":"https:\/\/antcube.shop\/fi\/wp-json\/wp\/v2\/comments?post=500"}],"version-history":[{"count":10,"href":"https:\/\/antcube.shop\/fi\/wp-json\/wp\/v2\/pages\/500\/revisions"}],"predecessor-version":[{"id":10710,"href":"https:\/\/antcube.shop\/fi\/wp-json\/wp\/v2\/pages\/500\/revisions\/10710"}],"wp:attachment":[{"href":"https:\/\/antcube.shop\/fi\/wp-json\/wp\/v2\/media?parent=500"}],"curies":[{"name":"wp","href":"https:\/\/api.w.org\/{rel}","templated":true}]}}