{"id":2479,"date":"2021-09-30T10:43:05","date_gmt":"2021-09-30T08:43:05","guid":{"rendered":"https:\/\/antcube.shop\/?page_id=2479"},"modified":"2023-12-14T13:31:40","modified_gmt":"2023-12-14T12:31:40","slug":"askel-4","status":"publish","type":"page","link":"https:\/\/antcube.shop\/fi\/ant-finder\/valivaihe\/askel-4\/","title":{"rendered":"Vaihe 4"},"content":{"rendered":"<div id=\"gap-844296589\" class=\"gap-element clearfix\" style=\"display:block; height:auto;\">\n\t\t\n<style>\n#gap-844296589 {\n  padding-top: 200px;\n}\n@media (min-width:850px) {\n  #gap-844296589 {\n    padding-top: 175px;\n  }\n}\n<\/style>\n\t<\/div>\n\t\n\n<div class=\"row\"  id=\"row-351083003\">\n\n\n\t<div id=\"col-1275731777\" class=\"col small-12 large-12\"  >\n\t\t\t\t<div class=\"col-inner\"  >\n\t\t\t\n\t\t\t\n\n\t<div id=\"text-2275456331\" class=\"text\">\n\t\t\n\n<h3>Muurahaiset kokeneille muurahaishoitajille<\/h3>\n<p>Koska muurahaiset el\u00e4v\u00e4t hyvin erilaisissa elinymp\u00e4rist\u00f6iss\u00e4, joissa on hyvin erilaiset ilmasto-olosuhteet, sinun on varmistettava, ett\u00e4 voit varmistaa oikean l\u00e4mp\u00f6tilan ja kosteuden.<\/p>\n<p>Oikean ilmankosteuden yll\u00e4pit\u00e4miseksi sinun tarvitsee vain kostuttaa muurahaisfarmiasi esimerkiksi suihkepullolla. Oikean l\u00e4mp\u00f6tilan pit\u00e4minen on kuitenkin hieman monimutkaisempaa. Tarvitset joko l\u00e4mp\u00f6lampun, l\u00e4mp\u00f6mattoa tai -kaapelia tai l\u00e4mmit\u00e4t huoneen, jossa pid\u00e4t muurahaisia, oikeaan l\u00e4mp\u00f6tilaan.<\/p>\n<p>On kuitenkin monia lajeja, joita voit pit\u00e4\u00e4 huoneenl\u00e4mm\u00f6ss\u00e4. Vaikka l\u00e4mp\u00f6tila olisi 1-3 C\u00b0 suositeltua alhaisempi, se ei yleens\u00e4 ole ongelma.\u00a0<\/p>\n\t\t\n<style>\n#text-2275456331 {\n  text-align: center;\n}\n<\/style>\n\t<\/div>\n\t\n\n\t\t<\/div>\n\t\t\t\t\t<\/div>\n\n\t\n\n<\/div>\n\t<div id=\"text-4282953374\" class=\"text\">\n\t\t\n\n<p><strong>Kysymys: Etsitk\u00f6 muurahaislajia, jota voit pit\u00e4\u00e4 huoneenl\u00e4mm\u00f6ss\u00e4?<\/strong><\/p>\n\t\t\n<style>\n#text-4282953374 {\n  font-size: 1.8rem;\n  text-align: center;\n}\n<\/style>\n\t<\/div>\n\t\n<div class=\"row\"  id=\"row-300889005\">\n\n\n\t<div id=\"col-1444122710\" class=\"col medium-6 small-12 large-6\"  >\n\t\t\t\t<div class=\"col-inner\"  >\n\t\t\t\n\t\t\t\n\n<a href=\"https:\/\/antcube.shop\/ant-finder\/intermediate\/step-4\/step-7\/\" class=\"button secondary expand\" >\n\t\t<span>Kyll\u00e4, haluan pit\u00e4\u00e4 ne huoneenl\u00e4mm\u00f6ss\u00e4.<\/span>\n\t<\/a>\n\n\n\n\t\t<\/div>\n\t\t\t\t\t<\/div>\n\n\t\n\n\t<div id=\"col-1044450857\" class=\"col medium-6 small-12 large-6\"  >\n\t\t\t\t<div class=\"col-inner\"  >\n\t\t\t\n\t\t\t\n\n<a href=\"https:\/\/antcube.shop\/ant-finder\/intermediate\/step-4\/step-8\/\" class=\"button secondary expand\" >\n\t\t<span>Ei, annan tarvittavan l\u00e4mp\u00f6tilan<\/span>\n\t<\/a>\n\n\n\n\t\t<\/div>\n\t\t\t\t\t<\/div>\n\n\t\n\n<\/div>","protected":false},"excerpt":{"rendered":"","protected":false},"author":1,"featured_media":0,"parent":2468,"menu_order":0,"comment_status":"closed","ping_status":"closed","template":"","meta":{"_acf_changed":false,"content-type":"","_monsterinsights_skip_tracking":false,"_monsterinsights_sitenote_active":false,"_monsterinsights_sitenote_note":"","_monsterinsights_sitenote_category":0,"footnotes":""},"class_list":["post-2479","page","type-page","status-publish","hentry"],"acf":[],"aioseo_notices":[],"jetpack_sharing_enabled":true,"_links":{"self":[{"href":"https:\/\/antcube.shop\/fi\/wp-json\/wp\/v2\/pages\/2479","targetHints":{"allow":["GET"]}}],"collection":[{"href":"https:\/\/antcube.shop\/fi\/wp-json\/wp\/v2\/pages"}],"about":[{"href":"https:\/\/antcube.shop\/fi\/wp-json\/wp\/v2\/types\/page"}],"author":[{"embeddable":true,"href":"https:\/\/antcube.shop\/fi\/wp-json\/wp\/v2\/users\/1"}],"replies":[{"embeddable":true,"href":"https:\/\/antcube.shop\/fi\/wp-json\/wp\/v2\/comments?post=2479"}],"version-history":[{"count":10,"href":"https:\/\/antcube.shop\/fi\/wp-json\/wp\/v2\/pages\/2479\/revisions"}],"predecessor-version":[{"id":6793,"href":"https:\/\/antcube.shop\/fi\/wp-json\/wp\/v2\/pages\/2479\/revisions\/6793"}],"up":[{"embeddable":true,"href":"https:\/\/antcube.shop\/fi\/wp-json\/wp\/v2\/pages\/2468"}],"wp:attachment":[{"href":"https:\/\/antcube.shop\/fi\/wp-json\/wp\/v2\/media?parent=2479"}],"curies":[{"name":"wp","href":"https:\/\/api.w.org\/{rel}","templated":true}]}}