{"id":2468,"date":"2021-09-30T10:04:30","date_gmt":"2021-09-30T08:04:30","guid":{"rendered":"https:\/\/antcube.shop\/?page_id=2468"},"modified":"2023-12-15T12:50:52","modified_gmt":"2023-12-15T11:50:52","slug":"valivaihe","status":"publish","type":"page","link":"https:\/\/antcube.shop\/fi\/ant-finder\/valivaihe\/","title":{"rendered":"v\u00e4livaihe"},"content":{"rendered":"<div id=\"gap-1262738422\" class=\"gap-element clearfix\" style=\"display:block; height:auto;\">\n\t\t\n<style>\n#gap-1262738422 {\n  padding-top: 200px;\n}\n@media (min-width:850px) {\n  #gap-1262738422 {\n    padding-top: 175px;\n  }\n}\n<\/style>\n\t<\/div>\n\t\n\n<div class=\"row\"  id=\"row-505763809\">\n\n\n\t<div id=\"col-242541257\" class=\"col small-12 large-12\"  >\n\t\t\t\t<div class=\"col-inner\"  >\n\t\t\t\n\t\t\t\n\n\t<div id=\"text-1108322495\" class=\"text\">\n\t\t\n\n<h3>Muurahaiset kokeneille muurahaishoitajille<\/h3>\n<p>Monet kylmempien alueiden muurahaislajit joutuvat horrostamaan. T\u00e4m\u00e4 vaihtelee lajin alkuper\u00e4n mukaan. Luonnossa talvehtivien muurahaisten pit\u00e4isi tehd\u00e4 samoin kotonasi. Jos et anna el\u00e4imille niiden luonnollista taukoa, pes\u00e4kkeen kasvu voi hidastua tai kuningatar voi kuolla hyvin varhain.\u00a0<\/p>\n<p>Jotkut muurahaiset horrostavat vain kolme kuukautta, kun taas toiset tarvitsevat nelj\u00e4n tai viiden kuukauden talvehtimisjakson (yleens\u00e4 marraskuun ja maaliskuun v\u00e4lisen\u00e4 aikana). My\u00f6s l\u00e4mp\u00f6tila, jonka jotkut lajit tarvitsevat horrostamiseen, vaihtelee. Esimerkiksi Pohjois-Euroopan lajit tarvitsevat 5-8 \u00b0C:n l\u00e4mp\u00f6tilan, kun taas Etel\u00e4-Euroopan lajit tarvitsevat noin 15 \u00b0C:n l\u00e4mp\u00f6tilan. Pohjois-Euroopan lajit lopettavat toimintansa kokonaan horroksen aikana, kun taas etel\u00e4eurooppalaiset lajit ovat edelleen hieman aktiivisia.<\/p>\n\t\t\n<style>\n#text-1108322495 {\n  text-align: center;\n}\n<\/style>\n\t<\/div>\n\t\n\n\t\t<\/div>\n\t\t\t\t\t<\/div>\n\n\t\n\n<\/div>\n\t<div id=\"text-2151969508\" class=\"text\">\n\t\t\n\n<p><strong>Kysymys: Etsitk\u00f6 muurahaislajia, jolla on tai ei ole horrostilaa?<\/strong><\/p>\n\t\t\n<style>\n#text-2151969508 {\n  font-size: 1.8rem;\n  text-align: center;\n}\n<\/style>\n\t<\/div>\n\t\n<div class=\"row\" style=\"max-width:650px\" id=\"row-1021398732\">\n\n\n\t<div id=\"col-1050552562\" class=\"col medium-6 small-12 large-6\"  >\n\t\t\t\t<div class=\"col-inner\"  >\n\t\t\t\n\t\t\t\n\n<a href=\"https:\/\/antcube.shop\/ant-finder\/intermediate\/step-3\/\" class=\"button secondary expand\" >\n\t\t<span>Muurahaiset, jotka tarvitsevat horrosta<\/span>\n\t<\/a>\n\n\n\n\t\t<\/div>\n\t\t\t\t\t<\/div>\n\n\t\n\n\t<div id=\"col-1035801655\" class=\"col medium-6 small-12 large-6\"  >\n\t\t\t\t<div class=\"col-inner\"  >\n\t\t\t\n\t\t\t\n\n<a href=\"https:\/\/antcube.shop\/ant-finder\/intermediate\/step-4\/\" class=\"button secondary expand\" >\n\t\t<span>ei lepotilaa<\/span>\n\t<\/a>\n\n\n\n\t\t<\/div>\n\t\t\t\t\t<\/div>\n\n\t\n\n<\/div>","protected":false},"excerpt":{"rendered":"","protected":false},"author":1,"featured_media":0,"parent":721,"menu_order":0,"comment_status":"closed","ping_status":"closed","template":"","meta":{"_acf_changed":false,"content-type":"","_monsterinsights_skip_tracking":false,"_monsterinsights_sitenote_active":false,"_monsterinsights_sitenote_note":"","_monsterinsights_sitenote_category":0,"footnotes":""},"class_list":["post-2468","page","type-page","status-publish","hentry"],"acf":[],"aioseo_notices":[],"jetpack_sharing_enabled":true,"_links":{"self":[{"href":"https:\/\/antcube.shop\/fi\/wp-json\/wp\/v2\/pages\/2468","targetHints":{"allow":["GET"]}}],"collection":[{"href":"https:\/\/antcube.shop\/fi\/wp-json\/wp\/v2\/pages"}],"about":[{"href":"https:\/\/antcube.shop\/fi\/wp-json\/wp\/v2\/types\/page"}],"author":[{"embeddable":true,"href":"https:\/\/antcube.shop\/fi\/wp-json\/wp\/v2\/users\/1"}],"replies":[{"embeddable":true,"href":"https:\/\/antcube.shop\/fi\/wp-json\/wp\/v2\/comments?post=2468"}],"version-history":[{"count":10,"href":"https:\/\/antcube.shop\/fi\/wp-json\/wp\/v2\/pages\/2468\/revisions"}],"predecessor-version":[{"id":6870,"href":"https:\/\/antcube.shop\/fi\/wp-json\/wp\/v2\/pages\/2468\/revisions\/6870"}],"up":[{"embeddable":true,"href":"https:\/\/antcube.shop\/fi\/wp-json\/wp\/v2\/pages\/721"}],"wp:attachment":[{"href":"https:\/\/antcube.shop\/fi\/wp-json\/wp\/v2\/media?parent=2468"}],"curies":[{"name":"wp","href":"https:\/\/api.w.org\/{rel}","templated":true}]}}