{"id":1374,"date":"2021-09-10T13:53:14","date_gmt":"2021-09-10T11:53:14","guid":{"rendered":"https:\/\/antcube.shop\/?page_id=1374"},"modified":"2023-12-15T12:27:51","modified_gmt":"2023-12-15T11:27:51","slug":"elinymparisto-sademetsa","status":"publish","type":"page","link":"https:\/\/antcube.shop\/fi\/formicarium-finder\/pesatyyppi\/maaperan-pesa\/elinymparisto-sademetsa\/","title":{"rendered":"Elinymp\u00e4rist\u00f6 Sademets\u00e4"},"content":{"rendered":"<div id=\"gap-1293892285\" class=\"gap-element clearfix\" style=\"display:block; height:auto;\">\n\t\t\n<style>\n#gap-1293892285 {\n  padding-top: 192px;\n}\n@media (min-width:550px) {\n  #gap-1293892285 {\n    padding-top: 202px;\n  }\n}\n@media (min-width:850px) {\n  #gap-1293892285 {\n    padding-top: 170px;\n  }\n}\n<\/style>\n\t<\/div>\n\t\n\n\n  <div class=\"banner has-hover\" id=\"banner-1837871169\">\n          <div class=\"banner-inner fill\">\n        <div class=\"banner-bg fill\" >\n            <img data-recalc-dims=\"1\" loading=\"lazy\" decoding=\"async\" width=\"1020\" height=\"765\" src=\"https:\/\/i0.wp.com\/antcube.shop\/wp-content\/uploads\/2021\/09\/Starter-Set-Regenwald.jpg?resize=1020%2C765&#038;ssl=1\" class=\"bg attachment-original size-original\" alt=\"ANTCUBE Starter Set sademets\u00e4 elinymp\u00e4rist\u00f6 muurahaisille\" \/>                        <div class=\"overlay\"><\/div>            \n                    <\/div>\n\t\t\n        <div class=\"banner-layers container\">\n            <a class=\"fill\" href=\"https:\/\/antcube.shop\/produkt\/antcube-starter-set-m-20x20-regenwald\/\"><div class=\"fill banner-link\"><\/div><\/a>            \n\n   <div id=\"text-box-332980255\" class=\"text-box banner-layer x50 md-x50 lg-x50 y5 md-y5 lg-y5 res-text\">\n                                <div class=\"text-box-content text dark text-shadow-3\">\n              \n              <div class=\"text-inner text-center\">\n                  \n\n\t<div id=\"text-3602947411\" class=\"text\">\n\t\t\n\n<h3 class=\"uppercase\"><strong>Aloitussarja sademetsien ja trooppisten alueiden muurahaisille<\/strong><\/h3>\n\t\t\n<style>\n#text-3602947411 {\n  color: rgb(0,0,0);\n}\n#text-3602947411 > * {\n  color: rgb(0,0,0);\n}\n<\/style>\n\t<\/div>\n\t\n\n              <\/div>\n           <\/div>\n                            \n<style>\n#text-box-332980255 {\n  width: 60%;\n}\n#text-box-332980255 .text-box-content {\n  font-size: 100%;\n}\n<\/style>\n    <\/div>\n \n\n        <\/div>\n      <\/div>\n\n            \n<style>\n#banner-1837871169 {\n  padding-top: 50%;\n}\n#banner-1837871169 .overlay {\n  background-color: rgba(0, 0, 0, 0);\n}\n#banner-1837871169 .banner-bg img {\n  object-position: 49% 43%;\n}\n@media (min-width:550px) {\n  #banner-1837871169 {\n    padding-top: 50%;\n  }\n}\n@media (min-width:850px) {\n  #banner-1837871169 {\n    padding-top: 750px;\n  }\n}\n<\/style>\n  <\/div>\n\n\n\t<div id=\"gap-1189717722\" class=\"gap-element clearfix\" style=\"display:block; height:auto;\">\n\t\t\n<style>\n#gap-1189717722 {\n  padding-top: 50px;\n}\n<\/style>\n\t<\/div>\n\t\n\n<div class=\"row\"  id=\"row-1786856002\">\n\n\n\t<div id=\"col-1183478208\" class=\"col medium-6 small-12 large-6\"  >\n\t\t\t\t<div class=\"col-inner text-center\"  >\n\t\t\t\n\t\t\t\n\n\t<div id=\"text-1139785003\" class=\"text\">\n\t\t\n\n<h3>Aloitussetti Rainforest<\/h3>\n<p>T\u00e4m\u00e4 aloitussarja on kehitetty erityisesti sademetsien tai trooppisten elinymp\u00e4rist\u00f6jen muurahaisia varten. Sarjan sis\u00e4lt\u00e4m\u00e4 multa muurahaisfarmin ja areenan t\u00e4ytt\u00e4miseen on eritt\u00e4in hyvin hyv\u00e4ksytty n\u00e4iden elinymp\u00e4rist\u00f6jen lajeille. Mukana tulevat tulpat ja reikien sulkemiseen tarkoitetut verkkokorkit on mukautettu oikeiden ilmasto-olosuhteiden s\u00e4ilytt\u00e4miseksi.<\/p>\n<p>\u00a0<\/p>\n<p>Heti kun aloitussarja k\u00e4y liian pieneksi muurahaissiirtokunnalle, voit laajentaa sit\u00e4. Kaikki muurahaisfarmimme ja -areenamme voidaan liitt\u00e4\u00e4 t\u00e4h\u00e4n sarjaan. Jos tarvitset erilaista pes\u00e4materiaalia, voit my\u00f6s k\u00e4ytt\u00e4\u00e4 jotakin pes\u00e4n sis\u00e4kkeit\u00e4, esimerkiksi korkkia tai kipsi\u00e4.<\/p>\n\t\t\n<style>\n#text-1139785003 {\n  text-align: center;\n}\n<\/style>\n\t<\/div>\n\t\n\n\t\t<\/div>\n\t\t\t\t\t<\/div>\n\n\t\n\n\t<div id=\"col-1423846562\" class=\"col medium-6 small-12 large-6\"  >\n\t\t\t\t<div class=\"col-inner\"  >\n\t\t\t\n\t\t\t\n\n\t<div class=\"img has-hover x md-x lg-x y md-y lg-y\" id=\"image_602628010\">\n\t\t\t\t\t\t\t\t<div class=\"img-inner dark\" >\n\t\t\t<img data-recalc-dims=\"1\" loading=\"lazy\" decoding=\"async\" width=\"1020\" height=\"679\" src=\"https:\/\/i0.wp.com\/antcube.shop\/wp-content\/uploads\/2021\/08\/david-clode-abDPQtcEtUQ-unsplash-scaled.jpg?resize=1020%2C679&#038;ssl=1\" class=\"attachment-original size-original\" alt=\"\" srcset=\"https:\/\/i0.wp.com\/antcube.shop\/wp-content\/uploads\/2021\/08\/david-clode-abDPQtcEtUQ-unsplash-scaled.jpg?w=2560&amp;ssl=1 2560w, https:\/\/i0.wp.com\/antcube.shop\/wp-content\/uploads\/2021\/08\/david-clode-abDPQtcEtUQ-unsplash-scaled.jpg?resize=510%2C340&amp;ssl=1 510w, https:\/\/i0.wp.com\/antcube.shop\/wp-content\/uploads\/2021\/08\/david-clode-abDPQtcEtUQ-unsplash-scaled.jpg?resize=601%2C400&amp;ssl=1 601w, https:\/\/i0.wp.com\/antcube.shop\/wp-content\/uploads\/2021\/08\/david-clode-abDPQtcEtUQ-unsplash-scaled.jpg?resize=1201%2C800&amp;ssl=1 1201w, https:\/\/i0.wp.com\/antcube.shop\/wp-content\/uploads\/2021\/08\/david-clode-abDPQtcEtUQ-unsplash-scaled.jpg?resize=768%2C511&amp;ssl=1 768w, https:\/\/i0.wp.com\/antcube.shop\/wp-content\/uploads\/2021\/08\/david-clode-abDPQtcEtUQ-unsplash-scaled.jpg?resize=1536%2C1023&amp;ssl=1 1536w, https:\/\/i0.wp.com\/antcube.shop\/wp-content\/uploads\/2021\/08\/david-clode-abDPQtcEtUQ-unsplash-scaled.jpg?resize=2048%2C1364&amp;ssl=1 2048w\" sizes=\"auto, (max-width: 1020px) 100vw, 1020px\" \/>\t\t\t\t\t\t\n\t\t\t\t\t<\/div>\n\t\t\t\t\t\t\t\t\n<style>\n#image_602628010 {\n  width: 100%;\n}\n<\/style>\n\t<\/div>\n\t\n\n\n\t\t<\/div>\n\t\t\t\t\t<\/div>\n\n\t\n\n<\/div>\n<div class=\"row\"  id=\"row-1739513924\">\n\n\n\t<div id=\"col-749040518\" class=\"col small-12 large-12\"  >\n\t\t\t\t<div class=\"col-inner\"  >\n\t\t\t\n\t\t\t\n\n            <div class=\"row\"><div class=\"large-12 col\">\n          <div style=\"background-color:#FFF;\" class=\"slider flipContainer slider-nav-circle slide box-shadow-2\"\n            data-flickity-options='{              \"cellAlign\": \"center\",              \"wrapAround\": true,              \"percentPosition\": true,              \"imagesLoaded\": true,              \"pageDots\": true,              \"contain\": true          }'>\n                        <div class=\"slide\" style=\"background-color:#FFF;\">  <div class=\"row row-collapse align-middle flip-slide\" style=\"width:100%\">\n        <div class=\"large-6 col flip-page-one\">\n        <div class=\"featured-product col-inner\">\n          <a href=\"https:\/\/antcube.shop\/fi\/tuote\/antcube-starter-set-l-20x20-regenwald\/\">\n                <div class=\"product-image relative\">\n                   <div class=\"front-image\">\n                    <img loading=\"lazy\" decoding=\"async\" width=\"510\" height=\"510\" src=\"https:\/\/i0.wp.com\/antcube.shop\/wp-content\/uploads\/2023\/02\/Starter-Set-Regenwald.jpg?fit=510%2C510&amp;ssl=1\" class=\"attachment-woocommerce_single size-woocommerce_single wp-post-image\" alt=\"Aloitussetti Rainforest\" srcset=\"https:\/\/i0.wp.com\/antcube.shop\/wp-content\/uploads\/2023\/02\/Starter-Set-Regenwald.jpg?w=750&amp;ssl=1 750w, https:\/\/i0.wp.com\/antcube.shop\/wp-content\/uploads\/2023\/02\/Starter-Set-Regenwald.jpg?resize=400%2C400&amp;ssl=1 400w, https:\/\/i0.wp.com\/antcube.shop\/wp-content\/uploads\/2023\/02\/Starter-Set-Regenwald.jpg?resize=280%2C280&amp;ssl=1 280w, https:\/\/i0.wp.com\/antcube.shop\/wp-content\/uploads\/2023\/02\/Starter-Set-Regenwald.jpg?resize=12%2C12&amp;ssl=1 12w, https:\/\/i0.wp.com\/antcube.shop\/wp-content\/uploads\/2023\/02\/Starter-Set-Regenwald.jpg?resize=247%2C247&amp;ssl=1 247w, https:\/\/i0.wp.com\/antcube.shop\/wp-content\/uploads\/2023\/02\/Starter-Set-Regenwald.jpg?resize=510%2C510&amp;ssl=1 510w, https:\/\/i0.wp.com\/antcube.shop\/wp-content\/uploads\/2023\/02\/Starter-Set-Regenwald.jpg?resize=100%2C100&amp;ssl=1 100w\" sizes=\"auto, (max-width: 510px) 100vw, 510px\" \/>                  <\/div>\n                  \n<div class=\"badge-container absolute left top z-1\">\n\n<\/div>\n                <\/div>\n          <\/a>\n        <\/div>\n        <\/div>\n       <div class=\"large-6 col flip-page-two\">\n        <div class=\"product-info col-inner inner-padding\">\n              <h1 class=\"entry-title\"><a href=\"https:\/\/antcube.shop\/fi\/tuote\/antcube-starter-set-l-20x20-regenwald\/\">ANTCUBE Starter Set L - 20\u00d720 - Sademets\u00e4<\/a><\/h1>\n              <div class=\"is-divider medium\"><\/div>\n              <div class=\"price-wrapper\">\n\t<p class=\"price product-page-price\">\n  <span class=\"woocommerce-Price-amount amount\"><bdi>169,90&nbsp;<span class=\"woocommerce-Price-currencySymbol\">\u20ac<\/span><\/bdi><\/span><\/p>\n<\/div>\n<div class=\"product-short-description\">\n\t<p>The set consists of 31 parts and is suitable for all ant species living in the rainforest.<br \/>\nKoko: <span style=\"color: #0000ff;\"><strong>L<\/strong><\/span><\/p>\n<\/div>\n<div class=\"product_meta\">\n\n\t\n\n\t\n\t\t<span class=\"sku_wrapper\">Tuotetunnus (SKU): <span class=\"sku\">1005512<\/span><\/span>\n\n\t\n\t<span class=\"posted_in\">Osastot: <a href=\"https:\/\/antcube.shop\/fi\/tuote-osasto\/kaynnistyssarjat\/\" rel=\"tag\">Aloitussarjat<\/a>, <a href=\"https:\/\/antcube.shop\/fi\/tuote-osasto\/kaynnistyssarjat\/aloitussarjat-elinymparisto\/\" rel=\"tag\">Aloitussarjat Habitat<\/a><\/span>\n\t\n\t\n<\/div>\n              <a href=\"https:\/\/antcube.shop\/fi\/tuote\/antcube-starter-set-l-20x20-regenwald\/\" class=\"button\">Lue lis\u00e4\u00e4<\/a>\n         <\/div>\n        <\/div>\n<\/div>\n<\/div>\n                        <div class=\"slide\" style=\"background-color:#FFF;\">  <div class=\"row row-collapse align-middle flip-slide\" style=\"width:100%\">\n        <div class=\"large-6 col flip-page-one\">\n        <div class=\"featured-product col-inner\">\n          <a href=\"https:\/\/antcube.shop\/fi\/tuote\/antcube-kaynnistyssetti-m-20x20-regenwald\/\">\n                <div class=\"product-image relative\">\n                   <div class=\"front-image\">\n                    <img loading=\"lazy\" decoding=\"async\" width=\"510\" height=\"510\" src=\"https:\/\/i0.wp.com\/antcube.shop\/wp-content\/uploads\/2023\/02\/Starter-Set-Regenwald.jpg?fit=510%2C510&amp;ssl=1\" class=\"attachment-woocommerce_single size-woocommerce_single wp-post-image\" alt=\"Aloitussetti Rainforest\" srcset=\"https:\/\/i0.wp.com\/antcube.shop\/wp-content\/uploads\/2023\/02\/Starter-Set-Regenwald.jpg?w=750&amp;ssl=1 750w, https:\/\/i0.wp.com\/antcube.shop\/wp-content\/uploads\/2023\/02\/Starter-Set-Regenwald.jpg?resize=400%2C400&amp;ssl=1 400w, https:\/\/i0.wp.com\/antcube.shop\/wp-content\/uploads\/2023\/02\/Starter-Set-Regenwald.jpg?resize=280%2C280&amp;ssl=1 280w, https:\/\/i0.wp.com\/antcube.shop\/wp-content\/uploads\/2023\/02\/Starter-Set-Regenwald.jpg?resize=12%2C12&amp;ssl=1 12w, https:\/\/i0.wp.com\/antcube.shop\/wp-content\/uploads\/2023\/02\/Starter-Set-Regenwald.jpg?resize=247%2C247&amp;ssl=1 247w, https:\/\/i0.wp.com\/antcube.shop\/wp-content\/uploads\/2023\/02\/Starter-Set-Regenwald.jpg?resize=510%2C510&amp;ssl=1 510w, https:\/\/i0.wp.com\/antcube.shop\/wp-content\/uploads\/2023\/02\/Starter-Set-Regenwald.jpg?resize=100%2C100&amp;ssl=1 100w\" sizes=\"auto, (max-width: 510px) 100vw, 510px\" \/>                  <\/div>\n                  \n<div class=\"badge-container absolute left top z-1\">\n\n<\/div>\n                <\/div>\n          <\/a>\n        <\/div>\n        <\/div>\n       <div class=\"large-6 col flip-page-two\">\n        <div class=\"product-info col-inner inner-padding\">\n              <h1 class=\"entry-title\"><a href=\"https:\/\/antcube.shop\/fi\/tuote\/antcube-kaynnistyssetti-m-20x20-regenwald\/\">ANTCUBE Starter Set M - 20\u00d720 - Sademets\u00e4<\/a><\/h1>\n              <div class=\"is-divider medium\"><\/div>\n              <div class=\"price-wrapper\">\n\t<p class=\"price product-page-price\">\n  <span class=\"woocommerce-Price-amount amount\"><bdi>169,90&nbsp;<span class=\"woocommerce-Price-currencySymbol\">\u20ac<\/span><\/bdi><\/span><\/p>\n<\/div>\n<div class=\"product-short-description\">\n\t<p>The set consists of 26 parts and is suitable for all ant species living in the rainforest.<br \/>\nKoko: <span style=\"color: #00a859;\"><strong>M<\/strong><\/span><\/p>\n<\/div>\n<div class=\"product_meta\">\n\n\t\n\n\t\n\t\t<span class=\"sku_wrapper\">Tuotetunnus (SKU): <span class=\"sku\">1005511<\/span><\/span>\n\n\t\n\t<span class=\"posted_in\">Osastot: <a href=\"https:\/\/antcube.shop\/fi\/tuote-osasto\/kaynnistyssarjat\/\" rel=\"tag\">Aloitussarjat<\/a>, <a href=\"https:\/\/antcube.shop\/fi\/tuote-osasto\/kaynnistyssarjat\/aloitussarjat-elinymparisto\/\" rel=\"tag\">Aloitussarjat Habitat<\/a><\/span>\n\t\n\t\n<\/div>\n              <a href=\"https:\/\/antcube.shop\/fi\/tuote\/antcube-kaynnistyssetti-m-20x20-regenwald\/\" class=\"button\">Lue lis\u00e4\u00e4<\/a>\n         <\/div>\n        <\/div>\n<\/div>\n<\/div>\n                    <\/div>\n          <\/div><\/div>\n          \n\n\n\t\t<\/div>\n\t\t\t\t\t<\/div>\n\n\t\n\n<\/div>","protected":false},"excerpt":{"rendered":"","protected":false},"author":1,"featured_media":0,"parent":1331,"menu_order":0,"comment_status":"closed","ping_status":"closed","template":"","meta":{"_acf_changed":false,"content-type":"","_monsterinsights_skip_tracking":false,"_monsterinsights_sitenote_active":false,"_monsterinsights_sitenote_note":"","_monsterinsights_sitenote_category":0,"footnotes":""},"class_list":["post-1374","page","type-page","status-publish","hentry"],"acf":[],"aioseo_notices":[],"jetpack_sharing_enabled":true,"_links":{"self":[{"href":"https:\/\/antcube.shop\/fi\/wp-json\/wp\/v2\/pages\/1374","targetHints":{"allow":["GET"]}}],"collection":[{"href":"https:\/\/antcube.shop\/fi\/wp-json\/wp\/v2\/pages"}],"about":[{"href":"https:\/\/antcube.shop\/fi\/wp-json\/wp\/v2\/types\/page"}],"author":[{"embeddable":true,"href":"https:\/\/antcube.shop\/fi\/wp-json\/wp\/v2\/users\/1"}],"replies":[{"embeddable":true,"href":"https:\/\/antcube.shop\/fi\/wp-json\/wp\/v2\/comments?post=1374"}],"version-history":[{"count":10,"href":"https:\/\/antcube.shop\/fi\/wp-json\/wp\/v2\/pages\/1374\/revisions"}],"predecessor-version":[{"id":6854,"href":"https:\/\/antcube.shop\/fi\/wp-json\/wp\/v2\/pages\/1374\/revisions\/6854"}],"up":[{"embeddable":true,"href":"https:\/\/antcube.shop\/fi\/wp-json\/wp\/v2\/pages\/1331"}],"wp:attachment":[{"href":"https:\/\/antcube.shop\/fi\/wp-json\/wp\/v2\/media?parent=1374"}],"curies":[{"name":"wp","href":"https:\/\/api.w.org\/{rel}","templated":true}]}}