{"id":1331,"date":"2021-09-10T10:39:13","date_gmt":"2021-09-10T08:39:13","guid":{"rendered":"https:\/\/antcube.shop\/?page_id=1331"},"modified":"2023-12-15T12:23:13","modified_gmt":"2023-12-15T11:23:13","slug":"maaperan-pesa","status":"publish","type":"page","link":"https:\/\/antcube.shop\/fi\/formicarium-finder\/pesatyyppi\/maaperan-pesa\/","title":{"rendered":"Maaper\u00e4n pes\u00e4"},"content":{"rendered":"<div id=\"gap-284198143\" class=\"gap-element clearfix\" style=\"display:block; height:auto;\">\n\t\t\n<style>\n#gap-284198143 {\n  padding-top: 197px;\n}\n@media (min-width:550px) {\n  #gap-284198143 {\n    padding-top: 200px;\n  }\n}\n@media (min-width:850px) {\n  #gap-284198143 {\n    padding-top: 171px;\n  }\n}\n<\/style>\n\t<\/div>\n\t\n\n<div class=\"row\"  id=\"row-1372732730\">\n\n\n\t<div id=\"col-645562275\" class=\"col small-12 large-12\"  >\n\t\t\t\t<div class=\"col-inner\"  >\n\t\t\t\n\t\t\t\n\n\t<div id=\"text-3633421677\" class=\"text\">\n\t\t\n\n<p><strong>Kysymys: <\/strong><strong>Mist\u00e4 haluamasi muurahaislaji on kotoisin tai mit\u00e4 elinymp\u00e4rist\u00f6\u00e4 se suosii?<\/strong><\/p>\n\t\t\n<style>\n#text-3633421677 {\n  font-size: 1.45rem;\n  text-align: center;\n}\n@media (min-width:550px) {\n  #text-3633421677 {\n    font-size: 1.95rem;\n  }\n}\n<\/style>\n\t<\/div>\n\t\n\t<div id=\"text-2878904903\" class=\"text\">\n\t\t\n\n<p style=\"text-align: center;\"><strong>T\u00e4ss\u00e4 \"Formicarium Finder\" -ohjelman vaiheessa sinun on p\u00e4\u00e4tett\u00e4v\u00e4, mist\u00e4 elinymp\u00e4rist\u00f6st\u00e4 tai luonnonymp\u00e4rist\u00f6st\u00e4 muurahaislajisi on per\u00e4isin. <\/strong>Jos et ole varma, tarkista haluamasi muurahaislajin tuotekuvaus. L\u00f6yd\u00e4t tiedot sielt\u00e4.<\/p>\n\t\t\n<style>\n#text-2878904903 {\n  text-align: center;\n}\n<\/style>\n\t<\/div>\n\t\n\n\t\t<\/div>\n\t\t\t\t\t<\/div>\n\n\t\n\n<\/div>\n<div class=\"row\"  id=\"row-38118594\">\n\n\n\t<div id=\"col-880016383\" class=\"col medium-3 small-6 large-3\"  >\n\t\t\t\t<div class=\"col-inner\"  >\n\t\t\t\n\t\t\t\n\n\n  <div class=\"banner has-hover\" id=\"banner-1719952516\">\n          <div class=\"banner-inner fill\">\n        <div class=\"banner-bg fill\" >\n            <img loading=\"lazy\" decoding=\"async\" width=\"906\" height=\"600\" src=\"https:\/\/i0.wp.com\/antcube.shop\/wp-content\/uploads\/2021\/08\/walter-sturn-HOCCH6oPVmw-unsplash-scaled.jpg?fit=906%2C600&amp;ssl=1\" class=\"bg attachment-large size-large\" alt=\"\" \/>                        <div class=\"overlay\"><\/div>            \n                    <\/div>\n\t\t\n        <div class=\"banner-layers container\">\n            <a class=\"fill\" href=\"https:\/\/antcube.shop\/formicarium-finder\/nest-type\/soil-nest\/habitat-meadow\/\"><div class=\"fill banner-link\"><\/div><\/a>            \n\n   <div id=\"text-box-691824459\" class=\"text-box banner-layer x50 md-x50 lg-x50 y5 md-y5 lg-y20 res-text\">\n                                <div class=\"text-box-content text dark text-shadow-5\">\n              \n              <div class=\"text-inner text-center\">\n                  \n\n\t<div id=\"text-1672310901\" class=\"text\">\n\t\t\n\n<h3 class=\"uppercase\"><strong>Niitty<\/strong><\/h3>\n\t\t\n<style>\n#text-1672310901 {\n  font-size: 0.75rem;\n}\n@media (min-width:550px) {\n  #text-1672310901 {\n    font-size: 0.75rem;\n  }\n}\n@media (min-width:850px) {\n  #text-1672310901 {\n    font-size: 1.1rem;\n  }\n}\n<\/style>\n\t<\/div>\n\t\n\n              <\/div>\n           <\/div>\n                            \n<style>\n#text-box-691824459 {\n  width: 100%;\n}\n#text-box-691824459 .text-box-content {\n  font-size: 100%;\n}\n@media (min-width:550px) {\n  #text-box-691824459 {\n    width: 100%;\n  }\n}\n@media (min-width:850px) {\n  #text-box-691824459 {\n    width: 60%;\n  }\n}\n<\/style>\n    <\/div>\n \n\n        <\/div>\n      <\/div>\n\n            \n<style>\n#banner-1719952516 {\n  padding-top: 99.99%;\n}\n#banner-1719952516 .overlay {\n  background-color: rgba(0, 0, 0, 0);\n}\n<\/style>\n  <\/div>\n\n\n\n\t\t<\/div>\n\t\t\t\t\t<\/div>\n\n\t\n\n\t<div id=\"col-460188202\" class=\"col medium-3 small-6 large-3\"  >\n\t\t\t\t<div class=\"col-inner\"  >\n\t\t\t\n\t\t\t\n\n\n  <div class=\"banner has-hover\" id=\"banner-932436459\">\n          <div class=\"banner-inner fill\">\n        <div class=\"banner-bg fill\" >\n            <img loading=\"lazy\" decoding=\"async\" width=\"401\" height=\"600\" src=\"https:\/\/i0.wp.com\/antcube.shop\/wp-content\/uploads\/2021\/08\/daniel-sessler-78kaMQmUUq4-unsplash-scaled.jpg?fit=401%2C600&amp;ssl=1\" class=\"bg attachment-large size-large\" alt=\"\" \/>                        <div class=\"overlay\"><\/div>            \n                    <\/div>\n\t\t\n        <div class=\"banner-layers container\">\n            <a class=\"fill\" href=\"https:\/\/antcube.shop\/formicarium-finder\/nest-type\/soil-nest\/habitat-forest\/\"><div class=\"fill banner-link\"><\/div><\/a>            \n\n   <div id=\"text-box-1169598356\" class=\"text-box banner-layer x50 md-x50 lg-x50 y5 md-y5 lg-y20 res-text\">\n                                <div class=\"text-box-content text dark text-shadow-5\">\n              \n              <div class=\"text-inner text-center\">\n                  \n\n\t<div id=\"text-1842399678\" class=\"text\">\n\t\t\n\n<h3 class=\"uppercase\"><strong>Forest<\/strong><\/h3>\n\t\t\n<style>\n#text-1842399678 {\n  font-size: 0.75rem;\n}\n@media (min-width:550px) {\n  #text-1842399678 {\n    font-size: 0.75rem;\n  }\n}\n@media (min-width:850px) {\n  #text-1842399678 {\n    font-size: 1.1rem;\n  }\n}\n<\/style>\n\t<\/div>\n\t\n\n              <\/div>\n           <\/div>\n                            \n<style>\n#text-box-1169598356 {\n  width: 100%;\n}\n#text-box-1169598356 .text-box-content {\n  font-size: 100%;\n}\n@media (min-width:550px) {\n  #text-box-1169598356 {\n    width: 100%;\n  }\n}\n@media (min-width:850px) {\n  #text-box-1169598356 {\n    width: 60%;\n  }\n}\n<\/style>\n    <\/div>\n \n\n        <\/div>\n      <\/div>\n\n            \n<style>\n#banner-932436459 {\n  padding-top: 99.99%;\n}\n#banner-932436459 .overlay {\n  background-color: rgba(0, 0, 0, 0);\n}\n#banner-932436459 .banner-bg img {\n  object-position: 25% 69%;\n}\n<\/style>\n  <\/div>\n\n\n\n\t\t<\/div>\n\t\t\t\t\t<\/div>\n\n\t\n\n\t<div id=\"col-7025940\" class=\"col medium-3 small-6 large-3\"  >\n\t\t\t\t<div class=\"col-inner\"  >\n\t\t\t\n\t\t\t\n\n\n  <div class=\"banner has-hover\" id=\"banner-266873221\">\n          <div class=\"banner-inner fill\">\n        <div class=\"banner-bg fill\" >\n            <img loading=\"lazy\" decoding=\"async\" width=\"400\" height=\"600\" src=\"https:\/\/i0.wp.com\/antcube.shop\/wp-content\/uploads\/2021\/08\/huper-by-joshua-earle-mErSbLOqSJk-unsplash-scaled.jpg?fit=400%2C600&amp;ssl=1\" class=\"bg attachment-large size-large\" alt=\"\" \/>                        <div class=\"overlay\"><\/div>            \n                    <\/div>\n\t\t\n        <div class=\"banner-layers container\">\n            <a class=\"fill\" href=\"https:\/\/antcube.shop\/formicarium-finder\/nest-type\/soil-nest\/habitat-desert\/\"><div class=\"fill banner-link\"><\/div><\/a>            \n\n   <div id=\"text-box-1680611926\" class=\"text-box banner-layer x0 md-x50 lg-x50 y0 md-y5 lg-y10 res-text\">\n                                <div class=\"text-box-content text dark text-shadow-5\">\n              \n              <div class=\"text-inner text-center\">\n                  \n\n\t<div id=\"text-1309362612\" class=\"text\">\n\t\t\n\n<h3 class=\"uppercase\"><strong>Aavikot tai arokset<\/strong><\/h3>\n\t\t\n<style>\n#text-1309362612 {\n  font-size: 0.75rem;\n  text-align: center;\n}\n@media (min-width:550px) {\n  #text-1309362612 {\n    font-size: 0.75rem;\n  }\n}\n@media (min-width:850px) {\n  #text-1309362612 {\n    font-size: 1.1rem;\n  }\n}\n<\/style>\n\t<\/div>\n\t\n\n              <\/div>\n           <\/div>\n                            \n<style>\n#text-box-1680611926 {\n  width: 100%;\n}\n#text-box-1680611926 .text-box-content {\n  font-size: 100%;\n}\n@media (min-width:550px) {\n  #text-box-1680611926 {\n    width: 100%;\n  }\n}\n@media (min-width:850px) {\n  #text-box-1680611926 {\n    width: 60%;\n  }\n}\n<\/style>\n    <\/div>\n \n\n        <\/div>\n      <\/div>\n\n            \n<style>\n#banner-266873221 {\n  padding-top: 99.99%;\n}\n#banner-266873221 .overlay {\n  background-color: rgba(0, 0, 0, 0);\n}\n#banner-266873221 .banner-bg img {\n  object-position: 51% 61%;\n}\n<\/style>\n  <\/div>\n\n\n\n\t\t<\/div>\n\t\t\t\t\t<\/div>\n\n\t\n\n\t<div id=\"col-1007504115\" class=\"col medium-3 small-6 large-3\"  >\n\t\t\t\t<div class=\"col-inner\"  >\n\t\t\t\n\t\t\t\n\n\n  <div class=\"banner has-hover\" id=\"banner-1226450172\">\n          <div class=\"banner-inner fill\">\n        <div class=\"banner-bg fill\" >\n            <img loading=\"lazy\" decoding=\"async\" width=\"402\" height=\"600\" src=\"https:\/\/i0.wp.com\/antcube.shop\/wp-content\/uploads\/2021\/08\/david-clode-SF4Gj1xvqk0-unsplash-scaled.jpg?fit=402%2C600&amp;ssl=1\" class=\"bg attachment-large size-large\" alt=\"\" \/>                        <div class=\"overlay\"><\/div>            \n                    <\/div>\n\t\t\n        <div class=\"banner-layers container\">\n            <a class=\"fill\" href=\"https:\/\/antcube.shop\/formicarium-finder\/nest-type\/soil-nest\/habitat-rainforest\/\"><div class=\"fill banner-link\"><\/div><\/a>            \n\n   <div id=\"text-box-1610026534\" class=\"text-box banner-layer x0 md-x0 lg-x50 y5 md-y5 lg-y20 res-text\">\n                                <div class=\"text-box-content text dark text-shadow-5\">\n              \n              <div class=\"text-inner text-center\">\n                  \n\n\t<div id=\"text-1291813275\" class=\"text\">\n\t\t\n\n<h3 class=\"uppercase\"><strong>Sademets\u00e4<\/strong><\/h3>\n\t\t\n<style>\n#text-1291813275 {\n  font-size: 0.75rem;\n  text-align: center;\n}\n@media (min-width:550px) {\n  #text-1291813275 {\n    font-size: 0.75rem;\n  }\n}\n@media (min-width:850px) {\n  #text-1291813275 {\n    font-size: 1.1rem;\n  }\n}\n<\/style>\n\t<\/div>\n\t\n\n              <\/div>\n           <\/div>\n                            \n<style>\n#text-box-1610026534 {\n  width: 100%;\n}\n#text-box-1610026534 .text-box-content {\n  font-size: 100%;\n}\n@media (min-width:550px) {\n  #text-box-1610026534 {\n    width: 100%;\n  }\n}\n@media (min-width:850px) {\n  #text-box-1610026534 {\n    width: 82%;\n  }\n}\n<\/style>\n    <\/div>\n \n\n        <\/div>\n      <\/div>\n\n            \n<style>\n#banner-1226450172 {\n  padding-top: 99.99%;\n}\n#banner-1226450172 .overlay {\n  background-color: rgba(0, 0, 0, 0);\n}\n#banner-1226450172 .banner-bg img {\n  object-position: 65% 69%;\n}\n<\/style>\n  <\/div>\n\n\n\n\t\t<\/div>\n\t\t\t\t\t<\/div>\n\n\t\n\n<\/div>\n\t<div id=\"gap-873741084\" class=\"gap-element clearfix\" style=\"display:block; height:auto;\">\n\t\t\n<style>\n#gap-873741084 {\n  padding-top: 50px;\n}\n<\/style>\n\t<\/div>","protected":false},"excerpt":{"rendered":"","protected":false},"author":1,"featured_media":0,"parent":1264,"menu_order":0,"comment_status":"closed","ping_status":"closed","template":"","meta":{"_acf_changed":false,"content-type":"","_monsterinsights_skip_tracking":false,"_monsterinsights_sitenote_active":false,"_monsterinsights_sitenote_note":"","_monsterinsights_sitenote_category":0,"footnotes":""},"class_list":["post-1331","page","type-page","status-publish","hentry"],"acf":[],"aioseo_notices":[],"jetpack_sharing_enabled":true,"_links":{"self":[{"href":"https:\/\/antcube.shop\/fi\/wp-json\/wp\/v2\/pages\/1331","targetHints":{"allow":["GET"]}}],"collection":[{"href":"https:\/\/antcube.shop\/fi\/wp-json\/wp\/v2\/pages"}],"about":[{"href":"https:\/\/antcube.shop\/fi\/wp-json\/wp\/v2\/types\/page"}],"author":[{"embeddable":true,"href":"https:\/\/antcube.shop\/fi\/wp-json\/wp\/v2\/users\/1"}],"replies":[{"embeddable":true,"href":"https:\/\/antcube.shop\/fi\/wp-json\/wp\/v2\/comments?post=1331"}],"version-history":[{"count":10,"href":"https:\/\/antcube.shop\/fi\/wp-json\/wp\/v2\/pages\/1331\/revisions"}],"predecessor-version":[{"id":6850,"href":"https:\/\/antcube.shop\/fi\/wp-json\/wp\/v2\/pages\/1331\/revisions\/6850"}],"up":[{"embeddable":true,"href":"https:\/\/antcube.shop\/fi\/wp-json\/wp\/v2\/pages\/1264"}],"wp:attachment":[{"href":"https:\/\/antcube.shop\/fi\/wp-json\/wp\/v2\/media?parent=1331"}],"curies":[{"name":"wp","href":"https:\/\/api.w.org\/{rel}","templated":true}]}}