{"id":1258,"date":"2021-09-09T14:21:38","date_gmt":"2021-09-09T12:21:38","guid":{"rendered":"https:\/\/antcube.shop\/?page_id=1258"},"modified":"2023-12-14T14:17:28","modified_gmt":"2023-12-14T13:17:28","slug":"leafcutter-formicarium","status":"publish","type":"page","link":"https:\/\/antcube.shop\/fi\/formicarium-finder\/leafcutter-formicarium\/","title":{"rendered":"Lehtileikkuri Formicarium"},"content":{"rendered":"<div id=\"gap-1717815628\" class=\"gap-element clearfix\" style=\"display:block; height:auto;\">\n\t\t\n<style>\n#gap-1717815628 {\n  padding-top: 200px;\n}\n@media (min-width:550px) {\n  #gap-1717815628 {\n    padding-top: 201px;\n  }\n}\n@media (min-width:850px) {\n  #gap-1717815628 {\n    padding-top: 75px;\n  }\n}\n<\/style>\n\t<\/div>\n\t\n\n\n  <div class=\"banner has-hover\" id=\"banner-1017505846\">\n          <div class=\"banner-inner fill\">\n        <div class=\"banner-bg fill\" >\n            <img data-recalc-dims=\"1\" loading=\"lazy\" decoding=\"async\" width=\"1020\" height=\"680\" src=\"https:\/\/i0.wp.com\/antcube.shop\/wp-content\/uploads\/2021\/09\/Blattschneider-Sets-Gros-Klein-scaled.jpg?resize=1020%2C680&#038;ssl=1\" class=\"bg attachment-original size-original\" alt=\"ANTCUBE Leafcutter-sarjat pieni ja suuri vertailu\" \/>                        <div class=\"overlay\"><\/div>            \n                    <\/div>\n\t\t\n        <div class=\"banner-layers container\">\n            <a class=\"fill\" href=\"https:\/\/antcube.shop\/de\/produkt\/antcube-starter-set-fur-blattschneiderarten-gros\/\"><div class=\"fill banner-link\"><\/div><\/a>            \n\n   <div id=\"text-box-809541768\" class=\"text-box banner-layer x90 md-x90 lg-x85 y0 md-y5 lg-y15 res-text\">\n                                <div class=\"text-box-content text dark\">\n              \n              <div class=\"text-inner text-center\">\n                  \n\n\t<div id=\"text-1067384150\" class=\"text\">\n\t\t\n\n<h3 class=\"uppercase\"><strong>LeafCutter-muurahaisten aloitussarjat<\/strong><\/h3>\n<p>&nbsp;<\/p>\n\t\t\n<style>\n#text-1067384150 {\n  text-align: center;\n  color: rgb(0,0,0);\n}\n#text-1067384150 > * {\n  color: rgb(0,0,0);\n}\n<\/style>\n\t<\/div>\n\t\n\n              <\/div>\n           <\/div>\n                            \n<style>\n#text-box-809541768 {\n  width: 60%;\n}\n#text-box-809541768 .text-box-content {\n  font-size: 100%;\n}\n<\/style>\n    <\/div>\n \n\n        <\/div>\n      <\/div>\n\n            \n<style>\n#banner-1017505846 {\n  padding-top: 50%;\n}\n#banner-1017505846 .overlay {\n  background-color: rgba(0, 0, 0, 0);\n}\n@media (min-width:850px) {\n  #banner-1017505846 {\n    padding-top: 900px;\n  }\n}\n<\/style>\n  <\/div>\n\n\n<div class=\"row\"  id=\"row-317220614\">\n\n\n\t<div id=\"col-292159761\" class=\"col medium-6 small-12 large-6\"  >\n\t\t\t\t<div class=\"col-inner\"  >\n\t\t\t\n\t\t\t\n\n<h3>Aloitussarjat lehtimuurahaisia varten<\/h3>\n<p>Lehtimuurahaisten pit\u00e4miseen on aina k\u00e4ytett\u00e4v\u00e4 formicariumia, jossa on v\u00e4hint\u00e4\u00e4n kolme erillist\u00e4 kammiota. Luonnossa lehtimuurahaispesiss\u00e4 voi olla satoja pieni\u00e4 kammioita, ja kun pid\u00e4t t\u00e4t\u00e4 muurahaislajia, sinun on aina pyritt\u00e4v\u00e4 j\u00e4ljittelem\u00e4\u00e4n niiden luonnollista elintapaa.<\/p>\n<p><strong>Ensimm\u00e4inen kammio<\/strong> k\u00e4ytet\u00e4\u00e4n elintarvikkeisiin. T\u00e4\u00e4lt\u00e4 muurahaiset voivat leikata ja ker\u00e4t\u00e4 tuoreita lehti\u00e4 ja vett\u00e4. Se j\u00e4ljittelee muurahaispes\u00e4n ulkomaailmaa.<\/p>\n<p><strong>Toinen kammio<\/strong> on pes\u00e4kammio. Siell\u00e4 muurahaiset voivat kasvattaa sieni\u00e4\u00e4n ja huolehtia kuningattarestaan ja poikasistaan.<\/p>\n<p><strong>Kolmas kammio<\/strong> muurahaiset k\u00e4ytt\u00e4v\u00e4t sit\u00e4 j\u00e4tteidens\u00e4 h\u00e4vitt\u00e4miseen. T\u00e4m\u00e4 on v\u00e4ltt\u00e4m\u00e4t\u00f6nt\u00e4, jotta siirtokunta pysyy terveen\u00e4.<\/p>\n<p>\u00a0<\/p>\n<p>Toinen hy\u00f6dyllinen n\u00e4k\u00f6kohta, kun lehtimuurahaisia pidet\u00e4\u00e4n kolmikammioj\u00e4rjestelm\u00e4ss\u00e4, on se, ett\u00e4 se auttaa s\u00e4\u00e4telem\u00e4\u00e4n tarvittavia ilmastoarvoja. Jotta pes\u00e4kammion sieni voisi kasvaa, se tarvitsee tietyn m\u00e4\u00e4r\u00e4n jatkuvaa ilmanvaihtoa. Koska se tarvitsee my\u00f6s korkeaa ilmankosteutta, t\u00e4m\u00e4 olisi vaikeaa yhdess\u00e4 formikartiossa tai vain kahdessa kammiossa, koska joko ilmankosteus katoaa tai ilmanvaihto ei riit\u00e4. Kuten 3 kammion j\u00e4rjestelm\u00e4ss\u00e4mme, ilmanvaihto voi tulla j\u00e4te- ja ravintokammiosta ja kulkea sienikammion putkien kautta. T\u00e4ll\u00e4 tavoin kosteus voi pysy\u00e4 melko korkeana ja ilmanvaihto on kuitenkin mahdollista.\u00a0<\/p>\n<p>\u00a0<\/p>\n\n\t\t<\/div>\n\t\t\t\t\t<\/div>\n\n\t\n\n\t<div id=\"col-1820637607\" class=\"col medium-6 small-12 large-6\"  >\n\t\t\t\t<div class=\"col-inner\"  >\n\t\t\t\n\t\t\t\n\n\t<div id=\"text-530903125\" class=\"text\">\n\t\t\n\n<p><strong>Elintarvikekammio - Sieni-\/pes\u00e4kammio - J\u00e4tekammio<\/strong><\/p>\n\n\t\t\n<style>\n#text-530903125 {\n  font-size: 0.75rem;\n}\n@media (min-width:850px) {\n  #text-530903125 {\n    font-size: 1.15rem;\n  }\n}\n<\/style>\n\t<\/div>\n\t\n\t<div class=\"img has-hover x md-x lg-x y md-y lg-y\" id=\"image_1175049047\">\n\t\t\t\t\t\t\t\t<div class=\"img-inner image-cover dark\" style=\"padding-top:50%;\">\n\t\t\t<img data-recalc-dims=\"1\" loading=\"lazy\" decoding=\"async\" width=\"1020\" height=\"573\" src=\"https:\/\/i0.wp.com\/antcube.shop\/wp-content\/uploads\/2021\/09\/Blattschneider-Grafik-scaled.jpg?resize=1020%2C573&#038;ssl=1\" class=\"attachment-original size-original\" alt=\"Lehtimuurahaisten kolmen kammion j\u00e4rjestelm\u00e4 selitetty\" srcset=\"https:\/\/i0.wp.com\/antcube.shop\/wp-content\/uploads\/2021\/09\/Blattschneider-Grafik-scaled.jpg?w=2560&amp;ssl=1 2560w, https:\/\/i0.wp.com\/antcube.shop\/wp-content\/uploads\/2021\/09\/Blattschneider-Grafik-scaled.jpg?resize=510%2C286&amp;ssl=1 510w, https:\/\/i0.wp.com\/antcube.shop\/wp-content\/uploads\/2021\/09\/Blattschneider-Grafik-scaled.jpg?resize=713%2C400&amp;ssl=1 713w, https:\/\/i0.wp.com\/antcube.shop\/wp-content\/uploads\/2021\/09\/Blattschneider-Grafik-scaled.jpg?resize=1400%2C786&amp;ssl=1 1400w, https:\/\/i0.wp.com\/antcube.shop\/wp-content\/uploads\/2021\/09\/Blattschneider-Grafik-scaled.jpg?resize=768%2C431&amp;ssl=1 768w, https:\/\/i0.wp.com\/antcube.shop\/wp-content\/uploads\/2021\/09\/Blattschneider-Grafik-scaled.jpg?resize=1536%2C862&amp;ssl=1 1536w, https:\/\/i0.wp.com\/antcube.shop\/wp-content\/uploads\/2021\/09\/Blattschneider-Grafik-scaled.jpg?resize=2048%2C1150&amp;ssl=1 2048w\" sizes=\"auto, (max-width: 1020px) 100vw, 1020px\" \/>\t\t\t\t\t\t\n\t\t\t\t\t<\/div>\n\t\t\t\t\t\t\t\t\n<style>\n#image_1175049047 {\n  width: 100%;\n}\n<\/style>\n\t<\/div>\n\t\n\n\n  <div class=\"banner has-hover bg-zoom-long\" id=\"banner-1349545915\">\n          <div class=\"banner-inner fill\">\n        <div class=\"banner-bg fill\" >\n            <img data-recalc-dims=\"1\" loading=\"lazy\" decoding=\"async\" width=\"720\" height=\"720\" src=\"https:\/\/i0.wp.com\/antcube.shop\/wp-content\/uploads\/2021\/07\/Starter-Set-fur-Blattschneiderarten.jpg?resize=720%2C720&#038;ssl=1\" class=\"bg attachment-original size-original\" alt=\"Starter Set for Leafcutter muurahaisia sienikammio\" \/>                                    \n                    <\/div>\n\t\t\n        <div class=\"banner-layers container\">\n            <div class=\"fill banner-link\"><\/div>            \n\n   <div id=\"text-box-2140761031\" class=\"text-box banner-layer x50 md-x50 lg-x50 y50 md-y50 lg-y50 res-text\">\n                                <div class=\"text-box-content text dark\">\n              \n              <div class=\"text-inner text-center\">\n                  \n\n\n              <\/div>\n           <\/div>\n                            \n<style>\n#text-box-2140761031 {\n  width: 60%;\n}\n#text-box-2140761031 .text-box-content {\n  font-size: 100%;\n}\n@media (min-width:550px) {\n  #text-box-2140761031 {\n    width: 60%;\n  }\n}\n<\/style>\n    <\/div>\n \n\n        <\/div>\n      <\/div>\n\n            \n<style>\n#banner-1349545915 {\n  padding-top: 94.14%;\n}\n#banner-1349545915 .banner-bg img {\n  object-position: 51% 87%;\n}\n@media (min-width:550px) {\n  #banner-1349545915 {\n    padding-top: 96.14%;\n  }\n}\n@media (min-width:850px) {\n  #banner-1349545915 {\n    padding-top: 539px;\n  }\n}\n<\/style>\n  <\/div>\n\n\n\t<div id=\"text-810501567\" class=\"text\">\n\t\t\n\n<p>Lehtimuurahaissieni (Leucoagaricus gongylophorus)<\/p>\n\t\t\n<style>\n#text-810501567 {\n  text-align: center;\n}\n<\/style>\n\t<\/div>\n\t\n\n\t\t<\/div>\n\t\t\t\t\t<\/div>\n\n\t\n\n<\/div>\n\t<div id=\"gap-716732297\" class=\"gap-element clearfix\" style=\"display:block; height:auto;\">\n\t\t\n<style>\n#gap-716732297 {\n  padding-top: 30px;\n}\n<\/style>\n\t<\/div>\n\t\n\n<div class=\"row align-center\"  id=\"row-322287254\">\n\n\n\t<div id=\"col-1098949176\" class=\"col small-12 large-12\"  >\n\t\t\t\t<div class=\"col-inner\"  >\n\t\t\t\n\t\t\t\n\n            <div class=\"row\"><div class=\"large-12 col\">\n          <div style=\"background-color:#FFF;\" class=\"slider flipContainer slider-nav-circle slide box-shadow-2\"\n            data-flickity-options='{              \"cellAlign\": \"center\",              \"wrapAround\": true,              \"percentPosition\": true,              \"imagesLoaded\": true,              \"pageDots\": true,              \"contain\": true          }'>\n                        <div class=\"slide\" style=\"background-color:#FFF;\">  <div class=\"row row-collapse align-middle flip-slide\" style=\"width:100%\">\n        <div class=\"large-6 col flip-page-one\">\n        <div class=\"featured-product col-inner\">\n          <a href=\"https:\/\/antcube.shop\/fi\/tuote\/antcube-starter-set-fur-blattschneiderarten-gros\/\">\n                <div class=\"product-image relative\">\n                   <div class=\"front-image\">\n                    <img loading=\"lazy\" decoding=\"async\" width=\"510\" height=\"340\" src=\"https:\/\/i0.wp.com\/antcube.shop\/wp-content\/uploads\/2024\/04\/SET_-gros-scaled.jpg?fit=510%2C340&amp;ssl=1\" class=\"attachment-woocommerce_single size-woocommerce_single wp-post-image\" alt=\"\" srcset=\"https:\/\/i0.wp.com\/antcube.shop\/wp-content\/uploads\/2024\/04\/SET_-gros-scaled.jpg?w=2560&amp;ssl=1 2560w, https:\/\/i0.wp.com\/antcube.shop\/wp-content\/uploads\/2024\/04\/SET_-gros-scaled.jpg?resize=600%2C400&amp;ssl=1 600w, https:\/\/i0.wp.com\/antcube.shop\/wp-content\/uploads\/2024\/04\/SET_-gros-scaled.jpg?resize=1200%2C800&amp;ssl=1 1200w, https:\/\/i0.wp.com\/antcube.shop\/wp-content\/uploads\/2024\/04\/SET_-gros-scaled.jpg?resize=768%2C512&amp;ssl=1 768w, https:\/\/i0.wp.com\/antcube.shop\/wp-content\/uploads\/2024\/04\/SET_-gros-scaled.jpg?resize=1536%2C1024&amp;ssl=1 1536w, https:\/\/i0.wp.com\/antcube.shop\/wp-content\/uploads\/2024\/04\/SET_-gros-scaled.jpg?resize=2048%2C1365&amp;ssl=1 2048w, https:\/\/i0.wp.com\/antcube.shop\/wp-content\/uploads\/2024\/04\/SET_-gros-scaled.jpg?resize=18%2C12&amp;ssl=1 18w, https:\/\/i0.wp.com\/antcube.shop\/wp-content\/uploads\/2024\/04\/SET_-gros-scaled.jpg?resize=510%2C340&amp;ssl=1 510w\" sizes=\"auto, (max-width: 510px) 100vw, 510px\" \/>                  <\/div>\n                  \n<div class=\"badge-container absolute left top z-1\">\n\n<\/div>\n                <\/div>\n          <\/a>\n        <\/div>\n        <\/div>\n       <div class=\"large-6 col flip-page-two\">\n        <div class=\"product-info col-inner inner-padding\">\n              <h1 class=\"entry-title\"><a href=\"https:\/\/antcube.shop\/fi\/tuote\/antcube-starter-set-fur-blattschneiderarten-gros\/\">ANTCUBE - Aloitussarja lehtileikkurimuurahaisille - Suuri<\/a><\/h1>\n              <div class=\"is-divider medium\"><\/div>\n              <div class=\"price-wrapper\">\n\t<p class=\"price product-page-price\">\n  <span class=\"woocommerce-Price-amount amount\"><bdi>699,90&nbsp;<span class=\"woocommerce-Price-currencySymbol\">\u20ac<\/span><\/bdi><\/span><\/p>\n<\/div>\n<div class=\"product-short-description\">\n\t<p>The set consists of 47 parts and is suitable for all leaf cutter ant species.<br \/>\nKoko: <span style=\"color: #ed1c24;\"><strong>XL<\/strong><\/span><\/p>\n<\/div>\n<div class=\"product_meta\">\n\n\t\n\n\t\n\t\t<span class=\"sku_wrapper\">Tuotetunnus (SKU): <span class=\"sku\">1005397<\/span><\/span>\n\n\t\n\t<span class=\"posted_in\">Osastot: <a href=\"https:\/\/antcube.shop\/fi\/tuote-osasto\/kaynnistyssarjat\/\" rel=\"tag\">Aloitussarjat<\/a>, <a href=\"https:\/\/antcube.shop\/fi\/tuote-osasto\/kaynnistyssarjat\/aloitussarjat-muurahaiset\/\" rel=\"tag\">Lehtimuurahaisten aloitussarjat<\/a><\/span>\n\t\n\t <span class=\"posted_in\">Tuotemerkki: <a href=\"https:\/\/antcube.shop\/fi\/tuotemerkki\/antcube\/\" rel=\"tag\">ANTCUBE<\/a><\/span>\n<\/div>\n              <a href=\"https:\/\/antcube.shop\/fi\/tuote\/antcube-starter-set-fur-blattschneiderarten-gros\/\" class=\"button\">Lue lis\u00e4\u00e4<\/a>\n         <\/div>\n        <\/div>\n<\/div>\n<\/div>\n                        <div class=\"slide\" style=\"background-color:#FFF;\">  <div class=\"row row-collapse align-middle flip-slide\" style=\"width:100%\">\n        <div class=\"large-6 col flip-page-one\">\n        <div class=\"featured-product col-inner\">\n          <a href=\"https:\/\/antcube.shop\/fi\/tuote\/antcube-starter-set-fur-blattschneiderarten-klein\/\">\n                <div class=\"product-image relative\">\n                   <div class=\"front-image\">\n                    <img loading=\"lazy\" decoding=\"async\" width=\"510\" height=\"510\" src=\"https:\/\/i0.wp.com\/antcube.shop\/wp-content\/uploads\/2024\/04\/Set-klein_Antstore.jpg?fit=510%2C510&amp;ssl=1\" class=\"attachment-woocommerce_single size-woocommerce_single wp-post-image\" alt=\"\" srcset=\"https:\/\/i0.wp.com\/antcube.shop\/wp-content\/uploads\/2024\/04\/Set-klein_Antstore.jpg?w=2160&amp;ssl=1 2160w, https:\/\/i0.wp.com\/antcube.shop\/wp-content\/uploads\/2024\/04\/Set-klein_Antstore.jpg?resize=400%2C400&amp;ssl=1 400w, https:\/\/i0.wp.com\/antcube.shop\/wp-content\/uploads\/2024\/04\/Set-klein_Antstore.jpg?resize=800%2C800&amp;ssl=1 800w, https:\/\/i0.wp.com\/antcube.shop\/wp-content\/uploads\/2024\/04\/Set-klein_Antstore.jpg?resize=280%2C280&amp;ssl=1 280w, https:\/\/i0.wp.com\/antcube.shop\/wp-content\/uploads\/2024\/04\/Set-klein_Antstore.jpg?resize=768%2C768&amp;ssl=1 768w, https:\/\/i0.wp.com\/antcube.shop\/wp-content\/uploads\/2024\/04\/Set-klein_Antstore.jpg?resize=1536%2C1536&amp;ssl=1 1536w, https:\/\/i0.wp.com\/antcube.shop\/wp-content\/uploads\/2024\/04\/Set-klein_Antstore.jpg?resize=2048%2C2048&amp;ssl=1 2048w, https:\/\/i0.wp.com\/antcube.shop\/wp-content\/uploads\/2024\/04\/Set-klein_Antstore.jpg?resize=12%2C12&amp;ssl=1 12w, https:\/\/i0.wp.com\/antcube.shop\/wp-content\/uploads\/2024\/04\/Set-klein_Antstore.jpg?resize=247%2C247&amp;ssl=1 247w, https:\/\/i0.wp.com\/antcube.shop\/wp-content\/uploads\/2024\/04\/Set-klein_Antstore.jpg?resize=510%2C510&amp;ssl=1 510w, https:\/\/i0.wp.com\/antcube.shop\/wp-content\/uploads\/2024\/04\/Set-klein_Antstore.jpg?resize=100%2C100&amp;ssl=1 100w\" sizes=\"auto, (max-width: 510px) 100vw, 510px\" \/>                  <\/div>\n                  \n<div class=\"badge-container absolute left top z-1\">\n\n<\/div>\n                <\/div>\n          <\/a>\n        <\/div>\n        <\/div>\n       <div class=\"large-6 col flip-page-two\">\n        <div class=\"product-info col-inner inner-padding\">\n              <h1 class=\"entry-title\"><a href=\"https:\/\/antcube.shop\/fi\/tuote\/antcube-starter-set-fur-blattschneiderarten-klein\/\">ANTCUBE - Aloitussarja lehtileikkurimuurahaisia varten - pieni<\/a><\/h1>\n              <div class=\"is-divider medium\"><\/div>\n              <div class=\"price-wrapper\">\n\t<p class=\"price product-page-price\">\n  <span class=\"woocommerce-Price-amount amount\"><bdi>399,90&nbsp;<span class=\"woocommerce-Price-currencySymbol\">\u20ac<\/span><\/bdi><\/span><\/p>\n<\/div>\n<div class=\"product-short-description\">\n\t<p>Sarja koostuu 43 osasta<br \/>\nKoko: <span style=\"color: #ed1c24;\"><strong>XL<\/strong><\/span><\/p>\n<\/div>\n<div class=\"product_meta\">\n\n\t\n\n\t\n\t\t<span class=\"sku_wrapper\">Tuotetunnus (SKU): <span class=\"sku\">1003646<\/span><\/span>\n\n\t\n\t<span class=\"posted_in\">Osastot: <a href=\"https:\/\/antcube.shop\/fi\/tuote-osasto\/kaynnistyssarjat\/\" rel=\"tag\">Aloitussarjat<\/a>, <a href=\"https:\/\/antcube.shop\/fi\/tuote-osasto\/kaynnistyssarjat\/aloitussarjat-muurahaiset\/\" rel=\"tag\">Lehtimuurahaisten aloitussarjat<\/a><\/span>\n\t\n\t\n<\/div>\n              <a href=\"https:\/\/antcube.shop\/fi\/tuote\/antcube-starter-set-fur-blattschneiderarten-klein\/\" class=\"button\">Lue lis\u00e4\u00e4<\/a>\n         <\/div>\n        <\/div>\n<\/div>\n<\/div>\n                    <\/div>\n          <\/div><\/div>\n          \n\n\n\t\t<\/div>\n\t\t\t\t\t<\/div>\n\n\t\n\n<\/div>","protected":false},"excerpt":{"rendered":"","protected":false},"author":1,"featured_media":0,"parent":727,"menu_order":0,"comment_status":"closed","ping_status":"closed","template":"","meta":{"_acf_changed":false,"content-type":"","_monsterinsights_skip_tracking":false,"_monsterinsights_sitenote_active":false,"_monsterinsights_sitenote_note":"","_monsterinsights_sitenote_category":0,"footnotes":""},"class_list":["post-1258","page","type-page","status-publish","hentry"],"acf":[],"aioseo_notices":[],"jetpack_sharing_enabled":true,"_links":{"self":[{"href":"https:\/\/antcube.shop\/fi\/wp-json\/wp\/v2\/pages\/1258","targetHints":{"allow":["GET"]}}],"collection":[{"href":"https:\/\/antcube.shop\/fi\/wp-json\/wp\/v2\/pages"}],"about":[{"href":"https:\/\/antcube.shop\/fi\/wp-json\/wp\/v2\/types\/page"}],"author":[{"embeddable":true,"href":"https:\/\/antcube.shop\/fi\/wp-json\/wp\/v2\/users\/1"}],"replies":[{"embeddable":true,"href":"https:\/\/antcube.shop\/fi\/wp-json\/wp\/v2\/comments?post=1258"}],"version-history":[{"count":10,"href":"https:\/\/antcube.shop\/fi\/wp-json\/wp\/v2\/pages\/1258\/revisions"}],"predecessor-version":[{"id":6814,"href":"https:\/\/antcube.shop\/fi\/wp-json\/wp\/v2\/pages\/1258\/revisions\/6814"}],"up":[{"embeddable":true,"href":"https:\/\/antcube.shop\/fi\/wp-json\/wp\/v2\/pages\/727"}],"wp:attachment":[{"href":"https:\/\/antcube.shop\/fi\/wp-json\/wp\/v2\/media?parent=1258"}],"curies":[{"name":"wp","href":"https:\/\/api.w.org\/{rel}","templated":true}]}}