{"id":1135,"date":"2021-09-08T09:48:21","date_gmt":"2021-09-08T07:48:21","guid":{"rendered":"https:\/\/antcube.shop\/?page_id=1135"},"modified":"2024-10-24T14:32:46","modified_gmt":"2024-10-24T12:32:46","slug":"kestavyys","status":"publish","type":"page","link":"https:\/\/antcube.shop\/fi\/meista\/kestavyys\/","title":{"rendered":"Kest\u00e4v\u00e4 kehitys"},"content":{"rendered":"<div id=\"gap-1568071385\" class=\"gap-element clearfix\" style=\"display:block; height:auto;\">\n\t\t\n<style>\n#gap-1568071385 {\n  padding-top: 181px;\n}\n@media (min-width:850px) {\n  #gap-1568071385 {\n    padding-top: 75px;\n  }\n}\n<\/style>\n\t<\/div>\n\t\n\n\n  <div class=\"banner has-hover\" id=\"banner-1306170143\">\n          <div class=\"banner-inner fill\">\n        <div class=\"banner-bg fill\" >\n            <img data-recalc-dims=\"1\" loading=\"lazy\" decoding=\"async\" width=\"1020\" height=\"574\" src=\"https:\/\/i0.wp.com\/antcube.shop\/wp-content\/uploads\/2021\/08\/caspian-dahlstrom-xXbaTOP31M4-unsplash-scaled.jpg?resize=1020%2C574&#038;ssl=1\" class=\"bg attachment-original size-original\" alt=\"\" \/>                        <div class=\"overlay\"><\/div>            \n                    <\/div>\n\t\t\n        <div class=\"banner-layers container\">\n            <div class=\"fill banner-link\"><\/div>            \n\n   <div id=\"text-box-1430584739\" class=\"text-box banner-layer x50 md-x50 lg-x50 y50 md-y50 lg-y50 res-text\">\n                                <div class=\"text-box-content text dark\">\n              \n              <div class=\"text-inner text-center\">\n                  \n\n<h3 class=\"uppercase\"><strong>Kest\u00e4v\u00e4 kehitys<\/strong><\/h3>\n<p>\u00a0<\/p>\n\n              <\/div>\n           <\/div>\n                            \n<style>\n#text-box-1430584739 {\n  width: 60%;\n}\n#text-box-1430584739 .text-box-content {\n  font-size: 100%;\n}\n<\/style>\n    <\/div>\n \n\n        <\/div>\n      <\/div>\n\n            \n<style>\n#banner-1306170143 {\n  padding-top: 60%;\n}\n#banner-1306170143 .overlay {\n  background-color: rgba(0, 0, 0, 0);\n}\n#banner-1306170143 .banner-bg img {\n  object-position: 51% 51%;\n}\n@media (min-width:550px) {\n  #banner-1306170143 {\n    padding-top: 500px;\n  }\n}\n<\/style>\n  <\/div>\n\n\n\t<div id=\"gap-683092273\" class=\"gap-element clearfix\" style=\"display:block; height:auto;\">\n\t\t\n<style>\n#gap-683092273 {\n  padding-top: 40px;\n}\n<\/style>\n\t<\/div>\n\t\n\n<div class=\"row\"  id=\"row-1144024027\">\n\n\n\t<div id=\"col-1981674683\" class=\"col medium-7 small-12 large-6\"  >\n\t\t\t\t<div class=\"col-inner\"  >\n\t\t\t\n\t\t\t\n\n\t<div id=\"text-3878123054\" class=\"text\">\n\t\t\n\n<h2>Miten pyrimme muuttumaan ymp\u00e4rist\u00f6yst\u00e4v\u00e4llisemmiksi<\/h2>\n<p align=\"CENTER\"><strong><span style=\"color: #ff0000;\">Meill\u00e4 kaikilla on vastuu t\u00e4st\u00e4 planeetasta !<\/span><\/strong><\/p>\n<p>T\u00e4m\u00e4 oli perustajamme mieless\u00e4 jo silloin, kun h\u00e4n perusti ANTSTOREn 20 vuotta sitten. Luonnon s\u00e4ilytt\u00e4minen k\u00e4ytt\u00e4m\u00e4ll\u00e4 lasia muurahaiskasvatukseen akryyliasennusten sijaan.<\/p>\n<p>Ymm\u00e4rr\u00e4mme, ett\u00e4 maapallo ei tarvitse meit\u00e4, mutta me tarvitsemme t\u00e4t\u00e4 ihanaa planeettaa. Ty\u00f6skennell\u00e4\u00e4n siis yhdess\u00e4 luontomme s\u00e4ilytt\u00e4miseksi, olemme kiitollisia kaikesta avusta ymp\u00e4rist\u00f6yst\u00e4v\u00e4llisten ja kierr\u00e4tett\u00e4vien pakkausten tutkimuksessa ja kehitt\u00e4misess\u00e4, jotta polyeteenihiukkasten osuus vedess\u00e4mme ei en\u00e4\u00e4 kasvaisi.<\/p>\n<p>Siksi otamme nyt ensimm\u00e4iset askeleet k\u00e4ytt\u00e4\u00e4ksemme ainoastaan ymp\u00e4rist\u00f6yst\u00e4v\u00e4llisi\u00e4 pakkauksia vuoden 2022 j\u00e4lkeen. Tied\u00e4mme, ett\u00e4 pakkausten muuttaminen on vain pieni askel, jonka avulla yritys voi muuttua kest\u00e4v\u00e4ksi, joten ty\u00f6skentelemme my\u00f6s digitalisoinnin, kuljetusreittien optimoinnin ja koulutuksen parissa.<\/p>\n<p>Voit tukea meit\u00e4 ostamalla tuotteitamme. Auta meit\u00e4 t\u00e4ytt\u00e4m\u00e4\u00e4n velvollisuutemme yll\u00e4pit\u00e4\u00e4 t\u00e4t\u00e4 ihanaa vihre\u00e4\u00e4 planeettaa kaikkine sen monimuotoisine el\u00e4m\u00e4nmuotoineen. Ostoksellasi kannustat Resarch &amp; Developement -osastoamme kehitt\u00e4m\u00e4\u00e4n entist\u00e4 kest\u00e4v\u00e4mpi\u00e4 ratkaisuja meid\u00e4n kaikkien hy\u00f6dyksi.<\/p>\n<p>Lis\u00e4ksi aiomme tehd\u00e4 yhteisty\u00f6t\u00e4 \"istuta puu -s\u00e4\u00e4ti\u00f6n\" kanssa, jotta mets\u00e4mme alkaisivat kasvaa uudelleen. Ne ovat my\u00f6s muurahaisten t\u00e4rkeimpi\u00e4 elinymp\u00e4rist\u00f6j\u00e4! Pid\u00e4mme teid\u00e4t pian ajan tasalla uutisista.<\/p>\n\t\t\n<style>\n#text-3878123054 {\n  text-align: center;\n}\n<\/style>\n\t<\/div>\n\t\n\n\t\t<\/div>\n\t\t\t\t\t<\/div>\n\n\t\n\n\t<div id=\"col-1059538306\" class=\"col medium-5 small-12 large-6\"  >\n\t\t\t\t<div class=\"col-inner\"  >\n\t\t\t\n\t\t\t\n\n\t<div class=\"img has-hover x md-x lg-x y md-y lg-y\" id=\"image_2051122779\">\n\t\t\t\t\t\t\t\t<div class=\"img-inner dark\" >\n\t\t\t<img data-recalc-dims=\"1\" loading=\"lazy\" decoding=\"async\" width=\"1020\" height=\"681\" src=\"https:\/\/i0.wp.com\/antcube.shop\/wp-content\/uploads\/2021\/08\/mark-AddyORqTyCg-unsplash-scaled.jpg?resize=1020%2C681&#038;ssl=1\" class=\"attachment-original size-original\" alt=\"\" srcset=\"https:\/\/i0.wp.com\/antcube.shop\/wp-content\/uploads\/2021\/08\/mark-AddyORqTyCg-unsplash-scaled.jpg?w=2560&amp;ssl=1 2560w, https:\/\/i0.wp.com\/antcube.shop\/wp-content\/uploads\/2021\/08\/mark-AddyORqTyCg-unsplash-scaled.jpg?resize=510%2C341&amp;ssl=1 510w, https:\/\/i0.wp.com\/antcube.shop\/wp-content\/uploads\/2021\/08\/mark-AddyORqTyCg-unsplash-scaled.jpg?resize=599%2C400&amp;ssl=1 599w, https:\/\/i0.wp.com\/antcube.shop\/wp-content\/uploads\/2021\/08\/mark-AddyORqTyCg-unsplash-scaled.jpg?resize=1198%2C800&amp;ssl=1 1198w, https:\/\/i0.wp.com\/antcube.shop\/wp-content\/uploads\/2021\/08\/mark-AddyORqTyCg-unsplash-scaled.jpg?resize=768%2C513&amp;ssl=1 768w, https:\/\/i0.wp.com\/antcube.shop\/wp-content\/uploads\/2021\/08\/mark-AddyORqTyCg-unsplash-scaled.jpg?resize=1536%2C1026&amp;ssl=1 1536w, https:\/\/i0.wp.com\/antcube.shop\/wp-content\/uploads\/2021\/08\/mark-AddyORqTyCg-unsplash-scaled.jpg?resize=2048%2C1368&amp;ssl=1 2048w\" sizes=\"auto, (max-width: 1020px) 100vw, 1020px\" \/>\t\t\t\t\t\t\n\t\t\t\t\t<\/div>\n\t\t\t\t\t\t\t\t\n<style>\n#image_2051122779 {\n  width: 100%;\n}\n<\/style>\n\t<\/div>\n\t\n\n\n\t\t<\/div>\n\t\t\t\t\t<\/div>\n\n\t\n\n<\/div>","protected":false},"excerpt":{"rendered":"","protected":false},"author":1,"featured_media":0,"parent":104,"menu_order":0,"comment_status":"closed","ping_status":"closed","template":"","meta":{"_acf_changed":false,"content-type":"","_monsterinsights_skip_tracking":false,"_monsterinsights_sitenote_active":false,"_monsterinsights_sitenote_note":"","_monsterinsights_sitenote_category":0,"footnotes":""},"class_list":["post-1135","page","type-page","status-publish","hentry"],"acf":[],"aioseo_notices":[],"jetpack_sharing_enabled":true,"_links":{"self":[{"href":"https:\/\/antcube.shop\/fi\/wp-json\/wp\/v2\/pages\/1135","targetHints":{"allow":["GET"]}}],"collection":[{"href":"https:\/\/antcube.shop\/fi\/wp-json\/wp\/v2\/pages"}],"about":[{"href":"https:\/\/antcube.shop\/fi\/wp-json\/wp\/v2\/types\/page"}],"author":[{"embeddable":true,"href":"https:\/\/antcube.shop\/fi\/wp-json\/wp\/v2\/users\/1"}],"replies":[{"embeddable":true,"href":"https:\/\/antcube.shop\/fi\/wp-json\/wp\/v2\/comments?post=1135"}],"version-history":[{"count":10,"href":"https:\/\/antcube.shop\/fi\/wp-json\/wp\/v2\/pages\/1135\/revisions"}],"predecessor-version":[{"id":10349,"href":"https:\/\/antcube.shop\/fi\/wp-json\/wp\/v2\/pages\/1135\/revisions\/10349"}],"up":[{"embeddable":true,"href":"https:\/\/antcube.shop\/fi\/wp-json\/wp\/v2\/pages\/104"}],"wp:attachment":[{"href":"https:\/\/antcube.shop\/fi\/wp-json\/wp\/v2\/media?parent=1135"}],"curies":[{"name":"wp","href":"https:\/\/api.w.org\/{rel}","templated":true}]}}