{"id":102,"date":"2013-08-11T19:22:53","date_gmt":"2013-08-11T19:22:53","guid":{"rendered":"http:\/\/localhost:8888\/test\/?page_id=532"},"modified":"2025-02-17T15:02:29","modified_gmt":"2025-02-17T14:02:29","slug":"ota-yhteytta","status":"publish","type":"page","link":"https:\/\/antcube.shop\/fi\/ota-yhteytta\/","title":{"rendered":"Ota yhteytt\u00e4"},"content":{"rendered":"<div id=\"gap-2053487035\" class=\"gap-element clearfix\" style=\"display:block; height:auto;\">\n\t\t\n<style>\n#gap-2053487035 {\n  padding-top: 30px;\n}\n<\/style>\n\t<\/div>\n\t\n\n<div class=\"row\"  id=\"row-557216974\">\n\n\n\t<div id=\"col-2088223618\" class=\"col medium-6 large-6\"  >\n\t\t\t\t<div class=\"col-inner\"  >\n\t\t\t\n\t\t\t\n\n<div class=\"container section-title-container\" ><h3 class=\"section-title section-title-normal\"><b aria-hidden=\"true\"><\/b><span class=\"section-title-main\" >Usein kysytyt kysymykset<\/span><b aria-hidden=\"true\"><\/b><\/h3><\/div>\n\n<p class=\"lead\">Lue meid\u00e4n <a href=\"https:\/\/antcube.shop\/faq-shop\/\">FAQ<\/a> ennen kuin l\u00e4het\u00e4t meille viestin.<\/p>\n<div class=\"accordion\">\n\n\t<div id=\"accordion-114270506\" class=\"accordion-item\">\n\t\t<a id=\"accordion-114270506-label\" class=\"accordion-title plain\" href=\"#accordion-item-you-do-not-know-what-ant-species-to-keep-or-which-formicarium-you-should-use?\" aria-expanded=\"false\" aria-controls=\"accordion-114270506-content\">\n\t\t\t<button class=\"toggle\" aria-label=\"Toggle\"><i class=\"icon-angle-down\" aria-hidden=\"true\"><\/i><\/button>\n\t\t\t<span>Etk\u00f6 tied\u00e4, mit\u00e4 muurahaislajeja pit\u00e4isi pit\u00e4\u00e4 tai mit\u00e4 Formicariumia sinun pit\u00e4isi k\u00e4ytt\u00e4\u00e4?<\/span>\n\t\t<\/a>\n\t\t<div id=\"accordion-114270506-content\" class=\"accordion-inner\" aria-labelledby=\"accordion-114270506-label\">\n\t\t\t\n\n<p>Kokeile \"Ant Finder\" tai \"Formicarium Finder\" - Online-asiakaspalvelumme<\/p>\n<p><a href=\"https:\/\/antcube.shop\/ant-finder\/\">L\u00f6yd\u00e4 muurahaislajisi<\/a><\/p>\n<p><a href=\"https:\/\/antcube.shop\/formicarium-finder\/\">Etsi Formicarium<\/a><\/p>\n\n\t\t<\/div>\n\t<\/div>\n\t\n\t<div id=\"accordion-3877484467\" class=\"accordion-item\">\n\t\t<a id=\"accordion-3877484467-label\" class=\"accordion-title plain\" href=\"#accordion-item-what-are-the-delivery-times-and-charges-for-orders-from-the-online-shop?\" aria-expanded=\"false\" aria-controls=\"accordion-3877484467-content\">\n\t\t\t<button class=\"toggle\" aria-label=\"Toggle\"><i class=\"icon-angle-down\" aria-hidden=\"true\"><\/i><\/button>\n\t\t\t<span>Mitk\u00e4 ovat verkkokaupan tilausten toimitusajat ja -kulut?<\/span>\n\t\t<\/a>\n\t\t<div id=\"accordion-3877484467-content\" class=\"accordion-inner\" aria-labelledby=\"accordion-3877484467-label\">\n\t\t\t\n\n<p>L\u00f6yd\u00e4t tietoa arvioiduista toimitusajoista t\u00e4\u00e4lt\u00e4:<\/p>\n<p><a href=\"https:\/\/antcube.shop\/delivery-times\/\">Toimitusajat<\/a><\/p>\n<p>Jos haluat tiet\u00e4\u00e4 arvioidut toimituskulut ja toimitusrajoitukset, katso t\u00e4st\u00e4:<\/p>\n<p><a href=\"https:\/\/antcube.shop\/shipping-costs-delivery-restrictions\/\">Toimituskulut\/ toimitusrajoitukset<\/a><\/p>\n\n\t\t<\/div>\n\t<\/div>\n\t\n\t<div id=\"accordion-2635853801\" class=\"accordion-item\">\n\t\t<a id=\"accordion-2635853801-label\" class=\"accordion-title plain\" href=\"#accordion-item-you-have-questions-about-returns-or-refunds?\" aria-expanded=\"false\" aria-controls=\"accordion-2635853801-content\">\n\t\t\t<button class=\"toggle\" aria-label=\"Toggle\"><i class=\"icon-angle-down\" aria-hidden=\"true\"><\/i><\/button>\n\t\t\t<span>Onko sinulla kysytt\u00e4v\u00e4\u00e4 palautuksista tai hyvityksist\u00e4?<\/span>\n\t\t<\/a>\n\t\t<div id=\"accordion-2635853801-content\" class=\"accordion-inner\" aria-labelledby=\"accordion-2635853801-label\">\n\t\t\t\n\n<p><a href=\"https:\/\/antcube.shop\/refund-policy\/\">Palautusk\u00e4yt\u00e4nt\u00f6<\/a><\/p>\n<p><a href=\"https:\/\/antcube.shop\/terms-and-conditions\/\">Ehdot ja edellytykset<\/a><\/p>\n\n\t\t<\/div>\n\t<\/div>\n\t\n\t<div id=\"accordion-1976505729\" class=\"accordion-item\">\n\t\t<a id=\"accordion-1976505729-label\" class=\"accordion-title plain\" href=\"#accordion-item-which-payment-methods-are-accepted-in-the-online-shop?\" aria-expanded=\"false\" aria-controls=\"accordion-1976505729-content\">\n\t\t\t<button class=\"toggle\" aria-label=\"Toggle\"><i class=\"icon-angle-down\" aria-hidden=\"true\"><\/i><\/button>\n\t\t\t<span>Mitk\u00e4 maksutavat hyv\u00e4ksyt\u00e4\u00e4n verkkokaupassa?<\/span>\n\t\t<\/a>\n\t\t<div id=\"accordion-1976505729-content\" class=\"accordion-inner\" aria-labelledby=\"accordion-1976505729-label\">\n\t\t\t\n\n<p>L\u00f6yd\u00e4t yleiskatsauksen hyv\u00e4ksytyist\u00e4 maksutavoista t\u00e4\u00e4lt\u00e4:<\/p>\n<p><a href=\"https:\/\/antcube.shop\/payment-methods\/\">Maksutavat<\/a><\/p>\n\n\t\t<\/div>\n\t<\/div>\n\t\n\t<div id=\"accordion-2784864475\" class=\"accordion-item\">\n\t\t<a id=\"accordion-2784864475-label\" class=\"accordion-title plain\" href=\"#accordion-item-you-are-looking-for-user-manuals-for-your-starter-set?\" aria-expanded=\"false\" aria-controls=\"accordion-2784864475-content\">\n\t\t\t<button class=\"toggle\" aria-label=\"Toggle\"><i class=\"icon-angle-down\" aria-hidden=\"true\"><\/i><\/button>\n\t\t\t<span>Etsitk\u00f6 k\u00e4ytt\u00f6ohjeita aloitussarjaa varten?<\/span>\n\t\t<\/a>\n\t\t<div id=\"accordion-2784864475-content\" class=\"accordion-inner\" aria-labelledby=\"accordion-2784864475-label\">\n\t\t\t\n\n<p>T\u00e4\u00e4lt\u00e4 l\u00f6yd\u00e4t PDF-k\u00e4ytt\u00f6oppaat tulostettavaksi tai ladattavaksi:<\/p>\n<p><a href=\"https:\/\/antcube.shop\/download\/\">Lataa<\/a><\/p>\n\n\t\t<\/div>\n\t<\/div>\n\t\n\t<div id=\"accordion-3685985485\" class=\"accordion-item\">\n\t\t<a id=\"accordion-3685985485-label\" class=\"accordion-title plain\" href=\"#accordion-item-you-need-more-information-about-certain-ant-species-or-ant-keeping-in-general?\" aria-expanded=\"false\" aria-controls=\"accordion-3685985485-content\">\n\t\t\t<button class=\"toggle\" aria-label=\"Toggle\"><i class=\"icon-angle-down\" aria-hidden=\"true\"><\/i><\/button>\n\t\t\t<span>Tarvitsetko lis\u00e4tietoja tietyist\u00e4 muurahaislajeista tai muurahaiskasvatuksesta yleens\u00e4?<\/span>\n\t\t<\/a>\n\t\t<div id=\"accordion-3685985485-content\" class=\"accordion-inner\" aria-labelledby=\"accordion-3685985485-label\">\n\t\t\t\n\n<p>T\u00e4\u00e4lt\u00e4 l\u00f6yd\u00e4t usein kysyttyj\u00e4 kysymyksi\u00e4 muurahaisista ja muurahaisten pit\u00e4misest\u00e4:<\/p>\n<p><a href=\"https:\/\/antcube.shop\/faq-ants\/\">FAQ muurahaiset<\/a><\/p>\n<p><a href=\"https:\/\/antcube.shop\/catching-queen-ants\/\">Miten saada kuningatar muurahainen kiinni<\/a><\/p>\n<p><a href=\"https:\/\/antcube.shop\/ant-species\/\">Lis\u00e4tietoja muurahaisista<\/a><\/p>\n<p><a href=\"https:\/\/antcube.shop\/social-media\/\">Katso YouTube-kanavamme, sielt\u00e4 l\u00f6yd\u00e4t hy\u00f6dyllisi\u00e4 vinkkej\u00e4 ja tietoa.<\/a><\/p>\n\n\t\t<\/div>\n\t<\/div>\n\t\n\t<div id=\"accordion-2807733432\" class=\"accordion-item\">\n\t\t<a id=\"accordion-2807733432-label\" class=\"accordion-title plain\" href=\"#accordion-item-you-have-questions-about-our-products?\" aria-expanded=\"false\" aria-controls=\"accordion-2807733432-content\">\n\t\t\t<button class=\"toggle\" aria-label=\"Toggle\"><i class=\"icon-angle-down\" aria-hidden=\"true\"><\/i><\/button>\n\t\t\t<span>Onko sinulla kysytt\u00e4v\u00e4\u00e4 tuotteistamme?<\/span>\n\t\t<\/a>\n\t\t<div id=\"accordion-2807733432-content\" class=\"accordion-inner\" aria-labelledby=\"accordion-2807733432-label\">\n\t\t\t\n\n<p>Jos sinulla on kysytt\u00e4v\u00e4\u00e4 tuotteistamme, tutustu ensin kunkin tuotteen kuvaukseen kaupassamme.<\/p>\n<p>Muuten l\u00f6yd\u00e4t lis\u00e4tietoja t\u00e4\u00e4lt\u00e4:<\/p>\n<p><a href=\"https:\/\/antcube.shop\/product-information\/\">Tuotetiedot<\/a><\/p>\n\n\t\t<\/div>\n\t<\/div>\n\t\n\n<\/div>\n\t<div id=\"gap-815589831\" class=\"gap-element clearfix\" style=\"display:block; height:auto;\">\n\t\t\n<style>\n#gap-815589831 {\n  padding-top: 60px;\n}\n<\/style>\n\t<\/div>\n\t\n\n\t<div class=\"img has-hover x md-x lg-x y md-y lg-y\" id=\"image_1734279664\">\n\t\t\t\t\t\t\t\t<div class=\"img-inner dark\" >\n\t\t\t<img data-recalc-dims=\"1\" loading=\"lazy\" decoding=\"async\" width=\"900\" height=\"900\" src=\"https:\/\/i0.wp.com\/antcube.shop\/wp-content\/uploads\/2021\/09\/Firmeneingang.jpg?resize=900%2C900&#038;ssl=1\" class=\"attachment-original size-original\" alt=\"ANTSTORE sis\u00e4\u00e4nk\u00e4ynti\" srcset=\"https:\/\/i0.wp.com\/antcube.shop\/wp-content\/uploads\/2021\/09\/Firmeneingang.jpg?w=900&amp;ssl=1 900w, https:\/\/i0.wp.com\/antcube.shop\/wp-content\/uploads\/2021\/09\/Firmeneingang.jpg?resize=247%2C247&amp;ssl=1 247w, https:\/\/i0.wp.com\/antcube.shop\/wp-content\/uploads\/2021\/09\/Firmeneingang.jpg?resize=100%2C100&amp;ssl=1 100w, https:\/\/i0.wp.com\/antcube.shop\/wp-content\/uploads\/2021\/09\/Firmeneingang.jpg?resize=510%2C510&amp;ssl=1 510w, https:\/\/i0.wp.com\/antcube.shop\/wp-content\/uploads\/2021\/09\/Firmeneingang.jpg?resize=400%2C400&amp;ssl=1 400w, https:\/\/i0.wp.com\/antcube.shop\/wp-content\/uploads\/2021\/09\/Firmeneingang.jpg?resize=800%2C800&amp;ssl=1 800w, https:\/\/i0.wp.com\/antcube.shop\/wp-content\/uploads\/2021\/09\/Firmeneingang.jpg?resize=280%2C280&amp;ssl=1 280w, https:\/\/i0.wp.com\/antcube.shop\/wp-content\/uploads\/2021\/09\/Firmeneingang.jpg?resize=768%2C768&amp;ssl=1 768w\" sizes=\"auto, (max-width: 900px) 100vw, 900px\" \/>\t\t\t\t\t\t\n\t\t\t\t\t<\/div>\n\t\t\t\t\t\t\t\t\n<style>\n#image_1734279664 {\n  width: 100%;\n}\n<\/style>\n\t<\/div>\n\t\n\n\n\t\t<\/div>\n\t\t\t\t\t<\/div>\n\n\t\n\n\t<div id=\"col-2128453824\" class=\"col medium-6 large-6\"  >\n\t\t\t\t<div class=\"col-inner\"  >\n\t\t\t\n\t\t\t\n\n<div class=\"container section-title-container\" ><h3 class=\"section-title section-title-normal\"><b aria-hidden=\"true\"><\/b><span class=\"section-title-main\" >Ota yhteytt\u00e4<\/span><b aria-hidden=\"true\"><\/b><\/h3><\/div>\n\n<ul>\n<li><strong>S\u00e4hk\u00f6posti<\/strong>: contact@antcube.de<\/li>\n<li><strong>Puhelin<\/strong>: <a href=\"tel:+49 30 439703870\">+49 30 439703870<\/a><\/li>\n<\/ul>\n<p><strong>Ty\u00f6aika <\/strong>(UTC\/GMT +1):<\/p>\n<ul>\n<li>Tiistaista perjantaihin klo 10:00 - 12:00 ja 13:00 - 18:00.<\/li>\n<\/ul>\n<div class=\"container section-title-container\" ><h3 class=\"section-title section-title-normal\"><b aria-hidden=\"true\"><\/b><span class=\"section-title-main\" >K\u00e4y myym\u00e4l\u00e4ss\u00e4mme<\/span><b aria-hidden=\"true\"><\/b><\/h3><\/div>\n\n<p><strong>Osoite:<\/strong><\/p>\n<ul>\n<li>Katu: Selerweg 41<\/li>\n<li>Postinumero: D - 12169<\/li>\n<li>Kaupunki: Berlin<\/li>\n<li>Maa: Saksa<\/li>\n<li>Piirikunta: Steglitz-Zehlendorf<\/li>\n<\/ul>\n<p><strong>Aukioloajat<\/strong> (UTC\/GMT +1)<\/p>\n<ul>\n<li>Tiistaista perjantaihin 13:00 - 18:00<\/li>\n<\/ul>\n<p><iframe loading=\"lazy\" style=\"border: 0;\" src=\"https:\/\/www.google.com\/maps\/embed?pb=!1m18!1m12!1m3!1d2431.3708399886823!2d13.335121715997175!3d52.454311048847416!2m3!1f0!2f0!3f0!3m2!1i1024!2i768!4f13.1!3m3!1m2!1s0x47a85a9242e5bc07%3A0xc44ee1d5a0728440!2sANTSTORE!5e0!3m2!1sde!2sde!4v1632470583913!5m2!1sde!2sde\" width=\"600\" height=\"450\" allowfullscreen=\"allowfullscreen\"><\/iframe><\/p>\n\n\t\t<\/div>\n\t\t\t\t\t<\/div>\n\n\t\n\n<\/div>","protected":false},"excerpt":{"rendered":"","protected":false},"author":1,"featured_media":27,"parent":0,"menu_order":0,"comment_status":"closed","ping_status":"closed","template":"page-blank.php","meta":{"_acf_changed":false,"content-type":"","_monsterinsights_skip_tracking":false,"_monsterinsights_sitenote_active":false,"_monsterinsights_sitenote_note":"","_monsterinsights_sitenote_category":0,"footnotes":""},"class_list":["post-102","page","type-page","status-publish","has-post-thumbnail","hentry"],"acf":[],"aioseo_notices":[],"jetpack_sharing_enabled":true,"_links":{"self":[{"href":"https:\/\/antcube.shop\/fi\/wp-json\/wp\/v2\/pages\/102","targetHints":{"allow":["GET"]}}],"collection":[{"href":"https:\/\/antcube.shop\/fi\/wp-json\/wp\/v2\/pages"}],"about":[{"href":"https:\/\/antcube.shop\/fi\/wp-json\/wp\/v2\/types\/page"}],"author":[{"embeddable":true,"href":"https:\/\/antcube.shop\/fi\/wp-json\/wp\/v2\/users\/1"}],"replies":[{"embeddable":true,"href":"https:\/\/antcube.shop\/fi\/wp-json\/wp\/v2\/comments?post=102"}],"version-history":[{"count":10,"href":"https:\/\/antcube.shop\/fi\/wp-json\/wp\/v2\/pages\/102\/revisions"}],"predecessor-version":[{"id":11083,"href":"https:\/\/antcube.shop\/fi\/wp-json\/wp\/v2\/pages\/102\/revisions\/11083"}],"wp:featuredmedia":[{"embeddable":true,"href":"https:\/\/antcube.shop\/fi\/wp-json\/wp\/v2\/media\/27"}],"wp:attachment":[{"href":"https:\/\/antcube.shop\/fi\/wp-json\/wp\/v2\/media?parent=102"}],"curies":[{"name":"wp","href":"https:\/\/api.w.org\/{rel}","templated":true}]}}