{"id":9886,"date":"2024-10-08T15:19:28","date_gmt":"2024-10-08T13:19:28","guid":{"rendered":"https:\/\/antcube.shop\/en\/product\/ameisenarena-rahmen-30x30-5cm\/"},"modified":"2026-04-15T13:38:01","modified_gmt":"2026-04-15T11:38:01","slug":"sipelgaplatsi-raam-30x30-5cm","status":"publish","type":"product","link":"https:\/\/antcube.shop\/et\/toode\/sipelgaplatsi-raam-30x30-5cm\/","title":{"rendered":"Sipelgate areeni raam 30\u00d730 - 5cm"},"content":{"rendered":"<p><strong>M\u00f5\u00f5tmed (LxSxK):<\/strong> 30x30x0,4 cm<br \/>\n5cm lai<\/p>\n<p><strong>Materjal:<\/strong> valuklaas<\/p>\n<p><strong>V\u00e4rv:<\/strong> kristallselge \/ l\u00e4bipaistev<\/p>\n<p><strong>Sisu:<\/strong><br \/>\n1x sipelgate areeni raam<\/p>\n<p><strong>Kirjeldus:<\/strong><br \/>\nKlaasist raam sipelgate areenile p\u00f5genemiskaitseks<\/p>\n<p><strong>Taotlus:<\/strong><br \/>\nSipelgate areeni raam on klaasist valmistatud raam, mis asetatakse sipelgate areeni peale ja mille alumine k\u00fclg on varustatud p\u00f5genemiskaitsega (\u00f5li, pulber v\u00f5i v\u00e4rv), mis takistab sipelgate v\u00e4lja murdmist.<\/p>\n<p><strong>M\u00e4rkus:<\/strong><br \/>\nKuna ese on valmistatud klaasist ja on seet\u00f5ttu habras, tuleb seda k\u00e4sitseda v\u00e4ga ettevaatlikult. Klaas l\u00f5igatakse m\u00f5\u00f5tu vastavalt DIN 1249 standardile, lubatud h\u00e4lve on +\/- 1 mm. V\u00e4ga v\u00e4ikeste sipelgaliikide puhul on oluline t\u00e4iendav v\u00e4lja murdumiskaitse.<\/p>","protected":false},"excerpt":{"rendered":"<p>M\u00f5\u00f5tmed (LxSxK): 30x30x0,4 cm 5cm lai Materjal: float-klaas V\u00e4rv: kristallselge \/ l\u00e4bipaistev Sisu: Kirjeldus: 1x sipelgate raami kirjeldus: Klaasist raam sipelgate areenile p\u00f5genemiskaitseks Rakendus: Sipelgasareeni raam on klaasist valmistatud raam, mis asetatakse sipelgasareeni peale ja varustatakse p\u00f5genemiskaitsega","protected":false},"featured_media":10126,"comment_status":"open","ping_status":"closed","template":"","meta":{"_acf_changed":false,"content-type":"","_monsterinsights_skip_tracking":false,"_monsterinsights_sitenote_active":false,"_monsterinsights_sitenote_note":"","_monsterinsights_sitenote_category":0},"product_brand":[484],"product_cat":[91,93],"product_tag":[],"class_list":{"0":"post-9886","1":"product","2":"type-product","3":"status-publish","4":"has-post-thumbnail","6":"product_brand-antcube","7":"product_cat-formicarium-modules","8":"product_cat-arena-frame","10":"first","11":"instock","12":"taxable","13":"shipping-taxable","14":"purchasable","15":"product-type-simple"},"acf":[],"aioseo_notices":[],"jetpack_sharing_enabled":true,"_links":{"self":[{"href":"https:\/\/antcube.shop\/et\/wp-json\/wp\/v2\/product\/9886","targetHints":{"allow":["GET"]}}],"collection":[{"href":"https:\/\/antcube.shop\/et\/wp-json\/wp\/v2\/product"}],"about":[{"href":"https:\/\/antcube.shop\/et\/wp-json\/wp\/v2\/types\/product"}],"replies":[{"embeddable":true,"href":"https:\/\/antcube.shop\/et\/wp-json\/wp\/v2\/comments?post=9886"}],"wp:featuredmedia":[{"embeddable":true,"href":"https:\/\/antcube.shop\/et\/wp-json\/wp\/v2\/media\/10126"}],"wp:attachment":[{"href":"https:\/\/antcube.shop\/et\/wp-json\/wp\/v2\/media?parent=9886"}],"wp:term":[{"taxonomy":"product_brand","embeddable":true,"href":"https:\/\/antcube.shop\/et\/wp-json\/wp\/v2\/product_brand?post=9886"},{"taxonomy":"product_cat","embeddable":true,"href":"https:\/\/antcube.shop\/et\/wp-json\/wp\/v2\/product_cat?post=9886"},{"taxonomy":"product_tag","embeddable":true,"href":"https:\/\/antcube.shop\/et\/wp-json\/wp\/v2\/product_tag?post=9886"}],"curies":[{"name":"wp","href":"https:\/\/api.w.org\/{rel}","templated":true}]}}