{"id":9883,"date":"2024-10-08T15:17:56","date_gmt":"2024-10-08T13:17:56","guid":{"rendered":"https:\/\/antcube.shop\/en\/product\/abdeckung-edelstahlgitter-30x30\/"},"modified":"2026-03-16T10:37:13","modified_gmt":"2026-03-16T09:37:13","slug":"roostevabast-terasest-vorega-30x30","status":"publish","type":"product","link":"https:\/\/antcube.shop\/et\/toode\/roostevabast-terasest-vorega-30x30\/","title":{"rendered":"Roostevabast terasest restkate 30\u00d730"},"content":{"rendered":"<p>Sipelga- ja drosofiilakindel klaas + roostevaba terasv\u00f5rguga kate. Isegi k\u00f5ige v\u00e4iksemad liigid ei p\u00e4\u00e4se l\u00e4bi peene roostevaba terasv\u00f5rgu ja isegi lehep\u00f5llumehed ei suuda seda l\u00e4bi l\u00f5igata.<\/p>\n<p><strong>M\u00f5\u00f5tmed (LxSxK):<\/strong> 30x30x0,4 cm<br \/>\n17,5\u00d717,5 cm ventilatsioonipindala<\/p>\n<p><strong>Materjal:<\/strong> float-klaas, roostevaba terasv\u00f5rk<\/p>\n<p><strong>V\u00e4rv:<\/strong> kristallselge \/ l\u00e4bipaistev<\/p>\n<p><strong>Sisu:<\/strong><br \/>\n1x kate roostevabast terasest v\u00f5rega 30\u00d730<br \/>\n1x kinnituspunktid \u00e0 4 tk.<\/p>\n<p><strong>Kirjeldus:<\/strong><br \/>\nKlaaskate sipelgate areenile p\u00f5genemiskaitseks<\/p>\n<p><strong>Taotlus:<\/strong><br \/>\nSipelgasareni kate asetatakse sipelgasareni peale ja see toimib ka kliima reguleerimiseks.<\/p>\n<p><strong>M\u00e4rkus:<\/strong><br \/>\nKuna ese on valmistatud klaasist ja on seet\u00f5ttu habras, tuleb seda k\u00e4sitseda v\u00e4ga ettevaatlikult.<\/p>","protected":false},"excerpt":{"rendered":"<p>Sipelga- ja drosofiilakindel klaas + roostevaba terasv\u00f5rguga kate. Isegi k\u00f5ige v\u00e4iksemad liigid ei p\u00e4\u00e4se l\u00e4bi peene roostevaba terasv\u00f5rgu ja isegi lehep\u00f5llumehed ei suuda seda l\u00e4bi l\u00f5igata. M\u00f5\u00f5tmed (LxSxK): 30x30x0,4 cm 17,5\u00d717,5 cm ventilatsiooniala Materjal: float-klaas, roostevabast terasest v\u00f5re V\u00e4rv: kristallselge \/ l\u00e4bipaistev Sisu: M\u00fcrkide jaoks: 1x kate roostevabast terasest v\u00f5re [...]","protected":false},"featured_media":9889,"comment_status":"open","ping_status":"closed","template":"","meta":{"_acf_changed":false,"content-type":"","_monsterinsights_skip_tracking":false,"_monsterinsights_sitenote_active":false,"_monsterinsights_sitenote_note":"","_monsterinsights_sitenote_category":0},"product_brand":[484],"product_cat":[257,91,92],"product_tag":[],"class_list":{"0":"post-9883","1":"product","2":"type-product","3":"status-publish","4":"has-post-thumbnail","6":"product_brand-antcube","7":"product_cat-new-innovatve-products","8":"product_cat-formicarium-modules","9":"product_cat-arena-cover","11":"first","12":"instock","13":"taxable","14":"shipping-taxable","15":"purchasable","16":"product-type-simple"},"acf":[],"aioseo_notices":[],"jetpack_sharing_enabled":true,"_links":{"self":[{"href":"https:\/\/antcube.shop\/et\/wp-json\/wp\/v2\/product\/9883","targetHints":{"allow":["GET"]}}],"collection":[{"href":"https:\/\/antcube.shop\/et\/wp-json\/wp\/v2\/product"}],"about":[{"href":"https:\/\/antcube.shop\/et\/wp-json\/wp\/v2\/types\/product"}],"replies":[{"embeddable":true,"href":"https:\/\/antcube.shop\/et\/wp-json\/wp\/v2\/comments?post=9883"}],"wp:featuredmedia":[{"embeddable":true,"href":"https:\/\/antcube.shop\/et\/wp-json\/wp\/v2\/media\/9889"}],"wp:attachment":[{"href":"https:\/\/antcube.shop\/et\/wp-json\/wp\/v2\/media?parent=9883"}],"wp:term":[{"taxonomy":"product_brand","embeddable":true,"href":"https:\/\/antcube.shop\/et\/wp-json\/wp\/v2\/product_brand?post=9883"},{"taxonomy":"product_cat","embeddable":true,"href":"https:\/\/antcube.shop\/et\/wp-json\/wp\/v2\/product_cat?post=9883"},{"taxonomy":"product_tag","embeddable":true,"href":"https:\/\/antcube.shop\/et\/wp-json\/wp\/v2\/product_tag?post=9883"}],"curies":[{"name":"wp","href":"https:\/\/api.w.org\/{rel}","templated":true}]}}