{"id":9880,"date":"2024-10-08T15:15:23","date_gmt":"2024-10-08T13:15:23","guid":{"rendered":"https:\/\/antcube.shop\/en\/product\/plantcube-vivarium-mini-nano-biologicum-tropical-domus\/"},"modified":"2026-04-03T21:16:10","modified_gmt":"2026-04-03T19:16:10","slug":"plantcube-vivaraarium-biopakett","status":"publish","type":"product","link":"https:\/\/antcube.shop\/et\/toode\/plantcube-vivaraarium-biopakett\/","title":{"rendered":"PLANTCUBE - Vivarium 20x20x20 Biom Bundle"},"content":{"rendered":"<h1><strong>SAADA T\u00dcKIKE LOODUST OMA KOJU<\/strong><\/h1>\n<p><strong>Sisu:<\/strong><br \/>\n1x PLANTCUBE Vivarium 20x20x20 Biom<br \/>\n1x kate 20\u00d720 (2x auk 50mm)<br \/>\n1x pad 20\u00d720<br \/>\n2x Grid insert acrylic &#8211; 50 mm with sealing ring<br \/>\n2x Grid insert acrylic &#8211; 27 mm with sealing ring<br \/>\n2x torgid 10mm augu jaoks<br \/>\n1x kaane kinnitusklotsid (4 tk)<\/p>\n<p>Klaasist mahuti kuubik 20x20x20 cm, 2x k\u00fclgmised 27mm augud ja 2x k\u00fclgmised 10mm augud.<br \/>\n27 mm auk (keskpunkt) on 8,5 cm k\u00f5rgusel.<\/p>\n<p><strong>M\u00f5\u00f5tmed:<\/strong> 200 x 200 x 200 mm; 4 mm paksune klaas<\/p>\n<p><strong>Materjal:<\/strong> valuklaas<\/p>\n<p><strong>K\u00fclgmised avad:<\/strong><br \/>\n2x auk 27 mm<br \/>\n2x auk 10 mm<\/p>\n<p>Meie PLANTCUBE Vivariumi abil saate kujundada oma elutuppa oma elava kunstiteose. PLANTCUBE'is saab pidada ka v\u00e4ikseid loomi, nii et teie loovusele ei ole piire seatud.<\/p>\n<h2><strong>Kohandage oma PLANTCUBE oma v\u00f5i oma taimede ja loomade vajaduste j\u00e4rgi:<\/strong><\/h2>\n<p>Kaks 10 mm auku k\u00fcljel, mis asuvad 2 cm k\u00f5rgusel (keskel) p\u00f5hjast, on m\u00f5eldud liigse vee \u00e4rajuhtimiseks. Vee \u00e4rajuhtimiseks v\u00f5ite kasutada n\u00e4iteks meie l\u00e4bipaistvat voolikut 10\/06 mm. Kaks 50 mm auku saab kas sulgeda kaasasolevate korkide abil v\u00f5i kasutada neid t\u00e4iendava ventilatsioonina, kui need on varustatud v\u00f5rega. Siin v\u00f5ib isegi \u00fchendada kaks seadet akr\u00fc\u00fcltoru kaudu. Nii saavad loomad, kui te hoiate oma vivaariumis loomi, vabalt \u00fchest seadeldisest teise liikuda.<\/p>\n<p>Meie sobivate raamide, v\u00f5rede v\u00f5i pistikute, lampide ja kliimaseadmete abil saab Vivariumi katet paindlikult kohandada. Meie katteid saab kahe 50 mm augu kaudu varustada pistikutega v\u00f5i v\u00f5rega, et saavutada soovitud \u00f5huniiskus v\u00f5i tugevam ventilatsioon. Lisaks sellele saab otse 50 mm aukudesse \u00fchendada ka lambipesad, ventilaatorid v\u00f5i udukogujad.<\/p>\n<p>Meie raame on vaja ainult sipelgate pidamisel. Need kindlustavad Vivariumi t\u00e4iendavalt (kui need on kaetud p\u00f5genemist takistava vahendiga), et v\u00e4ltida loomade p\u00f5genemist ja lihtsustavad eelk\u00f5ige avatud Vivariumi hooldust. Lisaks sellele saab raamide kasutamisel soovi korral katte \u00e4ra hoida.<\/p>\n<h2><strong>Kuidas muuta oma PLANTCUBE bioaktiivseks \u00f6kos\u00fcsteemiks?:<\/strong><\/h2>\n<h3><strong>Looge drenaa\u017eikiht:<\/strong><\/h3>\n<p>Taimede toetamiseks peaksite oma vivaariumisse k\u00f5igepealt rajama drenaa\u017eikihi. Soovitame kasutada 2-3 cm savikrohvi (4-8 mm), kuna need on kerged. Peske neid kindlasti jooksva vee all, enne kui panete neid sisse, et eemaldada tolm.<\/p>\n<p>Drenaa\u017eivaiba v\u00f5ib asetada savikrohvi peale, et eraldada drenaa\u017e substraadist.<\/p>\n<h3><strong>Milliseid taimi ja mulda kasutada:<\/strong><\/h3>\n<p>See k\u00f5ik s\u00f5ltub sellest, millist \"\u00f6kos\u00fcsteemi\" soovite luua. Kui soovite ehitada k\u00f5rbe v\u00f5i pigem kuiva vivaariumi, siis vajate taimi, mis selles kliimas \u00f5itsevad, ja kasutage sobivat mulda, milles neile meeldib kasvada. Troopiliste vivaariumide puhul on see muidugi sama. P\u00fc\u00fcdke kasutada sarnastest piirkondadest ja\/v\u00f5i kliimast p\u00e4rit taimi, et nad k\u00f5ik saaksid samasuguses pinnases ja kliimas h\u00e4sti hakkama. Heal taimepoel peaks alati olema teave nende poolt m\u00fc\u00fcdavate taimede sobiva kliima ja pinnase kohta.<\/p>\n<p><strong>Oluline:<\/strong> Kui soovite taimi ja loomi koos hoida, ei tohiks kunagi kasutada taimi, mille puhul te ei tea, kas need on kokku puutunud v\u00e4etiste v\u00f5i pestitsiididega. Kasutage ainult selliseid taimi terraariumipoodidest vms, mis on garanteeritult t\u00e4iesti pestitsiidide ja v\u00e4etiste vabad. Need v\u00f5ivad muidu p\u00f5hjustada teie loomade surma.<\/p>\n<h3><strong>V\u00f5tke kasutusele \"Clean up crew\", et muuta oma Vivarium bioaktiivseks.<\/strong><\/h3>\n<p><strong>Mis on bioaktiivne?<\/strong> Mis on bioaktiivne? See on k\u00f5ige l\u00e4hemal isemajandavale seadeldisele. K\u00f5ik seisneb selles, et lisada sobiv mullasegu ja orgaaniline materjal mikrofloora moodustumiseks ning vajalik mikrofauna, et luua oma vivaariumis toitainete ts\u00fckkel.<\/p>\n<p><strong>Meie n\u00f5uanne:<\/strong> Meie n\u00f5uanne: lisage alati v\u00e4ikesi olendeid, nagu kevadsabad ja isopoodid. Need ei ole mitte ainult hea \"l\u00f5putu\" toiduallikas ise, kui soovite oma vivaariumis hoida ka teisi loomi. Nad toituvad eelk\u00f5ige hallitustest, mis v\u00f5ivad suure niiskuse t\u00f5ttu tekkida, ja rikastavad mulda toitainetega, mis omakorda v\u00f5imaldavad taimedel tervislikult kasvada.<\/p>\n<p>Lisage mullale veidi kivis\u00fctt, mis aitab mikroobidel seda koloniseerida. Sammal ja korkkoor v\u00f5i valge m\u00e4danenud puit lisaks leheprahile ei n\u00e4e teie seadeldises mitte ainult loomulikuna v\u00e4lja, vaid toidavad ka teie \"koristustruppi\", pakuvad neile peidupaiku ja kasvukohti ning neid on lihtne lagundada toitaineteks teie taimede jaoks.<\/p>\n<p><strong>Looduses on k\u00f5ik seotud tasakaaluga<\/strong><br \/>\nSiiski ei ole soovitatav kasutada teatud isopoodide liike, lisamata neile midagi, mis neid k\u00fcttivad, sest isopoodide populatsioon ilma r\u00f6\u00f6vloomadeta, n\u00e4iteks sipelgadeta, armastab kontrolli alt v\u00e4ljuda ja teie vivaariumis olevad taimed muutuvad siis kiiresti soovimatuks toiduallikaks. Looduses on k\u00f5ik seotud tasakaaluga.<\/p>\n<p><strong>T\u00e4iendav teave:<\/strong><br \/>\nKlaas on l\u00f5igatud vastavalt DIN 1249 standardile, tolerantsiga +\/- 1 mm. \u00c4\u00e4rmiselt v\u00e4ikeste sipelgaliikide puhul on oluline t\u00e4iendav l\u00e4bil\u00f6\u00f6gikaitse.<\/p>\n<div class=\"row\"  id=\"row-1210066892\">\n\n\t<div id=\"col-1211761301\" class=\"col small-12 large-12\"  >\n\t\t\t\t<div class=\"col-inner\"  >\n\t\t\t\n\t\t\t\n\t<div id=\"text-2070842924\" class=\"text\">\n\t\t\n<h2>Allpool leiate m\u00f5ned kauplused, mida me saame soovitada, ja lisateavet selle kohta, kuidas luua ainulaadne ja bioaktiivne PLANTCUBE:<\/h2>\n\t\t\n<style>\n#text-2070842924 {\n  font-size: 1rem;\n  text-align: center;\n}\n<\/style>\n\t<\/div>\n\t\n\t<div id=\"gap-568280289\" class=\"gap-element clearfix\" style=\"display:block; height:auto;\">\n\t\t\n<style>\n#gap-568280289 {\n  padding-top: 40px;\n}\n<\/style>\n\t<\/div>\n\t\n\t\t<\/div>\n\t\t\t\t\n<style>\n#col-1211761301 > .col-inner {\n  padding: 30px 0px 0px 0px;\n}\n<\/style>\n\t<\/div>\n\n\t\n\n\t<div id=\"col-1776009040\" class=\"col medium-6 small-12 large-6\"  >\n\t\t\t\t<div class=\"col-inner\"  >\n\t\t\t\n\t\t\t\n\n\t<section class=\"section\" id=\"section_1791162594\">\n\t\t<div class=\"section-bg fill\" >\n\t\t\t<img data-recalc-dims=\"1\" loading=\"lazy\" decoding=\"async\" width=\"1020\" height=\"574\" src=\"https:\/\/i0.wp.com\/antcube.shop\/wp-content\/uploads\/2024\/10\/2560x1440_youtube-Banner-2.png?resize=1020%2C574&#038;ssl=1\" class=\"bg attachment- size-\" alt=\"\" \/>\t\t\t\t\t\t\n\t\t\t\n\n\t\t<\/div>\n\n\t\t\n\n\t\t<div class=\"section-content relative\">\n\t\t\t\n<div class=\"row align-center\"  id=\"row-1638037566\">\n\n\t<div id=\"col-525210584\" class=\"col medium-10 small-12 large-10\"  >\n\t\t\t\t<div class=\"col-inner text-center\"  >\n\t\t\t\n\t\t\t\n<h2 class=\"uppercase\">Samm-sammult juhend meie blogis<\/h2>\n<a href=\"https:\/\/antcube.shop\/en\/2024\/10\/22\/how-to-create-your-bioactive-vivarium\/\" class=\"button primary\" >\n\t\t<span>BLOGI<\/span>\n\t<\/a>\n\n\t\t<\/div>\n\t\t\t\t\n<style>\n#col-525210584 > .col-inner {\n  margin: -150px 0px 0px 0px;\n}\n@media (min-width:550px) {\n  #col-525210584 > .col-inner {\n    margin: -200px 0px 0px 0px;\n  }\n}\n<\/style>\n\t<\/div>\n\n\t\n<\/div>\n\t\t<\/div>\n\n\t\t\n<style>\n#section_1791162594 {\n  padding-top: 60px;\n  padding-bottom: 60px;\n  min-height: 300px;\n  background-color: rgb(255,255,255);\n}\n#section_1791162594 .section-bg img {\n  object-position: 50% 0%;\n}\n<\/style>\n\t<\/section>\n\t\n\t\t<\/div>\n\t\t\t\t\t<\/div>\n\n\t\n\n\t<div id=\"col-1785070666\" class=\"col medium-6 small-12 large-6\"  >\n\t\t\t\t<div class=\"col-inner\"  >\n\t\t\t\n\t\t\t\n\n\t<section class=\"section\" id=\"section_1962412530\">\n\t\t<div class=\"section-bg fill\" >\n\t\t\t<img data-recalc-dims=\"1\" loading=\"lazy\" decoding=\"async\" width=\"1020\" height=\"680\" src=\"https:\/\/i0.wp.com\/antcube.shop\/wp-content\/uploads\/2024\/10\/Collage_FULL-HD_-2-scaled.jpg?resize=1020%2C680&#038;ssl=1\" class=\"bg attachment-original size-original\" alt=\"\" \/>\t\t\t\t\t\t\n\t\t\t\n\n\t\t<\/div>\n\n\t\t\n\n\t\t<div class=\"section-content relative\">\n\t\t\t\n<div class=\"row align-center\"  id=\"row-263694882\">\n\n\t<div id=\"col-1792359086\" class=\"col medium-10 small-12 large-10\"  >\n\t\t\t\t<div class=\"col-inner text-center\"  >\n\t\t\t\n\t\t\t\n<h2 class=\"uppercase\">T\u00e4iendav teave plantcube'i kohta<\/h2>\n<a href=\"https:\/\/antcube.shop\/en\/plantcube\/\" class=\"button primary\" >\n\t\t<span>plantcube<\/span>\n\t<\/a>\n\n\t\t<\/div>\n\t\t\t\t\n<style>\n#col-1792359086 > .col-inner {\n  margin: -150px 0px 0px 0px;\n}\n@media (min-width:550px) {\n  #col-1792359086 > .col-inner {\n    margin: -200px 0px 0px 0px;\n  }\n}\n<\/style>\n\t<\/div>\n\n\t\n<\/div>\n\t\t<\/div>\n\n\t\t\n<style>\n#section_1962412530 {\n  padding-top: 60px;\n  padding-bottom: 60px;\n  min-height: 300px;\n}\n#section_1962412530 .section-bg img {\n  object-position: 51% 0%;\n}\n<\/style>\n\t<\/section>\n\t\n\t\t<\/div>\n\t\t\t\t\t<\/div>\n\n\t\n<\/div>","protected":false},"excerpt":{"rendered":"<p>See pakett koosneb 12 osast<\/p>","protected":false},"featured_media":9924,"comment_status":"open","ping_status":"closed","template":"","meta":{"_acf_changed":false,"content-type":"","_monsterinsights_skip_tracking":false,"_monsterinsights_sitenote_active":false,"_monsterinsights_sitenote_note":"","_monsterinsights_sitenote_category":0},"product_brand":[483],"product_cat":[257,341],"product_tag":[],"class_list":{"0":"post-9880","1":"product","2":"type-product","3":"status-publish","4":"has-post-thumbnail","6":"product_brand-plantcube","7":"product_cat-new-innovatve-products","8":"product_cat-vivariums","10":"first","11":"instock","12":"taxable","13":"shipping-taxable","14":"purchasable","15":"product-type-simple"},"acf":[],"aioseo_notices":[],"jetpack_sharing_enabled":true,"_links":{"self":[{"href":"https:\/\/antcube.shop\/et\/wp-json\/wp\/v2\/product\/9880","targetHints":{"allow":["GET"]}}],"collection":[{"href":"https:\/\/antcube.shop\/et\/wp-json\/wp\/v2\/product"}],"about":[{"href":"https:\/\/antcube.shop\/et\/wp-json\/wp\/v2\/types\/product"}],"replies":[{"embeddable":true,"href":"https:\/\/antcube.shop\/et\/wp-json\/wp\/v2\/comments?post=9880"}],"wp:featuredmedia":[{"embeddable":true,"href":"https:\/\/antcube.shop\/et\/wp-json\/wp\/v2\/media\/9924"}],"wp:attachment":[{"href":"https:\/\/antcube.shop\/et\/wp-json\/wp\/v2\/media?parent=9880"}],"wp:term":[{"taxonomy":"product_brand","embeddable":true,"href":"https:\/\/antcube.shop\/et\/wp-json\/wp\/v2\/product_brand?post=9880"},{"taxonomy":"product_cat","embeddable":true,"href":"https:\/\/antcube.shop\/et\/wp-json\/wp\/v2\/product_cat?post=9880"},{"taxonomy":"product_tag","embeddable":true,"href":"https:\/\/antcube.shop\/et\/wp-json\/wp\/v2\/product_tag?post=9880"}],"curies":[{"name":"wp","href":"https:\/\/api.w.org\/{rel}","templated":true}]}}