{"id":9354,"date":"2024-09-17T16:30:08","date_gmt":"2024-09-17T14:30:08","guid":{"rendered":"https:\/\/antcube.shop\/en\/product\/tranke-cylinder-klein\/"},"modified":"2026-04-07T16:18:12","modified_gmt":"2026-04-07T14:18:12","slug":"tranke-silinder-klein","status":"publish","type":"product","link":"https:\/\/antcube.shop\/et\/toode\/tranke-silinder-klein\/","title":{"rendered":"Joogikauss Balloon v\u00e4ike"},"content":{"rendered":"<p><strong>Suurus:<\/strong> 25x16x18 mm, 2ml<\/p>\n<p><strong>V\u00e4rv:<\/strong> kristallselge<\/p>\n<p><strong>Materjal:<\/strong> PMMA<\/p>\n<p><strong>Kirjeldus:<\/strong> See v\u00f5imaldab sipelgatel tagada endale piisavalt niiskust oma formikaariumis. Vee pindpinevus takistab jootja lekkimist.<\/p>\n<p><strong>Ettevaatust:<\/strong><br \/>\nV\u00e4ikeste sipelgaliikide puhul tuleks joogikausi v\u00e4ljap\u00e4\u00e4su ette ohutuse tagamiseks asetada k\u00e4sn, v\u00f5re v\u00f5i peenike liiv. Vastasel juhul v\u00f5ivad \u00fcksikud t\u00f6\u00f6tajad sattuda joogikaussi. 14 mm k\u00e4sn sobib ideaalselt.<\/p>","protected":false},"excerpt":{"rendered":"<p><strong>M\u00f5\u00f5tmed:<\/strong> 25x16x18 mm, 2ml<\/p>","protected":false},"featured_media":9439,"comment_status":"open","ping_status":"closed","template":"","meta":{"_acf_changed":false,"content-type":"","_monsterinsights_skip_tracking":false,"_monsterinsights_sitenote_active":false,"_monsterinsights_sitenote_note":"","_monsterinsights_sitenote_category":0},"product_brand":[],"product_cat":[115,117],"product_tag":[],"class_list":{"0":"post-9354","1":"product","2":"type-product","3":"status-publish","4":"has-post-thumbnail","6":"product_cat-food-and-feeding","7":"product_cat-drinkers-for-ants","9":"first","10":"instock","11":"taxable","12":"shipping-taxable","13":"purchasable","14":"product-type-simple"},"acf":[],"aioseo_notices":[],"jetpack_sharing_enabled":true,"_links":{"self":[{"href":"https:\/\/antcube.shop\/et\/wp-json\/wp\/v2\/product\/9354","targetHints":{"allow":["GET"]}}],"collection":[{"href":"https:\/\/antcube.shop\/et\/wp-json\/wp\/v2\/product"}],"about":[{"href":"https:\/\/antcube.shop\/et\/wp-json\/wp\/v2\/types\/product"}],"replies":[{"embeddable":true,"href":"https:\/\/antcube.shop\/et\/wp-json\/wp\/v2\/comments?post=9354"}],"wp:featuredmedia":[{"embeddable":true,"href":"https:\/\/antcube.shop\/et\/wp-json\/wp\/v2\/media\/9439"}],"wp:attachment":[{"href":"https:\/\/antcube.shop\/et\/wp-json\/wp\/v2\/media?parent=9354"}],"wp:term":[{"taxonomy":"product_brand","embeddable":true,"href":"https:\/\/antcube.shop\/et\/wp-json\/wp\/v2\/product_brand?post=9354"},{"taxonomy":"product_cat","embeddable":true,"href":"https:\/\/antcube.shop\/et\/wp-json\/wp\/v2\/product_cat?post=9354"},{"taxonomy":"product_tag","embeddable":true,"href":"https:\/\/antcube.shop\/et\/wp-json\/wp\/v2\/product_tag?post=9354"}],"curies":[{"name":"wp","href":"https:\/\/api.w.org\/{rel}","templated":true}]}}