{"id":9351,"date":"2024-09-17T16:28:32","date_gmt":"2024-09-17T14:28:32","guid":{"rendered":"https:\/\/antcube.shop\/en\/product\/trinkschale-bark-9cm\/"},"modified":"2026-02-23T10:54:06","modified_gmt":"2026-02-23T09:54:06","slug":"joogikauss-koor-9cm","status":"publish","type":"product","link":"https:\/\/antcube.shop\/et\/toode\/joogikauss-koor-9cm\/","title":{"rendered":"Joogikauss Bark 9cm"},"content":{"rendered":"<p><strong>M\u00f5\u00f5tmed:<\/strong> 9cm<\/p>\n<p><strong>Materjal:<\/strong><br \/>\nPol\u00fcestervaik, toiduainetele ohutu materjal<\/p>\n<p><strong>Kirjeldus:<\/strong><br \/>\nNendes kivik\u00fclvides v\u00f5ite pakkuda sipelgatele toitu v\u00f5i veegeeli. Sileda sisemuse t\u00f5ttu on neid lihtne puhastada. Kivik\u00fclvid on valmistatud vastupidavast s\u00fcnteetilisest vaigust ja sipelgad ei saa neid h\u00e4vitada.<\/p>","protected":false},"excerpt":{"rendered":"<p><strong>Suurus:<\/strong> 9 x 9 x 3 cm<\/p>","protected":false},"featured_media":9445,"comment_status":"open","ping_status":"closed","template":"","meta":{"_acf_changed":false,"content-type":"","_monsterinsights_skip_tracking":false,"_monsterinsights_sitenote_active":false,"_monsterinsights_sitenote_note":"","_monsterinsights_sitenote_category":0},"product_brand":[],"product_cat":[115,118],"product_tag":[],"class_list":{"0":"post-9351","1":"product","2":"type-product","3":"status-publish","4":"has-post-thumbnail","6":"product_cat-food-and-feeding","7":"product_cat-feeding-bowls","9":"first","10":"instock","11":"taxable","12":"shipping-taxable","13":"purchasable","14":"product-type-simple"},"acf":[],"aioseo_notices":[],"jetpack_sharing_enabled":true,"_links":{"self":[{"href":"https:\/\/antcube.shop\/et\/wp-json\/wp\/v2\/product\/9351","targetHints":{"allow":["GET"]}}],"collection":[{"href":"https:\/\/antcube.shop\/et\/wp-json\/wp\/v2\/product"}],"about":[{"href":"https:\/\/antcube.shop\/et\/wp-json\/wp\/v2\/types\/product"}],"replies":[{"embeddable":true,"href":"https:\/\/antcube.shop\/et\/wp-json\/wp\/v2\/comments?post=9351"}],"wp:featuredmedia":[{"embeddable":true,"href":"https:\/\/antcube.shop\/et\/wp-json\/wp\/v2\/media\/9445"}],"wp:attachment":[{"href":"https:\/\/antcube.shop\/et\/wp-json\/wp\/v2\/media?parent=9351"}],"wp:term":[{"taxonomy":"product_brand","embeddable":true,"href":"https:\/\/antcube.shop\/et\/wp-json\/wp\/v2\/product_brand?post=9351"},{"taxonomy":"product_cat","embeddable":true,"href":"https:\/\/antcube.shop\/et\/wp-json\/wp\/v2\/product_cat?post=9351"},{"taxonomy":"product_tag","embeddable":true,"href":"https:\/\/antcube.shop\/et\/wp-json\/wp\/v2\/product_tag?post=9351"}],"curies":[{"name":"wp","href":"https:\/\/api.w.org\/{rel}","templated":true}]}}