{"id":9349,"date":"2024-09-17T16:27:32","date_gmt":"2024-09-17T14:27:32","guid":{"rendered":"https:\/\/antcube.shop\/en\/product\/antcube-popcorn-nest-60x30-l\/"},"modified":"2026-03-02T09:48:53","modified_gmt":"2026-03-02T08:48:53","slug":"antcube-popkornipesa-60x30-l","status":"publish","type":"product","link":"https:\/\/antcube.shop\/et\/toode\/antcube-popkornipesa-60x30-l\/","title":{"rendered":"ANTCUBE - Popkornipesa 60\u00d730 - L"},"content":{"rendered":"<p><strong>M\u00f5\u00f5tmed:<\/strong> 583x237x19 mm<\/p>\n<p><strong>Materjal:<\/strong> Sahharoosi ja valkudega pressitud popkorn<\/p>\n<p><strong>Sobib ainult<\/strong> meie suurus L sipelgafarmid<\/p>\n<p><strong>Kirjeldus:<\/strong> See popkornipesa, millel on kokkupandavad k\u00e4igud ja kambrid, sobib ideaalselt n\u00e4iteks Messor-sipelgate, aga ka teiste sipelgaliikide jaoks, kes koguvad terasid. Sellel on pessa juurdep\u00e4\u00e4suks auk. Popkornipesa imab endasse niiskust ja v\u00f5ib seet\u00f5ttu kokku t\u00f5mbuda, nii et<strong> seda tuleks alati hoida kuivana.<\/strong> Messor barbarus v\u00f5tab meie ANTCUBE popkornipesa v\u00e4ga h\u00e4sti vastu kui viljapesa. Aja jooksul hakkavad sipelgad popkornipesa laiendama ja s\u00f6\u00f6vad end l\u00e4bi pesamaterjali.<\/p>\n<p>Popkornipesa tuleks kasutada ainult selliste sipelgaliikide puhul, kes vajavad v\u00e4ga v\u00e4he v\u00f5i \u00fcldse mitte niiskust pesa piirkonnas.<\/p>","protected":false},"excerpt":{"rendered":"<p><strong>Suurus: L<\/strong><\/p>","protected":false},"featured_media":9449,"comment_status":"open","ping_status":"closed","template":"","meta":{"_acf_changed":false,"content-type":"","_monsterinsights_skip_tracking":false,"_monsterinsights_sitenote_active":false,"_monsterinsights_sitenote_note":"","_monsterinsights_sitenote_category":0},"product_brand":[484],"product_cat":[257,344,87],"product_tag":[],"class_list":{"0":"post-9349","1":"product","2":"type-product","3":"status-publish","4":"has-post-thumbnail","6":"product_brand-antcube","7":"product_cat-new-innovatve-products","8":"product_cat-popcorn","9":"product_cat-nest-insets","11":"first","12":"instock","13":"taxable","14":"shipping-taxable","15":"purchasable","16":"product-type-simple"},"acf":[],"aioseo_notices":[],"jetpack_sharing_enabled":true,"_links":{"self":[{"href":"https:\/\/antcube.shop\/et\/wp-json\/wp\/v2\/product\/9349","targetHints":{"allow":["GET"]}}],"collection":[{"href":"https:\/\/antcube.shop\/et\/wp-json\/wp\/v2\/product"}],"about":[{"href":"https:\/\/antcube.shop\/et\/wp-json\/wp\/v2\/types\/product"}],"replies":[{"embeddable":true,"href":"https:\/\/antcube.shop\/et\/wp-json\/wp\/v2\/comments?post=9349"}],"wp:featuredmedia":[{"embeddable":true,"href":"https:\/\/antcube.shop\/et\/wp-json\/wp\/v2\/media\/9449"}],"wp:attachment":[{"href":"https:\/\/antcube.shop\/et\/wp-json\/wp\/v2\/media?parent=9349"}],"wp:term":[{"taxonomy":"product_brand","embeddable":true,"href":"https:\/\/antcube.shop\/et\/wp-json\/wp\/v2\/product_brand?post=9349"},{"taxonomy":"product_cat","embeddable":true,"href":"https:\/\/antcube.shop\/et\/wp-json\/wp\/v2\/product_cat?post=9349"},{"taxonomy":"product_tag","embeddable":true,"href":"https:\/\/antcube.shop\/et\/wp-json\/wp\/v2\/product_tag?post=9349"}],"curies":[{"name":"wp","href":"https:\/\/api.w.org\/{rel}","templated":true}]}}