{"id":9346,"date":"2024-09-17T16:26:01","date_gmt":"2024-09-17T14:26:01","guid":{"rendered":"https:\/\/antcube.shop\/en\/product\/ameisenarena-abdeckung-30x15\/"},"modified":"2026-04-09T14:37:43","modified_gmt":"2026-04-09T12:37:43","slug":"ameisenarena-abdeckung-30x15","status":"publish","type":"product","link":"https:\/\/antcube.shop\/et\/toode\/ameisenarena-abdeckung-30x15\/","title":{"rendered":"Sipelgate areeni katmine 30\u00d715"},"content":{"rendered":"<p><strong>M\u00f5\u00f5tmed (LxSxK):<\/strong> 30x15x0,4 cm<\/p>\n<p><strong>Materjal:<\/strong> valuklaas<\/p>\n<p><strong>V\u00e4rv:<\/strong> kristallselge \/ l\u00e4bipaistev<\/p>\n<p><strong>Sisu:<\/strong><br \/>\n1x sipelgate areeni kate<br \/>\n1x kinnituspunktid \u00e0 4 tk.<\/p>\n<p><strong>Kirjeldus:<\/strong><br \/>\nKlaaskate sipelgate areenile p\u00f5genemiskaitseks. Sobib meie seinale paigaldatud sipelgate areenidele.<\/p>\n<p><strong>Taotlus:<\/strong><br \/>\nKlaasist sipelgasareni kate pannakse sipelgasareni peale ja seda kasutatakse ka kliima reguleerimiseks.<br \/>\n50 mm avadesse saab sisestada erinevaid kliimaseadmete mooduleid, nt ventilatsiooniv\u00f5rgud, valgustus v\u00f5i niisutus.<br \/>\nEt sipelgad ei saaks avade kaudu v\u00e4lja murda, tuleks avade \u00fcmber olevale alumisele k\u00fcljele kanda kaitsevahendit (\u00f5li, pulber v\u00f5i lakk).<\/p>\n<p><strong>M\u00e4rkus:<\/strong><br \/>\nKuna ese on valmistatud klaasist ja on seet\u00f5ttu habras, tuleb seda k\u00e4sitseda v\u00e4ga ettevaatlikult.<\/p>","protected":false},"excerpt":{"rendered":"<p>M\u00f5\u00f5tmed (LxSxK): 30x15x0,4 cm Materjal: float-klaas V\u00e4rv: kristallselge \/ l\u00e4bipaistev Sisu: 1x sipelgaplatsi kate 1x kinnituspunktid \u00e0 4 tk. Kirjeldus: Klaasist kate sipelgate areenile p\u00f5genemiskaitseks. Sobib meie seinale paigaldatud sipelgasareenidele. Kasutamine: Klaasist sipelgasareeni kate pannakse sipelgasareenile ja seda kasutatakse ka","protected":false},"featured_media":9465,"comment_status":"open","ping_status":"closed","template":"","meta":{"_acf_changed":false,"content-type":"","_monsterinsights_skip_tracking":false,"_monsterinsights_sitenote_active":false,"_monsterinsights_sitenote_note":"","_monsterinsights_sitenote_category":0},"product_brand":[484],"product_cat":[91,92],"product_tag":[],"class_list":{"0":"post-9346","1":"product","2":"type-product","3":"status-publish","4":"has-post-thumbnail","6":"product_brand-antcube","7":"product_cat-formicarium-modules","8":"product_cat-arena-cover","10":"first","11":"instock","12":"taxable","13":"shipping-taxable","14":"purchasable","15":"product-type-simple"},"acf":[],"aioseo_notices":[],"jetpack_sharing_enabled":true,"_links":{"self":[{"href":"https:\/\/antcube.shop\/et\/wp-json\/wp\/v2\/product\/9346","targetHints":{"allow":["GET"]}}],"collection":[{"href":"https:\/\/antcube.shop\/et\/wp-json\/wp\/v2\/product"}],"about":[{"href":"https:\/\/antcube.shop\/et\/wp-json\/wp\/v2\/types\/product"}],"replies":[{"embeddable":true,"href":"https:\/\/antcube.shop\/et\/wp-json\/wp\/v2\/comments?post=9346"}],"wp:featuredmedia":[{"embeddable":true,"href":"https:\/\/antcube.shop\/et\/wp-json\/wp\/v2\/media\/9465"}],"wp:attachment":[{"href":"https:\/\/antcube.shop\/et\/wp-json\/wp\/v2\/media?parent=9346"}],"wp:term":[{"taxonomy":"product_brand","embeddable":true,"href":"https:\/\/antcube.shop\/et\/wp-json\/wp\/v2\/product_brand?post=9346"},{"taxonomy":"product_cat","embeddable":true,"href":"https:\/\/antcube.shop\/et\/wp-json\/wp\/v2\/product_cat?post=9346"},{"taxonomy":"product_tag","embeddable":true,"href":"https:\/\/antcube.shop\/et\/wp-json\/wp\/v2\/product_tag?post=9346"}],"curies":[{"name":"wp","href":"https:\/\/api.w.org\/{rel}","templated":true}]}}