{"id":9330,"date":"2024-09-17T16:18:59","date_gmt":"2024-09-17T14:18:59","guid":{"rendered":"https:\/\/antcube.shop\/en\/product\/alpha-ants-mini-scheibenmagnet-eckig\/"},"modified":"2026-03-31T18:19:04","modified_gmt":"2026-03-31T16:19:04","slug":"alfa-sipelgad-mini-scheibenmagnet-eckig","status":"publish","type":"product","link":"https:\/\/antcube.shop\/et\/toode\/alfa-sipelgad-mini-scheibenmagnet-eckig\/","title":{"rendered":"Alpha Ants mini kettamagnet - ruudukujuline"},"content":{"rendered":"<p><strong>Kirjeldus:<\/strong> Kas te teate probleemi: teie sipelgad on j\u00e4lle kord pesas olevad klaasid segi ajanud v\u00f5i need liivaga katnud? Selle v\u00e4ikese minikettamagnetiga saate akvaariumis olevad k\u00e4igud ja kambrid puhtaks teha.<\/p>\n<p>Need on eriti tugevad kvaliteetsed magnetid. Saate kasutada juhtmagnetit, et liigutada v\u00e4ikest puhastusmagnetit \u00fcmber formikaariumi ja puhastada m\u00e4\u00e4rdunud klaasid seestpoolt.<\/p>\n<p><strong>M\u00e4rkus:<\/strong> \u00c4rge laske magnetitel kokku p\u00f5rkuda (kokku l\u00fc\u00fca), sest need on habras.<\/p>\n<p><strong>Sisu:<\/strong> 2 eriti tugevat magnetketta (10x10x4 mm ja 3x2x2 mm)<\/p>","protected":false},"excerpt":{"rendered":"<p>Kirjeldus: Kas tunnete probleemi: Teie sipelgad on taas kord pesas olevad klaasid segi ajanud v\u00f5i need liivaga katnud? Selle v\u00e4ikese minikettamagnetiga saate akvaariumis olevad k\u00e4igud ja kambrid puhtaks teha. Need on eriti tugevad kvaliteetsed magnetid. V\u00f5ite kasutada juhtmagnetit, et liigutada","protected":false},"featured_media":9804,"comment_status":"open","ping_status":"closed","template":"","meta":{"_acf_changed":false,"content-type":"","_monsterinsights_skip_tracking":false,"_monsterinsights_sitenote_active":false,"_monsterinsights_sitenote_note":"","_monsterinsights_sitenote_category":0},"product_brand":[],"product_cat":[237],"product_tag":[],"class_list":{"0":"post-9330","1":"product","2":"type-product","3":"status-publish","4":"has-post-thumbnail","6":"product_cat-tools","8":"first","9":"instock","10":"taxable","11":"shipping-taxable","12":"purchasable","13":"product-type-simple"},"acf":[],"aioseo_notices":[],"jetpack_sharing_enabled":true,"_links":{"self":[{"href":"https:\/\/antcube.shop\/et\/wp-json\/wp\/v2\/product\/9330","targetHints":{"allow":["GET"]}}],"collection":[{"href":"https:\/\/antcube.shop\/et\/wp-json\/wp\/v2\/product"}],"about":[{"href":"https:\/\/antcube.shop\/et\/wp-json\/wp\/v2\/types\/product"}],"replies":[{"embeddable":true,"href":"https:\/\/antcube.shop\/et\/wp-json\/wp\/v2\/comments?post=9330"}],"wp:featuredmedia":[{"embeddable":true,"href":"https:\/\/antcube.shop\/et\/wp-json\/wp\/v2\/media\/9804"}],"wp:attachment":[{"href":"https:\/\/antcube.shop\/et\/wp-json\/wp\/v2\/media?parent=9330"}],"wp:term":[{"taxonomy":"product_brand","embeddable":true,"href":"https:\/\/antcube.shop\/et\/wp-json\/wp\/v2\/product_brand?post=9330"},{"taxonomy":"product_cat","embeddable":true,"href":"https:\/\/antcube.shop\/et\/wp-json\/wp\/v2\/product_cat?post=9330"},{"taxonomy":"product_tag","embeddable":true,"href":"https:\/\/antcube.shop\/et\/wp-json\/wp\/v2\/product_tag?post=9330"}],"curies":[{"name":"wp","href":"https:\/\/api.w.org\/{rel}","templated":true}]}}