{"id":9329,"date":"2024-09-17T16:18:36","date_gmt":"2024-09-17T14:18:36","guid":{"rendered":"https:\/\/antcube.shop\/en\/product\/alpha-ants-mini-scheibenmagnet-rund\/"},"modified":"2026-04-20T09:58:01","modified_gmt":"2026-04-20T07:58:01","slug":"alfa-sipelgad-mini-ketas-magnet-ummargune","status":"publish","type":"product","link":"https:\/\/antcube.shop\/et\/toode\/alfa-sipelgad-mini-ketas-magnet-ummargune\/","title":{"rendered":"Alpha Ants mini kettamagnet - \u00fcmmargune"},"content":{"rendered":"<p><strong>Kirjeldus:<\/strong> Kas olete tuttav probleemiga: teie sipelgad on taas kord pesas olevad klaasid segi ajanud v\u00f5i need liivaga katnud? Nende v\u00e4ikeste 10x10x4 mm ja 4x4x2 mm minikettamagnetitega saate akvaariumis olevad k\u00e4igud ja kambrid taas puhtaks teha.<\/p>\n<p>Need on eriti tugevad kvaliteetsed magnetid. Saate kasutada juhtmagnetit, et liigutada v\u00e4ikest puhastusmagnetit \u00fcmber formikaariumi ja puhastada m\u00e4\u00e4rdunud klaasid seestpoolt.<\/p>\n<p><strong>M\u00e4rkus:<\/strong> \u00c4rge laske magnetitel kokku p\u00f5rkuda (kokku l\u00fc\u00fca), sest need on habras.<\/p>\n<p><strong>Sisu:<\/strong> 2x vildiga kaetud ekstra tugev ketasmagnetid.<\/p>","protected":false},"excerpt":{"rendered":"<p>Kirjeldus: Kas olete tuttav probleemiga: teie sipelgad on taas kord pesas olevad klaasid segi ajanud v\u00f5i need liivaga katnud? Nende v\u00e4ikeste 10x10x4 mm ja 4x4x2 mm minikettamagnetitega saate akvaariumis olevad k\u00e4igud ja kambrid taas puhtaks teha. Need on eriti tugevad kvaliteetsed magnetid. Sa","protected":false},"featured_media":9810,"comment_status":"open","ping_status":"closed","template":"","meta":{"_acf_changed":false,"content-type":"","_monsterinsights_skip_tracking":false,"_monsterinsights_sitenote_active":false,"_monsterinsights_sitenote_note":"","_monsterinsights_sitenote_category":0},"product_brand":[],"product_cat":[237],"product_tag":[],"class_list":{"0":"post-9329","1":"product","2":"type-product","3":"status-publish","4":"has-post-thumbnail","6":"product_cat-tools","8":"first","9":"instock","10":"taxable","11":"shipping-taxable","12":"purchasable","13":"product-type-simple"},"acf":[],"aioseo_notices":[],"jetpack_sharing_enabled":true,"_links":{"self":[{"href":"https:\/\/antcube.shop\/et\/wp-json\/wp\/v2\/product\/9329","targetHints":{"allow":["GET"]}}],"collection":[{"href":"https:\/\/antcube.shop\/et\/wp-json\/wp\/v2\/product"}],"about":[{"href":"https:\/\/antcube.shop\/et\/wp-json\/wp\/v2\/types\/product"}],"replies":[{"embeddable":true,"href":"https:\/\/antcube.shop\/et\/wp-json\/wp\/v2\/comments?post=9329"}],"wp:featuredmedia":[{"embeddable":true,"href":"https:\/\/antcube.shop\/et\/wp-json\/wp\/v2\/media\/9810"}],"wp:attachment":[{"href":"https:\/\/antcube.shop\/et\/wp-json\/wp\/v2\/media?parent=9329"}],"wp:term":[{"taxonomy":"product_brand","embeddable":true,"href":"https:\/\/antcube.shop\/et\/wp-json\/wp\/v2\/product_brand?post=9329"},{"taxonomy":"product_cat","embeddable":true,"href":"https:\/\/antcube.shop\/et\/wp-json\/wp\/v2\/product_cat?post=9329"},{"taxonomy":"product_tag","embeddable":true,"href":"https:\/\/antcube.shop\/et\/wp-json\/wp\/v2\/product_tag?post=9329"}],"curies":[{"name":"wp","href":"https:\/\/api.w.org\/{rel}","templated":true}]}}