{"id":9322,"date":"2024-09-17T16:15:47","date_gmt":"2024-09-17T14:15:47","guid":{"rendered":"https:\/\/antcube.shop\/en\/product\/formicarienunterlage-60x6cm\/"},"modified":"2026-04-07T13:04:47","modified_gmt":"2026-04-07T11:04:47","slug":"formicarium-pad-60x6cm","status":"publish","type":"product","link":"https:\/\/antcube.shop\/et\/toode\/formicarium-pad-60x6cm\/","title":{"rendered":"Formicarium pad - 60x6cm"},"content":{"rendered":"<p><strong>M\u00f5\u00f5tmed:<\/strong> 590 x 60 x 4mm<\/p>\n<p><strong>Materjal:<\/strong> PE-vaht<\/p>\n<p><strong>V\u00e4rv:<\/strong> hall<\/p>\n<p><strong>Sisu:<\/strong> 1 tk.<\/p>\n<p><strong>Kirjeldus:<\/strong><br \/>\nFormicarium vaipkate on valmistatud pehmest vahtplastist.<br \/>\nSee kaitseb nii formikaariumi kui ka m\u00f6\u00f6blit, millel formikaarium seisab, kriimustuste eest.<br \/>\nVaibapadi toimib ka soojusisolatsioonina, mis kompenseerib v\u00e4ikseimatki ebatasasust ja kaitseb ka vibratsiooni eest.<\/p>","protected":false},"excerpt":{"rendered":"<p>M\u00f5\u00f5tmed: Materjal: 590 x 60 x 4mm: Materjal: PE vaht V\u00e4rv: hall Sisu: Materjal: PE vaht: 1 tk. Kirjeldus: Formicarium vaipkate on valmistatud pehmest vahust. See kaitseb nii formikaariumi kui ka m\u00f6\u00f6blit, millel formikaarium seisab, kriimustuste eest. Vaibapadi toimib ka soojusisolatsioonina, mis kompenseerib v\u00e4himadki ebatasasused ja","protected":false},"featured_media":9823,"comment_status":"open","ping_status":"closed","template":"","meta":{"_acf_changed":false,"content-type":"","_monsterinsights_skip_tracking":false,"_monsterinsights_sitenote_active":false,"_monsterinsights_sitenote_note":"","_monsterinsights_sitenote_category":0},"product_brand":[484],"product_cat":[119,239],"product_tag":[],"class_list":{"0":"post-9322","1":"product","2":"type-product","3":"status-publish","4":"has-post-thumbnail","6":"product_brand-antcube","7":"product_cat-formicarium-components","8":"product_cat-useful-additions","10":"first","11":"instock","12":"taxable","13":"shipping-taxable","14":"purchasable","15":"product-type-simple"},"acf":[],"aioseo_notices":[],"jetpack_sharing_enabled":true,"_links":{"self":[{"href":"https:\/\/antcube.shop\/et\/wp-json\/wp\/v2\/product\/9322","targetHints":{"allow":["GET"]}}],"collection":[{"href":"https:\/\/antcube.shop\/et\/wp-json\/wp\/v2\/product"}],"about":[{"href":"https:\/\/antcube.shop\/et\/wp-json\/wp\/v2\/types\/product"}],"replies":[{"embeddable":true,"href":"https:\/\/antcube.shop\/et\/wp-json\/wp\/v2\/comments?post=9322"}],"wp:featuredmedia":[{"embeddable":true,"href":"https:\/\/antcube.shop\/et\/wp-json\/wp\/v2\/media\/9823"}],"wp:attachment":[{"href":"https:\/\/antcube.shop\/et\/wp-json\/wp\/v2\/media?parent=9322"}],"wp:term":[{"taxonomy":"product_brand","embeddable":true,"href":"https:\/\/antcube.shop\/et\/wp-json\/wp\/v2\/product_brand?post=9322"},{"taxonomy":"product_cat","embeddable":true,"href":"https:\/\/antcube.shop\/et\/wp-json\/wp\/v2\/product_cat?post=9322"},{"taxonomy":"product_tag","embeddable":true,"href":"https:\/\/antcube.shop\/et\/wp-json\/wp\/v2\/product_tag?post=9322"}],"curies":[{"name":"wp","href":"https:\/\/api.w.org\/{rel}","templated":true}]}}