{"id":9319,"date":"2024-09-17T16:14:42","date_gmt":"2024-09-17T14:14:42","guid":{"rendered":"https:\/\/antcube.shop\/en\/product\/antcube-rote-folie-60x30-filter\/"},"modified":"2026-03-31T09:51:35","modified_gmt":"2026-03-31T07:51:35","slug":"antcube-rote-folie-60x30-filter","status":"publish","type":"product","link":"https:\/\/antcube.shop\/et\/toode\/antcube-rote-folie-60x30-filter\/","title":{"rendered":"ANTCUBE - Punane foolium 60\u00d730 - Filter"},"content":{"rendered":"<p><strong>M\u00f5\u00f5tmed:<\/strong> 59x24cm<\/p>\n<p><strong>Materjal:<\/strong> PVC<\/p>\n<p><strong>Kirjeldus:<\/strong> Punast l\u00e4bipaistvat kile kasutatakse selleks, et anda sipelgatele maa-alune tunne. Seet\u00f5ttu soovitame seda toodet kasutada v\u00e4hemalt osaliselt pesa piirkonnas. Sellegipoolest on sipelgad pesas endiselt h\u00f5lpsasti j\u00e4lgitavad. T\u00e4pselt ANTCUBE \"Ant farm 60x30cm S\/M\/L - p\u00fcstine\" m\u00f5\u00f5tu l\u00f5igatud.<\/p>\n<p>Sellel filtrikilel on parem valgusfiltri efekt kui tavalisel kattekilel. Temperatuurikindel kuni 180\u00b0C<\/p>\n<p>Filtrikile kinnitub kergelt ja \u00fchtlaselt surudes ise talu v\u00f5i pesapinna k\u00fclge. Alternatiivina sobib kinnitamiseks l\u00e4bipaistev kleeplint. Lihtsalt kinnitage see kahe v\u00e4ikese ribaga \u00fclanurkadesse, nii et kile saab hiljem t\u00f5sta, et paremini pesapaika n\u00e4ha.<\/p>","protected":false},"excerpt":{"rendered":"<p>M\u00f5\u00f5tmed: Materjal: 59x24cm: Materjal: PVC Kirjeldus: PVC: Punane l\u00e4bipaistev kile on kasutatud selleks, et anda sipelgatele maa-alune tunne. Seet\u00f5ttu soovitame seda toodet kasutada v\u00e4hemalt osaliselt pesa piirkonnas. Sellegipoolest on sipelgad pesas endiselt h\u00f5lpsasti j\u00e4lgitavad. T\u00e4pselt ANTCUBE \"Ant farm 60x30cm S\/M\/L - p\u00fcstine\" m\u00f5\u00f5tu l\u00f5igatud. See","protected":false},"featured_media":9826,"comment_status":"open","ping_status":"closed","template":"","meta":{"_acf_changed":false,"content-type":"","_monsterinsights_skip_tracking":false,"_monsterinsights_sitenote_active":false,"_monsterinsights_sitenote_note":"","_monsterinsights_sitenote_category":0},"product_brand":[],"product_cat":[119,239],"product_tag":[],"class_list":{"0":"post-9319","1":"product","2":"type-product","3":"status-publish","4":"has-post-thumbnail","6":"product_cat-formicarium-components","7":"product_cat-useful-additions","9":"first","10":"instock","11":"taxable","12":"shipping-taxable","13":"purchasable","14":"product-type-simple"},"acf":[],"aioseo_notices":[],"jetpack_sharing_enabled":true,"_links":{"self":[{"href":"https:\/\/antcube.shop\/et\/wp-json\/wp\/v2\/product\/9319","targetHints":{"allow":["GET"]}}],"collection":[{"href":"https:\/\/antcube.shop\/et\/wp-json\/wp\/v2\/product"}],"about":[{"href":"https:\/\/antcube.shop\/et\/wp-json\/wp\/v2\/types\/product"}],"replies":[{"embeddable":true,"href":"https:\/\/antcube.shop\/et\/wp-json\/wp\/v2\/comments?post=9319"}],"wp:featuredmedia":[{"embeddable":true,"href":"https:\/\/antcube.shop\/et\/wp-json\/wp\/v2\/media\/9826"}],"wp:attachment":[{"href":"https:\/\/antcube.shop\/et\/wp-json\/wp\/v2\/media?parent=9319"}],"wp:term":[{"taxonomy":"product_brand","embeddable":true,"href":"https:\/\/antcube.shop\/et\/wp-json\/wp\/v2\/product_brand?post=9319"},{"taxonomy":"product_cat","embeddable":true,"href":"https:\/\/antcube.shop\/et\/wp-json\/wp\/v2\/product_cat?post=9319"},{"taxonomy":"product_tag","embeddable":true,"href":"https:\/\/antcube.shop\/et\/wp-json\/wp\/v2\/product_tag?post=9319"}],"curies":[{"name":"wp","href":"https:\/\/api.w.org\/{rel}","templated":true}]}}