{"id":9317,"date":"2024-09-17T16:13:59","date_gmt":"2024-09-17T14:13:59","guid":{"rendered":"https:\/\/antcube.shop\/en\/product\/ameisen-ausbruchsschutz-set\/"},"modified":"2026-04-05T12:30:32","modified_gmt":"2026-04-05T10:30:32","slug":"sipelgapoletiku-kaitse-komplekt","status":"publish","type":"product","link":"https:\/\/antcube.shop\/et\/toode\/sipelgapoletiku-kaitse-komplekt\/","title":{"rendered":"Sipelgap\u00f5lengute kaitsekomplekt"},"content":{"rendered":"<p><strong>Sisu:<\/strong><br \/>\n1x sipelgap\u00f5letiku kaitse\u00f5li 10ml (petrooleumi\u00f5li baasil)<br \/>\n1x sipelgap\u00f5letiku kaitsepulber 10ml (talkumip\u00f5hine)<br \/>\n1x sipelgap\u00f5letiku kaitselakk 10ml (PTFE-p\u00f5hine)<br \/>\n3x spetsiaalne vahupintsel puhangute kaitsematerjali pealekandmiseks<br \/>\n3x segamismahuti doseerimiseks v\u00f5i segamiseks.<\/p>\n<p><strong>Kirjeldus:<\/strong> Oleme kokku pannud v\u00e4ikese komplekti k\u00f5ige t\u00f5husamatest puhangut\u00f5rje materjalidest, et saaksite testida, milline puhangut\u00f5rje sobib k\u00f5ige paremini teie konkreetsele kolooniale.<\/p>\n<p><a href=\"https:\/\/www.antstore.net\/shop\/images\/documents\/ant%20escape%20protection%20lacquer%20EN.pdf\">Ohutuskaart sipelgap\u00f5letikuv\u00e4rvi kohta (inglise keeles), (PDF 0,2 MB)<\/a><br \/>\n(Sisaldab: ohutusjuhiseid)<\/p>\n<p><a href=\"https:\/\/www.antstore.net\/shop\/images\/documents\/ant_escape_protection_oil_en.pdf\">Ant Outbreak Protection Oil ohutuskaart (inglise keeles) , (PDF 0,1 MB)<\/a><br \/>\n(Sisaldab: ohutusjuhiseid)<\/p>","protected":false},"excerpt":{"rendered":"<p>Sisu: 1x sipelgap\u00f5letikukaitse\u00f5li 10ml (petrooleumi\u00f5li baasil) 1x sipelgap\u00f5letikukaitsepulber 10ml (talkumip\u00f5hine) 1x sipelgap\u00f5letikukaitselakk 10ml (PTFE-p\u00f5hine) 3x spetsiaalne vahupintsel sipelgap\u00f5letikukaitsevahendi pealekandmiseks 3x segamismahuti doseerimiseks v\u00f5i segamiseks. Kirjeldus: Oleme kokku pannud v\u00e4ikese komplekti k\u00f5ige t\u00f5husamast haiguspuhangu t\u00f5rjevahendist","protected":false},"featured_media":9591,"comment_status":"open","ping_status":"closed","template":"","meta":{"_acf_changed":false,"content-type":"","_monsterinsights_skip_tracking":false,"_monsterinsights_sitenote_active":false,"_monsterinsights_sitenote_note":"","_monsterinsights_sitenote_category":0},"product_brand":[484],"product_cat":[237],"product_tag":[],"class_list":{"0":"post-9317","1":"product","2":"type-product","3":"status-publish","4":"has-post-thumbnail","6":"product_brand-antcube","7":"product_cat-tools","9":"first","10":"instock","11":"taxable","12":"shipping-taxable","13":"purchasable","14":"product-type-simple"},"acf":[],"aioseo_notices":[],"jetpack_sharing_enabled":true,"_links":{"self":[{"href":"https:\/\/antcube.shop\/et\/wp-json\/wp\/v2\/product\/9317","targetHints":{"allow":["GET"]}}],"collection":[{"href":"https:\/\/antcube.shop\/et\/wp-json\/wp\/v2\/product"}],"about":[{"href":"https:\/\/antcube.shop\/et\/wp-json\/wp\/v2\/types\/product"}],"replies":[{"embeddable":true,"href":"https:\/\/antcube.shop\/et\/wp-json\/wp\/v2\/comments?post=9317"}],"wp:featuredmedia":[{"embeddable":true,"href":"https:\/\/antcube.shop\/et\/wp-json\/wp\/v2\/media\/9591"}],"wp:attachment":[{"href":"https:\/\/antcube.shop\/et\/wp-json\/wp\/v2\/media?parent=9317"}],"wp:term":[{"taxonomy":"product_brand","embeddable":true,"href":"https:\/\/antcube.shop\/et\/wp-json\/wp\/v2\/product_brand?post=9317"},{"taxonomy":"product_cat","embeddable":true,"href":"https:\/\/antcube.shop\/et\/wp-json\/wp\/v2\/product_cat?post=9317"},{"taxonomy":"product_tag","embeddable":true,"href":"https:\/\/antcube.shop\/et\/wp-json\/wp\/v2\/product_tag?post=9317"}],"curies":[{"name":"wp","href":"https:\/\/api.w.org\/{rel}","templated":true}]}}