{"id":9316,"date":"2024-09-17T16:13:38","date_gmt":"2024-09-17T14:13:38","guid":{"rendered":"https:\/\/antcube.shop\/en\/product\/ameisen-ausbruchsschutz-lack-10ml\/"},"modified":"2026-04-16T09:54:47","modified_gmt":"2026-04-16T07:54:47","slug":"ameisen-ausbruchsschutz-lack-10ml","status":"publish","type":"product","link":"https:\/\/antcube.shop\/et\/toode\/ameisen-ausbruchsschutz-lack-10ml\/","title":{"rendered":"Sipelgap\u00f5letiku kaitse lakk 10ml"},"content":{"rendered":"<p><strong>Sisu:<\/strong> 10 ml (piisavalt lahjendamata umbes 10 meetri pikkuse 20 mm laiuse riba jaoks).<\/p>\n<p><strong>V\u00e4rv:<\/strong> piimjas valge<\/p>\n<p><strong>Materjal:<\/strong> PTFE-p\u00f5hine<\/p>\n<p><strong>Kirjeldus:<\/strong> Lakk on sipelgate jaoks ideaalne v\u00e4ljapurunemisvastane kaitse; seda t\u00fc\u00fcpi plasti, mida kasutatakse sageli ka liimivastase kaitsena - seda soovitavad ka teadlased H\u00f6lldobler ja Wilson sipelgate pidamisel v\u00e4ljapurunemisvastase kaitsena. Sipelgad ei leia pealekantud kilest pidamist ja libisevad maha. Kate on kauakestev ja seet\u00f5ttu ei pea seda nii tihti uuendama kui teisi alternatiive.<\/p>\n<p><strong>Eelis:<\/strong><br \/>\n- Kui seda kasutatakse puhtalt, ei ole uuendamine vajalik.<br \/>\n- Ideaalne klaaspindadele.<\/p>\n<p><strong>Puudus:<\/strong><br \/>\n- Ei sobi k\u00f5rge \u00f5huniiskusega formikaria puhul, kuna lakk on vees lahustuv.<br \/>\n- Lakk ei sobi nii h\u00e4sti plastpindadele, kuna need on iset\u00f5mbuvad.<br \/>\n- V\u00e4rvimist tuleb eelnevalt harjutada, sest \"lakitud\" pind ei tohi muutuda karedaks ega kriimustada.<\/p>\n<p><strong>Taotlus:<\/strong> Enne kasutamist h\u00e4sti loksutada. Lakki v\u00f5ib kasutada nii, nagu see on tarnitud, v\u00f5i lahjendada veega maksimaalselt 1:10. Seda v\u00f5ib kanda pintsliga v\u00f5i lihtsalt tilgutada ettevaatlikult t\u00f6\u00f6deldavatele pindadele. Kile peaks olema servast umbes 3 korda nii lai kui sipelgad on pikad. K\u00f5ige lihtsam viis on maskeerida ala kleeplindiga ja kanda v\u00e4rv peale lamades. Kuivamisaeg \u00fche k\u00fclje kohta on umbes 45 minutit, kuid v\u00f5ib veidi erineda s\u00f5ltuvalt pealekandmise paksusest.<\/p>\n<p><strong>Oluline m\u00e4rkus:<\/strong> V\u00e4ltida kokkupuudet silmadega. Silmadega kokkupuute korral loputada kohe rohke veega ja p\u00f6\u00f6rduda arsti poole. Mitte suitsetada kasutamise ajal. Kasutada ainult h\u00e4sti ventileeritud ruumides. Hoida lastele k\u00e4ttesaamatus kohas! V\u00e4rv v\u00f5ib miinuskraadide juures p\u00f6\u00f6rdumatult muuta oma konsistentsi. Seet\u00f5ttu tarnime ainult temperatuuril \u00fcle 0\u00b0C!<\/p>\n<p><a href=\"https:\/\/www.antstore.net\/shop\/images\/documents\/ant%20escape%20protection%20lacquer%20EN.pdf\">Ant Outbreak Protection Paint ohutuskaart (inglise keeles) , (PDF 0,2 MB)<\/a><br \/>\n(Sisaldab: ohutusjuhiseid)<\/p>\n<p>&nbsp;<\/p>","protected":false},"excerpt":{"rendered":"<p>Sisu: 10 ml (piisavalt lahjendamata umbes 10 meetri 20 mm laiuse ribade jaoks) V\u00e4rv: piimjas valge Materjal: Kirjeldus: PTFE-p\u00f5hine: Lakk on ideaalne v\u00e4ljapurunemisvastane kaitse sipelgate jaoks; selline plast, mida kasutatakse sageli ka liimivastase kaitsena - seda soovitavad ka teadlased H\u00f6lldobler ja Wilson v\u00e4ljapurunemisvastase kaitsena sipelgates","protected":false},"featured_media":9592,"comment_status":"open","ping_status":"closed","template":"","meta":{"_acf_changed":false,"content-type":"","_monsterinsights_skip_tracking":false,"_monsterinsights_sitenote_active":false,"_monsterinsights_sitenote_note":"","_monsterinsights_sitenote_category":0},"product_brand":[484],"product_cat":[237],"product_tag":[],"class_list":{"0":"post-9316","1":"product","2":"type-product","3":"status-publish","4":"has-post-thumbnail","6":"product_brand-antcube","7":"product_cat-tools","9":"first","10":"instock","11":"taxable","12":"shipping-taxable","13":"purchasable","14":"product-type-simple"},"acf":[],"aioseo_notices":[],"jetpack_sharing_enabled":true,"_links":{"self":[{"href":"https:\/\/antcube.shop\/et\/wp-json\/wp\/v2\/product\/9316","targetHints":{"allow":["GET"]}}],"collection":[{"href":"https:\/\/antcube.shop\/et\/wp-json\/wp\/v2\/product"}],"about":[{"href":"https:\/\/antcube.shop\/et\/wp-json\/wp\/v2\/types\/product"}],"replies":[{"embeddable":true,"href":"https:\/\/antcube.shop\/et\/wp-json\/wp\/v2\/comments?post=9316"}],"wp:featuredmedia":[{"embeddable":true,"href":"https:\/\/antcube.shop\/et\/wp-json\/wp\/v2\/media\/9592"}],"wp:attachment":[{"href":"https:\/\/antcube.shop\/et\/wp-json\/wp\/v2\/media?parent=9316"}],"wp:term":[{"taxonomy":"product_brand","embeddable":true,"href":"https:\/\/antcube.shop\/et\/wp-json\/wp\/v2\/product_brand?post=9316"},{"taxonomy":"product_cat","embeddable":true,"href":"https:\/\/antcube.shop\/et\/wp-json\/wp\/v2\/product_cat?post=9316"},{"taxonomy":"product_tag","embeddable":true,"href":"https:\/\/antcube.shop\/et\/wp-json\/wp\/v2\/product_tag?post=9316"}],"curies":[{"name":"wp","href":"https:\/\/api.w.org\/{rel}","templated":true}]}}