{"id":9315,"date":"2024-09-17T16:13:12","date_gmt":"2024-09-17T14:13:12","guid":{"rendered":"https:\/\/antcube.shop\/en\/product\/ameisen-ausbruchsschutz-pulver-10ml\/"},"modified":"2026-04-13T09:34:21","modified_gmt":"2026-04-13T07:34:21","slug":"sipelgapogenemise-kaitsepulber-10ml","status":"publish","type":"product","link":"https:\/\/antcube.shop\/et\/toode\/sipelgapogenemise-kaitsepulber-10ml\/","title":{"rendered":"Sipelgap\u00f5genemise kaitsepulber 10ml"},"content":{"rendered":"<p><strong>Sisu:<\/strong> 8g\/10ml (piisav umbes \u00fche meetri pikkuse 2 cm laiuse ribade jaoks).<\/p>\n<p><strong>V\u00e4rv:<\/strong> valge, matt<\/p>\n<p><strong>Materjal:<\/strong> talkumip\u00f5hine<\/p>\n<p><strong>Kirjeldus:<\/strong> Pulber takistab sipelgate v\u00e4ljamurdmist, kui segada pulber veega ja kanda seda pintsliga umbes 1 cm allpool formikariumi siseserva. Vesi aurustub ja j\u00e4rele j\u00e4\u00e4b peenike kiht talgipulbrit.<\/p>\n<p><strong>Eelis:<\/strong> v\u00e4ga t\u00f5hus, kauakestev<\/p>\n<p><strong>Puudus:<\/strong> Pulbriline kiht v\u00f5ib maha tulla, kui formikariumi raputada. Vajalik on suhteliselt suur kogus v\u00f5rreldes puhkemiskaitse\u00f5li v\u00f5i -lakiga.<\/p>\n<p><strong>Taotlus:<\/strong> Kile tuleks kanda umbes 3 korda nii laiale servale, kui sipelgad on pikad.<\/p>","protected":false},"excerpt":{"rendered":"<p>Sisu: V\u00e4rv: valge, matt Materjal: talkumip\u00f5hine Kirjeldus: 8g\/10ml (piisav umbes \u00fche meetri pikkuse 2 cm laiuse ribaga): Puuder takistab sipelgate v\u00e4lja murdmist, segades pulbri veega ja kandes seda pintsliga umbes 1 cm allapoole vormitaru siseserva. Vesi aurustub ja peenike kiht","protected":false},"featured_media":9596,"comment_status":"open","ping_status":"closed","template":"","meta":{"_acf_changed":false,"content-type":"","_monsterinsights_skip_tracking":false,"_monsterinsights_sitenote_active":false,"_monsterinsights_sitenote_note":"","_monsterinsights_sitenote_category":0},"product_brand":[],"product_cat":[237],"product_tag":[],"class_list":{"0":"post-9315","1":"product","2":"type-product","3":"status-publish","4":"has-post-thumbnail","6":"product_cat-tools","8":"first","9":"instock","10":"taxable","11":"shipping-taxable","12":"purchasable","13":"product-type-simple"},"acf":[],"aioseo_notices":[],"jetpack_sharing_enabled":true,"_links":{"self":[{"href":"https:\/\/antcube.shop\/et\/wp-json\/wp\/v2\/product\/9315","targetHints":{"allow":["GET"]}}],"collection":[{"href":"https:\/\/antcube.shop\/et\/wp-json\/wp\/v2\/product"}],"about":[{"href":"https:\/\/antcube.shop\/et\/wp-json\/wp\/v2\/types\/product"}],"replies":[{"embeddable":true,"href":"https:\/\/antcube.shop\/et\/wp-json\/wp\/v2\/comments?post=9315"}],"wp:featuredmedia":[{"embeddable":true,"href":"https:\/\/antcube.shop\/et\/wp-json\/wp\/v2\/media\/9596"}],"wp:attachment":[{"href":"https:\/\/antcube.shop\/et\/wp-json\/wp\/v2\/media?parent=9315"}],"wp:term":[{"taxonomy":"product_brand","embeddable":true,"href":"https:\/\/antcube.shop\/et\/wp-json\/wp\/v2\/product_brand?post=9315"},{"taxonomy":"product_cat","embeddable":true,"href":"https:\/\/antcube.shop\/et\/wp-json\/wp\/v2\/product_cat?post=9315"},{"taxonomy":"product_tag","embeddable":true,"href":"https:\/\/antcube.shop\/et\/wp-json\/wp\/v2\/product_tag?post=9315"}],"curies":[{"name":"wp","href":"https:\/\/api.w.org\/{rel}","templated":true}]}}