{"id":9314,"date":"2024-09-17T16:12:51","date_gmt":"2024-09-17T14:12:51","guid":{"rendered":"https:\/\/antcube.shop\/en\/product\/gitterkappe-fein-fur-gittereinsatz-acryl-50mm\/"},"modified":"2026-02-23T10:53:58","modified_gmt":"2026-02-23T09:53:58","slug":"peene-vorega-korpus-akruulvorega-50mm-jaoks","status":"publish","type":"product","link":"https:\/\/antcube.shop\/et\/toode\/peene-vorega-korpus-akruulvorega-50mm-jaoks\/","title":{"rendered":"Peenike v\u00f5rekorv - akr\u00fc\u00fclv\u00f5rega 50mm akr\u00fc\u00fclile"},"content":{"rendered":"<p><strong>Kogus:<\/strong> 1 t\u00fckk<\/p>\n<p><strong>M\u00f5\u00f5tmed:<\/strong> 51x12mm<\/p>\n<p><strong>V\u00e4rv:<\/strong> l\u00e4bipaistev<\/p>\n<p><strong>Materjal:<\/strong> plastist<\/p>\n<p><strong>Kirjeldus:<\/strong> See v\u00e4ga peene v\u00f5rega (0,2-0,3 mm) varustatud kork \"V\u00f5rekaitsevahendi akr\u00fc\u00fcl 50 mm - l\u00e4bipaistev\" ja \"Sipelgasarena - ventilaator\" takistab v\u00e4ikeste sipelgate v\u00e4ljap\u00e4\u00e4su l\u00e4bi v\u00f5rekaitsevahendi laiade ventilatsioonil\u00f5ikude. Kork kinnitatakse sisestuse k\u00fclge altpoolt.<\/p>\n<p><strong>M\u00e4rkus:<\/strong> Pange t\u00e4hele, et seda eset saab kasutada ainult koos selle esemega: \"005044 Akr\u00fc\u00fclv\u00f5re 50 mm - l\u00e4bipaistev\" v\u00f5i \"Ant arena ventilaator\"!<\/p>","protected":false},"excerpt":{"rendered":"<p>Kogus: Suurus: 1 tk: Suurus: 51x12mm V\u00e4rv: l\u00e4bipaistev Materjal: plastik Kirjeldus: See v\u00e4ga peene v\u00f5rega (0,2-0,3 mm) varustatud kork \"Ruudukese akr\u00fc\u00fcl 50 mm - l\u00e4bipaistev\" ja \"Ant arena - ventilaator\" jaoks takistab v\u00e4ikeste sipelgate p\u00f5genemist l\u00e4bi ruudukese laiade ventilatsiooniavade. Kork kinnitatakse sisestuse k\u00fclge alates","protected":false},"featured_media":9832,"comment_status":"open","ping_status":"closed","template":"","meta":{"_acf_changed":false,"content-type":"","_monsterinsights_skip_tracking":false,"_monsterinsights_sitenote_active":false,"_monsterinsights_sitenote_note":"","_monsterinsights_sitenote_category":0},"product_brand":[485],"product_cat":[119,238],"product_tag":[],"class_list":{"0":"post-9314","1":"product","2":"type-product","3":"status-publish","4":"has-post-thumbnail","6":"product_brand-antstore","7":"product_cat-formicarium-components","8":"product_cat-grid-caps-plugs-and-inserts","10":"first","11":"instock","12":"taxable","13":"shipping-taxable","14":"purchasable","15":"product-type-simple"},"acf":[],"aioseo_notices":[],"jetpack_sharing_enabled":true,"_links":{"self":[{"href":"https:\/\/antcube.shop\/et\/wp-json\/wp\/v2\/product\/9314","targetHints":{"allow":["GET"]}}],"collection":[{"href":"https:\/\/antcube.shop\/et\/wp-json\/wp\/v2\/product"}],"about":[{"href":"https:\/\/antcube.shop\/et\/wp-json\/wp\/v2\/types\/product"}],"replies":[{"embeddable":true,"href":"https:\/\/antcube.shop\/et\/wp-json\/wp\/v2\/comments?post=9314"}],"wp:featuredmedia":[{"embeddable":true,"href":"https:\/\/antcube.shop\/et\/wp-json\/wp\/v2\/media\/9832"}],"wp:attachment":[{"href":"https:\/\/antcube.shop\/et\/wp-json\/wp\/v2\/media?parent=9314"}],"wp:term":[{"taxonomy":"product_brand","embeddable":true,"href":"https:\/\/antcube.shop\/et\/wp-json\/wp\/v2\/product_brand?post=9314"},{"taxonomy":"product_cat","embeddable":true,"href":"https:\/\/antcube.shop\/et\/wp-json\/wp\/v2\/product_cat?post=9314"},{"taxonomy":"product_tag","embeddable":true,"href":"https:\/\/antcube.shop\/et\/wp-json\/wp\/v2\/product_tag?post=9314"}],"curies":[{"name":"wp","href":"https:\/\/api.w.org\/{rel}","templated":true}]}}