{"id":9313,"date":"2024-09-17T16:12:25","date_gmt":"2024-09-17T14:12:25","guid":{"rendered":"https:\/\/antcube.shop\/en\/product\/gitterkappe-60mm-edelstahl\/"},"modified":"2026-01-12T12:43:26","modified_gmt":"2026-01-12T11:43:26","slug":"vorega-kaetud-60mm-roostevabast-terasest","status":"publish","type":"product","link":"https:\/\/antcube.shop\/et\/toode\/vorega-kaetud-60mm-roostevabast-terasest\/","title":{"rendered":"V\u00f5restikukork - 60mm - Roostevaba teras"},"content":{"rendered":"<p><strong>Kogus:<\/strong> 1 t\u00fckk<\/p>\n<p><strong>M\u00f5\u00f5tmed:<\/strong> 60 mm (sisel\u00e4bim\u00f5\u00f5t), 70\u00d78 mm (v\u00e4lism\u00f5\u00f5tmed)<\/p>\n<p><strong>V\u00e4rv:<\/strong> l\u00e4bipaistev<\/p>\n<p><strong>Materjal:<\/strong> roostevaba teras, akr\u00fc\u00fclklaas<\/p>\n<p><strong>Kirjeldus:<\/strong><br \/>\nSeda v\u00e4ga peene roostevabast terasest v\u00f5rega (0,2 mm) varustatud v\u00f5rega korki saab kinnitada pistikupessa, toru v\u00f5i vooliku otsa ja see tagab hea formikaariumi ventilatsiooni, ilma et sipelgad saaksid v\u00e4lja p\u00e4\u00e4seda. Nii roostevabast terasest v\u00f5re kui ka akr\u00fc\u00fclklaasist raam on l\u00e4bipaistvad.<\/p>\n<p><strong>M\u00e4rkus:<\/strong> Sobib ka v\u00e4ga hammustavate liikide, nagu n\u00e4iteks lehepeksja sipelgad, vastu!<\/p>\n<p>&nbsp;<\/p>","protected":false},"excerpt":{"rendered":"<p>Kogus: Suurus: 1 tk: V\u00e4rvus: l\u00e4bipaistev Materjal: roostevaba teras, akr\u00fc\u00fclklaas Kirjeldus: 40mm (sisemine l\u00e4bim\u00f5\u00f5t), 50x8mm (v\u00e4lism\u00f5\u00f5tmed): See v\u00e4ga peene roostevabast terasest v\u00f5rega (0,2 mm) v\u00f5re saab kinnitada pistikupessa, toru v\u00f5i vooliku otsa ja tagab hea formikaariumi ventilatsiooni, ilma et sipelgad p\u00e4\u00e4seksid v\u00e4lja. Nii roostevabast terasest","protected":false},"featured_media":9836,"comment_status":"open","ping_status":"closed","template":"","meta":{"_acf_changed":false,"content-type":"","_monsterinsights_skip_tracking":false,"_monsterinsights_sitenote_active":false,"_monsterinsights_sitenote_note":"","_monsterinsights_sitenote_category":0},"product_brand":[485],"product_cat":[119,238],"product_tag":[],"class_list":{"0":"post-9313","1":"product","2":"type-product","3":"status-publish","4":"has-post-thumbnail","6":"product_brand-antstore","7":"product_cat-formicarium-components","8":"product_cat-grid-caps-plugs-and-inserts","10":"first","11":"instock","12":"taxable","13":"shipping-taxable","14":"purchasable","15":"product-type-simple"},"acf":[],"aioseo_notices":[],"jetpack_sharing_enabled":true,"_links":{"self":[{"href":"https:\/\/antcube.shop\/et\/wp-json\/wp\/v2\/product\/9313","targetHints":{"allow":["GET"]}}],"collection":[{"href":"https:\/\/antcube.shop\/et\/wp-json\/wp\/v2\/product"}],"about":[{"href":"https:\/\/antcube.shop\/et\/wp-json\/wp\/v2\/types\/product"}],"replies":[{"embeddable":true,"href":"https:\/\/antcube.shop\/et\/wp-json\/wp\/v2\/comments?post=9313"}],"wp:featuredmedia":[{"embeddable":true,"href":"https:\/\/antcube.shop\/et\/wp-json\/wp\/v2\/media\/9836"}],"wp:attachment":[{"href":"https:\/\/antcube.shop\/et\/wp-json\/wp\/v2\/media?parent=9313"}],"wp:term":[{"taxonomy":"product_brand","embeddable":true,"href":"https:\/\/antcube.shop\/et\/wp-json\/wp\/v2\/product_brand?post=9313"},{"taxonomy":"product_cat","embeddable":true,"href":"https:\/\/antcube.shop\/et\/wp-json\/wp\/v2\/product_cat?post=9313"},{"taxonomy":"product_tag","embeddable":true,"href":"https:\/\/antcube.shop\/et\/wp-json\/wp\/v2\/product_tag?post=9313"}],"curies":[{"name":"wp","href":"https:\/\/api.w.org\/{rel}","templated":true}]}}