{"id":9309,"date":"2024-09-17T16:10:44","date_gmt":"2024-09-17T14:10:44","guid":{"rendered":"https:\/\/antcube.shop\/en\/product\/einsteckeinsatz-fein-fur-gittereinsatz-acryl-50-mm\/"},"modified":"2026-03-24T16:45:14","modified_gmt":"2026-03-24T15:45:14","slug":"einsteckeinsatz-fein-fur-gittereinsatz-acryl-50-mm","status":"publish","type":"product","link":"https:\/\/antcube.shop\/et\/toode\/einsteckeinsatz-fein-fur-gittereinsatz-acryl-50-mm\/","title":{"rendered":"Fine insert - akr\u00fc\u00fclv\u00f5rgustiku sisestamiseks 50 mm"},"content":{"rendered":"<p><strong>Kogus:<\/strong> 1 t\u00fckk<\/p>\n<p><strong>M\u00f5\u00f5tmed:<\/strong> 50x10mm<\/p>\n<p><strong>V\u00e4rv:<\/strong> l\u00e4bipaistev<\/p>\n<p><strong>Materjal:<\/strong> plastist<\/p>\n<p><strong>Kirjeldus:<\/strong><br \/>\nSee v\u00e4ga peene v\u00f5rgusilmaga (0,2-0,3 mm) lisa \"V\u00f5rgumaterjal 50 mm akr\u00fc\u00fcl - l\u00e4bipaistev\" takistab v\u00e4ikeste sipelgate p\u00f5genemist l\u00e4bi v\u00f5rgut\u00e4ite laiade ventilatsioonil\u00f5ikude. Sisend sisestatakse v\u00f5rkkihtide sisestusse altpoolt.<\/p>\n<p>Sobib ka v\u00e4ga hammustavate liikide, nagu n\u00e4iteks lehepeksja sipelgad, vastu!<\/p>\n<p><strong>M\u00e4rkus:<\/strong> Pange t\u00e4hele, et seda eset saab kasutada ainult koos selle esemega: \"005044 Akr\u00fc\u00fclv\u00f5re 50 mm - l\u00e4bipaistev\"!<\/p>","protected":false},"excerpt":{"rendered":"<p>Kogus: Suurus: 1 tk: Suurus: 50x10mm V\u00e4rv: l\u00e4bipaistev Materjal: plastik Kirjeldus: 50x10mm: See v\u00e4ga peene v\u00f5rgusilmaga (0,2-0,3 mm) lisa \"V\u00f5rgumaterjalist akr\u00fc\u00fcl 50 mm - l\u00e4bipaistev\" takistab v\u00e4ikeste sipelgate p\u00f5genemist l\u00e4bi v\u00f5rgut\u00e4ite laiade ventilatsioonil\u00f5ikude. Sisend sisestatakse v\u00f5rkpessa altpoolt. Sobib ka v\u00e4ga","protected":false},"featured_media":9842,"comment_status":"open","ping_status":"closed","template":"","meta":{"_acf_changed":false,"content-type":"","_monsterinsights_skip_tracking":false,"_monsterinsights_sitenote_active":false,"_monsterinsights_sitenote_note":"","_monsterinsights_sitenote_category":0},"product_brand":[],"product_cat":[119,238],"product_tag":[],"class_list":{"0":"post-9309","1":"product","2":"type-product","3":"status-publish","4":"has-post-thumbnail","6":"product_cat-formicarium-components","7":"product_cat-grid-caps-plugs-and-inserts","9":"first","10":"outofstock","11":"taxable","12":"shipping-taxable","13":"purchasable","14":"product-type-simple"},"acf":[],"aioseo_notices":[],"jetpack_sharing_enabled":true,"_links":{"self":[{"href":"https:\/\/antcube.shop\/et\/wp-json\/wp\/v2\/product\/9309","targetHints":{"allow":["GET"]}}],"collection":[{"href":"https:\/\/antcube.shop\/et\/wp-json\/wp\/v2\/product"}],"about":[{"href":"https:\/\/antcube.shop\/et\/wp-json\/wp\/v2\/types\/product"}],"replies":[{"embeddable":true,"href":"https:\/\/antcube.shop\/et\/wp-json\/wp\/v2\/comments?post=9309"}],"wp:featuredmedia":[{"embeddable":true,"href":"https:\/\/antcube.shop\/et\/wp-json\/wp\/v2\/media\/9842"}],"wp:attachment":[{"href":"https:\/\/antcube.shop\/et\/wp-json\/wp\/v2\/media?parent=9309"}],"wp:term":[{"taxonomy":"product_brand","embeddable":true,"href":"https:\/\/antcube.shop\/et\/wp-json\/wp\/v2\/product_brand?post=9309"},{"taxonomy":"product_cat","embeddable":true,"href":"https:\/\/antcube.shop\/et\/wp-json\/wp\/v2\/product_cat?post=9309"},{"taxonomy":"product_tag","embeddable":true,"href":"https:\/\/antcube.shop\/et\/wp-json\/wp\/v2\/product_tag?post=9309"}],"curies":[{"name":"wp","href":"https:\/\/api.w.org\/{rel}","templated":true}]}}