{"id":9308,"date":"2024-09-17T16:10:24","date_gmt":"2024-09-17T14:10:24","guid":{"rendered":"https:\/\/antcube.shop\/en\/product\/dosierfilter-16mm\/"},"modified":"2026-04-13T09:32:28","modified_gmt":"2026-04-13T07:32:28","slug":"doseerimisfilter-16mm","status":"publish","type":"product","link":"https:\/\/antcube.shop\/et\/toode\/doseerimisfilter-16mm\/","title":{"rendered":"Doseerimisfilter 16mm"},"content":{"rendered":"<p><strong>M\u00f5\u00f5tmed:<\/strong> 20mm pikk, l\u00e4bim\u00f5\u00f5t 14mm 16mm pesatorude jaoks<\/p>\n<p><strong>Sisu:<\/strong><br \/>\n1x doseerimisfilter<\/p>\n<p><strong>Materjal:<\/strong> Filtri keskkond<\/p>\n<p><strong>Kirjeldus:<\/strong> Doseerimisfilter eraldab sipelgad veepaagist pesatorusse. Kapillaarj\u00f5ud v\u00f5imaldavad siiski piisavalt niiskust l\u00e4bi filtri, et sipelgaid varustada.<\/p>\n<p><strong>V\u00e4rvid:<\/strong> valge<\/p>","protected":false},"excerpt":{"rendered":"<p>M\u00f5\u00f5tmed: Sisu: 20mm pikk, l\u00e4bim\u00f5\u00f5t 14mm 16mm pesatorude jaoks Sisu: 20mm pikk, l\u00e4bim\u00f5\u00f5t 14mm: Materjal: 1x doseerimisfilter:  Doseerimisfilter eraldab sipelgad pesatoru veepaagist. Kapillaarj\u00f5ud v\u00f5imaldavad siiski piisavalt niiskust l\u00e4bi filtri, et sipelgaid varustada. V\u00e4rvid: valge<\/p>","protected":false},"featured_media":9847,"comment_status":"open","ping_status":"closed","template":"","meta":{"_acf_changed":false,"content-type":"","_monsterinsights_skip_tracking":false,"_monsterinsights_sitenote_active":false,"_monsterinsights_sitenote_note":"","_monsterinsights_sitenote_category":0},"product_brand":[],"product_cat":[237],"product_tag":[],"class_list":{"0":"post-9308","1":"product","2":"type-product","3":"status-publish","4":"has-post-thumbnail","6":"product_cat-tools","8":"first","9":"instock","10":"taxable","11":"shipping-taxable","12":"purchasable","13":"product-type-simple"},"acf":[],"aioseo_notices":[],"jetpack_sharing_enabled":true,"_links":{"self":[{"href":"https:\/\/antcube.shop\/et\/wp-json\/wp\/v2\/product\/9308","targetHints":{"allow":["GET"]}}],"collection":[{"href":"https:\/\/antcube.shop\/et\/wp-json\/wp\/v2\/product"}],"about":[{"href":"https:\/\/antcube.shop\/et\/wp-json\/wp\/v2\/types\/product"}],"replies":[{"embeddable":true,"href":"https:\/\/antcube.shop\/et\/wp-json\/wp\/v2\/comments?post=9308"}],"wp:featuredmedia":[{"embeddable":true,"href":"https:\/\/antcube.shop\/et\/wp-json\/wp\/v2\/media\/9847"}],"wp:attachment":[{"href":"https:\/\/antcube.shop\/et\/wp-json\/wp\/v2\/media?parent=9308"}],"wp:term":[{"taxonomy":"product_brand","embeddable":true,"href":"https:\/\/antcube.shop\/et\/wp-json\/wp\/v2\/product_brand?post=9308"},{"taxonomy":"product_cat","embeddable":true,"href":"https:\/\/antcube.shop\/et\/wp-json\/wp\/v2\/product_cat?post=9308"},{"taxonomy":"product_tag","embeddable":true,"href":"https:\/\/antcube.shop\/et\/wp-json\/wp\/v2\/product_tag?post=9308"}],"curies":[{"name":"wp","href":"https:\/\/api.w.org\/{rel}","templated":true}]}}