{"id":9306,"date":"2024-09-17T16:09:42","date_gmt":"2024-09-17T14:09:42","guid":{"rendered":"https:\/\/antcube.shop\/en\/product\/formicarienstopfen-fur-10mm-bohrung\/"},"modified":"2026-04-04T21:33:14","modified_gmt":"2026-04-04T19:33:14","slug":"formicarienstopfen-fur-10mm-bohrung","status":"publish","type":"product","link":"https:\/\/antcube.shop\/et\/toode\/formicarienstopfen-fur-10mm-bohrung\/","title":{"rendered":"Vormikariumi pistik 10 mm augu jaoks"},"content":{"rendered":"<p><strong>Kogus:<\/strong> 1 t\u00fckk<\/p>\n<p><strong>M\u00f5\u00f5tmed:<\/strong> 14x 8 mm<\/p>\n<p><strong>Materjal:<\/strong> PE plastik<\/p>\n<p><strong>V\u00e4rv:<\/strong> l\u00e4bipaistev, piimjas<\/p>\n<p><strong>Kirjeldus:<\/strong> 10 mm l\u00e4bim\u00f5\u00f5duga \u00fcmmarguste avade sulgemiseks formikaarides<\/p>","protected":false},"excerpt":{"rendered":"<p>Kogus: Suurus: 1 tk: Materjal: 14x 8 mm: Materjal: PE plastik V\u00e4rv: l\u00e4bipaistev, piimjas Kirjeldus: Materjal: PE plastik V\u00e4rv: l\u00e4bipaistev, piimjas..: \u00fcmmarguste avade sulgemiseks formikariaadis, mille l\u00e4bim\u00f5\u00f5t on 10 mm.<\/p>","protected":false},"featured_media":9852,"comment_status":"open","ping_status":"closed","template":"","meta":{"_acf_changed":false,"content-type":"","_monsterinsights_skip_tracking":false,"_monsterinsights_sitenote_active":false,"_monsterinsights_sitenote_note":"","_monsterinsights_sitenote_category":0},"product_brand":[],"product_cat":[119,238],"product_tag":[],"class_list":{"0":"post-9306","1":"product","2":"type-product","3":"status-publish","4":"has-post-thumbnail","6":"product_cat-formicarium-components","7":"product_cat-grid-caps-plugs-and-inserts","9":"first","10":"instock","11":"taxable","12":"shipping-taxable","13":"purchasable","14":"product-type-simple"},"acf":[],"aioseo_notices":[],"jetpack_sharing_enabled":true,"_links":{"self":[{"href":"https:\/\/antcube.shop\/et\/wp-json\/wp\/v2\/product\/9306","targetHints":{"allow":["GET"]}}],"collection":[{"href":"https:\/\/antcube.shop\/et\/wp-json\/wp\/v2\/product"}],"about":[{"href":"https:\/\/antcube.shop\/et\/wp-json\/wp\/v2\/types\/product"}],"replies":[{"embeddable":true,"href":"https:\/\/antcube.shop\/et\/wp-json\/wp\/v2\/comments?post=9306"}],"wp:featuredmedia":[{"embeddable":true,"href":"https:\/\/antcube.shop\/et\/wp-json\/wp\/v2\/media\/9852"}],"wp:attachment":[{"href":"https:\/\/antcube.shop\/et\/wp-json\/wp\/v2\/media?parent=9306"}],"wp:term":[{"taxonomy":"product_brand","embeddable":true,"href":"https:\/\/antcube.shop\/et\/wp-json\/wp\/v2\/product_brand?post=9306"},{"taxonomy":"product_cat","embeddable":true,"href":"https:\/\/antcube.shop\/et\/wp-json\/wp\/v2\/product_cat?post=9306"},{"taxonomy":"product_tag","embeddable":true,"href":"https:\/\/antcube.shop\/et\/wp-json\/wp\/v2\/product_tag?post=9306"}],"curies":[{"name":"wp","href":"https:\/\/api.w.org\/{rel}","templated":true}]}}