{"id":9292,"date":"2024-09-17T15:59:51","date_gmt":"2024-09-17T13:59:51","guid":{"rendered":"https:\/\/antcube.shop\/en\/product\/pilz-von-atta-cephalotes\/"},"modified":"2026-03-11T14:16:11","modified_gmt":"2026-03-11T13:16:11","slug":"atta-cephalotesi-seen","status":"publish","type":"product","link":"https:\/\/antcube.shop\/et\/toode\/atta-cephalotesi-seen\/","title":{"rendered":"Atta cephalotes'i seen"},"content":{"rendered":"<p><span data-text-color=\"alert\"><strong>Kohaletoimetamine v\u00f5imalik ainult Saksamaal!<\/strong><\/span><\/p>\n<p><strong>Kogus:<\/strong> (komplekt)<br \/>\n1x transporditoru<br \/>\n1x \u00f5hku l\u00e4bilaskev kork<br \/>\n1x v\u00e4rske seen v\u00e4hemalt 1cm\u00b3<\/p>\n<p><strong>Kirjeldus:<\/strong> Pakume asendusseeni h\u00e4daolukordadeks, kui lehep\u00f5letaja sipelga seen v\u00e4heneb v\u00f5i sureb vale temperatuuri, niiskuse v\u00f5i muude p\u00f5hjuste t\u00f5ttu.<br \/>\n\u00dchik 1 cm\u00b3 on piisav 11-25 loomast koosneva koloonia taask\u00e4ivitamiseks.<br \/>\nTarnitud seen v\u00f5ib sisaldada v\u00e4ikesi seenehoidjaid (minit\u00f6\u00f6tajaid).<br \/>\nNeed v\u00e4ikesed minit\u00f6\u00f6tajad ei ole olemasolevale kolooniale probleemiks, sest nad hoolitsevad ainult seente eest.<\/p>\n<p><strong>Kasutage:<\/strong><br \/>\nSeene = seenes\u00f6\u00f6jate sipelgaliikide puhul.<br \/>\nSee on t\u00e4iss\u00f6\u00f6t (\u00fchekordne s\u00f6\u00f6t)<br \/>\nTranspordikonteiner tuleks avada ja asetada sipelgapesakonna k\u00f5rvale. Seej\u00e4rel kannavad loomad seenet\u00fckid ise v\u00e4lja.<\/p>\n<p><strong>Ladustamine:<\/strong> 25\u00b0C ja 90% niiskus<\/p>\n<p><strong>Sisaldab:<\/strong><br \/>\nv\u00e4rskete ja originaalsete seente t\u00fckid nimetatud sipelgaliikidest.<\/p>\n<p><strong>M\u00e4rkus:<\/strong><br \/>\nT\u00e4iendavat teavet leiate pakendi infolehelt.<\/p>\n<p>Infotelefon +49 30 439703870<\/p>\n<p><strong>Vastutav veterinaar- ja toiduinspektsioon:<\/strong><br \/>\nSteglitzi veterinaarkabinet<br \/>\nK\u00f6nigin-Luise-Str. 92<br \/>\n14195 Berliin<\/p>","protected":false},"excerpt":{"rendered":"<p>T\u00e4ielik s\u00f6\u00f6t<\/p>","protected":false},"featured_media":9777,"comment_status":"open","ping_status":"closed","template":"","meta":{"_acf_changed":false,"content-type":"","_monsterinsights_skip_tracking":false,"_monsterinsights_sitenote_active":false,"_monsterinsights_sitenote_note":"","_monsterinsights_sitenote_category":0},"product_brand":[],"product_cat":[115,116],"product_tag":[],"class_list":{"0":"post-9292","1":"product","2":"type-product","3":"status-publish","4":"has-post-thumbnail","6":"product_cat-food-and-feeding","7":"product_cat-food","9":"first","10":"instock","11":"taxable","12":"shipping-taxable","13":"purchasable","14":"product-type-simple"},"acf":[],"aioseo_notices":[],"jetpack_sharing_enabled":true,"_links":{"self":[{"href":"https:\/\/antcube.shop\/et\/wp-json\/wp\/v2\/product\/9292","targetHints":{"allow":["GET"]}}],"collection":[{"href":"https:\/\/antcube.shop\/et\/wp-json\/wp\/v2\/product"}],"about":[{"href":"https:\/\/antcube.shop\/et\/wp-json\/wp\/v2\/types\/product"}],"replies":[{"embeddable":true,"href":"https:\/\/antcube.shop\/et\/wp-json\/wp\/v2\/comments?post=9292"}],"wp:featuredmedia":[{"embeddable":true,"href":"https:\/\/antcube.shop\/et\/wp-json\/wp\/v2\/media\/9777"}],"wp:attachment":[{"href":"https:\/\/antcube.shop\/et\/wp-json\/wp\/v2\/media?parent=9292"}],"wp:term":[{"taxonomy":"product_brand","embeddable":true,"href":"https:\/\/antcube.shop\/et\/wp-json\/wp\/v2\/product_brand?post=9292"},{"taxonomy":"product_cat","embeddable":true,"href":"https:\/\/antcube.shop\/et\/wp-json\/wp\/v2\/product_cat?post=9292"},{"taxonomy":"product_tag","embeddable":true,"href":"https:\/\/antcube.shop\/et\/wp-json\/wp\/v2\/product_tag?post=9292"}],"curies":[{"name":"wp","href":"https:\/\/api.w.org\/{rel}","templated":true}]}}