{"id":9291,"date":"2024-09-17T15:59:27","date_gmt":"2024-09-17T13:59:27","guid":{"rendered":"https:\/\/antcube.shop\/en\/product\/brombeerblatter-100g-frisch\/"},"modified":"2026-04-14T09:35:49","modified_gmt":"2026-04-14T07:35:49","slug":"brombeerblatter-100g-frisch","status":"publish","type":"product","link":"https:\/\/antcube.shop\/et\/toode\/brombeerblatter-100g-frisch\/","title":{"rendered":"Mustika lehed 100g - v\u00e4rsked"},"content":{"rendered":"<p><strong>Sisu:<\/strong> 100 g v\u00e4rskeid murakaid<\/p>\n<p><strong>Kirjeldus:<\/strong> Mustika lehed kui kasvulava seenhaigete sipelgaliikidele.<\/p>\n<p><strong>Kasutage:<\/strong><br \/>\nMustika lehed = seente kasvatamise sipelgaliikide jaoks<br \/>\nSee on \"t\u00e4iss\u00f6\u00f6t\" (\u00fchekordne s\u00f6\u00f6t) ja seda kasutatakse ainult seente kasvatamiseks.<br \/>\nLihtsalt asetage s\u00f6\u00f6davad lehed s\u00f6\u00f6dakambrisse.<\/p>\n<p>Ladustamine: 5-8\u00b0C \/ 60-90% niiskus. (alternatiivselt ka veega vaasis)<\/p>\n<p><strong>Sisaldab:<\/strong><br \/>\n100% v\u00e4rsked muraka lehed<\/p>\n<p><strong>M\u00e4rkus:<\/strong><br \/>\nT\u00e4iendavat teavet leiate pakendi infolehelt.<\/p>\n<p>Infotelefon +49 30 439703870<\/p>\n<p>Vastutav veterinaar- ja toiduinspektsioon:<br \/>\nSteglitzi veterinaarkabinet<br \/>\nK\u00f6nigin-Luise-Str. 92<br \/>\n14195 Berliin<\/p>","protected":false},"excerpt":{"rendered":"<p>Sisu: Kirjeldus: 100g v\u00e4rskeid muraka lehti: Mustikamarja lehed kui sigimisalune sipelgaliikidele. Kasutamine: Mustika lehed = seenekasvatavate sipelgaliikide jaoks See on \"t\u00e4iss\u00f6\u00f6t\" (\u00fchekordne s\u00f6\u00f6t) ja seda kasutatakse ainult seenekasvatajate kasvupinnasena. Lihtsalt asetage s\u00f6\u00f6davad lehed s\u00f6\u00f6dakambrisse. S\u00e4ilitamine: 5-8\u00b0C","protected":false},"featured_media":9603,"comment_status":"open","ping_status":"closed","template":"","meta":{"_acf_changed":false,"content-type":"","_monsterinsights_skip_tracking":false,"_monsterinsights_sitenote_active":false,"_monsterinsights_sitenote_note":"","_monsterinsights_sitenote_category":0},"product_brand":[],"product_cat":[115,116],"product_tag":[],"class_list":{"0":"post-9291","1":"product","2":"type-product","3":"status-publish","4":"has-post-thumbnail","6":"product_cat-food-and-feeding","7":"product_cat-food","9":"first","10":"onbackorder","11":"taxable","12":"shipping-taxable","13":"purchasable","14":"product-type-simple"},"acf":[],"aioseo_notices":[],"jetpack_sharing_enabled":true,"_links":{"self":[{"href":"https:\/\/antcube.shop\/et\/wp-json\/wp\/v2\/product\/9291","targetHints":{"allow":["GET"]}}],"collection":[{"href":"https:\/\/antcube.shop\/et\/wp-json\/wp\/v2\/product"}],"about":[{"href":"https:\/\/antcube.shop\/et\/wp-json\/wp\/v2\/types\/product"}],"replies":[{"embeddable":true,"href":"https:\/\/antcube.shop\/et\/wp-json\/wp\/v2\/comments?post=9291"}],"wp:featuredmedia":[{"embeddable":true,"href":"https:\/\/antcube.shop\/et\/wp-json\/wp\/v2\/media\/9603"}],"wp:attachment":[{"href":"https:\/\/antcube.shop\/et\/wp-json\/wp\/v2\/media?parent=9291"}],"wp:term":[{"taxonomy":"product_brand","embeddable":true,"href":"https:\/\/antcube.shop\/et\/wp-json\/wp\/v2\/product_brand?post=9291"},{"taxonomy":"product_cat","embeddable":true,"href":"https:\/\/antcube.shop\/et\/wp-json\/wp\/v2\/product_cat?post=9291"},{"taxonomy":"product_tag","embeddable":true,"href":"https:\/\/antcube.shop\/et\/wp-json\/wp\/v2\/product_tag?post=9291"}],"curies":[{"name":"wp","href":"https:\/\/api.w.org\/{rel}","templated":true}]}}