{"id":9289,"date":"2024-09-17T15:58:27","date_gmt":"2024-09-17T13:58:27","guid":{"rendered":"https:\/\/antcube.shop\/en\/product\/tranke-45ml-65mm-blau\/"},"modified":"2026-04-14T12:07:07","modified_gmt":"2026-04-14T10:07:07","slug":"tranke-45ml-65mm-sinine","status":"publish","type":"product","link":"https:\/\/antcube.shop\/et\/toode\/tranke-45ml-65mm-sinine\/","title":{"rendered":"Joogikauss 45ml - 65mm - sinine"},"content":{"rendered":"<p><strong>Pikkus:<\/strong> 65 mm, 45 ml<\/p>\n<p><strong>Materjal:<\/strong> Plastist<\/p>\n<p><strong>Kirjeldus:<\/strong> Et sipelgad saaksid formikaariumis piisavalt niiskust. Vett v\u00f5ib segada ka meega. Ideaalne ka puhkuseperioodiks. Soovitatav on joogikausi p\u00f5hi katta imava puuvilla v\u00f5i k\u00e4snaga, et v\u00e4ltida sipelgate uppumist.<\/p>\n<p><strong>Aluse v\u00e4rvus:<\/strong> valge<br \/>\n<strong>Konteineri v\u00e4rvus:<\/strong> sinine l\u00e4bipaistev<\/p>","protected":false},"excerpt":{"rendered":"<p>Pikkus: 65 mm, materjal: plastik<\/p>","protected":false},"featured_media":9608,"comment_status":"open","ping_status":"closed","template":"","meta":{"_acf_changed":false,"content-type":"","_monsterinsights_skip_tracking":false,"_monsterinsights_sitenote_active":false,"_monsterinsights_sitenote_note":"","_monsterinsights_sitenote_category":0},"product_brand":[],"product_cat":[115,117],"product_tag":[],"class_list":{"0":"post-9289","1":"product","2":"type-product","3":"status-publish","4":"has-post-thumbnail","6":"product_cat-food-and-feeding","7":"product_cat-drinkers-for-ants","9":"first","10":"instock","11":"taxable","12":"shipping-taxable","13":"purchasable","14":"product-type-simple"},"acf":[],"aioseo_notices":[],"jetpack_sharing_enabled":true,"_links":{"self":[{"href":"https:\/\/antcube.shop\/et\/wp-json\/wp\/v2\/product\/9289","targetHints":{"allow":["GET"]}}],"collection":[{"href":"https:\/\/antcube.shop\/et\/wp-json\/wp\/v2\/product"}],"about":[{"href":"https:\/\/antcube.shop\/et\/wp-json\/wp\/v2\/types\/product"}],"replies":[{"embeddable":true,"href":"https:\/\/antcube.shop\/et\/wp-json\/wp\/v2\/comments?post=9289"}],"wp:featuredmedia":[{"embeddable":true,"href":"https:\/\/antcube.shop\/et\/wp-json\/wp\/v2\/media\/9608"}],"wp:attachment":[{"href":"https:\/\/antcube.shop\/et\/wp-json\/wp\/v2\/media?parent=9289"}],"wp:term":[{"taxonomy":"product_brand","embeddable":true,"href":"https:\/\/antcube.shop\/et\/wp-json\/wp\/v2\/product_brand?post=9289"},{"taxonomy":"product_cat","embeddable":true,"href":"https:\/\/antcube.shop\/et\/wp-json\/wp\/v2\/product_cat?post=9289"},{"taxonomy":"product_tag","embeddable":true,"href":"https:\/\/antcube.shop\/et\/wp-json\/wp\/v2\/product_tag?post=9289"}],"curies":[{"name":"wp","href":"https:\/\/api.w.org\/{rel}","templated":true}]}}