{"id":9280,"date":"2024-09-17T15:54:41","date_gmt":"2024-09-17T13:54:41","guid":{"rendered":"https:\/\/antcube.shop\/en\/product\/jelly-food-rock-sand-stone-10cm\/"},"modified":"2026-03-31T09:51:40","modified_gmt":"2026-03-31T07:51:40","slug":"tarretis-toidu-kivi-liivakivi-10cm","status":"publish","type":"product","link":"https:\/\/antcube.shop\/et\/toode\/tarretis-toidu-kivi-liivakivi-10cm\/","title":{"rendered":"Jelly Food Rock liivakivi 10cm"},"content":{"rendered":"<p><strong>M\u00f5\u00f5tmed:<\/strong> <span style=\"font-size: 14.4px;\">100x100mm; s\u00fcvend = l\u00e4bim\u00f5\u00f5t 38mm<\/span><\/p>\n<p><strong>Materjal:<\/strong> S\u00fcnteetiline vaik<\/p>\n<p><strong>Kirjeldus:<\/strong> Valmistatud Jelly-Food'ile sobivaks.<\/p>","protected":false},"excerpt":{"rendered":"<p>M\u00f5\u00f5tmed: 100\u00d7100 mm, materjal: s\u00fcnteetiline vaik<\/p>","protected":false},"featured_media":9758,"comment_status":"open","ping_status":"closed","template":"","meta":{"_acf_changed":false,"content-type":"","_monsterinsights_skip_tracking":false,"_monsterinsights_sitenote_active":false,"_monsterinsights_sitenote_note":"","_monsterinsights_sitenote_category":0},"product_brand":[],"product_cat":[115,118],"product_tag":[],"class_list":{"0":"post-9280","1":"product","2":"type-product","3":"status-publish","4":"has-post-thumbnail","6":"product_cat-food-and-feeding","7":"product_cat-feeding-bowls","9":"first","10":"instock","11":"taxable","12":"shipping-taxable","13":"purchasable","14":"product-type-simple"},"acf":[],"aioseo_notices":[],"jetpack_sharing_enabled":true,"_links":{"self":[{"href":"https:\/\/antcube.shop\/et\/wp-json\/wp\/v2\/product\/9280","targetHints":{"allow":["GET"]}}],"collection":[{"href":"https:\/\/antcube.shop\/et\/wp-json\/wp\/v2\/product"}],"about":[{"href":"https:\/\/antcube.shop\/et\/wp-json\/wp\/v2\/types\/product"}],"replies":[{"embeddable":true,"href":"https:\/\/antcube.shop\/et\/wp-json\/wp\/v2\/comments?post=9280"}],"wp:featuredmedia":[{"embeddable":true,"href":"https:\/\/antcube.shop\/et\/wp-json\/wp\/v2\/media\/9758"}],"wp:attachment":[{"href":"https:\/\/antcube.shop\/et\/wp-json\/wp\/v2\/media?parent=9280"}],"wp:term":[{"taxonomy":"product_brand","embeddable":true,"href":"https:\/\/antcube.shop\/et\/wp-json\/wp\/v2\/product_brand?post=9280"},{"taxonomy":"product_cat","embeddable":true,"href":"https:\/\/antcube.shop\/et\/wp-json\/wp\/v2\/product_cat?post=9280"},{"taxonomy":"product_tag","embeddable":true,"href":"https:\/\/antcube.shop\/et\/wp-json\/wp\/v2\/product_tag?post=9280"}],"curies":[{"name":"wp","href":"https:\/\/api.w.org\/{rel}","templated":true}]}}