{"id":9276,"date":"2024-09-17T15:53:02","date_gmt":"2024-09-17T13:53:02","guid":{"rendered":"https:\/\/antcube.shop\/en\/product\/ameisen-futterrohrchen-2ml\/"},"modified":"2026-04-16T19:23:18","modified_gmt":"2026-04-16T17:23:18","slug":"ameisen-futterrohrchen-2ml","status":"publish","type":"product","link":"https:\/\/antcube.shop\/et\/toode\/ameisen-futterrohrchen-2ml\/","title":{"rendered":"Sipelgatoidutoru 2ml"},"content":{"rendered":"<p><strong>M\u00f5\u00f5tmed:<\/strong> 13 x 13 x 46 mm<\/p>\n<p><strong>Materjal:<\/strong> Plastist<\/p>\n<p><strong>Kirjeldus:<\/strong> Pikendatud s\u00f6\u00f6tmistoru erinevate sipelgate toiduga t\u00e4itmiseks. Kaasa keeratav kaas tihendusr\u00f5ngaga, mis sulgeb ja hoiab toidu v\u00e4rskena. Toitu saab h\u00f5lpsasti v\u00e4lja anda, koputades seda ettevaatlikult v\u00e4lja.<\/p>","protected":false},"excerpt":{"rendered":"<p>M\u00f5\u00f5tmed: Materjal: 13 x 13 x 46 mm: Materjal: Plastist Kirjeldus: Plastist: Pikendatud s\u00f6\u00f6tmistoru erinevate sipelgate toiduga t\u00e4itmiseks. Kaasa arvatud kruvitav kaas tihendusr\u00f5ngaga, mis sulgeb ja hoiab toidu v\u00e4rskena. Toitu saab h\u00f5lpsasti doseerida, koputades seda ettevaatlikult v\u00e4lja.<\/p>","protected":false},"featured_media":9754,"comment_status":"open","ping_status":"closed","template":"","meta":{"_acf_changed":false,"content-type":"","_monsterinsights_skip_tracking":false,"_monsterinsights_sitenote_active":false,"_monsterinsights_sitenote_note":"","_monsterinsights_sitenote_category":0},"product_brand":[],"product_cat":[237],"product_tag":[],"class_list":{"0":"post-9276","1":"product","2":"type-product","3":"status-publish","4":"has-post-thumbnail","6":"product_cat-tools","8":"first","9":"instock","10":"taxable","11":"shipping-taxable","12":"purchasable","13":"product-type-simple"},"acf":[],"aioseo_notices":[],"jetpack_sharing_enabled":true,"_links":{"self":[{"href":"https:\/\/antcube.shop\/et\/wp-json\/wp\/v2\/product\/9276","targetHints":{"allow":["GET"]}}],"collection":[{"href":"https:\/\/antcube.shop\/et\/wp-json\/wp\/v2\/product"}],"about":[{"href":"https:\/\/antcube.shop\/et\/wp-json\/wp\/v2\/types\/product"}],"replies":[{"embeddable":true,"href":"https:\/\/antcube.shop\/et\/wp-json\/wp\/v2\/comments?post=9276"}],"wp:featuredmedia":[{"embeddable":true,"href":"https:\/\/antcube.shop\/et\/wp-json\/wp\/v2\/media\/9754"}],"wp:attachment":[{"href":"https:\/\/antcube.shop\/et\/wp-json\/wp\/v2\/media?parent=9276"}],"wp:term":[{"taxonomy":"product_brand","embeddable":true,"href":"https:\/\/antcube.shop\/et\/wp-json\/wp\/v2\/product_brand?post=9276"},{"taxonomy":"product_cat","embeddable":true,"href":"https:\/\/antcube.shop\/et\/wp-json\/wp\/v2\/product_cat?post=9276"},{"taxonomy":"product_tag","embeddable":true,"href":"https:\/\/antcube.shop\/et\/wp-json\/wp\/v2\/product_tag?post=9276"}],"curies":[{"name":"wp","href":"https:\/\/api.w.org\/{rel}","templated":true}]}}