{"id":9274,"date":"2024-09-17T15:00:27","date_gmt":"2024-09-17T13:00:27","guid":{"rendered":"https:\/\/antcube.shop\/en\/product\/mini-hygrometer-analog-metall-25mm\/"},"modified":"2026-04-05T18:43:14","modified_gmt":"2026-04-05T16:43:14","slug":"mini-hugromeeter-analoog-metall-25mm","status":"publish","type":"product","link":"https:\/\/antcube.shop\/et\/toode\/mini-hugromeeter-analoog-metall-25mm\/","title":{"rendered":"Mini h\u00fcgromeeter analoog metallist - 25mm"},"content":{"rendered":"<p><strong>M\u00f5\u00f5tmed:<\/strong> 25mm<\/p>\n<p><strong>V\u00e4rv:<\/strong> metall, h\u00f5be<\/p>\n<p><strong>M\u00f5\u00f5tmisvahemik:<\/strong> 0 kuni 100%<\/p>\n<p><strong>T\u00e4psus:<\/strong> +\/- 5%<\/p>\n<p><strong>Kirjeldus:<\/strong><br \/>\nAnaloogh\u00fcgromeeter, mis sobib eriti h\u00e4sti v\u00e4ga v\u00e4ikeste formikariate jaoks.<br \/>\nSee on paigaldatud 27 mm auku, kasutades \"Formicarium-t\u00fc\u00fcpi pistikuid 27 mm auku\", millel on 22 mm v\u00e4ljal\u00f5ige.<br \/>\nMuul juhul saab termomeetri kinnitada formikariumi sisemise tagak\u00fclje k\u00fclge kahepoolse kleeplindi abil (ei kuulu komplekti).<\/p>\n<p><strong>M\u00e4rkus:<\/strong><br \/>\n\u00c4rge sulgege h\u00fcgromeetri tagumist avaust, sest see v\u00f5ib p\u00f5hjustada m\u00f5\u00f5tmisvigu.<\/p>","protected":false},"excerpt":{"rendered":"<p>M\u00f5\u00f5tmisvahemik: 0 kuni 100%, l\u00e4bim\u00f5\u00f5t: 25 mm<\/p>","protected":false},"featured_media":9750,"comment_status":"open","ping_status":"closed","template":"","meta":{"_acf_changed":false,"content-type":"","_monsterinsights_skip_tracking":false,"_monsterinsights_sitenote_active":false,"_monsterinsights_sitenote_note":"","_monsterinsights_sitenote_category":0},"product_brand":[],"product_cat":[359,119],"product_tag":[],"class_list":{"0":"post-9274","1":"product","2":"type-product","3":"status-publish","4":"has-post-thumbnail","6":"product_cat-light-heat-humidity","7":"product_cat-formicarium-components","9":"first","10":"instock","11":"taxable","12":"shipping-taxable","13":"purchasable","14":"product-type-simple"},"acf":[],"aioseo_notices":[],"jetpack_sharing_enabled":true,"_links":{"self":[{"href":"https:\/\/antcube.shop\/et\/wp-json\/wp\/v2\/product\/9274","targetHints":{"allow":["GET"]}}],"collection":[{"href":"https:\/\/antcube.shop\/et\/wp-json\/wp\/v2\/product"}],"about":[{"href":"https:\/\/antcube.shop\/et\/wp-json\/wp\/v2\/types\/product"}],"replies":[{"embeddable":true,"href":"https:\/\/antcube.shop\/et\/wp-json\/wp\/v2\/comments?post=9274"}],"wp:featuredmedia":[{"embeddable":true,"href":"https:\/\/antcube.shop\/et\/wp-json\/wp\/v2\/media\/9750"}],"wp:attachment":[{"href":"https:\/\/antcube.shop\/et\/wp-json\/wp\/v2\/media?parent=9274"}],"wp:term":[{"taxonomy":"product_brand","embeddable":true,"href":"https:\/\/antcube.shop\/et\/wp-json\/wp\/v2\/product_brand?post=9274"},{"taxonomy":"product_cat","embeddable":true,"href":"https:\/\/antcube.shop\/et\/wp-json\/wp\/v2\/product_cat?post=9274"},{"taxonomy":"product_tag","embeddable":true,"href":"https:\/\/antcube.shop\/et\/wp-json\/wp\/v2\/product_tag?post=9274"}],"curies":[{"name":"wp","href":"https:\/\/api.w.org\/{rel}","templated":true}]}}