{"id":9273,"date":"2024-09-17T15:00:07","date_gmt":"2024-09-17T13:00:07","guid":{"rendered":"https:\/\/antcube.shop\/en\/product\/mini-thermometer-analog-metall-25mm\/"},"modified":"2026-04-05T12:30:33","modified_gmt":"2026-04-05T10:30:33","slug":"mini-termomeeter-analoog-metall-25mm","status":"publish","type":"product","link":"https:\/\/antcube.shop\/et\/toode\/mini-termomeeter-analoog-metall-25mm\/","title":{"rendered":"Mini termomeeter analoog metallist - 25mm"},"content":{"rendered":"<p><strong>M\u00f5\u00f5tmed:<\/strong> 25mm<\/p>\n<p><strong>V\u00e4rv:<\/strong> metall, h\u00f5be<\/p>\n<p><strong>M\u00f5\u00f5tmisvahemik:<\/strong> -20 kuni +50\u00b0C \/ -10 kuni +130\u00b0F<\/p>\n<p><strong>T\u00e4psus:<\/strong> +\/- 2\u00b0C , +\/- 4\u00b0F<\/p>\n<p><strong>Kirjeldus:<\/strong><br \/>\nAnaloogne termo-\/h\u00fcgromeeter, mis sobib eriti h\u00e4sti v\u00e4ga v\u00e4ikeste formikariate jaoks.<br \/>\nSee kinnitatakse 27 mm augu k\u00fclge, kasutades 22 mm v\u00e4ljal\u00f5ikega \"Formicarium plug for 27mm hole\".<br \/>\nMuul juhul saab termomeetri kinnitada formikariumi sisemise tagak\u00fclje k\u00fclge kahepoolse kleeplindi abil (ei kuulu komplekti).<\/p>\n<p><strong>M\u00e4rkus:<\/strong><br \/>\n\u00c4rge sulgege termomeetri tagumist avaust, sest see v\u00f5ib p\u00f5hjustada m\u00f5\u00f5tmisvigu.<\/p>","protected":false},"excerpt":{"rendered":"<p>M\u00f5\u00f5tepiirkond: -20 kuni +50\u00b0C \/ -10 kuni +130\u00b0F, l\u00e4bim\u00f5\u00f5t: 25 mm<\/p>","protected":false},"featured_media":9748,"comment_status":"open","ping_status":"closed","template":"","meta":{"_acf_changed":false,"content-type":"","_monsterinsights_skip_tracking":false,"_monsterinsights_sitenote_active":false,"_monsterinsights_sitenote_note":"","_monsterinsights_sitenote_category":0},"product_brand":[],"product_cat":[359,119],"product_tag":[],"class_list":{"0":"post-9273","1":"product","2":"type-product","3":"status-publish","4":"has-post-thumbnail","6":"product_cat-light-heat-humidity","7":"product_cat-formicarium-components","9":"first","10":"instock","11":"taxable","12":"shipping-taxable","13":"purchasable","14":"product-type-simple"},"acf":[],"aioseo_notices":[],"jetpack_sharing_enabled":true,"_links":{"self":[{"href":"https:\/\/antcube.shop\/et\/wp-json\/wp\/v2\/product\/9273","targetHints":{"allow":["GET"]}}],"collection":[{"href":"https:\/\/antcube.shop\/et\/wp-json\/wp\/v2\/product"}],"about":[{"href":"https:\/\/antcube.shop\/et\/wp-json\/wp\/v2\/types\/product"}],"replies":[{"embeddable":true,"href":"https:\/\/antcube.shop\/et\/wp-json\/wp\/v2\/comments?post=9273"}],"wp:featuredmedia":[{"embeddable":true,"href":"https:\/\/antcube.shop\/et\/wp-json\/wp\/v2\/media\/9748"}],"wp:attachment":[{"href":"https:\/\/antcube.shop\/et\/wp-json\/wp\/v2\/media?parent=9273"}],"wp:term":[{"taxonomy":"product_brand","embeddable":true,"href":"https:\/\/antcube.shop\/et\/wp-json\/wp\/v2\/product_brand?post=9273"},{"taxonomy":"product_cat","embeddable":true,"href":"https:\/\/antcube.shop\/et\/wp-json\/wp\/v2\/product_cat?post=9273"},{"taxonomy":"product_tag","embeddable":true,"href":"https:\/\/antcube.shop\/et\/wp-json\/wp\/v2\/product_tag?post=9273"}],"curies":[{"name":"wp","href":"https:\/\/api.w.org\/{rel}","templated":true}]}}