{"id":9272,"date":"2024-09-17T14:59:43","date_gmt":"2024-09-17T12:59:43","guid":{"rendered":"https:\/\/antcube.shop\/en\/product\/mini-thermo-hygrometer-analog-display-stehend\/"},"modified":"2026-03-30T10:29:26","modified_gmt":"2026-03-30T08:29:26","slug":"mini-termohugromeeter-analoognaidik-stehend","status":"publish","type":"product","link":"https:\/\/antcube.shop\/et\/toode\/mini-termohugromeeter-analoognaidik-stehend\/","title":{"rendered":"Mini termo-h\u00fcgromeeter analoog - n\u00e4idik - p\u00fcstiasendis"},"content":{"rendered":"<p><strong>M\u00f5\u00f5tmed:<\/strong> 60mm x 60mm, 30mm s\u00fcgavus<\/p>\n<p><strong>Materjal:<\/strong> metall \/ akr\u00fc\u00fclklaas<\/p>\n<p><strong>V\u00e4rv:<\/strong> metall, h\u00f5bedane \/ l\u00e4bipaistev<\/p>\n<p><strong>Sisu:<\/strong> 1x mini termomeeter analoog metallist - 25mm, 1x mini h\u00fcgromeeter analoog metallist - 25mm, 1x akr\u00fc\u00fclklaasist hoidik m\u00f5\u00f5teseadmete jaoks - 60x60mm, 1x akr\u00fc\u00fclklaasist alus - 30mm l\u00e4bim\u00f5\u00f5duga.<\/p>\n<p><strong>Kirjeldus:<\/strong><br \/>\nKomplekt koosneb metallist (25 mm) analoogtermomeetrist ja h\u00fcgromeetrist, mis on sisestatud akr\u00fc\u00fclklaasplaadile (60x60 mm). N\u00e4idiku saab asetada alusele (30mm) m\u00f5\u00f5detavas ruumis.<\/p>\n<p><strong>M\u00e4rkus:<\/strong><br \/>\nTagak\u00fcljel olevad m\u00f5\u00f5teriistad peavad j\u00e4\u00e4ma vabaks, vastasel juhul v\u00f5ivad tekkida m\u00f5\u00f5tmisvead.<\/p>\n<p>T\u00e4psus: +\/- 2\u00b0C , +\/- 4\u00b0F<br \/>\nT\u00e4psus: +\/- 5%<\/p>","protected":false},"excerpt":{"rendered":"<p>Termomeetri ja h\u00fcgromeetri komplekt, mis on valmistatud metallist (25mm), mis on sisestatud akr\u00fc\u00fclklaasist plaati (75x45mm).<\/p>","protected":false},"featured_media":9745,"comment_status":"open","ping_status":"closed","template":"","meta":{"_acf_changed":false,"content-type":"","_monsterinsights_skip_tracking":false,"_monsterinsights_sitenote_active":false,"_monsterinsights_sitenote_note":"","_monsterinsights_sitenote_category":0},"product_brand":[],"product_cat":[359,119],"product_tag":[],"class_list":{"0":"post-9272","1":"product","2":"type-product","3":"status-publish","4":"has-post-thumbnail","6":"product_cat-light-heat-humidity","7":"product_cat-formicarium-components","9":"first","10":"instock","11":"taxable","12":"shipping-taxable","13":"purchasable","14":"product-type-simple"},"acf":[],"aioseo_notices":[],"jetpack_sharing_enabled":true,"_links":{"self":[{"href":"https:\/\/antcube.shop\/et\/wp-json\/wp\/v2\/product\/9272","targetHints":{"allow":["GET"]}}],"collection":[{"href":"https:\/\/antcube.shop\/et\/wp-json\/wp\/v2\/product"}],"about":[{"href":"https:\/\/antcube.shop\/et\/wp-json\/wp\/v2\/types\/product"}],"replies":[{"embeddable":true,"href":"https:\/\/antcube.shop\/et\/wp-json\/wp\/v2\/comments?post=9272"}],"wp:featuredmedia":[{"embeddable":true,"href":"https:\/\/antcube.shop\/et\/wp-json\/wp\/v2\/media\/9745"}],"wp:attachment":[{"href":"https:\/\/antcube.shop\/et\/wp-json\/wp\/v2\/media?parent=9272"}],"wp:term":[{"taxonomy":"product_brand","embeddable":true,"href":"https:\/\/antcube.shop\/et\/wp-json\/wp\/v2\/product_brand?post=9272"},{"taxonomy":"product_cat","embeddable":true,"href":"https:\/\/antcube.shop\/et\/wp-json\/wp\/v2\/product_cat?post=9272"},{"taxonomy":"product_tag","embeddable":true,"href":"https:\/\/antcube.shop\/et\/wp-json\/wp\/v2\/product_tag?post=9272"}],"curies":[{"name":"wp","href":"https:\/\/api.w.org\/{rel}","templated":true}]}}