{"id":9271,"date":"2024-09-17T14:58:23","date_gmt":"2024-09-17T12:58:23","guid":{"rendered":"https:\/\/antcube.shop\/en\/product\/mini-thermo-hygrometer-analog-display-magnet\/"},"modified":"2026-04-16T15:15:25","modified_gmt":"2026-04-16T13:15:25","slug":"mini-termohugromeetri-analoognaidikuga-magnet","status":"publish","type":"product","link":"https:\/\/antcube.shop\/et\/toode\/mini-termohugromeetri-analoognaidikuga-magnet\/","title":{"rendered":"Mini termo-h\u00fcgromeeter analoog - n\u00e4idik - magnet"},"content":{"rendered":"<p><strong>M\u00f5\u00f5tmed:<\/strong> 75mm x 60mm, 8mm s\u00fcgavus<\/p>\n<p><strong>Materjal:<\/strong> metall \/ akr\u00fc\u00fclklaas<\/p>\n<p><strong>V\u00e4rv:<\/strong> metall, h\u00f5bedane \/ l\u00e4bipaistev<\/p>\n<p><strong>Sisu:<\/strong> 1x mini termomeeter analoog metallist - 25mm, 1x mini h\u00fcgromeeter analoog metallist - 25mm, 1x akr\u00fc\u00fclklaasist hoidik koos m\u00f5\u00f5teseadmete v\u00e4ljal\u00f5ikega ja kolme magnetiga - 75x60mm, 1x akr\u00fc\u00fclklaasist plaat magnetitega ekraani kinnitamiseks - 75x20mm,<\/p>\n<p><strong>Kirjeldus:<\/strong><br \/>\nKomplekt koosneb metallist (25 mm) analoogtermomeetrist ja h\u00fcgromeetrist, mis on sisestatud akr\u00fc\u00fclklaasplaati (75x6 mm). N\u00e4idik on kinnitatud v\u00e4ikese magnetitega plaadi abil, mis on kinnitatud plaadi teisele k\u00fcljele. See v\u00f5imaldab kohandada v\u00e4\u00e4rtuste kuvamise asukohta vastavalt individuaalsetele vajadustele. V\u00f5rreldes kleeplappidega v\u00f5imaldavad magnetid muuta n\u00e4idiku asukohta nii tihti kui vaja.<\/p>\n<p><strong>M\u00e4rkus:<\/strong><br \/>\nTagak\u00fcljel olevad m\u00f5\u00f5teriistad peavad j\u00e4\u00e4ma vabaks, vastasel juhul v\u00f5ivad tekkida m\u00f5\u00f5tmisvead.<\/p>\n<p>Tootmisprotsessi t\u00f5ttu v\u00f5ivad magnetilistel osadel esineda kerged v\u00f5i keskmised praod.<\/p>\n<p>T\u00e4psus: +\/- 2\u00b0C , +\/- 4\u00b0F<br \/>\nT\u00e4psus: +\/- 5%<\/p>","protected":false},"excerpt":{"rendered":"<p>Termomeetri ja h\u00fcgromeetri komplekt, mis on valmistatud metallist (25mm), mis on sisestatud akr\u00fc\u00fclklaasist plaati (75x45mm).<\/p>","protected":false},"featured_media":9740,"comment_status":"open","ping_status":"closed","template":"","meta":{"_acf_changed":false,"content-type":"","_monsterinsights_skip_tracking":false,"_monsterinsights_sitenote_active":false,"_monsterinsights_sitenote_note":"","_monsterinsights_sitenote_category":0},"product_brand":[],"product_cat":[359,119],"product_tag":[],"class_list":{"0":"post-9271","1":"product","2":"type-product","3":"status-publish","4":"has-post-thumbnail","6":"product_cat-light-heat-humidity","7":"product_cat-formicarium-components","9":"first","10":"instock","11":"taxable","12":"shipping-taxable","13":"purchasable","14":"product-type-simple"},"acf":[],"aioseo_notices":[],"jetpack_sharing_enabled":true,"_links":{"self":[{"href":"https:\/\/antcube.shop\/et\/wp-json\/wp\/v2\/product\/9271","targetHints":{"allow":["GET"]}}],"collection":[{"href":"https:\/\/antcube.shop\/et\/wp-json\/wp\/v2\/product"}],"about":[{"href":"https:\/\/antcube.shop\/et\/wp-json\/wp\/v2\/types\/product"}],"replies":[{"embeddable":true,"href":"https:\/\/antcube.shop\/et\/wp-json\/wp\/v2\/comments?post=9271"}],"wp:featuredmedia":[{"embeddable":true,"href":"https:\/\/antcube.shop\/et\/wp-json\/wp\/v2\/media\/9740"}],"wp:attachment":[{"href":"https:\/\/antcube.shop\/et\/wp-json\/wp\/v2\/media?parent=9271"}],"wp:term":[{"taxonomy":"product_brand","embeddable":true,"href":"https:\/\/antcube.shop\/et\/wp-json\/wp\/v2\/product_brand?post=9271"},{"taxonomy":"product_cat","embeddable":true,"href":"https:\/\/antcube.shop\/et\/wp-json\/wp\/v2\/product_cat?post=9271"},{"taxonomy":"product_tag","embeddable":true,"href":"https:\/\/antcube.shop\/et\/wp-json\/wp\/v2\/product_tag?post=9271"}],"curies":[{"name":"wp","href":"https:\/\/api.w.org\/{rel}","templated":true}]}}