{"id":9270,"date":"2024-09-17T14:57:58","date_gmt":"2024-09-17T12:57:58","guid":{"rendered":"https:\/\/antcube.shop\/en\/product\/mini-thermo-hygrometer-analog-display-front\/"},"modified":"2026-04-02T09:54:55","modified_gmt":"2026-04-02T07:54:55","slug":"mini-termohugromeetri-analoognaidiku-esikulg","status":"publish","type":"product","link":"https:\/\/antcube.shop\/et\/toode\/mini-termohugromeetri-analoognaidiku-esikulg\/","title":{"rendered":"Mini termo-h\u00fcgromeeter analoog - n\u00e4idik - esik\u00fclg"},"content":{"rendered":"<p><strong>M\u00f5\u00f5tmed:<\/strong> 75mm x 60mm, 8mm s\u00fcgavus<\/p>\n<p><strong>Materjal:<\/strong> metall \/ akr\u00fc\u00fclklaas<\/p>\n<p><strong>V\u00e4rv:<\/strong> metall, h\u00f5bedane \/ l\u00e4bipaistev<\/p>\n<p><strong>Sisu:<\/strong> 1x mini termomeeter analoog metallist - 25mm, 1x mini h\u00fcgromeeter analoog metallist - 25mm, 1x akr\u00fc\u00fclklaasist hoidik m\u00f5\u00f5teseadmete jaoks - 75x45mm, 1x akr\u00fc\u00fclklaasist alus - 75x20mm, 2x l\u00e4bipaistvad kleeplokid - 30x20mm.<\/p>\n<p><strong>Kirjeldus:<\/strong><br \/>\nKomplekt koosneb metallist (25 mm) analoogtermomeetrist ja h\u00fcgromeetrist, mis on sisestatud akr\u00fc\u00fclklaasplaati (75x6 mm). N\u00e4idik kinnitatakse kahe l\u00e4bipaistva kleeplokiga, mille abil saab aluse kinnitada mis tahes kohale basseiniseinal. See v\u00f5imaldab kohandada v\u00e4\u00e4rtuste kuvamise asukohta vastavalt individuaalsetele vajadustele.<\/p>\n<p><strong>M\u00e4rkus:<\/strong><br \/>\nTagak\u00fcljel olevad m\u00f5\u00f5teriistad peavad j\u00e4\u00e4ma vabaks, vastasel juhul v\u00f5ivad tekkida m\u00f5\u00f5tmisvead.<\/p>\n<p>T\u00e4psus: +\/- 2\u00b0C , +\/- 4\u00b0F<br \/>\nT\u00e4psus: +\/- 5%<\/p>","protected":false},"excerpt":{"rendered":"<p>Termomeetri ja h\u00fcgromeetri komplekt, mis on valmistatud metallist (25mm), mis on sisestatud akr\u00fc\u00fclklaasist plaati (75x45mm).<\/p>","protected":false},"featured_media":9738,"comment_status":"open","ping_status":"closed","template":"","meta":{"_acf_changed":false,"content-type":"","_monsterinsights_skip_tracking":false,"_monsterinsights_sitenote_active":false,"_monsterinsights_sitenote_note":"","_monsterinsights_sitenote_category":0},"product_brand":[],"product_cat":[359,119],"product_tag":[],"class_list":{"0":"post-9270","1":"product","2":"type-product","3":"status-publish","4":"has-post-thumbnail","6":"product_cat-light-heat-humidity","7":"product_cat-formicarium-components","9":"first","10":"instock","11":"taxable","12":"shipping-taxable","13":"purchasable","14":"product-type-simple"},"acf":[],"aioseo_notices":[],"jetpack_sharing_enabled":true,"_links":{"self":[{"href":"https:\/\/antcube.shop\/et\/wp-json\/wp\/v2\/product\/9270","targetHints":{"allow":["GET"]}}],"collection":[{"href":"https:\/\/antcube.shop\/et\/wp-json\/wp\/v2\/product"}],"about":[{"href":"https:\/\/antcube.shop\/et\/wp-json\/wp\/v2\/types\/product"}],"replies":[{"embeddable":true,"href":"https:\/\/antcube.shop\/et\/wp-json\/wp\/v2\/comments?post=9270"}],"wp:featuredmedia":[{"embeddable":true,"href":"https:\/\/antcube.shop\/et\/wp-json\/wp\/v2\/media\/9738"}],"wp:attachment":[{"href":"https:\/\/antcube.shop\/et\/wp-json\/wp\/v2\/media?parent=9270"}],"wp:term":[{"taxonomy":"product_brand","embeddable":true,"href":"https:\/\/antcube.shop\/et\/wp-json\/wp\/v2\/product_brand?post=9270"},{"taxonomy":"product_cat","embeddable":true,"href":"https:\/\/antcube.shop\/et\/wp-json\/wp\/v2\/product_cat?post=9270"},{"taxonomy":"product_tag","embeddable":true,"href":"https:\/\/antcube.shop\/et\/wp-json\/wp\/v2\/product_tag?post=9270"}],"curies":[{"name":"wp","href":"https:\/\/api.w.org\/{rel}","templated":true}]}}