{"id":9269,"date":"2024-09-17T14:52:27","date_gmt":"2024-09-17T12:52:27","guid":{"rendered":"https:\/\/antcube.shop\/en\/product\/heat-pack-stoffbeutel-72-std\/"},"modified":"2026-04-20T11:46:57","modified_gmt":"2026-04-20T09:46:57","slug":"soojuspakendi-kanga-kott-72-tundi","status":"publish","type":"product","link":"https:\/\/antcube.shop\/et\/toode\/soojuspakendi-kanga-kott-72-tundi\/","title":{"rendered":"Heat Pack - Kangaskott - 72 tundi."},"content":{"rendered":"<p><strong>M\u00f5\u00f5tmed:<\/strong> 15,5 x 11,5 cm<\/p>\n<p>Kuumuse kestus ( h ): ~ 72<\/p>\n<p>Temperatuur (max. \/ keskmine): 52\u00b0C \/ 46\u00b0C<\/p>\n<p><strong>Kirjeldus:<\/strong> See HeatPack on aktiivs\u00f6e soojendaja ja see aktiveeritakse kokkupuutel \u00f5huga. Lihtsalt v\u00f5tke HeatPack pakendist v\u00e4lja, laske sellel l\u00fchiajaliselt aktiveeruda k\u00fclma vabas keskkonnas ja asetage see sobivasse transpordikasti (nt pol\u00fcst\u00fcreenkasti). Soojuse eraldumine algab m\u00f5ne minuti p\u00e4rast ja kestab kuni 72 tundi.<\/p>\n<p>Saab kasutada ainult \u00fcks kord!<\/p>\n<p><strong>Koostisained:<\/strong> raud, vesi, tselluloos, aktiivs\u00fcsi, vermikuliit, sool.<\/p>","protected":false},"excerpt":{"rendered":"<p>Soojuse v\u00e4ljund 72 tunni jooksul.<\/p>","protected":false},"featured_media":9735,"comment_status":"open","ping_status":"closed","template":"","meta":{"_acf_changed":false,"content-type":"","_monsterinsights_skip_tracking":false,"_monsterinsights_sitenote_active":false,"_monsterinsights_sitenote_note":"","_monsterinsights_sitenote_category":0},"product_brand":[],"product_cat":[237],"product_tag":[],"class_list":{"0":"post-9269","1":"product","2":"type-product","3":"status-publish","4":"has-post-thumbnail","6":"product_cat-tools","8":"first","9":"instock","10":"taxable","11":"shipping-taxable","12":"purchasable","13":"product-type-simple"},"acf":[],"aioseo_notices":[],"jetpack_sharing_enabled":true,"_links":{"self":[{"href":"https:\/\/antcube.shop\/et\/wp-json\/wp\/v2\/product\/9269","targetHints":{"allow":["GET"]}}],"collection":[{"href":"https:\/\/antcube.shop\/et\/wp-json\/wp\/v2\/product"}],"about":[{"href":"https:\/\/antcube.shop\/et\/wp-json\/wp\/v2\/types\/product"}],"replies":[{"embeddable":true,"href":"https:\/\/antcube.shop\/et\/wp-json\/wp\/v2\/comments?post=9269"}],"wp:featuredmedia":[{"embeddable":true,"href":"https:\/\/antcube.shop\/et\/wp-json\/wp\/v2\/media\/9735"}],"wp:attachment":[{"href":"https:\/\/antcube.shop\/et\/wp-json\/wp\/v2\/media?parent=9269"}],"wp:term":[{"taxonomy":"product_brand","embeddable":true,"href":"https:\/\/antcube.shop\/et\/wp-json\/wp\/v2\/product_brand?post=9269"},{"taxonomy":"product_cat","embeddable":true,"href":"https:\/\/antcube.shop\/et\/wp-json\/wp\/v2\/product_cat?post=9269"},{"taxonomy":"product_tag","embeddable":true,"href":"https:\/\/antcube.shop\/et\/wp-json\/wp\/v2\/product_tag?post=9269"}],"curies":[{"name":"wp","href":"https:\/\/api.w.org\/{rel}","templated":true}]}}