{"id":9249,"date":"2024-09-17T14:43:55","date_gmt":"2024-09-17T12:43:55","guid":{"rendered":"https:\/\/antcube.shop\/en\/product\/antcube-korknest-20x10-stehend\/"},"modified":"2026-04-13T09:31:28","modified_gmt":"2026-04-13T07:31:28","slug":"antcube-korknest-20x10-stehend","status":"publish","type":"product","link":"https:\/\/antcube.shop\/et\/toode\/antcube-korknest-20x10-stehend\/","title":{"rendered":"ANTCUBE - korgipesa 20\u00d710 - p\u00fcstiseisev"},"content":{"rendered":"<p><strong>M\u00f5\u00f5tmed:<\/strong> 183 x 60 x 20 mm<\/p>\n<p><strong>Materjal:<\/strong> Kork (trahvi)<\/p>\n<p>Sobib ainult meie sipelgap\u00f5ldude suurusele <span style=\"font-size: 10.5pt; font-family: Arial; color: #0000ff; background-color: transparent; font-weight: bold; font-style: normal; font-variant: normal; text-decoration: none; vertical-align: baseline;\">L<\/span><\/p>\n<p><strong>Kirjeldus:<\/strong> Eelnevalt valmistatud korgist pesa, millel on ette valmistatud k\u00e4igud ja kambrid, sobib erinevatele sipelgaliikidele, eriti (surnud) puidus pesitsevatele liikidele. Sellel on puuritud auk pesale juurdep\u00e4\u00e4suks.<br \/>\nKork on keemiliselt neutraalne. Selle struktuur ei ole mitte ainult vedelike suhtes mittel\u00e4bilaskev, vaid ei p\u00f5hjusta ka mingeid keemilisi reaktsioone ja ei ole seet\u00f5ttu kahjustatud. Liigne niiskus v\u00f5ib aga pikemas perspektiivis p\u00f5hjustada m\u00e4danemist ja v\u00e4hendada pesa pikaealisust. Sellegipoolest on kork v\u00e4ga vastupidav m\u00e4danemise, seente ja hallituse leviku suhtes. See on tingitud selle pinnast ja struktuurist, mis ei paku head kasvupinda seente koloniseerimiseks. Toiduj\u00e4\u00e4tmed ja loomade v\u00e4ljaheited ning muud orgaanilised ained v\u00f5ivad aga soodustada hallituse kasvu.<\/p>\n<p>Seet\u00f5ttu soovitame korgist hoida peamiselt kuivade piirkondade liike. Niisketest elupaikadest p\u00e4rit liike v\u00f5ib siiski selles komplektis hoida, sest m\u00e4danemine ei ole enamiku liikide puhul probleemiks. Paljud P\u00f5hja-Euroopast p\u00e4rit sipelgad, nagu Camponotus herculeanus v\u00f5i Formica fusca, elavad ka m\u00e4danenud v\u00f5i lagunevas puidus.<\/p>","protected":false},"excerpt":{"rendered":"<p><strong>Suurus:<\/strong> 183 x 60 x 20 mm<\/p>","protected":false},"featured_media":9692,"comment_status":"open","ping_status":"closed","template":"","meta":{"_acf_changed":false,"content-type":"","_monsterinsights_skip_tracking":false,"_monsterinsights_sitenote_active":false,"_monsterinsights_sitenote_note":"","_monsterinsights_sitenote_category":0},"product_brand":[],"product_cat":[87,89],"product_tag":[],"class_list":{"0":"post-9249","1":"product","2":"type-product","3":"status-publish","4":"has-post-thumbnail","6":"product_cat-nest-insets","7":"product_cat-cork","9":"first","10":"instock","11":"taxable","12":"shipping-taxable","13":"purchasable","14":"product-type-simple"},"acf":[],"aioseo_notices":[],"jetpack_sharing_enabled":true,"_links":{"self":[{"href":"https:\/\/antcube.shop\/et\/wp-json\/wp\/v2\/product\/9249","targetHints":{"allow":["GET"]}}],"collection":[{"href":"https:\/\/antcube.shop\/et\/wp-json\/wp\/v2\/product"}],"about":[{"href":"https:\/\/antcube.shop\/et\/wp-json\/wp\/v2\/types\/product"}],"replies":[{"embeddable":true,"href":"https:\/\/antcube.shop\/et\/wp-json\/wp\/v2\/comments?post=9249"}],"wp:featuredmedia":[{"embeddable":true,"href":"https:\/\/antcube.shop\/et\/wp-json\/wp\/v2\/media\/9692"}],"wp:attachment":[{"href":"https:\/\/antcube.shop\/et\/wp-json\/wp\/v2\/media?parent=9249"}],"wp:term":[{"taxonomy":"product_brand","embeddable":true,"href":"https:\/\/antcube.shop\/et\/wp-json\/wp\/v2\/product_brand?post=9249"},{"taxonomy":"product_cat","embeddable":true,"href":"https:\/\/antcube.shop\/et\/wp-json\/wp\/v2\/product_cat?post=9249"},{"taxonomy":"product_tag","embeddable":true,"href":"https:\/\/antcube.shop\/et\/wp-json\/wp\/v2\/product_tag?post=9249"}],"curies":[{"name":"wp","href":"https:\/\/api.w.org\/{rel}","templated":true}]}}