{"id":9248,"date":"2024-09-17T14:43:20","date_gmt":"2024-09-17T12:43:20","guid":{"rendered":"https:\/\/antcube.shop\/en\/product\/antcube-box-10x10-gipsnest-beige\/"},"modified":"2026-01-12T12:38:20","modified_gmt":"2026-01-12T11:38:20","slug":"antcube-box-10x10-krohvipesa-beez","status":"publish","type":"product","link":"https:\/\/antcube.shop\/et\/toode\/antcube-box-10x10-krohvipesa-beez\/","title":{"rendered":"ANTCUBE - Kast 10\u00d710 - Kipsist pesa bee\u017e"},"content":{"rendered":"<p><strong>M\u00f5\u00f5tmed:<\/strong><br \/>\n100x100x100mm<\/p>\n<p><strong>Materjal:<\/strong><br \/>\nPMMA, PS, kips<\/p>\n<p><strong>V\u00e4rv:<\/strong> l\u00e4bipaistev, bee\u017e<\/p>\n<p><strong>Sisu:<\/strong><br \/>\n1x karp 100x100x100mm<br \/>\n1x sisestatav raam<br \/>\n1x sisestatav kaas 50mm auguga<br \/>\n1x kipsist pesa sisestus<br \/>\n2x formikariumi pistikud 27mm<br \/>\n1x v\u00f5restiku sisestus - 50mm - roostevaba teras<\/p>\n<p><strong>Kirjeldus:<\/strong><br \/>\nSee konteiner on varustatud sisestatava raami ja kaanega ning sellel on ka kaks 27 mm avaust tulevaste laienduste jaoks. Kaanel on 50 mm auk, millesse saab sisestada v\u00f5re, ventilaatori v\u00f5i lambipesa. See praktiline ja h\u00f5lpsasti hooldatav areen koos integreeritud krohvipesaga sobib vundamendikolooniatele, mis armastavad ehitada oma pesa maa sisse v\u00f5i kivide vahele.<\/p>","protected":false},"excerpt":{"rendered":"<p><strong>Suurus:<\/strong> 10x10x10 cm<\/p>","protected":false},"featured_media":9559,"comment_status":"open","ping_status":"closed","template":"","meta":{"_acf_changed":false,"content-type":"","_monsterinsights_skip_tracking":false,"_monsterinsights_sitenote_active":false,"_monsterinsights_sitenote_note":"","_monsterinsights_sitenote_category":0},"product_brand":[],"product_cat":[80,90],"product_tag":[],"class_list":{"0":"post-9248","1":"product","2":"type-product","3":"status-publish","4":"has-post-thumbnail","6":"product_cat-antfarms","7":"product_cat-gypsum","9":"first","10":"instock","11":"taxable","12":"shipping-taxable","13":"purchasable","14":"product-type-simple"},"acf":[],"aioseo_notices":[],"jetpack_sharing_enabled":true,"_links":{"self":[{"href":"https:\/\/antcube.shop\/et\/wp-json\/wp\/v2\/product\/9248","targetHints":{"allow":["GET"]}}],"collection":[{"href":"https:\/\/antcube.shop\/et\/wp-json\/wp\/v2\/product"}],"about":[{"href":"https:\/\/antcube.shop\/et\/wp-json\/wp\/v2\/types\/product"}],"replies":[{"embeddable":true,"href":"https:\/\/antcube.shop\/et\/wp-json\/wp\/v2\/comments?post=9248"}],"wp:featuredmedia":[{"embeddable":true,"href":"https:\/\/antcube.shop\/et\/wp-json\/wp\/v2\/media\/9559"}],"wp:attachment":[{"href":"https:\/\/antcube.shop\/et\/wp-json\/wp\/v2\/media?parent=9248"}],"wp:term":[{"taxonomy":"product_brand","embeddable":true,"href":"https:\/\/antcube.shop\/et\/wp-json\/wp\/v2\/product_brand?post=9248"},{"taxonomy":"product_cat","embeddable":true,"href":"https:\/\/antcube.shop\/et\/wp-json\/wp\/v2\/product_cat?post=9248"},{"taxonomy":"product_tag","embeddable":true,"href":"https:\/\/antcube.shop\/et\/wp-json\/wp\/v2\/product_tag?post=9248"}],"curies":[{"name":"wp","href":"https:\/\/api.w.org\/{rel}","templated":true}]}}