{"id":9247,"date":"2024-09-17T14:42:38","date_gmt":"2024-09-17T12:42:38","guid":{"rendered":"https:\/\/antcube.shop\/en\/product\/antcube-gipsnest-30x30-liegend\/"},"modified":"2026-03-19T18:11:44","modified_gmt":"2026-03-19T17:11:44","slug":"antcube-gipsnest-30x30-liegend","status":"publish","type":"product","link":"https:\/\/antcube.shop\/et\/toode\/antcube-gipsnest-30x30-liegend\/","title":{"rendered":"ANTCUBE - Kipspesa 30\u00d730 - horisontaalne"},"content":{"rendered":"<p><span data-text-color=\"alert\"><strong>Kohaletoimetamine v\u00f5imalik ainult GO! kaudu Saksamaa piires v\u00f5i paleti kaudu Euroopa piires (saared puuduvad).<\/strong><\/span><\/p>\n<p><strong>M\u00f5\u00f5tmed:<\/strong><br \/>\nKipsist pesa: 290 x 290 x 50mm<br \/>\nKlaaskate: 279 x 279 x 4mm<\/p>\n<p><strong>Materjal:<\/strong> Kips<\/p>\n<p><strong>Sisu:<\/strong><br \/>\n1x krohvipesa 30\u00d730 koos kahe \u00fchendusmuhviga L 14\/16\/18\/20 x 20mm<\/p>\n<ul>\n<li>14\/10 voolik on kindlalt sisestatud 14 mm muhvi sisse.<\/li>\n<li>20\/16 voolik on kindlalt kinnitatud esimese 16mm astme k\u00fclge.<\/li>\n<li>22\/18-voolik on kindlalt kinnitatud teise 20 mm astme k\u00fclge.<\/li>\n<li>24\/20 voolik kinnitatakse l\u00f5dvalt teise 20mm astme k\u00fclge.<\/li>\n<\/ul>\n<p>1x klaasist kate 50mm auguga<br \/>\n1x akr\u00fc\u00fclr\u00f5ngas 50mm 27mm augu jaoks<br \/>\n1x formikaariumi alus 30\u00d730<br \/>\n2x restikork - 16mm - roostevaba teras<br \/>\n1x v\u00f5rega paigaldatud lisa - 27mm - roostevabast terasest<\/p>\n<p><strong>Kirjeldus:<\/strong> Meie kipsist pesa koos kokkupandavate k\u00e4ikude ja kambritega sobib paljudele sipelgaliikidele, eriti liikidele, kes ehitavad oma pesa v\u00e4ga liivastele v\u00f5i kivistele muldadele. Sellel on pessa p\u00e4\u00e4semiseks auk. Kipsil on omadus imada vett, nii et teatud kogus niiskust s\u00e4ilib. Siiski ei tohiks kipsist pesa kasutada pidevalt niiskena, sest muidu v\u00f5ib tekkida hallitust (sipelgate toiduj\u00e4\u00e4kide v\u00f5i v\u00e4ljaheidete t\u00f5ttu). Seet\u00f5ttu tuleks siin v\u00f5imalusel hoida pigem kuivematest piirkondadest p\u00e4rit liike. N\u00e4iteks Vahemere- v\u00f5i k\u00f5rbepiirkondadest p\u00e4rit liigid.<\/p>\n<p><strong>M\u00e4rkus:<\/strong> Oma konstruktsiooni t\u00f5ttu ei sobi need v\u00e4ga v\u00e4ikeste liikide (nt Pheidole liigid, Temnothorax liigid) jaoks, v\u00f5ivad tekkida 0,3-0,5 mm suurused vahed.<\/p>\n<p><strong>M\u00e4rkus \u00fchenduspesade kohta<\/strong><br \/>\nVoolikute kinnitamisel v\u00f5i eemaldamisel v\u00f5tke arvesse j\u00e4rgmist:<br \/>\nKui toru on v\u00e4ga raske \u00fchendusmuhvile sobitada, tuleb muhvi kergelt h\u00f5\u00f5ruda tilga meie l\u00f5hkumisvastase \u00f5li v\u00f5i pulbriga. Seej\u00e4rel tuleks voolik l\u00fckata muhvile keerates v\u00f5i kruvides, ilma muhvi \u00fcles- ja allapoole liigutustega pinguldamata. Sama kehtib ka voolikute eemaldamisel p\u00f5llumajandusettev\u00f5tte \u00fchendusmuhvist. \u00c4rge t\u00f5mmake seda lihtsalt maha!<\/p>","protected":false},"excerpt":{"rendered":"<p>Kohaletoimetamine v\u00f5imalik ainult GO! kaudu Saksamaa piires v\u00f5i paleti kaudu Euroopa piires (ei ole saari) M\u00f5\u00f5tmed: Kipsist pesa: 290 x 290 x 50mm Klaaskate: 279 x 279 x 4mm Materjal: Materjalid: Kips Sisu: Kips: 1x krohvipesa 30x30 koos kahe \u00fchendusmuhviga L 14\/16\/18\/20 x 20mm 14\/10 voolik on kindlalt sisestatud 14mm muhvi.","protected":false},"featured_media":9683,"comment_status":"open","ping_status":"closed","template":"","meta":{"_acf_changed":false,"content-type":"","_monsterinsights_skip_tracking":false,"_monsterinsights_sitenote_active":false,"_monsterinsights_sitenote_note":"","_monsterinsights_sitenote_category":0},"product_brand":[],"product_cat":[80,83],"product_tag":[],"class_list":{"0":"post-9247","1":"product","2":"type-product","3":"status-publish","4":"has-post-thumbnail","6":"product_cat-antfarms","7":"product_cat-antfarms-l","9":"first","10":"instock","11":"taxable","12":"shipping-taxable","13":"purchasable","14":"product-type-simple"},"acf":[],"aioseo_notices":[],"jetpack_sharing_enabled":true,"_links":{"self":[{"href":"https:\/\/antcube.shop\/et\/wp-json\/wp\/v2\/product\/9247","targetHints":{"allow":["GET"]}}],"collection":[{"href":"https:\/\/antcube.shop\/et\/wp-json\/wp\/v2\/product"}],"about":[{"href":"https:\/\/antcube.shop\/et\/wp-json\/wp\/v2\/types\/product"}],"replies":[{"embeddable":true,"href":"https:\/\/antcube.shop\/et\/wp-json\/wp\/v2\/comments?post=9247"}],"wp:featuredmedia":[{"embeddable":true,"href":"https:\/\/antcube.shop\/et\/wp-json\/wp\/v2\/media\/9683"}],"wp:attachment":[{"href":"https:\/\/antcube.shop\/et\/wp-json\/wp\/v2\/media?parent=9247"}],"wp:term":[{"taxonomy":"product_brand","embeddable":true,"href":"https:\/\/antcube.shop\/et\/wp-json\/wp\/v2\/product_brand?post=9247"},{"taxonomy":"product_cat","embeddable":true,"href":"https:\/\/antcube.shop\/et\/wp-json\/wp\/v2\/product_cat?post=9247"},{"taxonomy":"product_tag","embeddable":true,"href":"https:\/\/antcube.shop\/et\/wp-json\/wp\/v2\/product_tag?post=9247"}],"curies":[{"name":"wp","href":"https:\/\/api.w.org\/{rel}","templated":true}]}}