{"id":9246,"date":"2024-09-17T14:41:57","date_gmt":"2024-09-17T12:41:57","guid":{"rendered":"https:\/\/antcube.shop\/en\/product\/antcube-gipsnest-60x30-stehend\/"},"modified":"2026-03-03T21:23:18","modified_gmt":"2026-03-03T20:23:18","slug":"antcube-krohvipesa-60x30-pustine","status":"publish","type":"product","link":"https:\/\/antcube.shop\/et\/toode\/antcube-krohvipesa-60x30-pustine\/","title":{"rendered":"ANTCUBE - Kipspesa 60\u00d730 - p\u00fcstiseisev"},"content":{"rendered":"<p><span data-text-color=\"alert\"><strong>Kohaletoimetamine v\u00f5imalik ainult GO! kaudu Saksamaa piires v\u00f5i paleti kaudu Euroopa piires (saared puuduvad).<\/strong><\/span><\/p>\n<p><strong>M\u00f5\u00f5tmed:<\/strong> 582 x 239 x 45,5 mm<\/p>\n<p><strong>Materjal:<\/strong> Kips<\/p>\n<p>Sobib ainult meie sipelgap\u00f5ldude suurusele <span style=\"font-size: 10.5pt; font-family: Arial; color: #ff0000; background-color: transparent; font-weight: bold; font-style: normal; font-variant: normal; text-decoration: none; vertical-align: baseline;\">XL<\/span><\/p>\n<p><strong>Kirjeldus:<\/strong> Meie kipsist pesa koos kokkupandavate k\u00e4ikude ja kambritega sobib paljudele sipelgaliikidele, eriti liikidele, kes ehitavad oma pesa v\u00e4ga liivastele v\u00f5i kivistele muldadele. Sellel on pessa p\u00e4\u00e4semiseks auk. Kipsil on omadus imada vett, nii et teatud kogus niiskust s\u00e4ilib. Siiski ei tohiks kipsist pesa kasutada pidevalt niiskena, sest muidu v\u00f5ib tekkida hallitust (sipelgate toiduj\u00e4\u00e4kide v\u00f5i v\u00e4ljaheidete t\u00f5ttu). Seet\u00f5ttu tuleks siin v\u00f5imalusel hoida pigem kuivematest piirkondadest p\u00e4rit liike. N\u00e4iteks Vahemere- v\u00f5i k\u00f5rbepiirkondadest p\u00e4rit liigid.<\/p>","protected":false},"excerpt":{"rendered":"<p>Kohaletoimetamine v\u00f5imalik ainult GO! kaudu Saksamaa piires v\u00f5i paleti kaudu Euroopa piires (ei ole saari) M\u00f5\u00f5tmed: Paigaldus: 582 x 239 x 45,5 mm Materjal: kips Sobib ainult meie sipelgap\u00f5llu suurus XL Kirjeldus: 582 x 239 x 45,5 mm: Meie kipsist pesa koos eelvalmistatud k\u00e4ikude ja kambritega sobib paljudele sipelgaliikidele, eriti liikidele, kes ehitavad","protected":false},"featured_media":9680,"comment_status":"open","ping_status":"closed","template":"","meta":{"_acf_changed":false,"content-type":"","_monsterinsights_skip_tracking":false,"_monsterinsights_sitenote_active":false,"_monsterinsights_sitenote_note":"","_monsterinsights_sitenote_category":0},"product_brand":[],"product_cat":[87,90],"product_tag":[],"class_list":{"0":"post-9246","1":"product","2":"type-product","3":"status-publish","4":"has-post-thumbnail","6":"product_cat-nest-insets","7":"product_cat-gypsum","9":"first","10":"instock","11":"taxable","12":"shipping-taxable","13":"purchasable","14":"product-type-simple"},"acf":[],"aioseo_notices":[],"jetpack_sharing_enabled":true,"_links":{"self":[{"href":"https:\/\/antcube.shop\/et\/wp-json\/wp\/v2\/product\/9246","targetHints":{"allow":["GET"]}}],"collection":[{"href":"https:\/\/antcube.shop\/et\/wp-json\/wp\/v2\/product"}],"about":[{"href":"https:\/\/antcube.shop\/et\/wp-json\/wp\/v2\/types\/product"}],"replies":[{"embeddable":true,"href":"https:\/\/antcube.shop\/et\/wp-json\/wp\/v2\/comments?post=9246"}],"wp:featuredmedia":[{"embeddable":true,"href":"https:\/\/antcube.shop\/et\/wp-json\/wp\/v2\/media\/9680"}],"wp:attachment":[{"href":"https:\/\/antcube.shop\/et\/wp-json\/wp\/v2\/media?parent=9246"}],"wp:term":[{"taxonomy":"product_brand","embeddable":true,"href":"https:\/\/antcube.shop\/et\/wp-json\/wp\/v2\/product_brand?post=9246"},{"taxonomy":"product_cat","embeddable":true,"href":"https:\/\/antcube.shop\/et\/wp-json\/wp\/v2\/product_cat?post=9246"},{"taxonomy":"product_tag","embeddable":true,"href":"https:\/\/antcube.shop\/et\/wp-json\/wp\/v2\/product_tag?post=9246"}],"curies":[{"name":"wp","href":"https:\/\/api.w.org\/{rel}","templated":true}]}}