{"id":9239,"date":"2024-09-17T14:33:19","date_gmt":"2024-09-17T12:33:19","guid":{"rendered":"https:\/\/antcube.shop\/en\/product\/antcube-digfix-platte-20x10-l\/"},"modified":"2026-03-23T09:46:56","modified_gmt":"2026-03-23T08:46:56","slug":"antcube-digfix-plaat-20x10-l","status":"publish","type":"product","link":"https:\/\/antcube.shop\/et\/toode\/antcube-digfix-plaat-20x10-l\/","title":{"rendered":"ANTCUBE - Digfix plaat 20\u00d710 - L"},"content":{"rendered":"<p><strong>M\u00f5\u00f5tmed:<\/strong> 183x60x20 mm<\/p>\n<p><strong>Materjal:<\/strong> Digfix<\/p>\n<p><strong>Kirjeldus:<\/strong> Digfix plaat, mis on valmistatud kaevatavast materjalist, sobib ideaalselt meie ANTCUBE sipelgafarmidele. Seda saab kasutada nii kuivalt kui ka m\u00e4rjalt. Samuti sobib see paljudele sipelgaliikidele, eriti liiva ja (surnud) puidus pesitsevatele liikidele. Seda v\u00f5ib kasutada liiva\/savi segude v\u00f5i korgist pesakinnituste asemel. Suur eelis korgipesade ees on see, et Digfix ei hallitaks isegi m\u00e4rjalt. See t\u00e4hendab, et suure niiskusn\u00f5udlusega sipelgaliikidele on lihtne tagada piisav veevarustus. Digfixi eeliseks on ka see, et kaevavad sipelgaliigid ei m\u00e4\u00e4rida kaevamise ajal oma pesa klaasplaate, v\u00f5imaldades t\u00e4iusliku vaate pessa.<\/p>\n<p><strong>M\u00e4rkus:<\/strong> Looduslik v\u00e4rvus v\u00f5ib varieeruda rohelise\/hallikaspruuni ja muldpruuni vahel. V\u00e4rvitoon ei m\u00f5juta kvaliteeti.<br \/>\nTootmisprotsessi t\u00f5ttu v\u00f5ivad m\u00f5\u00f5tmed erineda +\/- 1 mm.<\/p>","protected":false},"excerpt":{"rendered":"<p>Suurus: <strong>L<\/strong><\/p>","protected":false},"featured_media":9666,"comment_status":"open","ping_status":"closed","template":"","meta":{"_acf_changed":false,"content-type":"","_monsterinsights_skip_tracking":false,"_monsterinsights_sitenote_active":false,"_monsterinsights_sitenote_note":"","_monsterinsights_sitenote_category":0},"product_brand":[],"product_cat":[87,88],"product_tag":[],"class_list":{"0":"post-9239","1":"product","2":"type-product","3":"status-publish","4":"has-post-thumbnail","6":"product_cat-nest-insets","7":"product_cat-digfix","9":"first","10":"instock","11":"taxable","12":"shipping-taxable","13":"purchasable","14":"product-type-simple"},"acf":[],"aioseo_notices":[],"jetpack_sharing_enabled":true,"_links":{"self":[{"href":"https:\/\/antcube.shop\/et\/wp-json\/wp\/v2\/product\/9239","targetHints":{"allow":["GET"]}}],"collection":[{"href":"https:\/\/antcube.shop\/et\/wp-json\/wp\/v2\/product"}],"about":[{"href":"https:\/\/antcube.shop\/et\/wp-json\/wp\/v2\/types\/product"}],"replies":[{"embeddable":true,"href":"https:\/\/antcube.shop\/et\/wp-json\/wp\/v2\/comments?post=9239"}],"wp:featuredmedia":[{"embeddable":true,"href":"https:\/\/antcube.shop\/et\/wp-json\/wp\/v2\/media\/9666"}],"wp:attachment":[{"href":"https:\/\/antcube.shop\/et\/wp-json\/wp\/v2\/media?parent=9239"}],"wp:term":[{"taxonomy":"product_brand","embeddable":true,"href":"https:\/\/antcube.shop\/et\/wp-json\/wp\/v2\/product_brand?post=9239"},{"taxonomy":"product_cat","embeddable":true,"href":"https:\/\/antcube.shop\/et\/wp-json\/wp\/v2\/product_cat?post=9239"},{"taxonomy":"product_tag","embeddable":true,"href":"https:\/\/antcube.shop\/et\/wp-json\/wp\/v2\/product_tag?post=9239"}],"curies":[{"name":"wp","href":"https:\/\/api.w.org\/{rel}","templated":true}]}}