{"id":9237,"date":"2024-09-17T14:32:30","date_gmt":"2024-09-17T12:32:30","guid":{"rendered":"https:\/\/antcube.shop\/en\/product\/antcube-arena-20x10x10-lang\/"},"modified":"2026-04-03T22:49:10","modified_gmt":"2026-04-03T20:49:10","slug":"antcube-arena-20x10x10-lang","status":"publish","type":"product","link":"https:\/\/antcube.shop\/et\/toode\/antcube-arena-20x10x10-lang\/","title":{"rendered":"ANTCUBE - areenil 20x10x10 - pikk"},"content":{"rendered":"<p><strong>Suurus:<\/strong> 200 x 100 x 100 mm; paksus: paksus: 4 mm<\/p>\n<p><strong>Materjal:<\/strong> valuklaas<\/p>\n<p><strong>Adapter:<\/strong> 2x puurimine 27 mm<\/p>\n<p><strong>Kirjeldus:<\/strong><br \/>\nKlaasist valamu 40x20x20 cm 2x 27mm puuriga<br \/>\nPuur (selle keskpunkt) on paigutatud 3 cm k\u00f5rgusele.<\/p>\n<p><strong>Palun v\u00f5tke arvesse:<\/strong> Klaas on l\u00f5igatud vastavalt DIN 1249 standardile, tolerantsiga +\/- 1 mm. \u00c4\u00e4rmiselt v\u00e4ikeste sipelgaliikide puhul on t\u00e4iendav p\u00f5genemiskaitse h\u00e4davajalik.<\/p>","protected":false},"excerpt":{"rendered":"<p><strong>\u00dchendus:<\/strong> 2x auk 27 mm<\/p>\n<p><strong>Suurus:<\/strong> S, M, L, XL<\/p>","protected":false},"featured_media":9494,"comment_status":"open","ping_status":"closed","template":"","meta":{"_acf_changed":false,"content-type":"","_monsterinsights_skip_tracking":false,"_monsterinsights_sitenote_active":false,"_monsterinsights_sitenote_note":"","_monsterinsights_sitenote_category":0},"product_brand":[],"product_cat":[85,86],"product_tag":[],"class_list":{"0":"post-9237","1":"product","2":"type-product","3":"status-publish","4":"has-post-thumbnail","6":"product_cat-ant-arenas","7":"product_cat-formicariums","9":"first","10":"instock","11":"taxable","12":"shipping-taxable","13":"purchasable","14":"product-type-simple"},"acf":[],"aioseo_notices":[],"jetpack_sharing_enabled":true,"_links":{"self":[{"href":"https:\/\/antcube.shop\/et\/wp-json\/wp\/v2\/product\/9237","targetHints":{"allow":["GET"]}}],"collection":[{"href":"https:\/\/antcube.shop\/et\/wp-json\/wp\/v2\/product"}],"about":[{"href":"https:\/\/antcube.shop\/et\/wp-json\/wp\/v2\/types\/product"}],"replies":[{"embeddable":true,"href":"https:\/\/antcube.shop\/et\/wp-json\/wp\/v2\/comments?post=9237"}],"wp:featuredmedia":[{"embeddable":true,"href":"https:\/\/antcube.shop\/et\/wp-json\/wp\/v2\/media\/9494"}],"wp:attachment":[{"href":"https:\/\/antcube.shop\/et\/wp-json\/wp\/v2\/media?parent=9237"}],"wp:term":[{"taxonomy":"product_brand","embeddable":true,"href":"https:\/\/antcube.shop\/et\/wp-json\/wp\/v2\/product_brand?post=9237"},{"taxonomy":"product_cat","embeddable":true,"href":"https:\/\/antcube.shop\/et\/wp-json\/wp\/v2\/product_cat?post=9237"},{"taxonomy":"product_tag","embeddable":true,"href":"https:\/\/antcube.shop\/et\/wp-json\/wp\/v2\/product_tag?post=9237"}],"curies":[{"name":"wp","href":"https:\/\/api.w.org\/{rel}","templated":true}]}}